{"id":10065,"date":"2024-12-25T17:26:15","date_gmt":"2024-12-25T09:26:15","guid":{"rendered":"https:\/\/www.zonelenviro.com\/filter-fabric-filter-fabric-for-filter-press-filter-press-fabric-for-volatile-slurry\/"},"modified":"2026-04-28T16:00:57","modified_gmt":"2026-04-28T08:00:57","slug":"filter-fabric-filter-fabric-for-filter-press-filter-press-fabric-for-volatile-slurry","status":"publish","type":"product","link":"https:\/\/www.zonelenviro.com\/es\/tejido-para-prensas-de-filtro-destinado-a-lodos-volatiles\/","title":{"rendered":"Tejido filtrante \/ Tejido filtrante para prensas de filtro \/ Tejido para prensas de filtro destinado a lodos vol\u00e1tiles"},"content":{"rendered":"<h2>Introducci\u00f3n general:<\/h2>\n<p>Las prensas de filtro de c\u00e1mara desempe\u00f1an un papel muy importante en diversas industrias para sus tareas de producci\u00f3n diarias, y las telas filtrantes son el coraz\u00f3n de las prensas de filtro.<br \/>\nSin embargo, cuando las condiciones de funcionamiento presentan caracter\u00edsticas especiales, como presiones extremadamente altas, tratamiento de lodos vol\u00e1tiles o tratamiento de materiales corrosivos, entre otras, que exigen un funcionamiento sin fugas por los bordes de las placas, la soluci\u00f3n habitual es adoptar las prensas de filtro de placas CGR; sin embargo, adem\u00e1s del problema del elevado coste, las telas filtrantes con cordones de sellado para placas CGR no siempre admiten tolerancias dimensionales, lo que plantea muchos retos a los proveedores de telas filtrantes, o bien las telas filtrantes pueden no instalarse correctamente, especialmente dado que los diferentes proveedores de prensas de filtro suelen presentar diferencias en el dise\u00f1o de las placas, lo que siempre causa muchos problemas o confusi\u00f3n en el mantenimiento diario de los usuarios finales.<br \/>\nZonel Filtech ha desarrollado un tejido para prensas de filtro recubierto de caucho que resuelve estos problemas a la perfecci\u00f3n.<br \/>\nEl caucho se vulcaniza con los tejidos en los bordes de los tejidos de la prensa de filtro, por lo que el caucho no se desprende del tejido; el tejido de filtro recubierto de caucho sella perfectamente y sin fugas; cuando el tejido de filtro con caucho recubierto en los bordes puede soportar la alta presi\u00f3n sin fugas, especialmente en situaciones de volatilidad y corrosi\u00f3n, lo que hace que su funcionamiento sea mucho m\u00e1s seguro. Adem\u00e1s, al adoptar una f\u00f3rmula diferente que cumple con la normativa de la FDA para aplicaciones alimentarias, como la producci\u00f3n de levadura, etc.<\/p>\n<h2>Propiedades:<\/h2>\n<p>1. El caucho est\u00e1 vulcanizado con el tejido del filtro, lo que lo hace estable y evita que se desprenda del tejido;<br \/>\n2. Con un buen rendimiento de sellado, adecuado para el procesamiento a alta presi\u00f3n, el tratamiento de lodos vol\u00e1tiles, el tratamiento de materiales corrosivos, etc.;<br \/>\n3. Con diferentes formulaciones, puede cumplir los requisitos de calidad alimentaria;<br \/>\n4. Recubrimiento de caucho y vulcanizaci\u00f3n autom\u00e1ticos, calidad garantizada;<br \/>\n5. El proceso de vulcanizaci\u00f3n solo se aplica en los bordes, lo que evita cualquier encogimiento, opacidad o cambio de forma en la tela filtrante, con un rendimiento de filtraci\u00f3n estable.<br \/>\n6. Ofrecemos las soluciones m\u00e1s econ\u00f3micas, pr\u00e1cticas y eficaces, con entrega r\u00e1pida.<\/p>\n<h2>Aplicaciones:<\/h2>\n<p>Para, entre otras, aplicaciones de filtraci\u00f3n a alta presi\u00f3n, tratamiento de lodos vol\u00e1tiles, tratamiento de materiales corrosivos, etc.<\/p>\n","protected":false},"excerpt":{"rendered":"<p>Tejido filtrante, tejido filtrante para prensas de filtro, tejido para prensas de filtro destinado a lodos vol\u00e1tiles, tejido filtrante resistente a la corrosi\u00f3n, tejido filtrante de alta presi\u00f3n, tejido filtrante recubierto de caucho, tejido filtrante con bordes recubiertos, tejido filtrante con sellado en los bordes, tela filtrante de alta estanqueidad<\/p>\n","protected":false},"featured_media":7962,"template":"","meta":{"site-sidebar-layout":"default","site-content-layout":"","ast-site-content-layout":"default","site-content-style":"default","site-sidebar-style":"default","ast-global-header-display":"","ast-banner-title-visibility":"","ast-main-header-display":"","ast-hfb-above-header-display":"","ast-hfb-below-header-display":"","ast-hfb-mobile-header-display":"","site-post-title":"","ast-breadcrumbs-content":"","ast-featured-img":"","footer-sml-layout":"","theme-transparent-header-meta":"default","adv-header-id-meta":"","stick-header-meta":"","header-above-stick-meta":"","header-main-stick-meta":"","header-below-stick-meta":"","astra-migrate-meta-layouts":"set","ast-page-background-enabled":"default","ast-page-background-meta":{"desktop":{"background-color":"","background-image":"","background-repeat":"repeat","background-position":"center center","background-size":"auto","background-attachment":"scroll","background-type":"","background-media":"","overlay-type":"","overlay-color":"","overlay-opacity":"","overlay-gradient":""},"tablet":{"background-color":"","background-image":"","background-repeat":"repeat","background-position":"center center","background-size":"auto","background-attachment":"scroll","background-type":"","background-media":"","overlay-type":"","overlay-color":"","overlay-opacity":"","overlay-gradient":""},"mobile":{"background-color":"","background-image":"","background-repeat":"repeat","background-position":"center center","background-size":"auto","background-attachment":"scroll","background-type":"","background-media":"","overlay-type":"","overlay-color":"","overlay-opacity":"","overlay-gradient":""}},"ast-content-background-meta":{"desktop":{"background-color":"var(--ast-global-color-5)","background-image":"","background-repeat":"repeat","background-position":"center center","background-size":"auto","background-attachment":"scroll","background-type":"","background-media":"","overlay-type":"","overlay-color":"","overlay-opacity":"","overlay-gradient":""},"tablet":{"background-color":"var(--ast-global-color-5)","background-image":"","background-repeat":"repeat","background-position":"center center","background-size":"auto","background-attachment":"scroll","background-type":"","background-media":"","overlay-type":"","overlay-color":"","overlay-opacity":"","overlay-gradient":""},"mobile":{"background-color":"var(--ast-global-color-5)","background-image":"","background-repeat":"repeat","background-position":"center center","background-size":"auto","background-attachment":"scroll","background-type":"","background-media":"","overlay-type":"","overlay-color":"","overlay-opacity":"","overlay-gradient":""}}},"product_brand":[],"product_cat":[93],"product_tag":[],"class_list":{"0":"post-10065","1":"product","2":"type-product","3":"status-publish","4":"has-post-thumbnail","6":"product_cat-filtro-de-liquido","7":"desktop-align-left","8":"tablet-align-left","9":"mobile-align-left","11":"first","12":"instock","13":"shipping-taxable","14":"product-type-simple"},"_links":{"self":[{"href":"https:\/\/www.zonelenviro.com\/es\/wp-json\/wp\/v2\/product\/10065","targetHints":{"allow":["GET"]}}],"collection":[{"href":"https:\/\/www.zonelenviro.com\/es\/wp-json\/wp\/v2\/product"}],"about":[{"href":"https:\/\/www.zonelenviro.com\/es\/wp-json\/wp\/v2\/types\/product"}],"version-history":[{"count":1,"href":"https:\/\/www.zonelenviro.com\/es\/wp-json\/wp\/v2\/product\/10065\/revisions"}],"predecessor-version":[{"id":10074,"href":"https:\/\/www.zonelenviro.com\/es\/wp-json\/wp\/v2\/product\/10065\/revisions\/10074"}],"wp:featuredmedia":[{"embeddable":true,"href":"https:\/\/www.zonelenviro.com\/es\/wp-json\/wp\/v2\/media\/7962"}],"wp:attachment":[{"href":"https:\/\/www.zonelenviro.com\/es\/wp-json\/wp\/v2\/media?parent=10065"}],"wp:term":[{"taxonomy":"product_brand","embeddable":true,"href":"https:\/\/www.zonelenviro.com\/es\/wp-json\/wp\/v2\/product_brand?post=10065"},{"taxonomy":"product_cat","embeddable":true,"href":"https:\/\/www.zonelenviro.com\/es\/wp-json\/wp\/v2\/product_cat?post=10065"},{"taxonomy":"product_tag","embeddable":true,"href":"https:\/\/www.zonelenviro.com\/es\/wp-json\/wp\/v2\/product_tag?post=10065"}],"curies":[{"name":"wp","href":"https:\/\/api.w.org\/{rel}","templated":true}]}}