{"id":10103,"date":"2025-12-16T11:21:40","date_gmt":"2025-12-16T03:21:40","guid":{"rendered":"https:\/\/www.zonelenviro.com\/vertical-leaf-filter-bags-for-chemical-industries\/"},"modified":"2026-04-28T16:20:59","modified_gmt":"2026-04-28T08:20:59","slug":"vertical-leaf-filter-bags-for-chemical-industries","status":"publish","type":"product","link":"https:\/\/www.zonelenviro.com\/es\/bolsas-filtrantes-verticales-de-pliegues-para-la-industria-quimica\/","title":{"rendered":"Bolsas filtrantes verticales de pliegues para la industria qu\u00edmica"},"content":{"rendered":"<h2>Introducci\u00f3n general:<\/h2>\n<p>El filtro de l\u00e1minas vertical es un tipo de equipo de separaci\u00f3n s\u00f3lido-l\u00edquido que se caracteriza por su bajo coste, amplia aplicabilidad, funcionamiento sencillo y baja intensidad de mano de obra para los trabajadores, por lo que se utiliza ampliamente en la industria qu\u00edmica.<\/p>\n<p>El filtro de l\u00e1minas vertical se compone principalmente del recipiente del filtro, los elementos filtrantes (l\u00e1minas filtrantes y bolsas de l\u00e1minas filtrantes), un dep\u00f3sito de nivel alto y un dep\u00f3sito de alivio de presi\u00f3n. Los elementos filtrantes est\u00e1n dispuestos en forma de estrella, y cada elemento contiene una placa filtrante y una bolsa filtrante, que pueden considerarse el coraz\u00f3n del sistema de filtrado.<\/p>\n<p>Zonel Filtech se dedica principalmente al desarrollo y la producci\u00f3n de bolsas de l\u00e1minas filtrantes de alta calidad para diversas aplicaciones industriales.<\/p>\n<h2>Principio de funcionamiento:<\/h2>\n<p>Durante el proceso de filtraci\u00f3n, el l\u00edquido bruto se conduce al recipiente del filtro.<\/p>\n<p>Bajo una determinada presi\u00f3n, el filtrado pasa a trav\u00e9s de las bolsas de filtro del filtro de l\u00e1minas y fluye hacia el dep\u00f3sito de recogida de filtrado a trav\u00e9s de un conducto; la torta de filtraci\u00f3n se forma en el exterior de la tela del filtro de l\u00e1minas o de las bolsas de filtro.<\/p>\n<p>Tras un cierto periodo de filtraci\u00f3n, la presi\u00f3n dentro del recipiente del filtro se reduce a la presi\u00f3n atmosf\u00e9rica, y el l\u00edquido del dep\u00f3sito superior realiza un retrolavado del manguito del filtro de l\u00e1minas vertical para desprender la torta de filtraci\u00f3n y completar el proceso de descarga de lodos.<\/p>\n<p>As\u00ed pues, un ciclo de trabajo de este equipo consta de tres partes: alimentaci\u00f3n, formaci\u00f3n de la torta y descarga de lodos de la bolsa de filtro de l\u00e1minas.<\/p>\n<h2>Propiedades de la bolsa de filtro de l\u00e1minas vertical de Zonel Filtech:<\/h2>\n<ul>\n<li>Fabricado con monofilamentos y multifilamentos de grado industrial, resistentes a los productos qu\u00edmicos y con baja contracci\u00f3n;<\/li>\n<li>Personalizado seg\u00fan las diferentes aplicaciones, con diferentes tama\u00f1os de poros disponibles.<\/li>\n<li>Alto caudal, lo que aumenta el rendimiento de manera eficiente;<\/li>\n<li>Patr\u00f3n de tejido optimizado, alta eficiencia de filtrado, menor \u00edndice de obstrucci\u00f3n y gran durabilidad;<\/li>\n<li>Dise\u00f1o de superficie lisa, f\u00e1cil desprendimiento de la torta, f\u00e1cil de relavar\/regenerar.<\/li>\n<\/ul>\n<h2>Aplicaciones<\/h2>\n<p>La amplia experiencia demuestra que el filtro de l\u00e1minas vertical es el m\u00e1s adecuado para los requisitos de la producci\u00f3n de al\u00famina, por lo que se utiliza ampliamente en las operaciones de producci\u00f3n de al\u00famina. Actualmente, el material de filtro de l\u00e1minas \/ tela de filtro para plantas de al\u00famina de Zonel Filtech se utiliza ampliamente en la producci\u00f3n de al\u00famina (bolsa de filtro para la producci\u00f3n de al\u00famina), incluyendo los procedimientos de producci\u00f3n de:<\/p>\n<ul>\n<li>Filtro de lodos rojos con bolsa de filtro para lodos rojos: al procesar los lodos rojos tras el proceso Bayer, la tela de filtro de l\u00e1minas ayuda a reducir el contenido de agua de los lodos rojos para cumplir los requisitos de almacenamiento o aprovechamiento integral;<\/li>\n<li>Filtraci\u00f3n de l\u00edquido refinado: purificaci\u00f3n final del licor de aluminato de sodio, eliminando las part\u00edculas en suspensi\u00f3n para garantizar la pureza del aluminio electrol\u00edtico (filtro de soluci\u00f3n de aluminato de sodio);<\/li>\n<li>Filtraci\u00f3n de semillas: Separaci\u00f3n de semillas de hidr\u00f3xido de aluminio en el proceso de sinterizaci\u00f3n (filtro de semillas de hidr\u00f3xido de aluminio), etc.<\/li>\n<\/ul>\n<p>Las bolsas de filtro de hoja de Zonel Filtech tambi\u00e9n se utilizan en industrias como el refinado de az\u00facar, la extracci\u00f3n de vanadio de escorias de acero, etc.<\/p>\n<p>Si necesita cualquier material de filtraci\u00f3n para filtros de hoja, \u00a1no dude en ponerse en contacto con Zonel Filtech!<\/p>\n","protected":false},"excerpt":{"rendered":"<ul>\n<li data-start=\"64\" data-end=\"131\">Bajo coste de funcionamiento, estructura sencilla y f\u00e1cil mantenimiento<\/li>\n<li data-start=\"135\" data-end=\"220\">Amplia aplicabilidad industrial con un rendimiento fiable en la separaci\u00f3n de s\u00f3lidos y l\u00edquidos<\/li>\n<li data-start=\"224\" data-end=\"304\">Los elementos filtrantes dispuestos en forma de estrella garantizan una alta eficiencia y una filtraci\u00f3n estable<\/li>\n<li data-start=\"308\" data-end=\"384\">Las bolsas de filtro de l\u00e1mina de alta calidad mejoran la durabilidad y la precisi\u00f3n de la filtraci\u00f3n<\/li>\n<\/ul>\n","protected":false},"featured_media":8345,"template":"","meta":{"site-sidebar-layout":"default","site-content-layout":"","ast-site-content-layout":"default","site-content-style":"default","site-sidebar-style":"default","ast-global-header-display":"","ast-banner-title-visibility":"","ast-main-header-display":"","ast-hfb-above-header-display":"","ast-hfb-below-header-display":"","ast-hfb-mobile-header-display":"","site-post-title":"","ast-breadcrumbs-content":"","ast-featured-img":"","footer-sml-layout":"","theme-transparent-header-meta":"default","adv-header-id-meta":"","stick-header-meta":"","header-above-stick-meta":"","header-main-stick-meta":"","header-below-stick-meta":"","astra-migrate-meta-layouts":"set","ast-page-background-enabled":"default","ast-page-background-meta":{"desktop":{"background-color":"","background-image":"","background-repeat":"repeat","background-position":"center center","background-size":"auto","background-attachment":"scroll","background-type":"","background-media":"","overlay-type":"","overlay-color":"","overlay-opacity":"","overlay-gradient":""},"tablet":{"background-color":"","background-image":"","background-repeat":"repeat","background-position":"center center","background-size":"auto","background-attachment":"scroll","background-type":"","background-media":"","overlay-type":"","overlay-color":"","overlay-opacity":"","overlay-gradient":""},"mobile":{"background-color":"","background-image":"","background-repeat":"repeat","background-position":"center center","background-size":"auto","background-attachment":"scroll","background-type":"","background-media":"","overlay-type":"","overlay-color":"","overlay-opacity":"","overlay-gradient":""}},"ast-content-background-meta":{"desktop":{"background-color":"var(--ast-global-color-5)","background-image":"","background-repeat":"repeat","background-position":"center center","background-size":"auto","background-attachment":"scroll","background-type":"","background-media":"","overlay-type":"","overlay-color":"","overlay-opacity":"","overlay-gradient":""},"tablet":{"background-color":"var(--ast-global-color-5)","background-image":"","background-repeat":"repeat","background-position":"center center","background-size":"auto","background-attachment":"scroll","background-type":"","background-media":"","overlay-type":"","overlay-color":"","overlay-opacity":"","overlay-gradient":""},"mobile":{"background-color":"var(--ast-global-color-5)","background-image":"","background-repeat":"repeat","background-position":"center center","background-size":"auto","background-attachment":"scroll","background-type":"","background-media":"","overlay-type":"","overlay-color":"","overlay-opacity":"","overlay-gradient":""}}},"product_brand":[],"product_cat":[93],"product_tag":[],"class_list":{"0":"post-10103","1":"product","2":"type-product","3":"status-publish","4":"has-post-thumbnail","6":"product_cat-filtro-de-liquido","7":"desktop-align-left","8":"tablet-align-left","9":"mobile-align-left","11":"first","12":"instock","13":"shipping-taxable","14":"product-type-simple"},"_links":{"self":[{"href":"https:\/\/www.zonelenviro.com\/es\/wp-json\/wp\/v2\/product\/10103","targetHints":{"allow":["GET"]}}],"collection":[{"href":"https:\/\/www.zonelenviro.com\/es\/wp-json\/wp\/v2\/product"}],"about":[{"href":"https:\/\/www.zonelenviro.com\/es\/wp-json\/wp\/v2\/types\/product"}],"version-history":[{"count":1,"href":"https:\/\/www.zonelenviro.com\/es\/wp-json\/wp\/v2\/product\/10103\/revisions"}],"predecessor-version":[{"id":10111,"href":"https:\/\/www.zonelenviro.com\/es\/wp-json\/wp\/v2\/product\/10103\/revisions\/10111"}],"wp:featuredmedia":[{"embeddable":true,"href":"https:\/\/www.zonelenviro.com\/es\/wp-json\/wp\/v2\/media\/8345"}],"wp:attachment":[{"href":"https:\/\/www.zonelenviro.com\/es\/wp-json\/wp\/v2\/media?parent=10103"}],"wp:term":[{"taxonomy":"product_brand","embeddable":true,"href":"https:\/\/www.zonelenviro.com\/es\/wp-json\/wp\/v2\/product_brand?post=10103"},{"taxonomy":"product_cat","embeddable":true,"href":"https:\/\/www.zonelenviro.com\/es\/wp-json\/wp\/v2\/product_cat?post=10103"},{"taxonomy":"product_tag","embeddable":true,"href":"https:\/\/www.zonelenviro.com\/es\/wp-json\/wp\/v2\/product_tag?post=10103"}],"curies":[{"name":"wp","href":"https:\/\/api.w.org\/{rel}","templated":true}]}}