{"id":6696,"date":"2024-03-19T09:09:14","date_gmt":"2024-03-19T01:09:14","guid":{"rendered":"https:\/\/www.zonelenviro.com\/tejidos-de-poliester-para-toboganes-de-aire-cinturones-para-toboganes-de-aire-lonas-para-toboganes-de-aire\/"},"modified":"2024-09-05T09:49:47","modified_gmt":"2024-09-05T01:49:47","slug":"tejidos-de-poliester-para-toboganes-de-aire-cinturones-para-toboganes-de-aire-lonas-para-toboganes-de-aire","status":"publish","type":"product","link":"https:\/\/www.zonelenviro.com\/es\/tejidos-de-poliester-para-toboganes-de-aire-cinturones-para-toboganes-de-aire-lonas-para-toboganes-de-aire.html","title":{"rendered":"Tejidos de poli\u00e9ster para toboganes de aire\/cinturones para toboganes de aire\/lonas para toboganes de aire"},"content":{"rendered":"<h2>Introducci\u00f3n general de la tela de deslizamiento de aire de poli\u00e9ster<\/h2>\n<p>La tela de deslizamiento de aire de alta resistencia a la tracci\u00f3n de la marca ZONEL es una lona de cinta utilizada principalmente para la transmisi\u00f3n neum\u00e1tica de cemento, bauxita, negro de carb\u00f3n, yeso, grano, harina, etc., as\u00ed como equipada con lecho fluidizado y tanque de mezcla de polvo \/ silo de homogeneizaci\u00f3n, que con una permeabilidad al aire especial y controlable puede ayudar a mejorar la eficiencia de transporte, al mismo tiempo que reduce la contaminaci\u00f3n y tambi\u00e9n garantiza la uniformidad de los polvos mezclados.<\/p>\n<p>El principio del tobog\u00e1n de aire: Al transferir los polvos, las telas de deslizamiento de aire se combinan con aire comprimido en el conducto de deslizamiento de aire y hacen que el polvo seco se convierta en part\u00edculas fluidas, luego las part\u00edculas fluidas fluir\u00e1n desde la posici\u00f3n m\u00e1s alta a la posici\u00f3n m\u00e1s baja (destino) debido a la gravedad.<\/p>\n<p>Zonel Filtech proporciona telas de deslizamiento de aire de poli\u00e9ster de s\u00faper calidad para sistemas de deslizamiento de aire \/ sistemas de transporte neum\u00e1tico y el silo de homogeneizaci\u00f3n. La correa de deslizamiento de aire de poli\u00e9ster de Zonel Filtech se puede dividir en lona de deslizamiento de aire de hilo hilado de poli\u00e9ster, membrana de deslizamiento de aire de filamento de poli\u00e9ster y tela de deslizamiento de aire no tejida de poli\u00e9ster para diferentes usos y requisitos de los clientes.<\/p>\n<p><img fetchpriority=\"high\" decoding=\"async\" class=\"alignnone size-full wp-image-1009\" src=\"https:\/\/www.zonelenviro.com\/wp-content\/uploads\/2024\/03\/polyester-air-slide-fabrics-woven-filament-2.jpg\" alt=\"\" width=\"829\" height=\"554\" \/><\/p>\n<p>La tela deslizante de aire de filamento de poli\u00e9ster con una superficie lisa y permeabilidad al aire uniforme, construcci\u00f3n fuerte, excelente para la resistencia a la abrasi\u00f3n, con la vida \u00fatil m\u00e1s larga para las telas deslizantes de aire de material de poli\u00e9ster. <img decoding=\"async\" class=\"alignnone size-full wp-image-1010\" src=\"https:\/\/www.zonelenviro.com\/wp-content\/uploads\/2024\/03\/polyester-air-slide-fabrics-woven-spun-1.jpg\" alt=\"\" width=\"829\" height=\"554\" \/><\/p>\n<p>La correa deslizante de aire de poli\u00e9ster de hilo hilado con la misma construcci\u00f3n que la membrana del lado de aire de filamento, tambi\u00e9n se ofrece a varias industrias para el transporte de part\u00edculas secas y la mezcla del material en silos de homogeneizaci\u00f3n, etc., pero la vida \u00fatil es un poco m\u00e1s corta en comparaci\u00f3n con el filamento, pero el precio es m\u00e1s barato algunos.<\/p>\n<p><img decoding=\"async\" class=\"alignnone size-full wp-image-1017\" src=\"https:\/\/www.zonelenviro.com\/wp-content\/uploads\/2024\/03\/polyester-air-slide-fabrics-nonwoven-1.jpg\" alt=\"\" width=\"829\" height=\"554\" \/><\/p>\n<p>Cintur\u00f3n de deslizamiento de aire no tejido, con la construcci\u00f3n no tejida perforada con aguja (tela de deslizamiento de aire de poli\u00e9ster no tejida), permeabilidad al aire m\u00e1s grande y m\u00e1s suave, f\u00e1cil de instalar y adecuada para el transporte de material ligero y de peque\u00f1o volumen, que es la soluci\u00f3n m\u00e1s econ\u00f3mica de la tela de deslizamiento de aire para los sistemas de deslizamiento de aire.<\/p>\n<h2>Productos relevantes:<\/h2>\n<ul>\n<li>Tejido de deslizamiento de aire<\/li>\n<li>Nomex Tejido de deslizamiento de aire de basalto<\/li>\n<li>Sistema de deslizamiento de aire<\/li>\n<li>Manguera de deslizamiento de aire<\/li>\n<\/ul>\n<h2>Especificaci\u00f3n relevante del tejido de deslizamiento de aire de poli\u00e9ster de Zonel Filtech:<\/h2>\n<ul>\n<li>Grosor del tejido de deslizamiento de aire de poli\u00e9ster: 3~10 mm se puede personalizar.<\/li>\n<li>Ancho del cintur\u00f3n de deslizamiento de aire de poli\u00e9ster: m\u00e1x. 2,4 metros.<\/li>\n<li>Permeabilidad al aire: se puede personalizar seg\u00fan los requisitos.<\/li>\n<li>Resistencia a la tracci\u00f3n: &gt; 5000 N\/4 cm.<\/li>\n<li>Temperatura de funcionamiento: -60 grados C a 150 grados C, picos m\u00e1x.: 180 grados C.<\/li>\n<\/ul>\n<p>Las propiedades de la membrana de deslizamiento de aire de Zonel Filtech<\/p>\n<ol>\n<li>Venas claras, tama\u00f1o estable, alta resistencia a la tracci\u00f3n, varios materiales para elegir seg\u00fan los diferentes requisitos.<\/li>\n<li>Igual permeabilidad al aire, la tolerancia de la resistencia del aire est\u00e1 dentro de \u00b110%.<\/li>\n<li>Resistencia a altas temperaturas, resistencia a la abrasi\u00f3n, poca higroscopicidad, resistencia a la corrosi\u00f3n, menor capacidad adhesiva, nunca delaminaci\u00f3n, mayor vida \u00fatil.<\/li>\n<li>Superficie lisa, materiales 100% nuevos, no filtran polvo, productos ecol\u00f3gicos.<\/li>\n<li>Los productos son aplicables para transportar materiales con un di\u00e1metro de part\u00edcula &lt;4 mm, temperatura &lt;180 grados C, contenido de humedad &lt;2%.<\/li>\n<\/ol>\n<h2>Aplicaci\u00f3n principal de la banda deslizante de aire de poli\u00e9ster de Zonel Filtech:<\/h2>\n<ul>\n<li>Industrias de cemento: planta de cemento, cami\u00f3n y barco de cemento a granel<\/li>\n<li>Industrias mineras: al\u00famina, cal, carb\u00f3n, fosfatos, etc.; Plantas qu\u00edmicas: soda, etc.<\/li>\n<li>Planta de energ\u00eda: carb\u00f3n, desulfurizaci\u00f3n, etc.<\/li>\n<li>Industrias alimentarias: harina, etc.<\/li>\n<\/ul>\n<p>ZonelISO9001:2015<\/p>\n<p>&nbsp;<\/p>\n","protected":false},"excerpt":{"rendered":"<p>Zonel Filtech ofrece telas de poli\u00e9ster de calidad superior para sistemas de tobog\u00e1n de aire\/sistemas de transporte neum\u00e1tico y silos de homogeneizaci\u00f3n, etc.<\/p>\n<p>La banda de tobog\u00e1n de aire de poli\u00e9ster de Zonel Filtech se puede dividir en lona de tobog\u00e1n de aire de hilo hilado de poli\u00e9ster, membrana de tobog\u00e1n de aire de filamento de poli\u00e9ster y tela de tobog\u00e1n de aire no tejida de poli\u00e9ster para diferentes usos y requisitos de los clientes.<\/p>\n<p>La tela de tobog\u00e1n de aire de filamento de poli\u00e9ster con una superficie lisa y permeabilidad al aire igual, construcci\u00f3n fuerte, excelente para resistencia a la abrasi\u00f3n, duradera; la banda de tobog\u00e1n de aire de poli\u00e9ster de hilo hilado con la misma construcci\u00f3n que la membrana de filamento del lado del aire, tambi\u00e9n se ofrece ampliamente para soluciones de tobog\u00e1n de aire y mezcla de polvo\/granular en silos de homogeneizaci\u00f3n, con precio competitivo; la banda de tobog\u00e1n de aire no tejida, con la construcci\u00f3n no tejida perforada con aguja (tela de tobog\u00e1n de aire de poli\u00e9ster no tejida), f\u00e1cil de instalar, el ancho se puede personalizar dentro de los 3,5 metros.<\/p>\n","protected":false},"featured_media":6697,"template":"","meta":{"site-sidebar-layout":"default","site-content-layout":"","ast-site-content-layout":"default","site-content-style":"default","site-sidebar-style":"default","ast-global-header-display":"","ast-banner-title-visibility":"","ast-main-header-display":"","ast-hfb-above-header-display":"","ast-hfb-below-header-display":"","ast-hfb-mobile-header-display":"","site-post-title":"","ast-breadcrumbs-content":"","ast-featured-img":"","footer-sml-layout":"","theme-transparent-header-meta":"default","adv-header-id-meta":"","stick-header-meta":"","header-above-stick-meta":"","header-main-stick-meta":"","header-below-stick-meta":"","astra-migrate-meta-layouts":"set","ast-page-background-enabled":"default","ast-page-background-meta":{"desktop":{"background-color":"","background-image":"","background-repeat":"repeat","background-position":"center center","background-size":"auto","background-attachment":"scroll","background-type":"","background-media":"","overlay-type":"","overlay-color":"","overlay-opacity":"","overlay-gradient":""},"tablet":{"background-color":"","background-image":"","background-repeat":"repeat","background-position":"center center","background-size":"auto","background-attachment":"scroll","background-type":"","background-media":"","overlay-type":"","overlay-color":"","overlay-opacity":"","overlay-gradient":""},"mobile":{"background-color":"","background-image":"","background-repeat":"repeat","background-position":"center center","background-size":"auto","background-attachment":"scroll","background-type":"","background-media":"","overlay-type":"","overlay-color":"","overlay-opacity":"","overlay-gradient":""}},"ast-content-background-meta":{"desktop":{"background-color":"var(--ast-global-color-5)","background-image":"","background-repeat":"repeat","background-position":"center center","background-size":"auto","background-attachment":"scroll","background-type":"","background-media":"","overlay-type":"","overlay-color":"","overlay-opacity":"","overlay-gradient":""},"tablet":{"background-color":"var(--ast-global-color-5)","background-image":"","background-repeat":"repeat","background-position":"center center","background-size":"auto","background-attachment":"scroll","background-type":"","background-media":"","overlay-type":"","overlay-color":"","overlay-opacity":"","overlay-gradient":""},"mobile":{"background-color":"var(--ast-global-color-5)","background-image":"","background-repeat":"repeat","background-position":"center center","background-size":"auto","background-attachment":"scroll","background-type":"","background-media":"","overlay-type":"","overlay-color":"","overlay-opacity":"","overlay-gradient":""}}},"product_brand":[],"product_cat":[90],"product_tag":[],"class_list":{"0":"post-6696","1":"product","2":"type-product","3":"status-publish","4":"has-post-thumbnail","6":"product_cat-air-slide-es","7":"desktop-align-left","8":"tablet-align-left","9":"mobile-align-left","11":"first","12":"instock","13":"shipping-taxable","14":"product-type-simple"},"_links":{"self":[{"href":"https:\/\/www.zonelenviro.com\/es\/wp-json\/wp\/v2\/product\/6696","targetHints":{"allow":["GET"]}}],"collection":[{"href":"https:\/\/www.zonelenviro.com\/es\/wp-json\/wp\/v2\/product"}],"about":[{"href":"https:\/\/www.zonelenviro.com\/es\/wp-json\/wp\/v2\/types\/product"}],"version-history":[{"count":0,"href":"https:\/\/www.zonelenviro.com\/es\/wp-json\/wp\/v2\/product\/6696\/revisions"}],"wp:featuredmedia":[{"embeddable":true,"href":"https:\/\/www.zonelenviro.com\/es\/wp-json\/wp\/v2\/media\/6697"}],"wp:attachment":[{"href":"https:\/\/www.zonelenviro.com\/es\/wp-json\/wp\/v2\/media?parent=6696"}],"wp:term":[{"taxonomy":"product_brand","embeddable":true,"href":"https:\/\/www.zonelenviro.com\/es\/wp-json\/wp\/v2\/product_brand?post=6696"},{"taxonomy":"product_cat","embeddable":true,"href":"https:\/\/www.zonelenviro.com\/es\/wp-json\/wp\/v2\/product_cat?post=6696"},{"taxonomy":"product_tag","embeddable":true,"href":"https:\/\/www.zonelenviro.com\/es\/wp-json\/wp\/v2\/product_tag?post=6696"}],"curies":[{"name":"wp","href":"https:\/\/api.w.org\/{rel}","templated":true}]}}