{"id":6735,"date":"2024-03-18T17:44:12","date_gmt":"2024-03-18T09:44:12","guid":{"rendered":"https:\/\/www.zonelenviro.com\/manguera-de-deslizamiento-de-aire-manguera-de-deslizamiento-de-aire-para-remolque-de-cemento-manguera-de-deslizamiento-de-aire-para-silo-de-cemento\/"},"modified":"2024-09-06T16:29:39","modified_gmt":"2024-09-06T08:29:39","slug":"manguera-de-deslizamiento-de-aire-manguera-de-deslizamiento-de-aire-para-remolque-de-cemento-manguera-de-deslizamiento-de-aire-para-silo-de-cemento","status":"publish","type":"product","link":"https:\/\/www.zonelenviro.com\/es\/manguera-de-deslizamiento-de-aire-manguera-de-deslizamiento-de-aire-para-remolque-de-cemento-manguera-de-deslizamiento-de-aire-para-silo-de-cementohtml\/","title":{"rendered":"Manguera de deslizamiento de aire \/ Manguera de deslizamiento de aire para remolque de cemento \/ Manguera de deslizamiento de aire para silo de cemento"},"content":{"rendered":"<p>Manguera de deslizamiento de aire \/ Manguera de deslizamiento de aire para remolque de cemento \/ Manguera de deslizamiento de aire para silo de cemento \/ Manguera de lona de deslizamiento de aire<\/p>\n<p><img fetchpriority=\"high\" decoding=\"async\" class=\"alignnone wp-image-970 size-full\" src=\"https:\/\/www.zonelenviro.com\/wp-content\/uploads\/2024\/03\/air-slide-hose-rolls.jpg\" alt=\"\" width=\"829\" height=\"554\" \/><\/p>\n<h2>Introducci\u00f3n general de la manguera deslizante de aire:<\/h2>\n<p>Manguera de aire deslizante seg\u00fan su uso tambi\u00e9n llamada manguera de aireaci\u00f3n de cemento a granel, manguera de silo, manguera de aire deslizante de cemento, manguera de aire deslizante de remolque de cemento, etc.<\/p>\n<p>Zonel Filtech fue uno de los fabricantes de mangueras de aire deslizantes m\u00e1s profesionales de China y puede ofrecer mangueras de aire deslizantes neum\u00e1ticas de alta resistencia con diferentes tama\u00f1os y requisitos especiales para sistemas de transporte de aire deslizante, que est\u00e1n hechas de hilo hilado industrial de poli\u00e9ster en el lado de la urdimbre y filamento industrial de poli\u00e9ster en el lado de la trama.<\/p>\n<p>Un lado de la manguera de aire deslizante personalizada con revestimiento de \u00e1cido acr\u00edlico\/PU y el otro lado sin revestimiento. El revestimiento puede mejorar la resistencia a la abrasi\u00f3n de la manguera de aire deslizante, al mismo tiempo puede optimizar la dispersi\u00f3n de aire en el otro lado sin revestimiento para fluidizar el material m\u00e1s f\u00e1cilmente y hacer que el material tenga una direcci\u00f3n de flujo adecuada y aumentar la eficiencia de transporte.<\/p>\n<h2>Productos relevantes:<\/h2>\n<ul>\n<li>Tejido de poli\u00e9ster para toboganes de aire<\/li>\n<li>Tejido de aramida\/Nomex para toboganes de aire<\/li>\n<li>Tobog\u00e1n de aire<\/li>\n<li>Sistema de tobog\u00e1n de aire<\/li>\n<\/ul>\n<h2><strong>The typical specification of the air slide hose from Zonel Filtech:<\/strong><\/h2>\n<div class=\"wptb-container-legacy\" data-table-id=\"6748\">\n    <table class=\"wptb-preview-table wptb-element-main-table_setting-6748\" style=\"border: 1px solid rgb(209, 209, 209); border-spacing: 3px 3px; \" data-reconstraction=\"1\" data-wptb-table-directives=\"eyJpbm5lckJvcmRlcnMiOnsiYWN0aXZlIjoiYWxsIiwiYm9yZGVyV2lkdGgiOiIxIiwiYm9yZGVyUmFkaXVzZXMiOnsiYWxsIjpudWxsfX19\" data-wptb-responsive-directives=\"eyJyZXNwb25zaXZlRW5hYmxlZCI6dHJ1ZSwicmVzcG9uc2l2ZU1vZGUiOiJhdXRvIiwicHJlc2VydmVSb3dDb2xvciI6ZmFsc2UsInJlbGF0aXZlV2lkdGgiOiJ3aW5kb3ciLCJoZWFkZXJGdWxseU1lcmdlZCI6ZmFsc2UsIm1vZGVPcHRpb25zIjp7ImF1dG8iOnsiZGlzYWJsZWQiOnsiZGVza3RvcCI6ZmFsc2UsInRhYmxldCI6dHJ1ZSwibW9iaWxlIjp0cnVlfSwidG9wUm93QXNIZWFkZXIiOnsiZGVza3RvcCI6ZmFsc2UsInRhYmxldCI6dHJ1ZSwibW9iaWxlIjp0cnVlfSwicmVwZWF0TWVyZ2VkSGVhZGVyIjp7ImRlc2t0b3AiOnRydWUsInRhYmxldCI6dHJ1ZSwibW9iaWxlIjp0cnVlfSwic3RhdGljVG9wUm93Ijp7ImRlc2t0b3AiOmZhbHNlLCJ0YWJsZXQiOmZhbHNlLCJtb2JpbGUiOmZhbHNlfSwiY2VsbFN0YWNrRGlyZWN0aW9uIjp7ImRlc2t0b3AiOiJyb3ciLCJ0YWJsZXQiOiJyb3ciLCJtb2JpbGUiOiJyb3cifSwiY2VsbHNQZXJSb3ciOnsiZGVza3RvcCI6MSwidGFibGV0IjoxLCJtb2JpbGUiOjF9fX0sImJyZWFrcG9pbnRzIjp7ImRlc2t0b3AiOnsibmFtZSI6ImRlc2t0b3AiLCJ3aWR0aCI6MTAyNH0sInRhYmxldCI6eyJuYW1lIjoidGFibGV0Iiwid2lkdGgiOjcwMH0sIm1vYmlsZSI6eyJuYW1lIjoibW9iaWxlIiwid2lkdGgiOjMwMH19fQ==\" data-wptb-cells-width-auto-count=\"7\" data-wptb-table-container-max-width=\"700\" data-wptb-horizontal-scroll-status=\"true\" data-wptb-extra-styles=\"LyogRW50ZXIgeW91ciBjdXN0b20gQ1NTIHJ1bGVzIGhlcmUgKi8=\" data-wptb-first-column-sticky=\"false\" data-wptb-pro-pagination-top-row-header=\"true\" data-wptb-rows-per-page=\"3\" data-wptb-pro-search-top-row-header=\"true\" data-wptb-searchbar-position=\"left\" role=\"table\" data-table-columns=\"7\" data-wptb-table-alignment=\"center\" data-wptb-td-width-auto=\"10\" data-wptb-table-tds-sum-max-width=\"162\" ><tbody data-global-font-color=\"#000000\" data-global-link-color=\"#000000\" data-global-font-size=\"13px\" ><tr  class=\"wptb-row \" style=\"\"><td class=\"wptb-cell \" style=\"padding: 6px; border: 1px solid rgb(209, 209, 209); \" data-y-index=\"0\" data-x-index=\"0\" data-wptb-css-td-auto-width=\"true\" data-wptb-cell-vertical-alignment=\"center\" ><div class=\"wptb-text-container wptb-ph-element wptb-element-text-597\" style=\"color: rgb(0, 0, 0); font-size: 13px; padding: 0px; margin: 0px; \"><div style=\"position: relative;\"><p style=\"text-align: center\" data-mce-style=\"text-align: center;\">Nombre<\/p><\/div><\/div><\/td><td class=\"wptb-cell \" style=\"padding: 6px; border: 1px solid rgb(209, 209, 209); \" data-y-index=\"0\" data-x-index=\"1\" data-wptb-css-td-auto-width=\"true\" data-wptb-cell-vertical-alignment=\"center\" ><div class=\"wptb-text-container wptb-ph-element wptb-element-text-598\" style=\"color: rgb(0, 0, 0); font-size: 13px; padding: 0px; margin: 0px; \"><div style=\"position: relative;\"><p style=\"text-align: center\" data-mce-style=\"text-align: center;\">Material<\/p><\/div><\/div><\/td><td class=\"wptb-cell \" style=\"padding: 6px; border: 1px solid rgb(209, 209, 209); \" data-y-index=\"0\" data-x-index=\"2\" data-wptb-css-td-auto-width=\"true\" data-wptb-cell-vertical-alignment=\"center\" ><div class=\"wptb-text-container wptb-ph-element wptb-element-text-599\" style=\"color: rgb(0, 0, 0); font-size: 13px; padding: 0px; margin: 0px; \"><div style=\"position: relative;\"><p style=\"text-align: center\" data-mce-style=\"text-align: center;\">Estructura<\/p><\/div><\/div><\/td><td class=\"wptb-cell \" style=\"padding: 6px; border: 1px solid rgb(209, 209, 209); \" data-y-index=\"0\" data-x-index=\"3\" data-wptb-css-td-auto-width=\"true\" data-wptb-cell-vertical-alignment=\"center\" ><div class=\"wptb-text-container wptb-ph-element wptb-element-text-600\" style=\"color: rgb(0, 0, 0); font-size: 13px; padding: 0px; margin: 0px; \"><div style=\"position: relative;\"><p style=\"text-align: center\" data-mce-style=\"text-align: center;\">Espesor mm<\/p><\/div><\/div><\/td><td class=\"wptb-cell \" style=\"padding: 6px; border: 1px solid rgb(209, 209, 209); \" data-y-index=\"0\" data-x-index=\"4\" data-wptb-css-td-auto-width=\"true\" data-wptb-cell-vertical-alignment=\"center\" ><div class=\"wptb-text-container wptb-ph-element wptb-element-text-601\" style=\"color: rgb(0, 0, 0); font-size: 13px; padding: 0px; margin: 0px; \"><div style=\"position: relative;\"><p style=\"text-align: center\" data-mce-style=\"text-align: center;\">Temperatura \u00b0C<\/p><\/div><\/div><\/td><td class=\"wptb-cell \" style=\"padding: 6px; border: 1px solid rgb(209, 209, 209); \" data-y-index=\"0\" data-x-index=\"5\" data-wptb-css-td-auto-width=\"true\" data-wptb-cell-vertical-alignment=\"center\" ><div class=\"wptb-text-container wptb-ph-element wptb-element-text-602\" style=\"color: rgb(0, 0, 0); font-size: 13px; padding: 0px; margin: 0px; \"><div style=\"position: relative;\"><p style=\"text-align: center\" data-mce-style=\"text-align: center;\">P\u00e9rdida de presi\u00f3n del aire en KPa<\/p><\/div><\/div><\/td><td class=\"wptb-cell \" style=\"padding: 6px; border: 1px solid rgb(209, 209, 209); \" data-y-index=\"0\" data-x-index=\"6\" data-wptb-css-td-auto-width=\"true\" data-wptb-cell-vertical-alignment=\"center\" ><div class=\"wptb-text-container wptb-ph-element wptb-element-text-603\" style=\"color: rgb(0, 0, 0); font-size: 13px; padding: 0px; margin: 0px; \"><div style=\"position: relative;\"><p style=\"text-align: center\" data-mce-style=\"text-align: center;\">Di\u00e1metro mm<\/p><\/div><\/div><\/td><\/tr><tr  class=\"wptb-row \" style=\"\"><td class=\"wptb-cell \" style=\"padding: 6px; border: 1px solid rgb(209, 209, 209); \" data-y-index=\"1\" data-x-index=\"0\" data-wptb-css-td-auto-width=\"true\" data-wptb-cell-vertical-alignment=\"center\" ><div class=\"wptb-text-container wptb-ph-element wptb-element-text-604\" style=\"color: rgb(0, 0, 0); font-size: 13px; padding: 0px; margin: 0px; \"><div style=\"position: relative;\"><p style=\"text-align: center\" data-mce-style=\"text-align: center;\">Manguera de tobog\u00e1n de aire<\/p><\/div><\/div><\/td><td class=\"wptb-cell \" style=\"padding: 6px; border: 1px solid rgb(209, 209, 209); \" data-y-index=\"1\" data-x-index=\"1\" data-wptb-css-td-auto-width=\"true\" data-wptb-cell-vertical-alignment=\"center\" ><div class=\"wptb-text-container wptb-ph-element wptb-element-text-605\" style=\"color: rgb(0, 0, 0); font-size: 13px; padding: 0px; margin: 0px; \"><div style=\"position: relative;\"><p style=\"text-align: center\" data-mce-style=\"text-align: center;\">Poli\u00e9ster<\/p><\/div><\/div><\/td><td class=\"wptb-cell \" style=\"padding: 6px; border: 1px solid rgb(209, 209, 209); \" data-y-index=\"1\" data-x-index=\"2\" data-wptb-css-td-auto-width=\"true\" data-wptb-cell-vertical-alignment=\"center\" ><div class=\"wptb-text-container wptb-ph-element wptb-element-text-606\" style=\"color: rgb(0, 0, 0); font-size: 13px; padding: 0px; margin: 0px; \"><div style=\"position: relative;\"><p style=\"text-align: center\" data-mce-style=\"text-align: center;\">Tubo<\/p><\/div><\/div><\/td><td class=\"wptb-cell \" style=\"padding: 6px; border: 1px solid rgb(209, 209, 209); \" data-y-index=\"1\" data-x-index=\"3\" data-wptb-css-td-auto-width=\"true\" data-wptb-cell-vertical-alignment=\"center\" ><div class=\"wptb-text-container wptb-ph-element wptb-element-text-607\" style=\"color: rgb(0, 0, 0); font-size: 13px; padding: 0px; margin: 0px; \"><div style=\"position: relative;\"><p style=\"text-align: center\" data-mce-style=\"text-align: center;\">1.0~2.0<\/p><\/div><\/div><\/td><td class=\"wptb-cell \" style=\"padding: 6px; border: 1px solid rgb(209, 209, 209); \" data-y-index=\"1\" data-x-index=\"4\" data-wptb-css-td-auto-width=\"true\" data-wptb-cell-vertical-alignment=\"center\" ><div class=\"wptb-text-container wptb-ph-element wptb-element-text-608\" style=\"color: rgb(0, 0, 0); font-size: 13px; padding: 0px; margin: 0px; \"><div style=\"position: relative;\"><p style=\"text-align: center\" data-mce-style=\"text-align: center;\">\u2264150<\/p><\/div><\/div><\/td><td class=\"wptb-cell \" style=\"padding: 6px; border: 1px solid rgb(209, 209, 209); \" data-y-index=\"1\" data-x-index=\"5\" data-wptb-css-td-auto-width=\"true\" data-wptb-cell-vertical-alignment=\"center\" ><div class=\"wptb-text-container wptb-ph-element wptb-element-text-609\" style=\"color: rgb(0, 0, 0); font-size: 13px; padding: 0px; margin: 0px; \"><div style=\"position: relative;\"><p style=\"text-align: center\" data-mce-style=\"text-align: center;\">3~8<\/p><\/div><\/div><\/td><td class=\"wptb-cell \" style=\"padding: 6px; border: 1px solid rgb(209, 209, 209); \" data-y-index=\"1\" data-x-index=\"6\" data-wptb-css-td-auto-width=\"true\" data-wptb-cell-vertical-alignment=\"center\" ><div class=\"wptb-text-container wptb-ph-element wptb-element-text-610\" style=\"color: rgb(0, 0, 0); font-size: 13px; padding: 0px; margin: 0px; \"><div style=\"position: relative;\"><p style=\"text-align: center\" data-mce-style=\"text-align: center;\">30~610<\/p><\/div><\/div><\/td><\/tr><tr  class=\"wptb-row \" style=\"\"><td class=\"wptb-cell \" style=\"padding: 6px; border: 1px solid rgb(209, 209, 209); \" data-y-index=\"2\" data-x-index=\"0\" data-wptb-css-td-auto-width=\"true\" data-wptb-cell-vertical-alignment=\"center\" ><div class=\"wptb-text-container wptb-ph-element wptb-element-text-611\" style=\"color: rgb(0, 0, 0); font-size: 13px; padding: 0px; margin: 0px; \"><div style=\"position: relative;\"><p style=\"text-align: center\" data-mce-style=\"text-align: center;\">Detalles del material<\/p><\/div><\/div><\/td><td class=\"wptb-cell \" colspan=\"6\" rowspan=\"1\" style=\"padding: 6px; border: 1px solid rgb(209, 209, 209); \" data-y-index=\"2\" data-x-index=\"1\" data-wptb-css-td-auto-width=\"true\" data-wptb-cell-vertical-alignment=\"center\" ><div class=\"wptb-text-container wptb-ph-element wptb-element-text-612\" style=\"color: rgb(0, 0, 0); font-size: 13px; padding: 0px; margin: 0px; \"><div style=\"position: relative;\"><p style=\"text-align: center\" data-mce-style=\"text-align: center;\">Lado de la urdimbre: hilo de poli\u00e9ster hilado; Lado de la trama: filamento industrial<\/p><\/div><\/div><\/td><\/tr><tr  class=\"wptb-row \" style=\"\"><td class=\"wptb-cell \" style=\"padding: 6px; border: 1px solid rgb(209, 209, 209); \" data-y-index=\"3\" data-x-index=\"0\" data-wptb-css-td-auto-width=\"true\" data-wptb-cell-vertical-alignment=\"center\" ><div class=\"wptb-text-container wptb-ph-element wptb-element-text-613\" style=\"color: rgb(0, 0, 0); font-size: 13px; padding: 0px; margin: 0px; \"><div style=\"position: relative;\"><p style=\"text-align: center\" data-mce-style=\"text-align: center;\">Pegamento<\/p><\/div><\/div><\/td><td class=\"wptb-cell \" colspan=\"6\" rowspan=\"1\" style=\"padding: 6px; border: 1px solid rgb(209, 209, 209); \" data-y-index=\"3\" data-x-index=\"1\" data-wptb-css-td-auto-width=\"true\" data-wptb-cell-vertical-alignment=\"center\" ><div class=\"wptb-text-container wptb-ph-element wptb-element-text-614\" style=\"color: rgb(0, 0, 0); font-size: 13px; padding: 0px; margin: 0px; \"><div style=\"position: relative;\"><p style=\"text-align: center\" data-mce-style=\"text-align: center;\">L\u00e1tex con color<\/p><\/div><\/div><\/td><\/tr><tr  class=\"wptb-row \" style=\"\"><td class=\"wptb-cell \" style=\"padding: 6px; border: 1px solid rgb(209, 209, 209); \" data-y-index=\"4\" data-x-index=\"0\" data-wptb-css-td-auto-width=\"true\" data-wptb-cell-vertical-alignment=\"center\" ><div class=\"wptb-text-container wptb-ph-element wptb-element-text-615\" style=\"color: rgb(0, 0, 0); font-size: 13px; padding: 0px; margin: 0px; \"><div style=\"position: relative;\"><p style=\"text-align: center\" data-mce-style=\"text-align: center;\">Temperatura \u00b0C<\/p><\/div><\/div><\/td><td class=\"wptb-cell \" colspan=\"6\" rowspan=\"1\" style=\"padding: 6px; border: 1px solid rgb(209, 209, 209); \" data-y-index=\"4\" data-x-index=\"1\" data-wptb-css-td-auto-width=\"true\" data-wptb-cell-vertical-alignment=\"center\" ><div class=\"wptb-text-container wptb-ph-element wptb-element-text-616\" style=\"color: rgb(0, 0, 0); font-size: 13px; padding: 0px; margin: 0px; \"><div style=\"position: relative;\"><p style=\"text-align: center\" data-mce-style=\"text-align: center;\">Continuo \u2264150; picos instant\u00e1neos: 180<\/p><\/div><\/div><\/td><\/tr><tr  class=\"wptb-row \" style=\"\"><td class=\"wptb-cell \" style=\"padding: 6px; border: 1px solid rgb(209, 209, 209); \" data-y-index=\"5\" data-x-index=\"0\" data-wptb-css-td-auto-width=\"true\" data-wptb-cell-vertical-alignment=\"center\" ><div class=\"wptb-text-container wptb-ph-element wptb-element-text-617\" style=\"color: rgb(0, 0, 0); font-size: 13px; padding: 0px; margin: 0px; \"><div style=\"position: relative;\"><p style=\"text-align: center\" data-mce-style=\"text-align: center;\">Resistencia a la tracci\u00f3n<\/p><\/div><\/div><\/td><td class=\"wptb-cell \" colspan=\"6\" rowspan=\"1\" style=\"padding: 6px; border: 1px solid rgb(209, 209, 209); \" data-y-index=\"5\" data-x-index=\"1\" data-wptb-css-td-auto-width=\"true\" data-wptb-cell-vertical-alignment=\"center\" ><div class=\"wptb-text-container wptb-ph-element wptb-element-text-618\" style=\"color: rgb(0, 0, 0); font-size: 13px; padding: 0px; margin: 0px; \"><div style=\"position: relative;\"><p style=\"text-align: center\" data-mce-style=\"text-align: center;\">Urdimbre: \u22655000N; trama: \u22655000N<\/p><\/div><\/div><\/td><\/tr><tr  class=\"wptb-row \" style=\"\"><td class=\"wptb-cell \" style=\"padding: 6px; border: 1px solid rgb(209, 209, 209); \" data-y-index=\"6\" data-x-index=\"0\" data-wptb-css-td-auto-width=\"true\" data-wptb-cell-vertical-alignment=\"center\" ><div class=\"wptb-text-container wptb-ph-element wptb-element-text-619\" style=\"color: rgb(0, 0, 0); font-size: 13px; padding: 0px; margin: 0px; \"><div style=\"position: relative;\"><p style=\"text-align: center\" data-mce-style=\"text-align: center;\">Alargamiento durante la instalaci\u00f3n<\/p><\/div><\/div><\/td><td class=\"wptb-cell \" colspan=\"6\" rowspan=\"1\" style=\"padding: 6px; border: 1px solid rgb(209, 209, 209); \" data-y-index=\"6\" data-x-index=\"1\" data-wptb-css-td-auto-width=\"true\" data-wptb-cell-vertical-alignment=\"center\" ><div class=\"wptb-text-container wptb-ph-element wptb-element-text-620\" style=\"color: rgb(0, 0, 0); font-size: 13px; padding: 0px; margin: 0px; \"><div style=\"position: relative;\"><p style=\"text-align: center\" data-mce-style=\"text-align: center;\">\u22646%<\/p><\/div><\/div><\/td><\/tr><tr  class=\"wptb-row \" style=\"\"><td class=\"wptb-cell \" style=\"padding: 6px; border: 1px solid rgb(209, 209, 209); \" data-y-index=\"7\" data-x-index=\"0\" data-wptb-css-td-auto-width=\"true\" data-wptb-cell-vertical-alignment=\"center\" ><div class=\"wptb-text-container wptb-ph-element wptb-element-text-621\" style=\"color: rgb(0, 0, 0); font-size: 13px; padding: 0px; margin: 0px; \"><div style=\"position: relative;\"><p style=\"text-align: center\" data-mce-style=\"text-align: center;\">Alargamiento por tracci\u00f3n<\/p><\/div><\/div><\/td><td class=\"wptb-cell \" colspan=\"6\" rowspan=\"1\" style=\"padding: 6px; border: 1px solid rgb(209, 209, 209); \" data-y-index=\"7\" data-x-index=\"1\" data-wptb-css-td-auto-width=\"true\" data-wptb-cell-vertical-alignment=\"center\" ><div class=\"wptb-text-container wptb-ph-element wptb-element-text-622\" style=\"color: rgb(0, 0, 0); font-size: 13px; padding: 0px; margin: 0px; \"><div style=\"position: relative;\"><p style=\"text-align: center\" data-mce-style=\"text-align: center;\">Aproximadamente 24%<\/p><\/div><\/div><\/td><\/tr><\/tbody><\/table>\n<\/div>\n\n<p>Las propiedades de la manguera de aire deslizante de Zonel Filtech <img decoding=\"async\" class=\"alignnone wp-image-973 size-full\" src=\"https:\/\/www.zonelenviro.com\/wp-content\/uploads\/2024\/03\/AIR-SLIDE-HOSE-PET-ASH-FW115.jpg\" alt=\"\" width=\"829\" height=\"554\" \/><\/p>\n<ol>\n<li>Un lado con revestimiento de PU, bueno para la resistencia a la abrasi\u00f3n, con una vida \u00fatil m\u00e1s larga; no permeable al aire, mejorar\u00e1 la permeabilidad al aire del otro lado, puede ayudar a neum\u00e1ticamente los polvos para que sea conveniente para los trabajos de transporte.<\/li>\n<li>La manguera deslizante de aire es liviana y flexible, puede adaptarse a varios climas, antioxidante, antienvejecimiento, f\u00e1cil de mantener.<\/li>\n<li>Las mangueras deslizantes de aire Zonel tambi\u00e9n tienen las propiedades de superficie lisa, alta resistencia, permeabilidad al aire estable e igual, baja absorci\u00f3n de humedad, no se desparraman, los polvos no fluir\u00e1n hacia atr\u00e1s, f\u00e1cil instalaci\u00f3n, ahorro de energ\u00eda, etc. Las mangueras deslizantes de aire Zonel son populares en el mercado de mangueras deslizantes de aire de China debido a las ventajas de no necesitar la c\u00e1mara de aire, transferencia de polvo r\u00e1pida, alta eficiencia, especialmente bueno para tanques de cemento \/ remolques de cemento (manguera deslizante de aire para remolque de cemento, manguera deslizante de aire para remolque cisterna de cemento) as\u00ed como el barco de cemento a granel para transferencia deslizante de aire.<\/li>\n<\/ol>\n<h2>Aplicaciones:<\/h2>\n<p>Para sistemas de transporte de mangueras deslizantes de aire de remolques de cemento, barcos de cemento a granel, silos de cemento, etc. ZonelISO9001:2015<\/p>\n<p>&nbsp;<\/p>\n","protected":false},"excerpt":{"rendered":"<p>Manguera de aire deslizante seg\u00fan su uso tambi\u00e9n llamada manguera de aireaci\u00f3n de cemento a granel, manguera de silo, manguera de aire deslizante de cemento, manguera de aire deslizante de remolque de cemento, manguera de aireaci\u00f3n, etc.<\/p>\n<p>Zonel Filtech fue uno de los fabricantes de mangueras de aire deslizantes m\u00e1s profesionales de China y puede ofrecer mangueras de aire deslizantes neum\u00e1ticas de alta resistencia con diferentes tama\u00f1os y requisitos especiales para sistemas de transporte de aire deslizante, que est\u00e1n hechas de hilo hilado industrial de poli\u00e9ster en el lado de la urdimbre y filamento industrial de poli\u00e9ster en el lado de la trama.<\/p>\n<p>Un lado de la manguera de aire deslizante personalizada con revestimiento de \u00e1cido acr\u00edlico\/PU y el otro lado sin. El revestimiento puede mejorar la resistencia a la abrasi\u00f3n de la manguera de aire deslizante, al mismo tiempo puede optimizar la dispersi\u00f3n de aire en el otro lado sin revestimiento para fluidizar el material m\u00e1s f\u00e1cilmente y hacer que el material tenga una direcci\u00f3n de flujo adecuada y aumentar la eficiencia de transporte.<\/p>\n","protected":false},"featured_media":6736,"template":"","meta":{"site-sidebar-layout":"default","site-content-layout":"","ast-site-content-layout":"default","site-content-style":"default","site-sidebar-style":"default","ast-global-header-display":"","ast-banner-title-visibility":"","ast-main-header-display":"","ast-hfb-above-header-display":"","ast-hfb-below-header-display":"","ast-hfb-mobile-header-display":"","site-post-title":"","ast-breadcrumbs-content":"","ast-featured-img":"","footer-sml-layout":"","theme-transparent-header-meta":"default","adv-header-id-meta":"","stick-header-meta":"","header-above-stick-meta":"","header-main-stick-meta":"","header-below-stick-meta":"","astra-migrate-meta-layouts":"set","ast-page-background-enabled":"default","ast-page-background-meta":{"desktop":{"background-color":"","background-image":"","background-repeat":"repeat","background-position":"center center","background-size":"auto","background-attachment":"scroll","background-type":"","background-media":"","overlay-type":"","overlay-color":"","overlay-opacity":"","overlay-gradient":""},"tablet":{"background-color":"","background-image":"","background-repeat":"repeat","background-position":"center center","background-size":"auto","background-attachment":"scroll","background-type":"","background-media":"","overlay-type":"","overlay-color":"","overlay-opacity":"","overlay-gradient":""},"mobile":{"background-color":"","background-image":"","background-repeat":"repeat","background-position":"center center","background-size":"auto","background-attachment":"scroll","background-type":"","background-media":"","overlay-type":"","overlay-color":"","overlay-opacity":"","overlay-gradient":""}},"ast-content-background-meta":{"desktop":{"background-color":"var(--ast-global-color-5)","background-image":"","background-repeat":"repeat","background-position":"center center","background-size":"auto","background-attachment":"scroll","background-type":"","background-media":"","overlay-type":"","overlay-color":"","overlay-opacity":"","overlay-gradient":""},"tablet":{"background-color":"var(--ast-global-color-5)","background-image":"","background-repeat":"repeat","background-position":"center center","background-size":"auto","background-attachment":"scroll","background-type":"","background-media":"","overlay-type":"","overlay-color":"","overlay-opacity":"","overlay-gradient":""},"mobile":{"background-color":"var(--ast-global-color-5)","background-image":"","background-repeat":"repeat","background-position":"center center","background-size":"auto","background-attachment":"scroll","background-type":"","background-media":"","overlay-type":"","overlay-color":"","overlay-opacity":"","overlay-gradient":""}}},"product_brand":[],"product_cat":[90],"product_tag":[],"class_list":{"0":"post-6735","1":"product","2":"type-product","3":"status-publish","4":"has-post-thumbnail","6":"product_cat-air-slide-es","7":"desktop-align-left","8":"tablet-align-left","9":"mobile-align-left","11":"first","12":"instock","13":"shipping-taxable","14":"product-type-simple"},"_links":{"self":[{"href":"https:\/\/www.zonelenviro.com\/es\/wp-json\/wp\/v2\/product\/6735","targetHints":{"allow":["GET"]}}],"collection":[{"href":"https:\/\/www.zonelenviro.com\/es\/wp-json\/wp\/v2\/product"}],"about":[{"href":"https:\/\/www.zonelenviro.com\/es\/wp-json\/wp\/v2\/types\/product"}],"version-history":[{"count":0,"href":"https:\/\/www.zonelenviro.com\/es\/wp-json\/wp\/v2\/product\/6735\/revisions"}],"wp:featuredmedia":[{"embeddable":true,"href":"https:\/\/www.zonelenviro.com\/es\/wp-json\/wp\/v2\/media\/6736"}],"wp:attachment":[{"href":"https:\/\/www.zonelenviro.com\/es\/wp-json\/wp\/v2\/media?parent=6735"}],"wp:term":[{"taxonomy":"product_brand","embeddable":true,"href":"https:\/\/www.zonelenviro.com\/es\/wp-json\/wp\/v2\/product_brand?post=6735"},{"taxonomy":"product_cat","embeddable":true,"href":"https:\/\/www.zonelenviro.com\/es\/wp-json\/wp\/v2\/product_cat?post=6735"},{"taxonomy":"product_tag","embeddable":true,"href":"https:\/\/www.zonelenviro.com\/es\/wp-json\/wp\/v2\/product_tag?post=6735"}],"curies":[{"name":"wp","href":"https:\/\/api.w.org\/{rel}","templated":true}]}}