{"id":6820,"date":"2024-03-18T17:10:38","date_gmt":"2024-03-18T09:10:38","guid":{"rendered":"https:\/\/www.zonelenviro.com\/tejidos-de-deslizamiento-por-aire-de-aramida-nomex-kevlar-correa-de-deslizamiento-por-aire-membrana-de-deslizamiento-por-aire\/"},"modified":"2024-09-06T16:35:50","modified_gmt":"2024-09-06T08:35:50","slug":"tejidos-de-deslizamiento-por-aire-de-aramida-nomex-kevlar-correa-de-deslizamiento-por-aire-membrana-de-deslizamiento-por-aire","status":"publish","type":"product","link":"https:\/\/www.zonelenviro.com\/es\/tejidos-de-deslizamiento-por-aire-de-aramida-nomex-kevlar-correa-de-deslizamiento-por-aire-membrana-de-deslizamiento-por-aire.html","title":{"rendered":"Tejidos de deslizamiento por aire de aramida\/Nomex\/Kevlar\/Correa de deslizamiento por aire\/Membrana de deslizamiento por aire"},"content":{"rendered":"<p>Tejido de aramida\/Nomex\/Kavlar para toboganes de aire\/cintur\u00f3n para toboganes de aire\/membrana para toboganes de aire\/lona para toboganes de aire\/cintur\u00f3n de fluidizaci\u00f3n<\/p>\n<h2>Introducci\u00f3n general del tejido de aramida para toboganes de aire:<\/h2>\n<p>La tela deslizante de aire de alta resistencia a la tracci\u00f3n de la marca ZONEL es una lona de correa utilizada principalmente para la transmisi\u00f3n neum\u00e1tica de cemento, bauxita, negro de carb\u00f3n, yeso, granos, harina, etc., as\u00ed como equipada con lecho fluidizado y tanque de mezcla de polvo \/ silo de homogeneizaci\u00f3n, que con una permeabilidad al aire especial y controlable puede ayudar a mejorar la eficiencia del transporte, al mismo tiempo que reduce la contaminaci\u00f3n y tambi\u00e9n garantiza la uniformidad de los polvos mezclados.<\/p>\n<p>El principio del tobog\u00e1n de aire: al transferir los polvos, las telas del tobog\u00e1n de aire se combinan con el aire comprimido en el conducto del tobog\u00e1n de aire y hacen que el polvo seco se convierta en part\u00edculas fluidas, luego las part\u00edculas fluidas fluir\u00e1n desde la posici\u00f3n m\u00e1s alta a la posici\u00f3n m\u00e1s baja (destino) debido a la gravedad.<\/p>\n<p>Zonel Filtech ofrece telas deslizantes de aire de aramida de buena calidad, tanto telas deslizantes de aire de para-aramida (cintur\u00f3n deslizante de aire de aramida 1414 o lona deslizante de aire de Kevlar) como telas deslizantes de aire de meta-aramida (membrana deslizante de aire de aramida 1313 o lona deslizante de aire Nomex) est\u00e1n disponibles para diversas circunstancias y aplicaciones de trabajo.<\/p>\n<p><img fetchpriority=\"high\" decoding=\"async\" class=\"alignnone wp-image-927 size-full\" src=\"https:\/\/www.zonelenviro.com\/wp-content\/uploads\/2024\/03\/aramid-air-slide-fabric-1.jpg\" alt=\"\" width=\"829\" height=\"554\" \/><\/p>\n<p>La correa deslizante de aire de para-aramida con propiedades de resistencia al fuego, alta resistencia a la tracci\u00f3n y a la abrasi\u00f3n, mayor vida \u00fatil, la temperatura m\u00e1xima de funcionamiento es de 250 grados C, los picos instant\u00e1neos son de 350 grados C. <img decoding=\"async\" class=\"alignnone wp-image-928 size-full\" src=\"https:\/\/www.zonelenviro.com\/wp-content\/uploads\/2024\/03\/aramid-air-slide-fabric-1313-1.jpg\" alt=\"\" width=\"829\" height=\"554\" \/><\/p>\n<p>Para la tela deslizante de aire de meta-aramida, que tambi\u00e9n es ign\u00edfuga y resistente a altas temperaturas, la temperatura de funcionamiento continuo es de 220 grados C, con picos m\u00e1ximos de hasta 250 grados C.<\/p>\n<p><img decoding=\"async\" class=\"alignnone wp-image-929 size-full\" src=\"https:\/\/www.zonelenviro.com\/wp-content\/uploads\/2024\/03\/aramid-air-slide-fabric-nonwoven-1.jpg\" alt=\"\" width=\"829\" height=\"554\" \/><\/p>\n<p>La fibra de aramida tambi\u00e9n se puede perforar con agujas en una correa deslizante de aire de aramida no tejida (tela deslizante de aire no tejida Nomex o correa deslizante de aire no tejida Kevlar) para ofrecer cierta resistencia a altas temperaturas pero soluciones econ\u00f3micas para los sistemas de deslizamiento de aire y sistemas de homogeneizaci\u00f3n.<\/p>\n<h2>Productos relevantes:<\/h2>\n<p><a href=\"https:\/\/www.zonelenviro.com\/es\/tejidos-de-poliester-para-toboganes-de-aire-cinturones-para-toboganes-de-aire-lonas-para-toboganes-de-aire.html\"><span style=\"color: #3366ff;\">Tejido de poli\u00e9ster para toboganes de aire<\/span><\/a><\/p>\n<p><span style=\"color: #3366ff;\"><a style=\"color: #3366ff;\" href=\"https:\/\/www.zonelenviro.com\/es\/tejido-de-deslizamiento-por-aire-de-basalto-cinta-de-deslizamiento-por-aire-de-basalto-membrana-de-deslizamiento-por-aire-de-basalto-tejido-de-fluidizacion-de-basalto.html\">Tejido de basalto para toboganes de aire<\/a><\/span><\/p>\n<p><span style=\"color: #3366ff;\"><a style=\"color: #3366ff;\" href=\"https:\/\/www.zonelenviro.com\/es\/sistema-de-tobogan-de-aire.html\">Sistema de tobog\u00e1n de aire<\/a><\/span><\/p>\n<p><span style=\"color: #3366ff;\"><a style=\"color: #3366ff;\" href=\"https:\/\/www.zonelenviro.com\/es\/manguera-de-deslizamiento-de-aire-manguera-de-deslizamiento-de-aire-para-remolque-de-cemento-manguera-de-deslizamiento-de-aire-para-silo-de-cementohtml\/\">Manguera de aire deslizante<\/a><\/span><\/p>\n<p>Especificaci\u00f3n relevante de la tela de aramida para deslizamiento de aire de Zonel Filtech<\/p>\n<p>Espesor de la membrana de aramida para deslizamiento de aire: 3~10 mm, se puede personalizar.<\/p>\n<p>Ancho de la banda de deslizamiento de aire de aramida (Nomex): m\u00e1x. 2,4 metros.<\/p>\n<p>Permeabilidad al aire: se puede personalizar seg\u00fan los requisitos.<\/p>\n<p>Resistencia a la tracci\u00f3n: &gt; 5000 N\/4 cm. Resistencia a la temperatura: -60~250 grados C.<\/p>\n<h2><strong>Properties<\/strong>:<\/h2>\n<ol>\n<li>Venas claras, tama\u00f1o estable, alta resistencia a la tracci\u00f3n, varios materiales para elegir seg\u00fan los diferentes requisitos.<\/li>\n<li>Permeabilidad al aire uniforme, la tolerancia de la resistencia al aire est\u00e1 dentro de \u00b110%.<\/li>\n<li>Resistencia a altas temperaturas, resistencia a la abrasi\u00f3n, poca higroscopicidad, resistencia a la corrosi\u00f3n, menor capacidad adhesiva, nunca delaminaci\u00f3n, mayor vida \u00fatil.<\/li>\n<li>Superficie lisa, materiales 100% nuevos, no filtran polvo, productos ecol\u00f3gicos.<\/li>\n<li>Los productos son aplicables para transportar materiales con un di\u00e1metro de part\u00edcula &lt;4 mm, temperatura &lt;250 grados C, contenido de humedad &lt;2%.<\/li>\n<\/ol>\n<h2>Aplicaciones:<\/h2>\n<p>Para el transporte\/homogeneizaci\u00f3n por tobog\u00e1n de aire de algunas part\u00edculas\/polvo seco a alta temperatura.<\/p>\n<p><strong>Zonel<\/strong><strong>ISO9001:2015<\/strong><\/p>\n","protected":false},"excerpt":{"rendered":"<p>Zonel Filtech ofrece telas de deslizamiento de aire de aramida de buena calidad, tanto la tela de deslizamiento de aire de para-aramida (cinta de deslizamiento de aire de aramida 1414 o lona de deslizamiento de aire de Kevlar) como la tela de deslizamiento de aire de meta-aramida (membrana de deslizamiento de aire de aramida 1313 o lona de deslizamiento de aire de Nomex) est\u00e1n disponibles para varias circunstancias de trabajo y aplicaciones. La cinta de deslizamiento de aire de para-aramida con las propiedades de resistencia al fuego, alta resistencia a la tracci\u00f3n y resistencia a la abrasi\u00f3n, mayor vida \u00fatil, la temperatura m\u00e1xima de operaci\u00f3n es de 250 grados C, los picos instant\u00e1neos son de 350 grados C. Para la tela de deslizamiento de aire de meta-aramida, que tambi\u00e9n es ign\u00edfuga y resistente a altas temperaturas, la temperatura de operaci\u00f3n continua es de 220 grados C, los picos m\u00e1ximos pueden ser de hasta 250 grados C. La fibra de aramida tambi\u00e9n se puede perforar con agujas en la cinta de deslizamiento de aire de aramida no tejida (tela de deslizamiento de aire no tejida Nomex o cinta de deslizamiento de aire no tejida Kevlar) para ofrecer cierta resistencia a altas temperaturas pero soluciones econ\u00f3micas para los sistemas de deslizamiento de aire y sistemas de homogeneizaci\u00f3n.<\/p>\n","protected":false},"featured_media":6821,"template":"","meta":{"site-sidebar-layout":"default","site-content-layout":"","ast-site-content-layout":"default","site-content-style":"default","site-sidebar-style":"default","ast-global-header-display":"","ast-banner-title-visibility":"","ast-main-header-display":"","ast-hfb-above-header-display":"","ast-hfb-below-header-display":"","ast-hfb-mobile-header-display":"","site-post-title":"","ast-breadcrumbs-content":"","ast-featured-img":"","footer-sml-layout":"","theme-transparent-header-meta":"default","adv-header-id-meta":"","stick-header-meta":"","header-above-stick-meta":"","header-main-stick-meta":"","header-below-stick-meta":"","astra-migrate-meta-layouts":"set","ast-page-background-enabled":"default","ast-page-background-meta":{"desktop":{"background-color":"","background-image":"","background-repeat":"repeat","background-position":"center center","background-size":"auto","background-attachment":"scroll","background-type":"","background-media":"","overlay-type":"","overlay-color":"","overlay-opacity":"","overlay-gradient":""},"tablet":{"background-color":"","background-image":"","background-repeat":"repeat","background-position":"center center","background-size":"auto","background-attachment":"scroll","background-type":"","background-media":"","overlay-type":"","overlay-color":"","overlay-opacity":"","overlay-gradient":""},"mobile":{"background-color":"","background-image":"","background-repeat":"repeat","background-position":"center center","background-size":"auto","background-attachment":"scroll","background-type":"","background-media":"","overlay-type":"","overlay-color":"","overlay-opacity":"","overlay-gradient":""}},"ast-content-background-meta":{"desktop":{"background-color":"var(--ast-global-color-5)","background-image":"","background-repeat":"repeat","background-position":"center center","background-size":"auto","background-attachment":"scroll","background-type":"","background-media":"","overlay-type":"","overlay-color":"","overlay-opacity":"","overlay-gradient":""},"tablet":{"background-color":"var(--ast-global-color-5)","background-image":"","background-repeat":"repeat","background-position":"center center","background-size":"auto","background-attachment":"scroll","background-type":"","background-media":"","overlay-type":"","overlay-color":"","overlay-opacity":"","overlay-gradient":""},"mobile":{"background-color":"var(--ast-global-color-5)","background-image":"","background-repeat":"repeat","background-position":"center center","background-size":"auto","background-attachment":"scroll","background-type":"","background-media":"","overlay-type":"","overlay-color":"","overlay-opacity":"","overlay-gradient":""}}},"product_brand":[],"product_cat":[90],"product_tag":[],"class_list":{"0":"post-6820","1":"product","2":"type-product","3":"status-publish","4":"has-post-thumbnail","6":"product_cat-air-slide-es","7":"desktop-align-left","8":"tablet-align-left","9":"mobile-align-left","11":"first","12":"instock","13":"shipping-taxable","14":"product-type-simple"},"_links":{"self":[{"href":"https:\/\/www.zonelenviro.com\/es\/wp-json\/wp\/v2\/product\/6820","targetHints":{"allow":["GET"]}}],"collection":[{"href":"https:\/\/www.zonelenviro.com\/es\/wp-json\/wp\/v2\/product"}],"about":[{"href":"https:\/\/www.zonelenviro.com\/es\/wp-json\/wp\/v2\/types\/product"}],"version-history":[{"count":0,"href":"https:\/\/www.zonelenviro.com\/es\/wp-json\/wp\/v2\/product\/6820\/revisions"}],"wp:featuredmedia":[{"embeddable":true,"href":"https:\/\/www.zonelenviro.com\/es\/wp-json\/wp\/v2\/media\/6821"}],"wp:attachment":[{"href":"https:\/\/www.zonelenviro.com\/es\/wp-json\/wp\/v2\/media?parent=6820"}],"wp:term":[{"taxonomy":"product_brand","embeddable":true,"href":"https:\/\/www.zonelenviro.com\/es\/wp-json\/wp\/v2\/product_brand?post=6820"},{"taxonomy":"product_cat","embeddable":true,"href":"https:\/\/www.zonelenviro.com\/es\/wp-json\/wp\/v2\/product_cat?post=6820"},{"taxonomy":"product_tag","embeddable":true,"href":"https:\/\/www.zonelenviro.com\/es\/wp-json\/wp\/v2\/product_tag?post=6820"}],"curies":[{"name":"wp","href":"https:\/\/api.w.org\/{rel}","templated":true}]}}