{"id":6867,"date":"2024-03-19T17:13:27","date_gmt":"2024-03-19T09:13:27","guid":{"rendered":"https:\/\/www.zonelenviro.com\/malla-de-cribado-malla-para-cernidores-malla-para-harina-malla-de-filtro\/"},"modified":"2024-09-05T16:17:23","modified_gmt":"2024-09-05T08:17:23","slug":"malla-de-cribado-malla-para-cernidores-malla-para-harina-malla-de-filtro","status":"publish","type":"product","link":"https:\/\/www.zonelenviro.com\/es\/malla-de-cribado-malla-para-cernidores-malla-para-harina-malla-de-filtro.html","title":{"rendered":"Malla de cribado \/ Malla para cernidores \/ Malla para harina \/ Malla de filtro"},"content":{"rendered":"<p><strong>Tela de malla PET\/malla de malla PET\/malla de impresi\u00f3n PET\/malla de filtro PET<\/strong><\/p>\n<p><strong>Introducci\u00f3n general:<\/strong> Zonel Filtech ofrece una gama completa de telas\/mallas de poli\u00e9ster para impresi\u00f3n y filtraci\u00f3n. El m\u00e9todo de impresi\u00f3n con malla es una de las soluciones m\u00e1s econ\u00f3micas y efectivas para las industrias de impresi\u00f3n y es muy popular desde mediados del siglo pasado. Las telas\/mallas de malla de Zonel Filtech tienen un tama\u00f1o estable y una apertura puntual que las convierte en un excelente material de filtrado para algunas de las ocasiones m\u00e1s cr\u00edticas de algunos usos industriales.<\/p>\n<p><strong>Propiedades:<\/strong> Apertura igual y puntual, tama\u00f1o estable, flexibilidad perfecta, resistencia al calor, menor absorci\u00f3n de humedad, combinaci\u00f3n perfecta con material fotosensible, superficie lisa y f\u00e1cil regeneraci\u00f3n.<\/p>\n<p><strong>Aplicaciones:<\/strong><\/p>\n<p><strong>Para imprimir<\/strong>: como impresi\u00f3n de circuitos, impresi\u00f3n de paneles de instrumentos, serigraf\u00eda, impresi\u00f3n textil, impresi\u00f3n de patrones de vidrio, impresi\u00f3n de patrones de cer\u00e1mica, impresi\u00f3n de placas de destino, impresi\u00f3n de carteles, impresi\u00f3n de paquetes, etc.<\/p>\n<p><strong>Para filtraci\u00f3n<\/strong>: como filtraci\u00f3n de aceite, filtraci\u00f3n de agentes qu\u00edmicos, filtraci\u00f3n de pintura, filtraci\u00f3n de alimentos o bebidas, etc.<\/p>\n<p><strong>Los par\u00e1metros t\u00edpicos:<\/strong><\/p>\n<p><img fetchpriority=\"high\" decoding=\"async\" class=\"wp-image-3577 aligncenter\" src=\"https:\/\/www.zonelenviro.com\/wp-content\/uploads\/2024\/03\/DPP1.png\" alt=\"DPP1\" width=\"800\" height=\"591\" \/><img decoding=\"async\" class=\"wp-image-1599 aligncenter\" src=\"https:\/\/www.zonelenviro.com\/wp-content\/uploads\/2024\/03\/DPP2.gif\" alt=\"\" width=\"800\" height=\"530\" \/><img decoding=\"async\" class=\"wp-image-1600 aligncenter\" src=\"https:\/\/www.zonelenviro.com\/wp-content\/uploads\/2024\/03\/DPP4.gif\" alt=\"\" width=\"800\" height=\"476\" \/><\/p>\n<p><strong>Malla de poli\u00e9ster para tamiz de harina<\/strong><\/p>\n<p><strong>Introducci\u00f3n general<\/strong>: Zonel Filtech ofrece una gama completa de mallas de cribado de harina de poli\u00e9ster.<\/p>\n<p><strong>Propiedades<\/strong>: Tama\u00f1o abierto igual y puntual, materias primas no t\u00f3xicas, gama completa de mallas de cribado disponibles, alta eficiencia de filtrado y durabilidad.<\/p>\n<p><strong>Aplicaciones<\/strong>: Para tamices enharinados, etc.<\/p>\n<p><strong>Los par\u00e1metros t\u00edpicos:<\/strong><\/p>\n<p><img loading=\"lazy\" decoding=\"async\" class=\"wp-image-1601 aligncenter\" src=\"https:\/\/www.zonelenviro.com\/wp-content\/uploads\/2024\/03\/DMP-1.jpg\" alt=\"\" width=\"800\" height=\"500\" \/><\/p>\n<p><strong>Malla\/tejido de poliamida (PA)\/nailon para impresi\u00f3n y filtraci\u00f3n general<\/strong><\/p>\n<p><strong>Introducci\u00f3n general<\/strong>: Zonel Filtech ofrece una gama completa de mallas de nailon\/poliamida (PA) para impresi\u00f3n y filtraci\u00f3n, disponibles en materiales PA6 y PA66.<\/p>\n<p>El m\u00e9todo de impresi\u00f3n con malla es una de las soluciones m\u00e1s econ\u00f3micas y efectivas para las industrias de impresi\u00f3n, y es muy popular desde mediados del siglo pasado. Las mallas de nailon\/poliamida de Zonel Filtech tienen un tama\u00f1o estable y un tama\u00f1o de apertura puntual que las convierte en un material de filtrado excelente para algunas de las ocasiones m\u00e1s cr\u00edticas para algunos usos industriales.<\/p>\n<p><strong>Propiedades<\/strong>: Tama\u00f1o abierto igual y puntual, tama\u00f1o estable, flexibilidad perfecta, resistencia al calor, menor absorci\u00f3n de humedad, combinaci\u00f3n perfecta con material fotosensible, superficie lisa y f\u00e1cil de regenerar.<\/p>\n<p><strong>Aplicaciones:<\/strong><\/p>\n<p><strong>Para imprimir:<\/strong> como impresi\u00f3n de circuitos, impresi\u00f3n de paneles de instrumentos, serigraf\u00eda, impresi\u00f3n textil, impresi\u00f3n de patrones de vidrio, impresi\u00f3n de patrones de cer\u00e1mica, impresi\u00f3n de placas de destino, impresi\u00f3n de carteles, impresi\u00f3n de paquetes, etc.<\/p>\n<p><strong>Para filtraci\u00f3n:<\/strong> como filtraci\u00f3n de aceite, filtraci\u00f3n de agentes qu\u00edmicos, filtraci\u00f3n de pintura, filtraci\u00f3n de alimentos o bebidas, etc.<\/p>\n<p><strong>Los par\u00e1metros t\u00edpicos:<\/strong><\/p>\n<p><img loading=\"lazy\" decoding=\"async\" class=\"size-full wp-image-6446 aligncenter\" src=\"https:\/\/www.zonelenviro.com\/wp-content\/uploads\/2024\/03\/Polyamide-PA-parameters.jpg\" alt=\"Par\u00e1metros de la poliamida (PA)\" width=\"702\" height=\"956\" \/><\/p>\n<p><strong>Malla de cribado de harina de poliamida (PA)\/nailon<\/strong><\/p>\n<p><strong>Introducci\u00f3n general:<\/strong> Zonel Filtech ofrece una gama completa de mallas de cribado de harina PA.<\/p>\n<p><strong>Propiedades:<\/strong> Tama\u00f1o abierto igual y puntual, tama\u00f1o estable, flexibilidad perfecta, resistencia al calor, menor absorci\u00f3n de humedad, combinaci\u00f3n perfecta con material fotosensible, superficie lisa y f\u00e1cil de regenerar.<\/p>\n<p><strong>Aplicaciones:<\/strong> Para tamices enharinados, etc.<\/p>\n<p><strong>Los par\u00e1metros t\u00edpicos:<\/strong><\/p>\n<p><img loading=\"lazy\" decoding=\"async\" class=\"size-full wp-image-6449 aligncenter\" src=\"https:\/\/www.zonelenviro.com\/wp-content\/uploads\/2024\/03\/Polyamide-PANylon-flour-screen-mesh-parameters.jpg\" alt=\"Par\u00e1metros de la malla de tamiz de harina de poliamida (PA) nailon\" width=\"700\" height=\"1034\" \/><\/p>\n<p>&nbsp;<\/p>\n<p><strong>Malla de polipropileno \/ Tela de polipropileno para pernos \/ Malla de filtro de polipropileno<\/strong><\/p>\n<p><strong>Propiedades de la malla <\/strong><strong style=\"font-size: 16px;\">PP de Zonel Filtech:<\/strong><\/p>\n<p><img loading=\"lazy\" decoding=\"async\" class=\"wp-image-1608 aligncenter\" src=\"https:\/\/www.zonelenviro.com\/wp-content\/uploads\/2024\/03\/PP-filter-mesh.jpg\" alt=\"\" width=\"800\" height=\"535\" \/><\/p>\n<p>1. Varios tama\u00f1os abiertos con eficiencia de filtrado puntual.<\/p>\n<p>2. Excelente resistencia a \u00e1cidos y \u00e1lcalis.<\/p>\n<p>3. Stock suficiente, entrega r\u00e1pida.<\/p>\n<p>La especificaci\u00f3n t\u00e9cnica de la malla de polipropileno \/ tela de polipropileno para empernado se proporcionar\u00e1 de acuerdo con los requisitos del cliente. Si necesita cualquier malla de polipropileno, no dude en ponerse en contacto con ZONEL FILTECH.<\/p>\n","protected":false},"excerpt":{"rendered":"<p>Zonel Filtech es uno de los fabricantes de materiales de filtrado m\u00e1s profesionales, equipado con los telares de proyectiles y m\u00e1quinas de tratamiento de acabado m\u00e1s avanzados que pueden ofrecer la gama completa de mallas de pantalla \/ telas de pernos para diferentes ocasiones industriales para varios usos.<\/p>\n<p>Gama de productos: Tela de pernos de poli\u00e9ster para impresi\u00f3n y filtraci\u00f3n general; Mallas de harina de poli\u00e9ster; Tela de pernos de poliamida \/ nailon para impresi\u00f3n y filtraci\u00f3n general; Mallas de cribado de harina de poliamida \/ nailon; Malla de filtro de PP \/ mallas de pantalla de PP. Apertura de malla: 25 ~ 1800 micrones Ancho: dentro de los 3,6 metros se puede personalizar.<\/p>\n","protected":false},"featured_media":6868,"template":"","meta":{"site-sidebar-layout":"default","site-content-layout":"","ast-site-content-layout":"default","site-content-style":"default","site-sidebar-style":"default","ast-global-header-display":"","ast-banner-title-visibility":"","ast-main-header-display":"","ast-hfb-above-header-display":"","ast-hfb-below-header-display":"","ast-hfb-mobile-header-display":"","site-post-title":"","ast-breadcrumbs-content":"","ast-featured-img":"","footer-sml-layout":"","theme-transparent-header-meta":"default","adv-header-id-meta":"","stick-header-meta":"","header-above-stick-meta":"","header-main-stick-meta":"","header-below-stick-meta":"","astra-migrate-meta-layouts":"set","ast-page-background-enabled":"default","ast-page-background-meta":{"desktop":{"background-color":"","background-image":"","background-repeat":"repeat","background-position":"center center","background-size":"auto","background-attachment":"scroll","background-type":"","background-media":"","overlay-type":"","overlay-color":"","overlay-opacity":"","overlay-gradient":""},"tablet":{"background-color":"","background-image":"","background-repeat":"repeat","background-position":"center center","background-size":"auto","background-attachment":"scroll","background-type":"","background-media":"","overlay-type":"","overlay-color":"","overlay-opacity":"","overlay-gradient":""},"mobile":{"background-color":"","background-image":"","background-repeat":"repeat","background-position":"center center","background-size":"auto","background-attachment":"scroll","background-type":"","background-media":"","overlay-type":"","overlay-color":"","overlay-opacity":"","overlay-gradient":""}},"ast-content-background-meta":{"desktop":{"background-color":"var(--ast-global-color-5)","background-image":"","background-repeat":"repeat","background-position":"center center","background-size":"auto","background-attachment":"scroll","background-type":"","background-media":"","overlay-type":"","overlay-color":"","overlay-opacity":"","overlay-gradient":""},"tablet":{"background-color":"var(--ast-global-color-5)","background-image":"","background-repeat":"repeat","background-position":"center center","background-size":"auto","background-attachment":"scroll","background-type":"","background-media":"","overlay-type":"","overlay-color":"","overlay-opacity":"","overlay-gradient":""},"mobile":{"background-color":"var(--ast-global-color-5)","background-image":"","background-repeat":"repeat","background-position":"center center","background-size":"auto","background-attachment":"scroll","background-type":"","background-media":"","overlay-type":"","overlay-color":"","overlay-opacity":"","overlay-gradient":""}}},"product_brand":[],"product_cat":[93],"product_tag":[],"class_list":{"0":"post-6867","1":"product","2":"type-product","3":"status-publish","4":"has-post-thumbnail","6":"product_cat-filtro-de-liquido","7":"desktop-align-left","8":"tablet-align-left","9":"mobile-align-left","11":"first","12":"instock","13":"shipping-taxable","14":"product-type-simple"},"_links":{"self":[{"href":"https:\/\/www.zonelenviro.com\/es\/wp-json\/wp\/v2\/product\/6867","targetHints":{"allow":["GET"]}}],"collection":[{"href":"https:\/\/www.zonelenviro.com\/es\/wp-json\/wp\/v2\/product"}],"about":[{"href":"https:\/\/www.zonelenviro.com\/es\/wp-json\/wp\/v2\/types\/product"}],"version-history":[{"count":2,"href":"https:\/\/www.zonelenviro.com\/es\/wp-json\/wp\/v2\/product\/6867\/revisions"}],"predecessor-version":[{"id":7051,"href":"https:\/\/www.zonelenviro.com\/es\/wp-json\/wp\/v2\/product\/6867\/revisions\/7051"}],"wp:featuredmedia":[{"embeddable":true,"href":"https:\/\/www.zonelenviro.com\/es\/wp-json\/wp\/v2\/media\/6868"}],"wp:attachment":[{"href":"https:\/\/www.zonelenviro.com\/es\/wp-json\/wp\/v2\/media?parent=6867"}],"wp:term":[{"taxonomy":"product_brand","embeddable":true,"href":"https:\/\/www.zonelenviro.com\/es\/wp-json\/wp\/v2\/product_brand?post=6867"},{"taxonomy":"product_cat","embeddable":true,"href":"https:\/\/www.zonelenviro.com\/es\/wp-json\/wp\/v2\/product_cat?post=6867"},{"taxonomy":"product_tag","embeddable":true,"href":"https:\/\/www.zonelenviro.com\/es\/wp-json\/wp\/v2\/product_tag?post=6867"}],"curies":[{"name":"wp","href":"https:\/\/api.w.org\/{rel}","templated":true}]}}