{"id":6891,"date":"2024-03-19T16:57:51","date_gmt":"2024-03-19T08:57:51","guid":{"rendered":"https:\/\/www.zonelenviro.com\/los-tejidos-filtrantes-para-la-produccion-de-levadura\/"},"modified":"2024-09-05T16:16:26","modified_gmt":"2024-09-05T08:16:26","slug":"los-tejidos-filtrantes-para-la-produccion-de-levadura","status":"publish","type":"product","link":"https:\/\/www.zonelenviro.com\/es\/los-tejidos-filtrantes-para-la-produccion-de-levadura.html","title":{"rendered":"Los tejidos filtrantes para la producci\u00f3n de levadura"},"content":{"rendered":"<p><strong>Tejidos filtrantes de levadura<\/strong><\/p>\n<p><img fetchpriority=\"high\" decoding=\"async\" class=\"size-full wp-image-1585 aligncenter\" src=\"https:\/\/www.zonelenviro.com\/wp-content\/uploads\/2024\/03\/yeast-plant-filter-cloth.jpg\" alt=\"\" width=\"829\" height=\"554\" \/><\/p>\n<p>La producci\u00f3n de levadura es algo as\u00ed como el procesamiento agr\u00edcola, que incluye los procedimientos de preparaci\u00f3n, siembra, cultivo y cosecha, por lo que obtener una tela filtrante adecuada para la cosecha de levadura es crucial, lo que ser\u00e1 \u00fatil para que el usuario final aumente la producci\u00f3n y reduzca las p\u00e9rdidas para hacer que sus productos sean mucho m\u00e1s competitivos, tambi\u00e9n es \u00fatil para el control de la contaminaci\u00f3n durante la producci\u00f3n.<\/p>\n<p>Debido a la solicitud de grado alimenticio, antes de introducirlos en las prensas de filtro, los licores de fermentaci\u00f3n no se pueden mezclar con el floculante, por lo que todas las part\u00edculas deben bloquearse directamente con las telas filtrantes, lo que requiere una tela filtrante con una densidad muy alta y lo suficientemente fuerte para los filtros de prensa.<\/p>\n<p>Con muchos a\u00f1os de pruebas y mejoras en el material, la construcci\u00f3n y el tratamiento de acabado de las telas filtrantes con los planes de producci\u00f3n de levadura en conjunto, las telas filtrantes para la filtraci\u00f3n de levadura de Zonel Filtech con las propiedades de buena permeabilidad al agua y no es f\u00e1cil bloquearse, alta eficiencia de filtrado (filtraci\u00f3n de una sola capa, la eficiencia es m\u00e1s del 99,9%), superficie lisa y f\u00e1cil liberaci\u00f3n de la torta, fuerte y resistente a la abrasi\u00f3n, grado alimenticio, \u00a1vida \u00fatil m\u00e1s larga!<\/p>\n<p>Las telas filtrantes de Zonel Filtech dise\u00f1adas para plantas de levadura ofrecen m\u00e9todos para separar las levaduras de los licores de fermentaci\u00f3n a trav\u00e9s de las prensas de filtro, que son adecuadas para prensas de filtro de c\u00e1mara, prensas de filtro de membrana, etc., tambi\u00e9n son adecuadas tanto para dise\u00f1os de telas filtrantes de mariposa como para dise\u00f1os de telas filtrantes de una sola pieza instaladas con las abrazaderas de telas filtrantes.<\/p>\n<p>\u00a1Tanto los rollos de tela filtrante como las telas de prensa de filtro listas para usar est\u00e1n disponibles en Zonel Filtech! Para las telas de filtro de prensa listas para usar, Zonel Filtech puede proporcionarlas de acuerdo con el dise\u00f1o especial de los filtros de los usuarios finales y tambi\u00e9n puede hacer el ajuste de acuerdo con la solicitud del cliente. Si necesita ayuda de nosotros, no dude en comunicarse con Zonel Filtech.<\/p>\n","protected":false},"excerpt":{"rendered":"<p>La producci\u00f3n de levadura es algo as\u00ed como el procesamiento agr\u00edcola, que incluye los procedimientos de preparaci\u00f3n, siembra, cultivo y cosecha, por lo que obtener una tela de filtro adecuada para la cosecha de levadura es crucial, lo que ser\u00e1 \u00fatil para que el usuario final aumente la producci\u00f3n y reduzca las p\u00e9rdidas para que sus productos sean mucho m\u00e1s competitivos, tambi\u00e9n es \u00fatil para el control de la contaminaci\u00f3n durante la producci\u00f3n.<\/p>\n<p>Debido a la solicitud de grado alimenticio, antes de introducirlos en las prensas de filtro, los licores de fermentaci\u00f3n no se pueden mezclar con el floculante, por lo que todas las part\u00edculas deben ser bloqueadas directamente por las telas de filtro, lo que requiere una tela de filtro con una densidad muy alta y lo suficientemente fuerte para los filtros de prensa.<\/p>\n","protected":false},"featured_media":6892,"template":"","meta":{"site-sidebar-layout":"default","site-content-layout":"","ast-site-content-layout":"default","site-content-style":"default","site-sidebar-style":"default","ast-global-header-display":"","ast-banner-title-visibility":"","ast-main-header-display":"","ast-hfb-above-header-display":"","ast-hfb-below-header-display":"","ast-hfb-mobile-header-display":"","site-post-title":"","ast-breadcrumbs-content":"","ast-featured-img":"","footer-sml-layout":"","theme-transparent-header-meta":"default","adv-header-id-meta":"","stick-header-meta":"","header-above-stick-meta":"","header-main-stick-meta":"","header-below-stick-meta":"","astra-migrate-meta-layouts":"set","ast-page-background-enabled":"default","ast-page-background-meta":{"desktop":{"background-color":"","background-image":"","background-repeat":"repeat","background-position":"center center","background-size":"auto","background-attachment":"scroll","background-type":"","background-media":"","overlay-type":"","overlay-color":"","overlay-opacity":"","overlay-gradient":""},"tablet":{"background-color":"","background-image":"","background-repeat":"repeat","background-position":"center center","background-size":"auto","background-attachment":"scroll","background-type":"","background-media":"","overlay-type":"","overlay-color":"","overlay-opacity":"","overlay-gradient":""},"mobile":{"background-color":"","background-image":"","background-repeat":"repeat","background-position":"center center","background-size":"auto","background-attachment":"scroll","background-type":"","background-media":"","overlay-type":"","overlay-color":"","overlay-opacity":"","overlay-gradient":""}},"ast-content-background-meta":{"desktop":{"background-color":"var(--ast-global-color-5)","background-image":"","background-repeat":"repeat","background-position":"center center","background-size":"auto","background-attachment":"scroll","background-type":"","background-media":"","overlay-type":"","overlay-color":"","overlay-opacity":"","overlay-gradient":""},"tablet":{"background-color":"var(--ast-global-color-5)","background-image":"","background-repeat":"repeat","background-position":"center center","background-size":"auto","background-attachment":"scroll","background-type":"","background-media":"","overlay-type":"","overlay-color":"","overlay-opacity":"","overlay-gradient":""},"mobile":{"background-color":"var(--ast-global-color-5)","background-image":"","background-repeat":"repeat","background-position":"center center","background-size":"auto","background-attachment":"scroll","background-type":"","background-media":"","overlay-type":"","overlay-color":"","overlay-opacity":"","overlay-gradient":""}}},"product_brand":[],"product_cat":[93],"product_tag":[],"class_list":{"0":"post-6891","1":"product","2":"type-product","3":"status-publish","4":"has-post-thumbnail","6":"product_cat-filtro-de-liquido","7":"desktop-align-left","8":"tablet-align-left","9":"mobile-align-left","11":"first","12":"instock","13":"shipping-taxable","14":"product-type-simple"},"_links":{"self":[{"href":"https:\/\/www.zonelenviro.com\/es\/wp-json\/wp\/v2\/product\/6891","targetHints":{"allow":["GET"]}}],"collection":[{"href":"https:\/\/www.zonelenviro.com\/es\/wp-json\/wp\/v2\/product"}],"about":[{"href":"https:\/\/www.zonelenviro.com\/es\/wp-json\/wp\/v2\/types\/product"}],"version-history":[{"count":3,"href":"https:\/\/www.zonelenviro.com\/es\/wp-json\/wp\/v2\/product\/6891\/revisions"}],"predecessor-version":[{"id":7050,"href":"https:\/\/www.zonelenviro.com\/es\/wp-json\/wp\/v2\/product\/6891\/revisions\/7050"}],"wp:featuredmedia":[{"embeddable":true,"href":"https:\/\/www.zonelenviro.com\/es\/wp-json\/wp\/v2\/media\/6892"}],"wp:attachment":[{"href":"https:\/\/www.zonelenviro.com\/es\/wp-json\/wp\/v2\/media?parent=6891"}],"wp:term":[{"taxonomy":"product_brand","embeddable":true,"href":"https:\/\/www.zonelenviro.com\/es\/wp-json\/wp\/v2\/product_brand?post=6891"},{"taxonomy":"product_cat","embeddable":true,"href":"https:\/\/www.zonelenviro.com\/es\/wp-json\/wp\/v2\/product_cat?post=6891"},{"taxonomy":"product_tag","embeddable":true,"href":"https:\/\/www.zonelenviro.com\/es\/wp-json\/wp\/v2\/product_tag?post=6891"}],"curies":[{"name":"wp","href":"https:\/\/api.w.org\/{rel}","templated":true}]}}