{"id":6929,"date":"2024-03-19T16:50:26","date_gmt":"2024-03-19T08:50:26","guid":{"rendered":"https:\/\/www.zonelenviro.com\/cartucho-de-filtro-plisado-de-alto-caudal\/"},"modified":"2024-09-05T16:15:48","modified_gmt":"2024-09-05T08:15:48","slug":"cartucho-de-filtro-plisado-de-alto-caudal","status":"publish","type":"product","link":"https:\/\/www.zonelenviro.com\/es\/cartucho-de-filtro-plisado-de-alto-caudal.html","title":{"rendered":"Cartucho de filtro plisado de alto caudal"},"content":{"rendered":"<p><strong>Cartucho de filtro plisado de alto caudal<\/strong><\/p>\n<p><img fetchpriority=\"high\" decoding=\"async\" class=\"size-full wp-image-1574 aligncenter\" src=\"https:\/\/www.zonelenviro.com\/wp-content\/uploads\/2024\/03\/HIGH-FLOW-FILTER-CATRIDGES.jpg\" alt=\"\" width=\"790\" height=\"1010\" \/><\/p>\n<p><strong>Introducci\u00f3n general:<\/strong> El cartucho de filtro de alto flujo es uno de los principales productos de Zonel Filtech, que es un tipo de cartucho de filtro plisado con geometr\u00eda de pliegues en forma de media luna, combinado con las propiedades de mayor di\u00e1metro y sin n\u00facleo para maximizar el \u00e1rea de filtrado, lo que hace que el cartucho de filtro se pueda utilizar en el volumen de alto flujo y con la capacidad de carga sucia mucho mayor, mucho menor la resistencia inicial, durable. Zonel Filtech proporciona la gama completa de cartuchos de filtro de alto flujo de repuesto de los cartuchos de la serie 3M Cuno High Flow, la serie Pall Ultipleat High Flow, la serie de cartuchos de filtro de alto flujo Parker ParMax SELECT, la serie de cartuchos de filtro de agua de alto flujo Pentair Aqualine, etc. \u00a1Se pueden personalizar los requisitos especiales!<\/p>\n<p><strong>Propiedades de los cartuchos filtrantes de alto caudal de Zonel Filtech:<\/strong><\/p>\n<p>1. La direcci\u00f3n de filtraci\u00f3n del l\u00edquido con sedimentos para el cartucho de filtro de alto flujo es desde el lado interno al lado externo, todas las part\u00edculas se recolectar\u00e1n en el lado interno de los cartuchos, lo que puede ayudar a reducir la contaminaci\u00f3n cuando se cambian los cartuchos de filtro en el lado m\u00e1s limpio.<\/p>\n<p>2. El \u00e1rea de filtrado m\u00e1s grande del cartucho de filtro de alto flujo puede ayudar a reducir el volumen del <span style=\"color: #3366ff;\"><a style=\"color: #3366ff;\" href=\"https:\/\/www.zonelenviro.com\/es\/ssfilterhousing.html\"><strong>carcasa del filtro<\/strong><\/a><\/span>, tambi\u00e9n puede ayudar a reducir la frecuencia de cambio del cartucho de filtro, ahorrando el costo de mantenimiento.<\/p>\n<p>3. El dise\u00f1o del material del filtro desde el lado interior al lado exterior, el lado abierto se cambia a m\u00e1s peque\u00f1o gradualmente, lo que ayuda a aumentar la capacidad de carga sucia, reduce la frecuencia de cambio del cartucho de filtro de alto flujo y reduce el costo de mantenimiento.<\/p>\n<p>4. Eficiencia de filtrado nominal absoluta.<\/p>\n<p>5. El cambio de cartucho de filtro es m\u00e1s conveniente y r\u00e1pido, operaci\u00f3n segura.<\/p>\n<p>6. La serie de cartuchos de filtro de alto flujo con conexi\u00f3n de soldadura t\u00e9rmica al 100%, con material de grado alimenticio, no causar\u00e1 la segunda contaminaci\u00f3n.<\/p>\n<p>7. Fabricado con estricto control de calidad.<\/p>\n<p><strong>Par\u00e1metros relevantes:<\/strong><\/p>\n<p>Material del filtro: vidrio filtrante, PP (polipropileno).<\/p>\n<p>Capa de soporte\/capa gu\u00eda de flujo: PP.<\/p>\n<p>Tapas: PP reforzado con fibra de vidrio.<\/p>\n<p>Anillos de sellado: caucho de silicona, Viton, EPDM.<\/p>\n<p>Eficiencia del filtro: 1, 5, 10, 20, 40, 70, 100 micrones.<\/p>\n<p>Temperatura m\u00e1xima de funcionamiento: 82 grados C.<\/p>\n<p>Resistencia m\u00e1xima de funcionamiento: 3,44 bar, 82 grados C.<\/p>\n<p>Resistencia sugerida para cambio de cartucho: 2,4 bar a 20 grados C.<\/p>\n<p><strong>Aplicaci\u00f3n t\u00edpica<\/strong><\/p>\n<p>Agua de proceso<br \/>\nAgua desionizada<br \/>\nPrefiltraci\u00f3n por membrana de \u00f3smosis inversa<br \/>\nAlimentos y bebidas<br \/>\nCosm\u00e9ticos<br \/>\nProductos qu\u00edmicos finos<br \/>\nAgua producida<br \/>\nAguas residuales<br \/>\nY as\u00ed sucesivamente.<\/p>\n","protected":false},"excerpt":{"rendered":"<p>El cartucho de filtro de alto flujo es uno de los principales productos de Zonel Filtech, que es un tipo de cartucho de filtro plisado con geometr\u00eda de pliegues en forma de media luna, combinado con las propiedades de mayor di\u00e1metro y sin n\u00facleo para maximizar el \u00e1rea de filtrado, lo que hace que el cartucho de filtro se pueda utilizar en el volumen de alto flujo y con la capacidad de carga sucia mucho mayor, mucho menor la resistencia inicial, durable.<\/p>\n<p>Zonel Filtech proporciona la gama completa de cartuchos de filtro de alto flujo de repuesto de los cartuchos de la serie 3M Cuno High Flow, la serie Pall Ultipleat High Flow, la serie de cartuchos de filtro de alto flujo Parker ParMax SELECT, la serie de cartuchos de filtro de agua de alto flujo Pentair Aqualine, etc. \u00a1Se pueden personalizar los requisitos especiales!<\/p>\n","protected":false},"featured_media":6930,"template":"","meta":{"site-sidebar-layout":"default","site-content-layout":"","ast-site-content-layout":"default","site-content-style":"default","site-sidebar-style":"default","ast-global-header-display":"","ast-banner-title-visibility":"","ast-main-header-display":"","ast-hfb-above-header-display":"","ast-hfb-below-header-display":"","ast-hfb-mobile-header-display":"","site-post-title":"","ast-breadcrumbs-content":"","ast-featured-img":"","footer-sml-layout":"","theme-transparent-header-meta":"default","adv-header-id-meta":"","stick-header-meta":"","header-above-stick-meta":"","header-main-stick-meta":"","header-below-stick-meta":"","astra-migrate-meta-layouts":"set","ast-page-background-enabled":"default","ast-page-background-meta":{"desktop":{"background-color":"","background-image":"","background-repeat":"repeat","background-position":"center center","background-size":"auto","background-attachment":"scroll","background-type":"","background-media":"","overlay-type":"","overlay-color":"","overlay-opacity":"","overlay-gradient":""},"tablet":{"background-color":"","background-image":"","background-repeat":"repeat","background-position":"center center","background-size":"auto","background-attachment":"scroll","background-type":"","background-media":"","overlay-type":"","overlay-color":"","overlay-opacity":"","overlay-gradient":""},"mobile":{"background-color":"","background-image":"","background-repeat":"repeat","background-position":"center center","background-size":"auto","background-attachment":"scroll","background-type":"","background-media":"","overlay-type":"","overlay-color":"","overlay-opacity":"","overlay-gradient":""}},"ast-content-background-meta":{"desktop":{"background-color":"var(--ast-global-color-5)","background-image":"","background-repeat":"repeat","background-position":"center center","background-size":"auto","background-attachment":"scroll","background-type":"","background-media":"","overlay-type":"","overlay-color":"","overlay-opacity":"","overlay-gradient":""},"tablet":{"background-color":"var(--ast-global-color-5)","background-image":"","background-repeat":"repeat","background-position":"center center","background-size":"auto","background-attachment":"scroll","background-type":"","background-media":"","overlay-type":"","overlay-color":"","overlay-opacity":"","overlay-gradient":""},"mobile":{"background-color":"var(--ast-global-color-5)","background-image":"","background-repeat":"repeat","background-position":"center center","background-size":"auto","background-attachment":"scroll","background-type":"","background-media":"","overlay-type":"","overlay-color":"","overlay-opacity":"","overlay-gradient":""}}},"product_brand":[],"product_cat":[93],"product_tag":[],"class_list":{"0":"post-6929","1":"product","2":"type-product","3":"status-publish","4":"has-post-thumbnail","6":"product_cat-filtro-de-liquido","7":"desktop-align-left","8":"tablet-align-left","9":"mobile-align-left","11":"first","12":"instock","13":"shipping-taxable","14":"product-type-simple"},"_links":{"self":[{"href":"https:\/\/www.zonelenviro.com\/es\/wp-json\/wp\/v2\/product\/6929","targetHints":{"allow":["GET"]}}],"collection":[{"href":"https:\/\/www.zonelenviro.com\/es\/wp-json\/wp\/v2\/product"}],"about":[{"href":"https:\/\/www.zonelenviro.com\/es\/wp-json\/wp\/v2\/types\/product"}],"version-history":[{"count":4,"href":"https:\/\/www.zonelenviro.com\/es\/wp-json\/wp\/v2\/product\/6929\/revisions"}],"predecessor-version":[{"id":7049,"href":"https:\/\/www.zonelenviro.com\/es\/wp-json\/wp\/v2\/product\/6929\/revisions\/7049"}],"wp:featuredmedia":[{"embeddable":true,"href":"https:\/\/www.zonelenviro.com\/es\/wp-json\/wp\/v2\/media\/6930"}],"wp:attachment":[{"href":"https:\/\/www.zonelenviro.com\/es\/wp-json\/wp\/v2\/media?parent=6929"}],"wp:term":[{"taxonomy":"product_brand","embeddable":true,"href":"https:\/\/www.zonelenviro.com\/es\/wp-json\/wp\/v2\/product_brand?post=6929"},{"taxonomy":"product_cat","embeddable":true,"href":"https:\/\/www.zonelenviro.com\/es\/wp-json\/wp\/v2\/product_cat?post=6929"},{"taxonomy":"product_tag","embeddable":true,"href":"https:\/\/www.zonelenviro.com\/es\/wp-json\/wp\/v2\/product_tag?post=6929"}],"curies":[{"name":"wp","href":"https:\/\/api.w.org\/{rel}","templated":true}]}}