{"id":6943,"date":"2024-03-19T15:50:43","date_gmt":"2024-03-19T07:50:43","guid":{"rendered":"https:\/\/www.zonelenviro.com\/tela-filtrante-de-fieltro-con-aguja-de-poliimida-p84-bolsas-filtrantes-p84\/"},"modified":"2024-09-05T15:07:38","modified_gmt":"2024-09-05T07:07:38","slug":"tela-filtrante-de-fieltro-con-aguja-de-poliimida-p84-bolsas-filtrantes-p84","status":"publish","type":"product","link":"https:\/\/www.zonelenviro.com\/es\/tela-filtrante-de-fieltro-con-aguja-de-poliimida-p84-bolsas-filtrantes-p84.html","title":{"rendered":"Tela filtrante de fieltro con aguja de poliimida\/P84\/bolsas filtrantes P84"},"content":{"rendered":"<p>Tela filtrante de poliimida\/Tela filtrante de fieltro punzonado P84\/Bolsas filtrantes P84<\/p>\n<h2>Introducci\u00f3n general de la tela filtrante de fieltro punzonado de poliimida (P84, PI):<\/h2>\n<p>Cuando la temperatura del aire con polvo es superior a 250 grados C y el polvo no se puede recolectar a trav\u00e9s del ESP, entonces, como es habitual, tenemos que reducir la temperatura del aire con polvo y hacer que sea posible purificarlo a trav\u00e9s de colectores de polvo tipo bolsa, pero la inversi\u00f3n aumentar\u00e1 mucho cuando esto suceda.<\/p>\n<p>Debido a que la fibra de vidrio es fr\u00e1gil y la fibra de PTFE tiene una mayor contracci\u00f3n t\u00e9rmica y una cohesi\u00f3n d\u00e9bil, para cumplir con la alta eficiencia de filtrado, ambas deben estar laminadas con una membrana de PTFE, lo que aumentar\u00e1 la resistencia de las carcasas de filtro de bolsa y reducir\u00e1 la relaci\u00f3n aire\/tela, por supuesto, por lo que la tela de filtro de poliimida (puede ser tela de filtro P84, fieltro punzonado PI, tela de filtro Yilun) se convertir\u00e1 en la primera opci\u00f3n para convertirla en bolsas de filtro resistentes a altas temperaturas.<\/p>\n<p>Tela filtrante de fieltro con aguja de poliimida\/bolsas filtrantes de poliimida (puede ser tela filtrante de fieltro con aguja P84, fieltro con aguja Yilun) con las propiedades de buena resistencia a altas temperaturas, resistencia a los \u00e1cidos e inflamabilidad, la estructura de tres hojas de la fibra ayuda a la tela filtrante de fieltro con aguja de poliimida con una superficie de filtrado mucho m\u00e1s grande y con una eficiencia de filtrado mucho mayor, que es un material de filtrado ideal.<\/p>\n<h2>Productos relevantes:<\/h2>\n<ul>\n<li>Tela filtrante y bolsas filtrantes de fieltro punzonado de PTFE<\/li>\n<li>Tela filtrante y bolsas filtrantes de fieltro punzonado de fibra de vidrio<\/li>\n<li>Tejidos y bolsas filtrantes de fibra de vidrio<\/li>\n<\/ul>\n<h2>Especificaci\u00f3n relevante para el fieltro de aguja de poliimida (puede ser tela filtrante de fieltro de aguja P84, tela filtrante de fieltro de aguja Yilun)<\/h2>\n<ul>\n<li>Material: fibra de poliimida (puede ser P84, Yilun), con soporte de malla de poliimida (malla P84, malla Yilun \/ malla de PTFE)<\/li>\n<li>Peso: 450~650 g\/m\u00b2 Temperatura de funcionamiento: continua: \u2264240\u2103;<\/li>\n<li>Picos: 260\u2103 Tratamiento de superficie disponible: chamuscado y esmaltado, termoendurecido, ba\u00f1o de suspensi\u00f3n de PTFE, membrana de PTFE.<\/li>\n<li>Zonel Filtech puede personalizar los productos seg\u00fan los requisitos de los clientes.<\/li>\n<\/ul>\n<h2>Propiedades de las bolsas filtrantes de polvo de poliimida de Zonel Filtech (bolsas filtrantes de polvo P84, bolsas filtrantes de polvo Yilun)<\/h2>\n<ol>\n<li>Resistencia a altas temperaturas: Temperatura de funcionamiento continua recomendada: \u2264240 grados C; picos instant\u00e1neos: 260 grados C.<\/li>\n<li>Tama\u00f1o estable a altas temperaturas despu\u00e9s del tratamiento de termoendurecimiento: a 260 grados C, la contracci\u00f3n no supera el 1 %.<\/li>\n<li>Ign\u00edfugo.<\/li>\n<li>Buena resistencia a la abrasi\u00f3n y al plegado, resistencia a los \u00e1cidos.<\/li>\n<li>Alta eficiencia de filtrado y larga vida \u00fatil.<\/li>\n<\/ol>\n<h2>Principales aplicaciones de las bolsas de filtro de poliimida (bolsas de filtro P84, bolsas de filtro Yilun) bolsas de filtro de Zonel Filtech<\/h2>\n<h3>Gases de combusti\u00f3n a alta temperatura procedentes de:<\/h3>\n<ul>\n<li>Industrias metal\u00fargicas: como la purificaci\u00f3n de gases de escape de altos hornos para plantas de acero, etc.<\/li>\n<li>Industrias qu\u00edmicas: como los gases de combusti\u00f3n del horno para la producci\u00f3n de carburo de calcio, la purificaci\u00f3n del aire de polvo de las plantas de recuperaci\u00f3n de carb\u00f3n, etc.<\/li>\n<li>Industrias de materiales de construcci\u00f3n: como la filtraci\u00f3n del aire de polvo de los hornos de las plantas de cemento, la filtraci\u00f3n del aire de polvo en las plantas de mezcla de asfalto, etc.<\/li>\n<li>Y algunas otras plantas para la purificaci\u00f3n de gases de combusti\u00f3n de calderas, como las centrales t\u00e9rmicas, etc.<\/li>\n<\/ul>\n<p><strong>Zonel<\/strong><strong>ISO9001:2015<\/strong><\/p>\n","protected":false},"excerpt":{"rendered":"<p>Cuando la temperatura del aire de polvo es superior a 250 grados C y el polvo no se puede recolectar a trav\u00e9s del ESP, entonces, como de costumbre, tenemos que reducir la temperatura del aire de polvo y hacer posible su purificaci\u00f3n a trav\u00e9s de colectores de polvo tipo bolsa, pero la inversi\u00f3n aumentar\u00e1 mucho cuando esto suceda.<\/p>\n<p>Debido a que la fibra de vidrio es fr\u00e1gil y la fibra de PTFE con una mayor contracci\u00f3n t\u00e9rmica y cohesi\u00f3n d\u00e9bil, para cumplir con la alta eficiencia de filtrado, ambas deben laminarse con una membrana de PTFE, lo que aumentar\u00e1 la resistencia de las carcasas de filtro de bolsa y reducir\u00e1 la relaci\u00f3n aire\/tela, por supuesto, por lo que la tela filtrante de poliimida (puede ser tela filtrante P84, fieltro de aguja PI, tela filtrante Yilun) se convertir\u00e1 en la primera opci\u00f3n.<\/p>\n<p>La fibra de poliimida (tela filtrante de fieltro de aguja P84, tela filtrante PI, fieltro de aguja Yilun) con las propiedades de buena resistencia a altas temperaturas, resistencia a los \u00e1cidos e inflamabilidad, la estructura de tres hojas de la fibra ayuda a la tela filtrante de fieltro de aguja de poliimida con una superficie de filtrado m\u00e1s grande y con una eficiencia de filtrado mucho mayor.<\/p>\n","protected":false},"featured_media":6944,"template":"","meta":{"site-sidebar-layout":"default","site-content-layout":"","ast-site-content-layout":"default","site-content-style":"default","site-sidebar-style":"default","ast-global-header-display":"","ast-banner-title-visibility":"","ast-main-header-display":"","ast-hfb-above-header-display":"","ast-hfb-below-header-display":"","ast-hfb-mobile-header-display":"","site-post-title":"","ast-breadcrumbs-content":"","ast-featured-img":"","footer-sml-layout":"","theme-transparent-header-meta":"default","adv-header-id-meta":"","stick-header-meta":"","header-above-stick-meta":"","header-main-stick-meta":"","header-below-stick-meta":"","astra-migrate-meta-layouts":"set","ast-page-background-enabled":"default","ast-page-background-meta":{"desktop":{"background-color":"","background-image":"","background-repeat":"repeat","background-position":"center center","background-size":"auto","background-attachment":"scroll","background-type":"","background-media":"","overlay-type":"","overlay-color":"","overlay-opacity":"","overlay-gradient":""},"tablet":{"background-color":"","background-image":"","background-repeat":"repeat","background-position":"center center","background-size":"auto","background-attachment":"scroll","background-type":"","background-media":"","overlay-type":"","overlay-color":"","overlay-opacity":"","overlay-gradient":""},"mobile":{"background-color":"","background-image":"","background-repeat":"repeat","background-position":"center center","background-size":"auto","background-attachment":"scroll","background-type":"","background-media":"","overlay-type":"","overlay-color":"","overlay-opacity":"","overlay-gradient":""}},"ast-content-background-meta":{"desktop":{"background-color":"var(--ast-global-color-5)","background-image":"","background-repeat":"repeat","background-position":"center center","background-size":"auto","background-attachment":"scroll","background-type":"","background-media":"","overlay-type":"","overlay-color":"","overlay-opacity":"","overlay-gradient":""},"tablet":{"background-color":"var(--ast-global-color-5)","background-image":"","background-repeat":"repeat","background-position":"center center","background-size":"auto","background-attachment":"scroll","background-type":"","background-media":"","overlay-type":"","overlay-color":"","overlay-opacity":"","overlay-gradient":""},"mobile":{"background-color":"var(--ast-global-color-5)","background-image":"","background-repeat":"repeat","background-position":"center center","background-size":"auto","background-attachment":"scroll","background-type":"","background-media":"","overlay-type":"","overlay-color":"","overlay-opacity":"","overlay-gradient":""}}},"product_brand":[],"product_cat":[94],"product_tag":[],"class_list":{"0":"post-6943","1":"product","2":"type-product","3":"status-publish","4":"has-post-thumbnail","6":"product_cat-filtro-de-polvo","7":"desktop-align-left","8":"tablet-align-left","9":"mobile-align-left","11":"first","12":"instock","13":"shipping-taxable","14":"product-type-simple"},"_links":{"self":[{"href":"https:\/\/www.zonelenviro.com\/es\/wp-json\/wp\/v2\/product\/6943","targetHints":{"allow":["GET"]}}],"collection":[{"href":"https:\/\/www.zonelenviro.com\/es\/wp-json\/wp\/v2\/product"}],"about":[{"href":"https:\/\/www.zonelenviro.com\/es\/wp-json\/wp\/v2\/types\/product"}],"version-history":[{"count":0,"href":"https:\/\/www.zonelenviro.com\/es\/wp-json\/wp\/v2\/product\/6943\/revisions"}],"wp:featuredmedia":[{"embeddable":true,"href":"https:\/\/www.zonelenviro.com\/es\/wp-json\/wp\/v2\/media\/6944"}],"wp:attachment":[{"href":"https:\/\/www.zonelenviro.com\/es\/wp-json\/wp\/v2\/media?parent=6943"}],"wp:term":[{"taxonomy":"product_brand","embeddable":true,"href":"https:\/\/www.zonelenviro.com\/es\/wp-json\/wp\/v2\/product_brand?post=6943"},{"taxonomy":"product_cat","embeddable":true,"href":"https:\/\/www.zonelenviro.com\/es\/wp-json\/wp\/v2\/product_cat?post=6943"},{"taxonomy":"product_tag","embeddable":true,"href":"https:\/\/www.zonelenviro.com\/es\/wp-json\/wp\/v2\/product_tag?post=6943"}],"curies":[{"name":"wp","href":"https:\/\/api.w.org\/{rel}","templated":true}]}}