{"id":6951,"date":"2024-03-19T15:37:33","date_gmt":"2024-03-19T07:37:33","guid":{"rendered":"https:\/\/www.zonelenviro.com\/material-de-filtro-de-polvo-para-temperaturas-bajas-y-medias\/"},"modified":"2024-09-05T15:25:43","modified_gmt":"2024-09-05T07:25:43","slug":"material-de-filtro-de-polvo-para-temperaturas-bajas-y-medias","status":"publish","type":"product","link":"https:\/\/www.zonelenviro.com\/es\/material-de-filtro-de-polvo-para-temperaturas-bajas-y-medias.html","title":{"rendered":"Material de filtro de polvo para temperaturas bajas y medias"},"content":{"rendered":"<p>Fieltro de aguja de poli\u00e9ster y bolsas de filtro para sistemas colectores de polvo<img fetchpriority=\"high\" decoding=\"async\" class=\"alignnone size-full wp-image-1461\" src=\"https:\/\/www.zonelenviro.com\/wp-content\/uploads\/2024\/03\/polyester-needle-felt-with-PTFE-membrane-treatment.jpg\" alt=\"\" width=\"829\" height=\"554\" \/><img decoding=\"async\" class=\"alignnone size-full wp-image-1462\" src=\"https:\/\/www.zonelenviro.com\/wp-content\/uploads\/2024\/03\/polyester-dust-filter-bag.jpg\" alt=\"\" width=\"829\" height=\"554\" \/><\/p>\n<h2>Introducci\u00f3n general de la tela filtrante de fieltro de aguja de poli\u00e9ster:<\/h2>\n<p>El poli\u00e9ster (PET, terileno) con propiedades de alta resistencia a la tracci\u00f3n, s\u00faper resistencia a la abrasi\u00f3n, excelente cohesi\u00f3n de la fibra y buena resistencia a los \u00e1cidos, puede cumplir con los est\u00e1ndares de calidad alimentaria, costo econ\u00f3mico para la producci\u00f3n de material de filtro y se usa ampliamente en varias industrias para la recolecci\u00f3n de polvo y filtraci\u00f3n de l\u00edquidos.<br \/>\nZonel Filtech est\u00e1 equipado con modernas l\u00edneas de punzonado de agujas y adopta fibras de poli\u00e9ster de primera calidad de varios tama\u00f1os y mallas de alta resistencia a la tracci\u00f3n de acuerdo con la mano de obra requerida, lo que hace que la tela filtrante de fieltro de aguja de poli\u00e9ster de ZONEL FILTECH tenga la misma permeabilidad al aire, el mismo espesor, la misma y alta resistencia a la tracci\u00f3n, superficie lisa y f\u00e1cil de purgar, duradera.<\/p>\n<h2>Especificaciones relevantes para el fieltro de poli\u00e9ster punzonado:<\/h2>\n<p>Material: Fibra de poli\u00e9ster (PET, terileno), con soporte de malla de poli\u00e9ster de alta resistencia a la tracci\u00f3n y baja elongaci\u00f3n<\/p>\n<p>Peso: 300~750 g\/m\u00b2<\/p>\n<p>Temperatura de funcionamiento: Continua: \u2264130\u2103; Picos: 150\u2103<\/p>\n<p>Tratamiento de superficie disponible: chamuscado y esmaltado, termoendurecido, ba\u00f1o de suspensi\u00f3n de PTFE, membrana de PTFE.<\/p>\n<p>\u00a1Podemos personalizar los productos seg\u00fan los requisitos de los clientes!<\/p>\n<h2>Las propiedades de las bolsas filtrantes de poli\u00e9ster y los servicios de ZONEL FILTECH:<\/h2>\n<ol>\n<li>Con un equipo t\u00e9cnico profesional, dise\u00f1o seg\u00fan los requisitos del cliente, se garantiza un buen rendimiento.<\/li>\n<li>Emisi\u00f3n dentro de los requisitos, menor resistencia inicial, no se bloquea f\u00e1cilmente.<\/li>\n<li>Se ofrecer\u00e1n sugerencias de funcionamiento, no se rompen f\u00e1cilmente y son duraderas.<\/li>\n<li>\u00a0Todos los tama\u00f1os y tratamientos de acabado disponibles, entrega inmediata.<\/li>\n<li>Ofrecemos servicios posventa las 24 horas del d\u00eda y una respuesta m\u00e1s r\u00e1pida.<\/li>\n<\/ol>\n<h2>Principales aplicaciones de las bolsas filtrantes de poli\u00e9ster:<\/h2>\n<ol>\n<li>Procesamiento de productos qu\u00edmicos: secadores, respiraderos de tolva y colectores de polvo molestos en las industrias de pigmentos, pl\u00e1sticos y catalizadores<\/li>\n<li>Procesamiento de minerales: molinos de acabado, molinos de materia prima, transporte neum\u00e1tico a granel y colectores de polvo de ventilaci\u00f3n de tolva<\/li>\n<li>Procesamiento de metales: colectores de polvo de ventilaci\u00f3n de proceso en las industrias del plomo, \u00f3xido de plomo y hierro y acero. Sistemas de inyecci\u00f3n de carb\u00f3n pulverizado, sistemas de manipulaci\u00f3n de humos y a granel en la producci\u00f3n de coque y sistemas de recuperaci\u00f3n de arena en fundiciones<\/li>\n<li>Generaci\u00f3n de energ\u00eda e incineraci\u00f3n: manipulaci\u00f3n de materiales para carb\u00f3n y piedra caliza<\/li>\n<li>Materiales de construcci\u00f3n: como plantas de cemento, plantas de ladrillos, etc. para la recolecci\u00f3n de polvo.<\/li>\n<li>Plantas de procesamiento de alimentos como plantas de leche en polvo, plantas de harina, etc.<\/li>\n<\/ol>\n<h2>Nota:<\/h2>\n<ol>\n<li>Se pueden personalizar especificaciones especiales.2. Ancho m\u00e1ximo: 2,25 metros.<\/li>\n<li>Zonel Filtech ofrece rollos de tela filtrante y bolsas filtrantes.<\/li>\n<\/ol>\n<h2>Bolsa de filtro y tela filtrante de fieltro con aguja antiest\u00e1tica<\/h2>\n<h2><img decoding=\"async\" class=\"alignnone size-full wp-image-1465\" src=\"https:\/\/www.zonelenviro.com\/wp-content\/uploads\/2024\/03\/polyester-blended-anti-static-needle-felt-filter-cloth.jpg\" alt=\"\" width=\"829\" height=\"554\" \/><img loading=\"lazy\" decoding=\"async\" class=\"alignnone size-full wp-image-1466\" src=\"https:\/\/www.zonelenviro.com\/wp-content\/uploads\/2024\/03\/polyester-stripe-anti-static-needle-felt-filter-cloth.jpg\" alt=\"\" width=\"829\" height=\"554\" \/><img loading=\"lazy\" decoding=\"async\" class=\"alignnone size-full wp-image-1467\" src=\"https:\/\/www.zonelenviro.com\/wp-content\/uploads\/2024\/03\/polyester-blended-anti-static-filter-bag.jpg\" alt=\"\" width=\"829\" height=\"554\" \/><img loading=\"lazy\" decoding=\"async\" class=\"alignnone size-full wp-image-1468\" src=\"https:\/\/www.zonelenviro.com\/wp-content\/uploads\/2024\/03\/polyester-stripe-antistatic-filter-bag.jpg\" alt=\"\" width=\"829\" height=\"554\" \/><\/h2>\n<h2>Introducci\u00f3n general del material de filtro antiest\u00e1tico:<\/h2>\n<p>Algunos polvos industriales explotar\u00e1n una vez que se encuentren con descargas est\u00e1ticas\/chispas si el contenido de materiales inflamables y combustibles llega a un cierto punto, lo que provocar\u00e1 explosiones e incendios, especialmente cuando el polvo se encuentra en molinos de harina, plantas qu\u00edmicas e industrias del carb\u00f3n, etc. Por lo tanto, el polvo debe recolectarse con bolsas colectoras de polvo especiales que sean antiest\u00e1ticas.<\/p>\n<p>Zonel Filtech absorbi\u00f3 la tecnolog\u00eda avanzada y la investigaci\u00f3n y desarroll\u00f3 las telas filtrantes de fieltro punzonado antiest\u00e1tico y las bolsas filtrantes antiest\u00e1ticas para la recolecci\u00f3n de polvo inflamable para muchas industrias.<\/p>\n<p>Especificaciones relevantes para los medios no tejidos antiest\u00e1ticos:<\/p>\n<p>Material disponible: fieltro antiest\u00e1tico de poli\u00e9ster, fieltro antiest\u00e1tico de polipropileno con aguja, fieltro antiest\u00e1tico de PPS con aguja, etc.<\/p>\n<p>Estilo antiest\u00e1tico: malla antiest\u00e1tica (tipo de l\u00ednea de alambre y celdas cuadradas), antiest\u00e1tico combinado (combinado con fibra antiest\u00e1tica modificada, material de filtro antiest\u00e1tico de fibra de carbono, fibra de acero inoxidable, fibra de cobre, etc.)<\/p>\n<p>Peso: 300~650 g\/m\u00b2<\/p>\n<p>Temperatura de servicio: Continua: &lt;200 \u2103; picos: 220 \u2103<\/p>\n<p>Tratamiento de superficie a elecci\u00f3n: chamuscado y esmaltado, termoendurecido, repelente al agua y al aceite, ba\u00f1o de suspensi\u00f3n de PTFE, membrana de PTFE.<\/p>\n<h2>Propiedades del fieltro de aguja antiest\u00e1tico:<\/h2>\n<ol>\n<li>Con el tratamiento de acabado ac\u00fastico, la eficiencia de filtraci\u00f3n general puede alcanzar el 99,999 %.<\/li>\n<li>Se pueden personalizar requisitos especiales de peso, permeabilidad al aire, etc.<\/li>\n<li>Excelente resistencia a la abrasi\u00f3n<\/li>\n<li>Calidad ac\u00fastica uniforme y larga vida \u00fatil.<\/li>\n<li>Econ\u00f3mico<\/li>\n<\/ol>\n<h2>Principales aplicaciones de la tela filtrante antiest\u00e1tica:<\/h2>\n<ol>\n<li>Para colectores de polvo inflamable en plantas de cemento, centrales el\u00e9ctricas e industrias metal\u00fargicas, que pueden necesitar combustibles f\u00f3siles para sus calderas. Como los molinos de carb\u00f3n (bolsa filtrante para molinos de carb\u00f3n) en estas plantas.<\/li>\n<li>Para la recolecci\u00f3n de polvo explosivo en plantas de maquinaria. Como el pulido de accesorios hechos de aluminio, cobre, etc.<\/li>\n<li>Para la recolecci\u00f3n de polvo en plantas de alimentos, como molinos de harina, caf\u00e9, leche en polvo, etc.<\/li>\n<li>La industria petroqu\u00edmica y otras industrias pueden necesitar filtrar las part\u00edculas inflamables.<\/li>\n<\/ol>\n<h2>Nota:<\/h2>\n<ol>\n<li>\u00a0Ancho m\u00e1ximo: 2,2 metros.<\/li>\n<li>\u00a0Est\u00e1n disponibles tanto rollos de tela filtrante como bolsas filtrantes.<\/li>\n<\/ol>\n<p>Fieltro de aguja acr\u00edlico y filtro<\/p>\n<p>Bolsa para sistemas colectores de polvo<\/p>\n<p><img loading=\"lazy\" decoding=\"async\" class=\"alignnone size-full wp-image-1474\" src=\"https:\/\/www.zonelenviro.com\/wp-content\/uploads\/2024\/03\/acrylic-needle-felt-filter-cloth-with-PTFE-membrane-treament.jpg\" alt=\"\" width=\"829\" height=\"554\" \/><\/p>\n<p><img loading=\"lazy\" decoding=\"async\" class=\"alignnone size-full wp-image-1472\" src=\"https:\/\/www.zonelenviro.com\/wp-content\/uploads\/2024\/03\/acrylic-filter-bag.jpg\" alt=\"\" width=\"829\" height=\"554\" \/><\/p>\n<h2>Introducci\u00f3n general del pa\u00f1o filtrante de fieltro acr\u00edlico con aguja:<\/h2>\n<p>Fieltro de aguja acr\u00edlico homopol\u00edmero \/ Fieltro de aguja acr\u00edlico \/ Fieltro de aguja de poliacrilonitrilo (tela filtrante de fieltro de aguja PAN) bien conocido por su rendimiento de resistencia a la hidr\u00f3lisis, ZONEL FILTECH investig\u00f3 y desarroll\u00f3 la tela filtrante PAN especial para la recolecci\u00f3n de polvo.<\/p>\n<h2>Especificaciones relevantes para el pa\u00f1o filtrante de fieltro acr\u00edlico con aguja:<\/h2>\n<p>Material disponible: fibra acr\u00edlica + malla acr\u00edlica Peso: 350~650 g\/m2 Resistencia a la tracci\u00f3n: Urdimbre: &gt;850 N\/5 cm; Trama:&gt; 950 N\/5 cm Temperatura de servicio: Continua: &lt;125\u2103; Picos: 140\u2103 Tratamiento de superficie a elecci\u00f3n: esmaltado chamuscado, termoendurecido, repelente al agua y al aceite, ba\u00f1o de suspensi\u00f3n de PTFE, membrana de PTFE.<\/p>\n<h2>Propiedades del filtro de tela de fieltro acr\u00edlico con aguja:<\/h2>\n<ol>\n<li>Altas caracter\u00edsticas mec\u00e1nicas<\/li>\n<li>Excelente resistencia a la hidr\u00f3lisis<\/li>\n<li>\u00d3ptima estabilidad t\u00e9rmica tanto en condiciones secas como h\u00famedas<\/li>\n<li>\u00d3ptima resistencia a los agentes qu\u00edmicos<\/li>\n<li>Extraordinaria resistencia a la luz, a la intemperie, al moho y a las bacterias.<\/li>\n<\/ol>\n<h2>Principales aplicaciones de la tela filtrante acr\u00edlica:<\/h2>\n<ol>\n<li>Procesamiento de productos qu\u00edmicos: secadores en las industrias de pigmentos, pl\u00e1sticos y catalizadores<\/li>\n<li>Procesamiento de minerales: secadores y molinos de acabado en la industria del cemento<\/li>\n<li>Procesamiento de metales: colectores de proceso en las industrias del plomo, metales b\u00e1sicos primarios y fundici\u00f3n<\/li>\n<\/ol>\n<p>Nota:<\/p>\n<p>1. Las especificaciones especiales requeridas se pueden personalizar.<\/p>\n<p>2. Ancho m\u00e1ximo: 2,25 metros.<\/p>\n<p>3. Tanto los rollos de tela filtrante como las bolsas filtrantes prefabricadas est\u00e1n disponibles en Zonel Filtech.<\/p>\n<p>Si necesita ayuda, \u00a1no dude en ponerse en contacto con ZONEL FILTECH!<\/p>\n<p>&nbsp;<\/p>\n","protected":false},"excerpt":{"rendered":"<p>Medios filtrantes de temperatura media-baja de Zonel Filtech, que son una serie de materiales filtrantes de fieltro con agujas para la recolecci\u00f3n de polvo. La serie es adecuada para las circunstancias de funcionamiento con una temperatura continua que no exceda los 130 grados cent\u00edgrados y una temperatura instant\u00e1nea m\u00e1xima que no exceda los 150 grados cent\u00edgrados.<\/p>\n<p>Durante el \u00e1rea de temperatura, Zonel Filtech puede ayudarlo a definir el material filtrante m\u00e1s adecuado para sus casas de filtros de bolsas para polvo. Zonel Filtech puede proporcionar rollos de tela filtrante de fieltro con agujas y bolsas filtrantes listas para usar. El material incluye: Tela filtrante de fieltro con agujas de poli\u00e9ster y bolsas filtrantes con varios tratamientos de acabado; Tela filtrante de fieltro con agujas antiest\u00e1ticas de poli\u00e9ster y bolsas filtrantes con varios tratamientos de acabado; Tela filtrante de fieltro con agujas acr\u00edlicas y bolsas filtrantes con varios tratamientos de acabado.<\/p>\n<p>Si necesita ayuda de Zonel Filtech, no dude en enviarnos su consulta.<\/p>\n","protected":false},"featured_media":6952,"template":"","meta":{"site-sidebar-layout":"default","site-content-layout":"","ast-site-content-layout":"default","site-content-style":"default","site-sidebar-style":"default","ast-global-header-display":"","ast-banner-title-visibility":"","ast-main-header-display":"","ast-hfb-above-header-display":"","ast-hfb-below-header-display":"","ast-hfb-mobile-header-display":"","site-post-title":"","ast-breadcrumbs-content":"","ast-featured-img":"","footer-sml-layout":"","theme-transparent-header-meta":"default","adv-header-id-meta":"","stick-header-meta":"","header-above-stick-meta":"","header-main-stick-meta":"","header-below-stick-meta":"","astra-migrate-meta-layouts":"set","ast-page-background-enabled":"default","ast-page-background-meta":{"desktop":{"background-color":"","background-image":"","background-repeat":"repeat","background-position":"center center","background-size":"auto","background-attachment":"scroll","background-type":"","background-media":"","overlay-type":"","overlay-color":"","overlay-opacity":"","overlay-gradient":""},"tablet":{"background-color":"","background-image":"","background-repeat":"repeat","background-position":"center center","background-size":"auto","background-attachment":"scroll","background-type":"","background-media":"","overlay-type":"","overlay-color":"","overlay-opacity":"","overlay-gradient":""},"mobile":{"background-color":"","background-image":"","background-repeat":"repeat","background-position":"center center","background-size":"auto","background-attachment":"scroll","background-type":"","background-media":"","overlay-type":"","overlay-color":"","overlay-opacity":"","overlay-gradient":""}},"ast-content-background-meta":{"desktop":{"background-color":"var(--ast-global-color-5)","background-image":"","background-repeat":"repeat","background-position":"center center","background-size":"auto","background-attachment":"scroll","background-type":"","background-media":"","overlay-type":"","overlay-color":"","overlay-opacity":"","overlay-gradient":""},"tablet":{"background-color":"var(--ast-global-color-5)","background-image":"","background-repeat":"repeat","background-position":"center center","background-size":"auto","background-attachment":"scroll","background-type":"","background-media":"","overlay-type":"","overlay-color":"","overlay-opacity":"","overlay-gradient":""},"mobile":{"background-color":"var(--ast-global-color-5)","background-image":"","background-repeat":"repeat","background-position":"center center","background-size":"auto","background-attachment":"scroll","background-type":"","background-media":"","overlay-type":"","overlay-color":"","overlay-opacity":"","overlay-gradient":""}}},"product_brand":[],"product_cat":[94],"product_tag":[],"class_list":{"0":"post-6951","1":"product","2":"type-product","3":"status-publish","4":"has-post-thumbnail","6":"product_cat-filtro-de-polvo","7":"desktop-align-left","8":"tablet-align-left","9":"mobile-align-left","11":"first","12":"instock","13":"shipping-taxable","14":"product-type-simple"},"_links":{"self":[{"href":"https:\/\/www.zonelenviro.com\/es\/wp-json\/wp\/v2\/product\/6951","targetHints":{"allow":["GET"]}}],"collection":[{"href":"https:\/\/www.zonelenviro.com\/es\/wp-json\/wp\/v2\/product"}],"about":[{"href":"https:\/\/www.zonelenviro.com\/es\/wp-json\/wp\/v2\/types\/product"}],"version-history":[{"count":0,"href":"https:\/\/www.zonelenviro.com\/es\/wp-json\/wp\/v2\/product\/6951\/revisions"}],"wp:featuredmedia":[{"embeddable":true,"href":"https:\/\/www.zonelenviro.com\/es\/wp-json\/wp\/v2\/media\/6952"}],"wp:attachment":[{"href":"https:\/\/www.zonelenviro.com\/es\/wp-json\/wp\/v2\/media?parent=6951"}],"wp:term":[{"taxonomy":"product_brand","embeddable":true,"href":"https:\/\/www.zonelenviro.com\/es\/wp-json\/wp\/v2\/product_brand?post=6951"},{"taxonomy":"product_cat","embeddable":true,"href":"https:\/\/www.zonelenviro.com\/es\/wp-json\/wp\/v2\/product_cat?post=6951"},{"taxonomy":"product_tag","embeddable":true,"href":"https:\/\/www.zonelenviro.com\/es\/wp-json\/wp\/v2\/product_tag?post=6951"}],"curies":[{"name":"wp","href":"https:\/\/api.w.org\/{rel}","templated":true}]}}