{"id":6990,"date":"2024-03-19T16:27:51","date_gmt":"2024-03-19T08:27:51","guid":{"rendered":"https:\/\/www.zonelenviro.com\/tela-filtrante-de-para-aramida-tela-filtrante-de-kevlar-y-bolsas-filtrantes\/"},"modified":"2024-09-05T16:14:45","modified_gmt":"2024-09-05T08:14:45","slug":"tela-filtrante-de-para-aramida-tela-filtrante-de-kevlar-y-bolsas-filtrantes","status":"publish","type":"product","link":"https:\/\/www.zonelenviro.com\/es\/tela-filtrante-de-para-aramida-tela-filtrante-de-kevlar-y-bolsas-filtrantes.html","title":{"rendered":"Tela filtrante de para-aramida \/ Tela filtrante de kevlar y bolsas filtrantes"},"content":{"rendered":"<p><strong>Carcasa de filtro de bolsa de acero inoxidable: entrada lateral de bolsa \u00fanica<\/strong><\/p>\n<p><img fetchpriority=\"high\" decoding=\"async\" class=\"size-full wp-image-1543 aligncenter\" src=\"https:\/\/www.zonelenviro.com\/wp-content\/uploads\/2024\/03\/Kevlar-filter-fabric-para-aramid-filter-cloth.jpg\" alt=\"\" width=\"829\" height=\"554\" \/><\/p>\n<p>Zonel Filtech desarroll\u00f3 la tela filtrante de para-aramida (tela filtrante de Kevlar)\/bolsas filtrantes para filtros de vela que se utilizan ampliamente para la recolecci\u00f3n de n\u00edquel Raney en el reactor para la producci\u00f3n de BDO (m\u00e9todo de etino, como la bolsa filtrante del reactor BDO o la bolsa filtrante del catalizador BDO), etc.<\/p>\n<p>El proceso de producci\u00f3n de BDO consiste en que el acetileno y el formaldeh\u00eddo pasan a trav\u00e9s de la capa de suspensi\u00f3n del catalizador (catalizador de n\u00edquel Raney) en contracorriente y reaccionan a 93 \u00b0C, 0,1 MPa con el catalizador.<\/p>\n<p>El agitador y el gas acetileno que ingresa desde la parte inferior del reactor pueden mantener el catalizador en suspensi\u00f3n. <img decoding=\"async\" class=\"size-full wp-image-1544 aligncenter\" src=\"https:\/\/www.zonelenviro.com\/wp-content\/uploads\/2024\/03\/Kevlar-filter-cloth-para-aramid-filter-fabric.jpg\" alt=\"\" width=\"829\" height=\"554\" \/><\/p>\n<p>Despu\u00e9s de que el BYD generado se separa del catalizador mediante el filtro de vela incorporado (se adopt\u00f3 la bolsa de tela filtrante de para-aramida \/ Kevlar), el catalizador permanece en el reactor. Y la bolsa de filtro de vela de para-aramida \/ bolsas de filtro de vela de Kevlar de Zonel Filtech estar\u00e1n equipadas con los filtros de vela correspondientes para ayudar a terminar este procesamiento en circunstancias de alta temperatura y alta presi\u00f3n.<\/p>\n<p>El catalizador de n\u00edquel Reney se recoger\u00e1 mediante bolsas de filtro, luego el BYD crudo filtrado ingresar\u00e1 a la unidad de purificaci\u00f3n de BYD para eliminar el metanol y el formaldeh\u00eddo, y la soluci\u00f3n de BYD purificada ingresa a la secci\u00f3n de hidrogenaci\u00f3n. La hidrogenaci\u00f3n de BYD se lleva a cabo en dos reactores de lecho fijo conectados en serie, y el 99% de la reacci\u00f3n de hidrogenaci\u00f3n se completa en el primer reactor.<\/p>\n<p>La soluci\u00f3n de BDO crudo despu\u00e9s de la hidrogenaci\u00f3n se concentra y rectifica para eliminar las impurezas para obtener el producto BDO.<\/p>\n<p><img decoding=\"async\" class=\"size-full wp-image-1545 aligncenter\" src=\"https:\/\/www.zonelenviro.com\/wp-content\/uploads\/2024\/03\/BDO-reactor-candle-filter-bag.jpg\" alt=\"\" width=\"470\" height=\"270\" \/><\/p>\n<p>La tela filtrante de para-aramida (bolsa de tela filtrante de Kevlar) de Zonel Filtech con las propiedades de alta resistencia a la tracci\u00f3n, bajo alargamiento con tama\u00f1o estable, alta temperatura y resistencia a la abrasi\u00f3n, baja contracci\u00f3n por calor, duradera, etc.<\/p>\n<p>Zonel Filtech proporciona tanto rollos de tela filtrante de para-aramida \/ Kevlar como bolsas de filtro de vela listas para usar. Si necesita ayuda, no dude en contactarnos.<\/p>\n","protected":false},"excerpt":{"rendered":"<p>Zonel Filtech desarroll\u00f3 la tela filtrante de para-aramida (tela filtrante de Kevlar)\/bolsas filtrantes para filtros de vela que se utilizan ampliamente para la recolecci\u00f3n de n\u00edquel Raney en el reactor para la producci\u00f3n de BDO (m\u00e9todo de etino, como la bolsa filtrante del reactor BDO o la bolsa filtrante del catalizador BDO), etc.<\/p>\n<p>El proceso de producci\u00f3n de BDO consiste en que el acetileno y el formaldeh\u00eddo pasan a trav\u00e9s de la capa de suspensi\u00f3n del catalizador (catalizador de n\u00edquel Raney) en contracorriente y reaccionan a 93 \u00b0C, 0,1 MPa con el catalizador. El agitador y el gas acetileno que ingresa desde la parte inferior del reactor pueden mantener el catalizador en suspensi\u00f3n.<\/p>\n","protected":false},"featured_media":6991,"template":"","meta":{"site-sidebar-layout":"default","site-content-layout":"","ast-site-content-layout":"default","site-content-style":"default","site-sidebar-style":"default","ast-global-header-display":"","ast-banner-title-visibility":"","ast-main-header-display":"","ast-hfb-above-header-display":"","ast-hfb-below-header-display":"","ast-hfb-mobile-header-display":"","site-post-title":"","ast-breadcrumbs-content":"","ast-featured-img":"","footer-sml-layout":"","theme-transparent-header-meta":"default","adv-header-id-meta":"","stick-header-meta":"","header-above-stick-meta":"","header-main-stick-meta":"","header-below-stick-meta":"","astra-migrate-meta-layouts":"set","ast-page-background-enabled":"default","ast-page-background-meta":{"desktop":{"background-color":"","background-image":"","background-repeat":"repeat","background-position":"center center","background-size":"auto","background-attachment":"scroll","background-type":"","background-media":"","overlay-type":"","overlay-color":"","overlay-opacity":"","overlay-gradient":""},"tablet":{"background-color":"","background-image":"","background-repeat":"repeat","background-position":"center center","background-size":"auto","background-attachment":"scroll","background-type":"","background-media":"","overlay-type":"","overlay-color":"","overlay-opacity":"","overlay-gradient":""},"mobile":{"background-color":"","background-image":"","background-repeat":"repeat","background-position":"center center","background-size":"auto","background-attachment":"scroll","background-type":"","background-media":"","overlay-type":"","overlay-color":"","overlay-opacity":"","overlay-gradient":""}},"ast-content-background-meta":{"desktop":{"background-color":"var(--ast-global-color-5)","background-image":"","background-repeat":"repeat","background-position":"center center","background-size":"auto","background-attachment":"scroll","background-type":"","background-media":"","overlay-type":"","overlay-color":"","overlay-opacity":"","overlay-gradient":""},"tablet":{"background-color":"var(--ast-global-color-5)","background-image":"","background-repeat":"repeat","background-position":"center center","background-size":"auto","background-attachment":"scroll","background-type":"","background-media":"","overlay-type":"","overlay-color":"","overlay-opacity":"","overlay-gradient":""},"mobile":{"background-color":"var(--ast-global-color-5)","background-image":"","background-repeat":"repeat","background-position":"center center","background-size":"auto","background-attachment":"scroll","background-type":"","background-media":"","overlay-type":"","overlay-color":"","overlay-opacity":"","overlay-gradient":""}}},"product_brand":[],"product_cat":[93],"product_tag":[],"class_list":{"0":"post-6990","1":"product","2":"type-product","3":"status-publish","4":"has-post-thumbnail","6":"product_cat-filtro-de-liquido","7":"desktop-align-left","8":"tablet-align-left","9":"mobile-align-left","11":"first","12":"instock","13":"shipping-taxable","14":"product-type-simple"},"_links":{"self":[{"href":"https:\/\/www.zonelenviro.com\/es\/wp-json\/wp\/v2\/product\/6990","targetHints":{"allow":["GET"]}}],"collection":[{"href":"https:\/\/www.zonelenviro.com\/es\/wp-json\/wp\/v2\/product"}],"about":[{"href":"https:\/\/www.zonelenviro.com\/es\/wp-json\/wp\/v2\/types\/product"}],"version-history":[{"count":0,"href":"https:\/\/www.zonelenviro.com\/es\/wp-json\/wp\/v2\/product\/6990\/revisions"}],"wp:featuredmedia":[{"embeddable":true,"href":"https:\/\/www.zonelenviro.com\/es\/wp-json\/wp\/v2\/media\/6991"}],"wp:attachment":[{"href":"https:\/\/www.zonelenviro.com\/es\/wp-json\/wp\/v2\/media?parent=6990"}],"wp:term":[{"taxonomy":"product_brand","embeddable":true,"href":"https:\/\/www.zonelenviro.com\/es\/wp-json\/wp\/v2\/product_brand?post=6990"},{"taxonomy":"product_cat","embeddable":true,"href":"https:\/\/www.zonelenviro.com\/es\/wp-json\/wp\/v2\/product_cat?post=6990"},{"taxonomy":"product_tag","embeddable":true,"href":"https:\/\/www.zonelenviro.com\/es\/wp-json\/wp\/v2\/product_tag?post=6990"}],"curies":[{"name":"wp","href":"https:\/\/api.w.org\/{rel}","templated":true}]}}