{"id":7000,"date":"2024-03-19T15:20:11","date_gmt":"2024-03-19T07:20:11","guid":{"rendered":"https:\/\/www.zonelenviro.com\/bolsas-de-filtro-de-polvo-antiestaticas-tela-filtrante-de-fieltro-con-aguja-antiestatica\/"},"modified":"2024-09-05T15:59:19","modified_gmt":"2024-09-05T07:59:19","slug":"bolsas-de-filtro-de-polvo-antiestaticas-tela-filtrante-de-fieltro-con-aguja-antiestatica","status":"publish","type":"product","link":"https:\/\/www.zonelenviro.com\/es\/bolsas-de-filtro-de-polvo-antiestaticas-tela-filtrante-de-fieltro-con-aguja-antiestatica.html","title":{"rendered":"Bolsas de filtro de polvo antiest\u00e1ticas\/Tela filtrante de fieltro con aguja antiest\u00e1tica"},"content":{"rendered":"<p>Tela filtrante antiest\u00e1tica \/ Bolsas filtrantes antiest\u00e1ticas para recolecci\u00f3n de polvo<\/p>\n<h2>Introducci\u00f3n general del material de filtro antiest\u00e1tico:<\/h2>\n<p>Los pa\u00f1os filtrantes antiest\u00e1ticos de Zonel Filtech fueron dise\u00f1ados para la recolecci\u00f3n de polvo en caso de aire con polvo con algunos materiales inflamables o explosivos, como polvo de harina, polvo de aluminio, polvo de carb\u00f3n y algunos materiales en polvo explosivos en las industrias como la qu\u00edmica, etc.<\/p>\n<p>Como sabemos, cuando la densidad del polvo inflamable alcanza un cierto punto, una peque\u00f1a chispa puede causar una explosi\u00f3n e incendio, por lo que cuando dise\u00f1amos los materiales de filtrado debemos tenerlos en cuenta.<\/p>\n<p>Zonel Filtech dise\u00f1\u00f3 la serie de pa\u00f1os filtrantes de fieltro punzonado antiest\u00e1tico de acuerdo con diferentes aplicaciones. Incluye fieltro punzonado antiest\u00e1tico de l\u00ednea de alambre, fieltro punzonado antiest\u00e1tico de l\u00ednea cuadrada, pa\u00f1o filtrante de fieltro punzonado mezclado con fibra conductora (incluye pa\u00f1o filtrante de fieltro punzonado mezclado con fibra de acero inoxidable, fieltro antiest\u00e1tico mezclado con fibra de carbono, pa\u00f1o filtrante de fieltro punzonado antiest\u00e1tico de poli\u00e9ster conductor modificado), etc.<\/p>\n<p>Ofrecemos rollos de pa\u00f1o filtrante antiest\u00e1tico y bolsas de filtro listas para usar. Si necesita ayuda, \u00a1no dude en ponerse en contacto con Zonel Filtech!<\/p>\n<h2>Productos relevantes:<\/h2>\n<ul>\n<li>Tela filtrante y bolsa filtrante de fieltro acr\u00edlico con aguja<\/li>\n<li>Tela filtrante y bolsa filtrante de fieltro de poli\u00e9ster con aguja<\/li>\n<\/ul>\n<h2>Especificaciones relevantes para los medios no tejidos antiest\u00e1ticos<\/h2>\n<p>Material disponible para los medios no tejidos antiest\u00e1ticos: fieltro antiest\u00e1tico de poli\u00e9ster, fieltro punzonado antiest\u00e1tico de polipropileno (PP), tela filtrante antiest\u00e1tica de PPS, tela filtrante antiest\u00e1tica acr\u00edlica, etc.<\/p>\n<p>Tipo antiest\u00e1tico: malla antiest\u00e1tica (tipo de celdas cuadradas y de alambre), antiest\u00e1tico combinado (combinado con fibra antiest\u00e1tica modificada, material filtrante antiest\u00e1tico de fibra de carbono, fibra de acero inoxidable, fibra de cobre, etc.)<\/p>\n<p>Peso: 300~650 g\/m\u00b2<\/p>\n<p>Temperatura de servicio: Continua: &lt;130 \u2103, picos: 150 \u2103; Continua: &lt;200 \u2103, picos: 220 \u2103<\/p>\n<p>Tratamiento de superficie a elecci\u00f3n: chamuscado y esmaltado, termoendurecido, repelente al agua y al aceite, ba\u00f1o de suspensi\u00f3n de PTFE, membrana de PTFE.<\/p>\n<h2>Las propiedades del fieltro de aguja antiest\u00e1tico<\/h2>\n<ol>\n<li>Con el tratamiento de acabado ac\u00fastico, la eficiencia de filtraci\u00f3n general puede ser de hasta el 99,999 %.<\/li>\n<li>Se pueden personalizar requisitos especiales de peso, permeabilidad al aire, etc.<\/li>\n<li>Excelente antiabrasi\u00f3n<\/li>\n<li>Calidad de sonido uniforme y larga vida \u00fatil.<\/li>\n<li>Econ\u00f3mico<\/li>\n<\/ol>\n<h2>Principales aplicaciones de las bolsas filtrantes antiest\u00e1ticas<\/h2>\n<ol>\n<li>Para colectores de polvo inflamable en plantas de cemento, centrales el\u00e9ctricas e industrias metal\u00fargicas, que pueden necesitar combustibles f\u00f3siles para sus calderas. Como los molinos de carb\u00f3n (bolsas filtrantes para molinos de carb\u00f3n) en estas plantas.<\/li>\n<li>Para la recolecci\u00f3n de polvo explosivo en plantas de maquinaria. Como el pulido de accesorios hechos de aluminio, cobre, etc.<\/li>\n<li>Para la recolecci\u00f3n de polvo en plantas de alimentos, como molinos de harina, caf\u00e9, leche en polvo, etc.<\/li>\n<li>Las industrias petroqu\u00edmicas y otras pueden necesitar filtrar las part\u00edculas inflamables.<\/li>\n<\/ol>\n<p><strong>Zonel<\/strong><strong>ISO9001:2015<\/strong><\/p>\n","protected":false},"excerpt":{"rendered":"<p>Las telas filtrantes antiest\u00e1ticas de Zonel Filtech fueron dise\u00f1adas para la recolecci\u00f3n de polvo (bolsas filtrantes antiest\u00e1ticas) en caso de aire polvoriento con algunos materiales inflamables o explosivos, como polvo de harina, polvo de aluminio, polvo de carb\u00f3n y algunos materiales en polvo explosivos en las industrias como la qu\u00edmica, etc.<\/p>\n<p>Como sabemos, cuando la densidad del polvo inflamable llega a un cierto punto, una peque\u00f1a chispa puede causar una explosi\u00f3n e incendio, por lo que cuando dise\u00f1amos los materiales del filtro debemos tenerlos en cuenta.<\/p>\n<p>Zonel Filtech dise\u00f1\u00f3 la serie de telas filtrantes de fieltro punzonado antiest\u00e1tico de acuerdo con diferentes aplicaciones. Incluye fieltro punzonado antiest\u00e1tico de l\u00ednea de alambre, fieltro punzonado antiest\u00e1tico de l\u00ednea cuadrada, tela filtrante de fieltro punzonado mezclado con fibra conductora (incluye tela filtrante de fieltro punzonado mezclado con fibra S.S., tela filtrante de fieltro punzonado antiest\u00e1tico de poli\u00e9ster conductor modificado), etc. Ofrecemos rollos de tela filtrante antiest\u00e1tico y bolsas filtrantes antiest\u00e1ticas listas para usar. Si necesita ayuda, \u00a1no dude en ponerse en contacto con Zonel Filtech!<\/p>\n","protected":false},"featured_media":7001,"template":"","meta":{"site-sidebar-layout":"default","site-content-layout":"","ast-site-content-layout":"default","site-content-style":"default","site-sidebar-style":"default","ast-global-header-display":"","ast-banner-title-visibility":"","ast-main-header-display":"","ast-hfb-above-header-display":"","ast-hfb-below-header-display":"","ast-hfb-mobile-header-display":"","site-post-title":"","ast-breadcrumbs-content":"","ast-featured-img":"","footer-sml-layout":"","theme-transparent-header-meta":"default","adv-header-id-meta":"","stick-header-meta":"","header-above-stick-meta":"","header-main-stick-meta":"","header-below-stick-meta":"","astra-migrate-meta-layouts":"set","ast-page-background-enabled":"default","ast-page-background-meta":{"desktop":{"background-color":"","background-image":"","background-repeat":"repeat","background-position":"center center","background-size":"auto","background-attachment":"scroll","background-type":"","background-media":"","overlay-type":"","overlay-color":"","overlay-opacity":"","overlay-gradient":""},"tablet":{"background-color":"","background-image":"","background-repeat":"repeat","background-position":"center center","background-size":"auto","background-attachment":"scroll","background-type":"","background-media":"","overlay-type":"","overlay-color":"","overlay-opacity":"","overlay-gradient":""},"mobile":{"background-color":"","background-image":"","background-repeat":"repeat","background-position":"center center","background-size":"auto","background-attachment":"scroll","background-type":"","background-media":"","overlay-type":"","overlay-color":"","overlay-opacity":"","overlay-gradient":""}},"ast-content-background-meta":{"desktop":{"background-color":"var(--ast-global-color-5)","background-image":"","background-repeat":"repeat","background-position":"center center","background-size":"auto","background-attachment":"scroll","background-type":"","background-media":"","overlay-type":"","overlay-color":"","overlay-opacity":"","overlay-gradient":""},"tablet":{"background-color":"var(--ast-global-color-5)","background-image":"","background-repeat":"repeat","background-position":"center center","background-size":"auto","background-attachment":"scroll","background-type":"","background-media":"","overlay-type":"","overlay-color":"","overlay-opacity":"","overlay-gradient":""},"mobile":{"background-color":"var(--ast-global-color-5)","background-image":"","background-repeat":"repeat","background-position":"center center","background-size":"auto","background-attachment":"scroll","background-type":"","background-media":"","overlay-type":"","overlay-color":"","overlay-opacity":"","overlay-gradient":""}}},"product_brand":[],"product_cat":[94],"product_tag":[],"class_list":{"0":"post-7000","1":"product","2":"type-product","3":"status-publish","4":"has-post-thumbnail","6":"product_cat-filtro-de-polvo","7":"desktop-align-left","8":"tablet-align-left","9":"mobile-align-left","11":"first","12":"instock","13":"shipping-taxable","14":"product-type-simple"},"_links":{"self":[{"href":"https:\/\/www.zonelenviro.com\/es\/wp-json\/wp\/v2\/product\/7000","targetHints":{"allow":["GET"]}}],"collection":[{"href":"https:\/\/www.zonelenviro.com\/es\/wp-json\/wp\/v2\/product"}],"about":[{"href":"https:\/\/www.zonelenviro.com\/es\/wp-json\/wp\/v2\/types\/product"}],"version-history":[{"count":2,"href":"https:\/\/www.zonelenviro.com\/es\/wp-json\/wp\/v2\/product\/7000\/revisions"}],"predecessor-version":[{"id":7020,"href":"https:\/\/www.zonelenviro.com\/es\/wp-json\/wp\/v2\/product\/7000\/revisions\/7020"}],"wp:featuredmedia":[{"embeddable":true,"href":"https:\/\/www.zonelenviro.com\/es\/wp-json\/wp\/v2\/media\/7001"}],"wp:attachment":[{"href":"https:\/\/www.zonelenviro.com\/es\/wp-json\/wp\/v2\/media?parent=7000"}],"wp:term":[{"taxonomy":"product_brand","embeddable":true,"href":"https:\/\/www.zonelenviro.com\/es\/wp-json\/wp\/v2\/product_brand?post=7000"},{"taxonomy":"product_cat","embeddable":true,"href":"https:\/\/www.zonelenviro.com\/es\/wp-json\/wp\/v2\/product_cat?post=7000"},{"taxonomy":"product_tag","embeddable":true,"href":"https:\/\/www.zonelenviro.com\/es\/wp-json\/wp\/v2\/product_tag?post=7000"}],"curies":[{"name":"wp","href":"https:\/\/api.w.org\/{rel}","templated":true}]}}