{"id":7033,"date":"2024-03-19T15:06:00","date_gmt":"2024-03-19T07:06:00","guid":{"rendered":"https:\/\/www.zonelenviro.com\/bolsas-de-filtro-de-poliester-tela-filtrante-de-fieltro-de-aguja-de-poliester-para-la-produccion-de-bolsas-de-filtro-de-polvo\/"},"modified":"2024-09-05T16:32:16","modified_gmt":"2024-09-05T08:32:16","slug":"bolsas-de-filtro-de-poliester-tela-filtrante-de-fieltro-de-aguja-de-poliester-para-la-produccion-de-bolsas-de-filtro-de-polvo","status":"publish","type":"product","link":"https:\/\/www.zonelenviro.com\/es\/bolsas-de-filtro-de-poliester-tela-filtrante-de-fieltro-de-aguja-de-poliester-para-la-produccion-de-bolsas-de-filtro-de-polvo.html","title":{"rendered":"Bolsas de filtro de poli\u00e9ster, tela filtrante de fieltro de aguja de poli\u00e9ster para la producci\u00f3n de bolsas de filtro de polvo"},"content":{"rendered":"<p>Tela filtrante de fieltro punzonado de poli\u00e9ster para la producci\u00f3n de bolsas filtrantes de polvo\/bolsas filtrantes de polvo de poli\u00e9ster<\/p>\n<h2>Introducci\u00f3n general del pa\u00f1o filtrante de fieltro de aguja de poli\u00e9ster:<\/h2>\n<p>La tela filtrante no tejida de fieltro punzonado de poli\u00e9ster (PET, fieltro de terileno) con propiedades de alta resistencia a la tracci\u00f3n, s\u00faper resistencia a la abrasi\u00f3n, buena resistencia a los \u00e1cidos y grado alimenticio, uno de los materiales de filtrado m\u00e1s econ\u00f3micos que se usa ampliamente en varias aplicaciones industriales para el uso de recolecci\u00f3n de polvo (tela filtrante de polvo para la producci\u00f3n de bolsas filtrantes de polvo).<\/p>\n<p>Zonel Filtech con el equipo m\u00e1s experimentado y h\u00e1bil, posee las l\u00edneas de punzonado de agujas modernas combinadas con materias primas de primera calidad para hacer la tela filtrante de fieltro punzonado de poli\u00e9ster de Zonel con igual permeabilidad al aire y espesor, alta resistencia a la tracci\u00f3n, superficie lisa y f\u00e1cil liberaci\u00f3n de la torta de polvo, duradera.<\/p>\n<p>De acuerdo con las diferentes circunstancias de trabajo y las solicitudes de emisi\u00f3n, la tela filtrante de poli\u00e9ster puede elegir varios tratamientos de acabado, como repelente de agua y aceite, ba\u00f1o de suspensi\u00f3n de PTFE, laminado de membrana de PTFE, ign\u00edfugo, etc. para hacer estas telas filtrantes para recolecci\u00f3n de polvo con un rendimiento de filtraci\u00f3n perfecto.<\/p>\n<h2>Productos relevantes:<\/h2>\n<ul>\n<li>Tela filtrante y bolsa filtrante de fieltro acr\u00edlico con aguja<\/li>\n<li>Tela filtrante y bolsa filtrante de fieltro acr\u00edlico con aguja antiest\u00e1tico de poli\u00e9ster<\/li>\n<\/ul>\n<h2>Especificaciones relevantes para el fieltro de aguja de poli\u00e9ster<\/h2>\n<ul>\n<li>Material: fibra de poli\u00e9ster (PET, terileno), con soporte de malla de poli\u00e9ster de alta resistencia a la tracci\u00f3n y baja elongaci\u00f3n<\/li>\n<li>Peso: 300~750 g\/m\u00b2<\/li>\n<li>Temperatura de funcionamiento: continua: \u2264130 \u2103; picos: 150 \u2103<\/li>\n<li>Tratamiento de superficie disponible: chamuscado y esmaltado, termoendurecido, ba\u00f1o de suspensi\u00f3n de PTFE, membrana de PTFE. \u00a1Podemos personalizar los productos seg\u00fan los requisitos de los clientes!<\/li>\n<\/ul>\n<h2>Propiedades de las bolsas filtrantes de polvo de poli\u00e9ster y servicios de ZONEL FILTECH<\/h2>\n<ol>\n<li>Con un equipo t\u00e9cnico profesional, dise\u00f1o de acuerdo con los requisitos del cliente, se garantiza un buen rendimiento.<\/li>\n<li>Emisi\u00f3n dentro de los requisitos, menor resistencia inicial, no se bloquea f\u00e1cilmente.<\/li>\n<li>Se ofrecer\u00e1n sugerencias de funcionamiento, no se rompe f\u00e1cilmente y es duradero.<\/li>\n<li>Todos los tama\u00f1os y tratamientos de acabado disponibles, entrega inmediata.<\/li>\n<li>Ofrecemos servicios posventa las 24 horas del d\u00eda y una respuesta m\u00e1s r\u00e1pida.<\/li>\n<\/ol>\n<h2>Aplicaciones de las bolsas filtrantes de fieltro punzonado de poli\u00e9ster<\/h2>\n<ol>\n<li>Procesamiento de productos qu\u00edmicos: secadores, respiraderos de tolva y colectores de polvo molestos en las industrias de pigmentos, pl\u00e1sticos y catalizadores<\/li>\n<li>Procesamiento de minerales: molinos de acabado, molinos de materia prima, transporte neum\u00e1tico a granel y colectores de polvo de ventilaci\u00f3n de tolva<\/li>\n<li>Procesamiento de metales: colectores de polvo de ventilaci\u00f3n de proceso en las industrias del plomo, \u00f3xido de plomo y hierro y acero. Sistemas de inyecci\u00f3n de carb\u00f3n pulverizado, sistemas de manipulaci\u00f3n de humos y a granel en la producci\u00f3n de coque y sistemas de recuperaci\u00f3n de arena en fundiciones<\/li>\n<li>Generaci\u00f3n de energ\u00eda e incineraci\u00f3n: manipulaci\u00f3n de materiales para carb\u00f3n y piedra caliza<\/li>\n<li>Materiales de construcci\u00f3n: como plantas de cemento, plantas de ladrillos, etc. para la recolecci\u00f3n de polvo.<\/li>\n<li>Plantas de procesamiento de alimentos, como plantas de leche en polvo, plantas de harina, etc.<\/li>\n<\/ol>\n<p><strong>Zonel<\/strong><strong>ISO9001:2015<\/strong><\/p>\n","protected":false},"excerpt":{"rendered":"<p>El pa\u00f1o de filtro no tejido de fieltro de aguja de poli\u00e9ster (PET, fieltro de terileno) con las propiedades de alta resistencia a la tracci\u00f3n, s\u00faper resistencia a la abrasi\u00f3n, buena resistencia a los \u00e1cidos y grado alimenticio, uno de los materiales de filtro m\u00e1s econ\u00f3micos que se usa ampliamente en varias aplicaciones industriales para el uso de recolecci\u00f3n de polvo (tela filtrante de polvo para la producci\u00f3n de bolsas de filtro de polvo).<\/p>\n<p>Zonel Filtech con el equipo m\u00e1s experimentado y h\u00e1bil, posee las modernas l\u00edneas de punzonado de agujas combinadas con materias primas de primera calidad para hacer el pa\u00f1o de filtro de fieltro de aguja de poli\u00e9ster de Zonel con igual permeabilidad al aire y espesor, alta resistencia a la tracci\u00f3n, superficie lisa y f\u00e1cil liberaci\u00f3n de la torta de polvo, durable.<\/p>\n<p>De acuerdo con diferentes circunstancias de trabajo y solicitudes de emisi\u00f3n, el pa\u00f1o de filtro de poli\u00e9ster puede elegir varios tratamientos de acabado, como repelente de agua y aceite, ba\u00f1o de suspensi\u00f3n de PTFE, laminado de membrana de PTFE, ign\u00edfugo, etc. para hacer estos pa\u00f1os de filtro para recolecci\u00f3n de polvo con un rendimiento de filtraci\u00f3n perfecto.<\/p>\n","protected":false},"featured_media":7034,"template":"","meta":{"site-sidebar-layout":"default","site-content-layout":"","ast-site-content-layout":"default","site-content-style":"default","site-sidebar-style":"default","ast-global-header-display":"","ast-banner-title-visibility":"","ast-main-header-display":"","ast-hfb-above-header-display":"","ast-hfb-below-header-display":"","ast-hfb-mobile-header-display":"","site-post-title":"","ast-breadcrumbs-content":"","ast-featured-img":"","footer-sml-layout":"","theme-transparent-header-meta":"default","adv-header-id-meta":"","stick-header-meta":"","header-above-stick-meta":"","header-main-stick-meta":"","header-below-stick-meta":"","astra-migrate-meta-layouts":"set","ast-page-background-enabled":"default","ast-page-background-meta":{"desktop":{"background-color":"","background-image":"","background-repeat":"repeat","background-position":"center center","background-size":"auto","background-attachment":"scroll","background-type":"","background-media":"","overlay-type":"","overlay-color":"","overlay-opacity":"","overlay-gradient":""},"tablet":{"background-color":"","background-image":"","background-repeat":"repeat","background-position":"center center","background-size":"auto","background-attachment":"scroll","background-type":"","background-media":"","overlay-type":"","overlay-color":"","overlay-opacity":"","overlay-gradient":""},"mobile":{"background-color":"","background-image":"","background-repeat":"repeat","background-position":"center center","background-size":"auto","background-attachment":"scroll","background-type":"","background-media":"","overlay-type":"","overlay-color":"","overlay-opacity":"","overlay-gradient":""}},"ast-content-background-meta":{"desktop":{"background-color":"var(--ast-global-color-5)","background-image":"","background-repeat":"repeat","background-position":"center center","background-size":"auto","background-attachment":"scroll","background-type":"","background-media":"","overlay-type":"","overlay-color":"","overlay-opacity":"","overlay-gradient":""},"tablet":{"background-color":"var(--ast-global-color-5)","background-image":"","background-repeat":"repeat","background-position":"center center","background-size":"auto","background-attachment":"scroll","background-type":"","background-media":"","overlay-type":"","overlay-color":"","overlay-opacity":"","overlay-gradient":""},"mobile":{"background-color":"var(--ast-global-color-5)","background-image":"","background-repeat":"repeat","background-position":"center center","background-size":"auto","background-attachment":"scroll","background-type":"","background-media":"","overlay-type":"","overlay-color":"","overlay-opacity":"","overlay-gradient":""}}},"product_brand":[],"product_cat":[94],"product_tag":[],"class_list":{"0":"post-7033","1":"product","2":"type-product","3":"status-publish","4":"has-post-thumbnail","6":"product_cat-filtro-de-polvo","7":"desktop-align-left","8":"tablet-align-left","9":"mobile-align-left","11":"first","12":"instock","13":"shipping-taxable","14":"product-type-simple"},"_links":{"self":[{"href":"https:\/\/www.zonelenviro.com\/es\/wp-json\/wp\/v2\/product\/7033","targetHints":{"allow":["GET"]}}],"collection":[{"href":"https:\/\/www.zonelenviro.com\/es\/wp-json\/wp\/v2\/product"}],"about":[{"href":"https:\/\/www.zonelenviro.com\/es\/wp-json\/wp\/v2\/types\/product"}],"version-history":[{"count":0,"href":"https:\/\/www.zonelenviro.com\/es\/wp-json\/wp\/v2\/product\/7033\/revisions"}],"wp:featuredmedia":[{"embeddable":true,"href":"https:\/\/www.zonelenviro.com\/es\/wp-json\/wp\/v2\/media\/7034"}],"wp:attachment":[{"href":"https:\/\/www.zonelenviro.com\/es\/wp-json\/wp\/v2\/media?parent=7033"}],"wp:term":[{"taxonomy":"product_brand","embeddable":true,"href":"https:\/\/www.zonelenviro.com\/es\/wp-json\/wp\/v2\/product_brand?post=7033"},{"taxonomy":"product_cat","embeddable":true,"href":"https:\/\/www.zonelenviro.com\/es\/wp-json\/wp\/v2\/product_cat?post=7033"},{"taxonomy":"product_tag","embeddable":true,"href":"https:\/\/www.zonelenviro.com\/es\/wp-json\/wp\/v2\/product_tag?post=7033"}],"curies":[{"name":"wp","href":"https:\/\/api.w.org\/{rel}","templated":true}]}}