{"id":7057,"date":"2024-03-19T14:56:37","date_gmt":"2024-03-19T06:56:37","guid":{"rendered":"https:\/\/www.zonelenviro.com\/telas-de-filtro-antiestaticas-para-aplicaciones-de-bolsas-de-filtro-de-polvo-de-lecho-fluidizado\/"},"modified":"2024-09-06T09:14:35","modified_gmt":"2024-09-06T01:14:35","slug":"telas-de-filtro-antiestaticas-para-aplicaciones-de-bolsas-de-filtro-de-polvo-de-lecho-fluidizado","status":"publish","type":"product","link":"https:\/\/www.zonelenviro.com\/es\/telas-de-filtro-antiestaticas-para-aplicaciones-de-bolsas-de-filtro-de-polvo-de-lecho-fluidizado.html","title":{"rendered":"Telas de filtro antiest\u00e1ticas para aplicaciones de bolsas de filtro de polvo de lecho fluidizado"},"content":{"rendered":"<p>Tejidos filtrantes antiest\u00e1ticos para aplicaciones de bolsas filtrantes de polvo de lecho fluidizado<img fetchpriority=\"high\" decoding=\"async\" class=\"alignnone size-full wp-image-1398\" src=\"https:\/\/www.zonelenviro.com\/wp-content\/uploads\/2024\/03\/anti-static-filter-bag-for-pharmaceutical-application-1.jpg\" alt=\"\" width=\"829\" height=\"554\" \/><\/p>\n<h2>Introducci\u00f3n general:<\/h2>\n<p>Zonel Filtech desarroll\u00f3 telas de filtro antiest\u00e1ticas para aplicaciones de recolecci\u00f3n de polvo en lecho fluidizado. La tela de filtro adopt\u00f3 materias primas de grado alimenticio, con una construcci\u00f3n tejida especial y un tratamiento de acabado, adecuada para la recolecci\u00f3n de part\u00edculas de tama\u00f1o entre 0,5 y 50 micrones y una resistencia el\u00e9ctrica de superficie que no exceda 10^6. Si necesita ayuda, \u00a1no dude en contactarnos!<\/p>\n<h2>Propiedades del tejido filtrante antiest\u00e1tico de Zonel Filtech:<\/h2>\n<ol>\n<li>Materia prima de calidad alimentaria, superficie lisa, f\u00e1cil de regenerar y no se enmohece;<\/li>\n<li>No se caen f\u00e1cilmente las fibras, no causan contaminaci\u00f3n;<\/li>\n<li>Dise\u00f1o adecuado para la recolecci\u00f3n de polvo en part\u00edculas de tama\u00f1o entre 0,5 y 50 micrones, que cubre la mayor\u00eda de las aplicaciones de lechos fluidizados;<\/li>\n<li>Con menor resistencia al aire, adecuado para alta velocidad de filtrado, duradero;<\/li>\n<li>Ofrece un excelente rendimiento antiest\u00e1tico, garantiza un funcionamiento seguro;<\/li>\n<li>Buena resistencia a la temperatura, m\u00e1xima puede ser de hasta 150 grados C;<\/li>\n<\/ol>\n<h2>Aplicaciones:<\/h2>\n<p>Para la producci\u00f3n de bolsas colectoras de polvo para m\u00e1quinas como: Secador de lecho fluidizado, m\u00e1quina de recubrimiento de granulaci\u00f3n multifuncional WBF, secador de granulaci\u00f3n serie FL, secador de lecho fluidizado serie GFG, m\u00e1quina de recubrimiento de granulaci\u00f3n centr\u00edfuga serie CGC, extrusora serie E, granulador de un solo paso, granulador seco, granulador h\u00famedo, etc.<\/p>\n","protected":false},"excerpt":{"rendered":"<p>Zonel Filtech desarroll\u00f3 las telas de filtro antiest\u00e1ticas para aplicaciones de recolecci\u00f3n de polvo en lecho fluidizado.<\/p>\n<p>La tela de filtro adopt\u00f3 materias primas de grado alimenticio, con una construcci\u00f3n tejida especial y un tratamiento de acabado, adecuada para la recolecci\u00f3n de part\u00edculas de tama\u00f1o entre 0,5 y 50 micrones, la resistencia el\u00e9ctrica de la superficie no excede 10^6, \u00a1si necesita ayuda, no dude en contactarnos!<\/p>\n","protected":false},"featured_media":7058,"template":"","meta":{"site-sidebar-layout":"default","site-content-layout":"","ast-site-content-layout":"default","site-content-style":"default","site-sidebar-style":"default","ast-global-header-display":"","ast-banner-title-visibility":"","ast-main-header-display":"","ast-hfb-above-header-display":"","ast-hfb-below-header-display":"","ast-hfb-mobile-header-display":"","site-post-title":"","ast-breadcrumbs-content":"","ast-featured-img":"","footer-sml-layout":"","theme-transparent-header-meta":"default","adv-header-id-meta":"","stick-header-meta":"","header-above-stick-meta":"","header-main-stick-meta":"","header-below-stick-meta":"","astra-migrate-meta-layouts":"set","ast-page-background-enabled":"default","ast-page-background-meta":{"desktop":{"background-color":"","background-image":"","background-repeat":"repeat","background-position":"center center","background-size":"auto","background-attachment":"scroll","background-type":"","background-media":"","overlay-type":"","overlay-color":"","overlay-opacity":"","overlay-gradient":""},"tablet":{"background-color":"","background-image":"","background-repeat":"repeat","background-position":"center center","background-size":"auto","background-attachment":"scroll","background-type":"","background-media":"","overlay-type":"","overlay-color":"","overlay-opacity":"","overlay-gradient":""},"mobile":{"background-color":"","background-image":"","background-repeat":"repeat","background-position":"center center","background-size":"auto","background-attachment":"scroll","background-type":"","background-media":"","overlay-type":"","overlay-color":"","overlay-opacity":"","overlay-gradient":""}},"ast-content-background-meta":{"desktop":{"background-color":"var(--ast-global-color-5)","background-image":"","background-repeat":"repeat","background-position":"center center","background-size":"auto","background-attachment":"scroll","background-type":"","background-media":"","overlay-type":"","overlay-color":"","overlay-opacity":"","overlay-gradient":""},"tablet":{"background-color":"var(--ast-global-color-5)","background-image":"","background-repeat":"repeat","background-position":"center center","background-size":"auto","background-attachment":"scroll","background-type":"","background-media":"","overlay-type":"","overlay-color":"","overlay-opacity":"","overlay-gradient":""},"mobile":{"background-color":"var(--ast-global-color-5)","background-image":"","background-repeat":"repeat","background-position":"center center","background-size":"auto","background-attachment":"scroll","background-type":"","background-media":"","overlay-type":"","overlay-color":"","overlay-opacity":"","overlay-gradient":""}}},"product_brand":[],"product_cat":[94,95],"product_tag":[],"class_list":{"0":"post-7057","1":"product","2":"type-product","3":"status-publish","4":"has-post-thumbnail","6":"product_cat-filtro-de-polvo","7":"product_cat-otros-productos","8":"desktop-align-left","9":"tablet-align-left","10":"mobile-align-left","12":"first","13":"instock","14":"shipping-taxable","15":"product-type-simple"},"_links":{"self":[{"href":"https:\/\/www.zonelenviro.com\/es\/wp-json\/wp\/v2\/product\/7057","targetHints":{"allow":["GET"]}}],"collection":[{"href":"https:\/\/www.zonelenviro.com\/es\/wp-json\/wp\/v2\/product"}],"about":[{"href":"https:\/\/www.zonelenviro.com\/es\/wp-json\/wp\/v2\/types\/product"}],"version-history":[{"count":0,"href":"https:\/\/www.zonelenviro.com\/es\/wp-json\/wp\/v2\/product\/7057\/revisions"}],"wp:featuredmedia":[{"embeddable":true,"href":"https:\/\/www.zonelenviro.com\/es\/wp-json\/wp\/v2\/media\/7058"}],"wp:attachment":[{"href":"https:\/\/www.zonelenviro.com\/es\/wp-json\/wp\/v2\/media?parent=7057"}],"wp:term":[{"taxonomy":"product_brand","embeddable":true,"href":"https:\/\/www.zonelenviro.com\/es\/wp-json\/wp\/v2\/product_brand?post=7057"},{"taxonomy":"product_cat","embeddable":true,"href":"https:\/\/www.zonelenviro.com\/es\/wp-json\/wp\/v2\/product_cat?post=7057"},{"taxonomy":"product_tag","embeddable":true,"href":"https:\/\/www.zonelenviro.com\/es\/wp-json\/wp\/v2\/product_tag?post=7057"}],"curies":[{"name":"wp","href":"https:\/\/api.w.org\/{rel}","templated":true}]}}