{"id":7067,"date":"2024-03-19T15:54:05","date_gmt":"2024-03-19T07:54:05","guid":{"rendered":"https:\/\/www.zonelenviro.com\/cartucho-de-filtro-de-resina-fenolica\/"},"modified":"2024-09-05T16:43:07","modified_gmt":"2024-09-05T08:43:07","slug":"cartucho-de-filtro-de-resina-fenolica","status":"publish","type":"product","link":"https:\/\/www.zonelenviro.com\/es\/cartucho-de-filtro-de-resina-fenolica.html","title":{"rendered":"Cartucho de filtro de resina fen\u00f3lica"},"content":{"rendered":"<p><img fetchpriority=\"high\" decoding=\"async\" class=\"size-full wp-image-1502 aligncenter\" src=\"https:\/\/www.zonelenviro.com\/wp-content\/uploads\/2024\/03\/Phenolic-Resin-Filter-Cartridge.jpg\" alt=\"\" width=\"300\" height=\"300\" \/><\/p>\n<p><strong>Cartucho filtrante de resina fen\u00f3lica<\/strong><\/p>\n<p><strong>Introducci\u00f3n general:<\/strong> El cartucho de filtro de resina fen\u00f3lica que adopta la fibra fen\u00f3lica mezclada con cohesivo, endurecedor, estabilizador, etc., luego se sinteriza en los cartuchos de filtro, para mejorar la resistencia de la fibra fen\u00f3lica, que se puede mezclar con poliamida (5~10%) durante la producci\u00f3n.<\/p>\n<p>El cartucho de filtro de resina fen\u00f3lica de Zonel Filtech tiene una estructura gradualmente m\u00e1s apretada que une la fibra externa con la interna, lo que los hace con una mayor capacidad de carga de part\u00edculas, buena resistencia y durabilidad.<\/p>\n<p><strong>Detalles t\u00e9cnicos:<\/strong><\/p>\n<p>1. Longitud del cartucho filtrante: 10\u201d, 20\u201d, 30\u201d, 40\u201d. Se puede personalizar a petici\u00f3n especial.<\/p>\n<p>2. Eficiencia del filtro: 1 micr\u00f3n, 3 micr\u00f3n, 5 micr\u00f3n, 10 micr\u00f3n, 15 micr\u00f3n, 25 micr\u00f3n, 50 micr\u00f3n, 75 micr\u00f3n, 100 micr\u00f3n, 125 micr\u00f3n, 150 micr\u00f3n, 200 micr\u00f3n, 250 micr\u00f3n.<\/p>\n<p>3. Di\u00e1metro exterior: 65+\/-2 mm 4. Di\u00e1metro interior: 29+\/-0,5 mm 5. Temperatura m\u00e1xima de funcionamiento: 145 grados C. 6. Volumen de flujo sugerido (10\u201d): 5 micrones: 22 L\/min 10 micrones: 31 L\/min &gt;50 micrones: 38 l\/min<\/p>\n<p><strong>Las propiedades:<\/strong><\/p>\n<p>1. El m\u00e9todo de uni\u00f3n sinterizada, con una mayor tasa de poros, gran flujo de l\u00edquido, tama\u00f1o de poro igual;<\/p>\n<p>2. El exterior al interior con una construcci\u00f3n gradualmente m\u00e1s apretada hace que los cartuchos de filtro tengan una mayor capacidad de carga de part\u00edculas, buena resistencia y durabilidad;<\/p>\n<p>3. La superficie de los cartuchos de filtro con dise\u00f1o de ranura, con la superficie de filtro m\u00e1s grande;<\/p>\n<p>4. Con el sistema de producci\u00f3n autom\u00e1tica de IA, control de calidad estable y eficiencia de filtrado;<\/p>\n<p>5. El cartucho de filtro de resina fen\u00f3lica es resistente a los productos qu\u00edmicos, amplias aplicaciones;<\/p>\n<p>6. Unido con \u00e1cido acr\u00edlico, la fibra m\u00e1s larga hace que el cartucho de filtro de resina fen\u00f3lica tenga un dise\u00f1o de fibra estable, la fibra no es f\u00e1cil de romper y mover, lo que reduce la segunda contaminaci\u00f3n de la soluci\u00f3n;<\/p>\n<p>7. Inserte la resina fen\u00f3lica para hacer que el cartucho de filtro sea m\u00e1s fuerte, que puede soportar una viscosidad de hasta 15000SSU (3200CKS);<\/p>\n<p>8. El cartucho de filtro de resina fen\u00f3lica con un \u00edndice de l\u00edmite de ox\u00edgeno de hasta 34, es una prueba, la temperatura m\u00e1xima de funcionamiento puede ser de hasta 145 grados C;<\/p>\n<p><strong>Aplicaciones:<\/strong> Los cartuchos de filtro de resina fen\u00f3lica se utilizan principalmente para la filtraci\u00f3n de las siguientes soluciones: pintura de autom\u00f3viles, pintura electrofor\u00e9tica, tinta, tinta de impresora, pinturas para recubrimiento de latas, tinta de curado UV, tinta conductora, diversas emulsiones, pastas de color, tintes l\u00edquidos, solventes org\u00e1nicos, as\u00ed como algunos productos qu\u00edmicos especiales, tratamiento mec\u00e1nico de aguas residuales, etc.<\/p>\n<hr \/>\n<p><img decoding=\"async\" class=\"size-full wp-image-1489 aligncenter\" src=\"https:\/\/www.zonelenviro.com\/wp-content\/uploads\/2024\/03\/phenolic-resin-liquid-filter-cartridge.webp\" alt=\"\" width=\"829\" height=\"554\" \/><img decoding=\"async\" class=\"size-full wp-image-1485 aligncenter\" src=\"https:\/\/www.zonelenviro.com\/wp-content\/uploads\/2024\/03\/phenolic-filter-cartridge-picture.webp\" alt=\"\" width=\"829\" height=\"554\" \/><img loading=\"lazy\" decoding=\"async\" class=\"size-full wp-image-1488 aligncenter\" src=\"https:\/\/www.zonelenviro.com\/wp-content\/uploads\/2024\/03\/phenolic-resin-filter-cartridges.webp\" alt=\"\" width=\"829\" height=\"554\" \/><img loading=\"lazy\" decoding=\"async\" class=\"size-full wp-image-1484 aligncenter\" src=\"https:\/\/www.zonelenviro.com\/wp-content\/uploads\/2024\/03\/phenolic-filter-cartridge.webp\" alt=\"\" width=\"829\" height=\"554\" \/><img loading=\"lazy\" decoding=\"async\" class=\"size-full wp-image-1487 aligncenter\" src=\"https:\/\/www.zonelenviro.com\/wp-content\/uploads\/2024\/03\/phenolic-resin-filter-cartridge-in-PE-paper-bag.webp\" alt=\"\" width=\"829\" height=\"554\" \/><img loading=\"lazy\" decoding=\"async\" class=\"size-full wp-image-1486 aligncenter\" src=\"https:\/\/www.zonelenviro.com\/wp-content\/uploads\/2024\/03\/phenolic-resin-filter-cartridge-in-carton.webp\" alt=\"\" width=\"829\" height=\"554\" \/><\/p>\n","protected":false},"excerpt":{"rendered":"<p>El cartucho de filtro de resina fen\u00f3lica que adopta la fibra fen\u00f3lica mezclada con cohesivo, endurecedor, estabilizador, etc., luego se sinteriza en los cartuchos de filtro, para mejorar la resistencia de la fibra fen\u00f3lica, que se puede mezclar con poliamida (5~10%) durante la producci\u00f3n.<\/p>\n<p>El cartucho de filtro de resina fen\u00f3lica de Zonel Filtech tiene una fibra unida de exterior a interior con una construcci\u00f3n gradualmente m\u00e1s apretada, lo que los hace con una mayor capacidad de carga de part\u00edculas, buena resistencia y durabilidad.<\/p>\n","protected":false},"featured_media":7068,"template":"","meta":{"site-sidebar-layout":"default","site-content-layout":"","ast-site-content-layout":"default","site-content-style":"default","site-sidebar-style":"default","ast-global-header-display":"","ast-banner-title-visibility":"","ast-main-header-display":"","ast-hfb-above-header-display":"","ast-hfb-below-header-display":"","ast-hfb-mobile-header-display":"","site-post-title":"","ast-breadcrumbs-content":"","ast-featured-img":"","footer-sml-layout":"","theme-transparent-header-meta":"default","adv-header-id-meta":"","stick-header-meta":"","header-above-stick-meta":"","header-main-stick-meta":"","header-below-stick-meta":"","astra-migrate-meta-layouts":"set","ast-page-background-enabled":"default","ast-page-background-meta":{"desktop":{"background-color":"","background-image":"","background-repeat":"repeat","background-position":"center center","background-size":"auto","background-attachment":"scroll","background-type":"","background-media":"","overlay-type":"","overlay-color":"","overlay-opacity":"","overlay-gradient":""},"tablet":{"background-color":"","background-image":"","background-repeat":"repeat","background-position":"center center","background-size":"auto","background-attachment":"scroll","background-type":"","background-media":"","overlay-type":"","overlay-color":"","overlay-opacity":"","overlay-gradient":""},"mobile":{"background-color":"","background-image":"","background-repeat":"repeat","background-position":"center center","background-size":"auto","background-attachment":"scroll","background-type":"","background-media":"","overlay-type":"","overlay-color":"","overlay-opacity":"","overlay-gradient":""}},"ast-content-background-meta":{"desktop":{"background-color":"var(--ast-global-color-5)","background-image":"","background-repeat":"repeat","background-position":"center center","background-size":"auto","background-attachment":"scroll","background-type":"","background-media":"","overlay-type":"","overlay-color":"","overlay-opacity":"","overlay-gradient":""},"tablet":{"background-color":"var(--ast-global-color-5)","background-image":"","background-repeat":"repeat","background-position":"center center","background-size":"auto","background-attachment":"scroll","background-type":"","background-media":"","overlay-type":"","overlay-color":"","overlay-opacity":"","overlay-gradient":""},"mobile":{"background-color":"var(--ast-global-color-5)","background-image":"","background-repeat":"repeat","background-position":"center center","background-size":"auto","background-attachment":"scroll","background-type":"","background-media":"","overlay-type":"","overlay-color":"","overlay-opacity":"","overlay-gradient":""}}},"product_brand":[],"product_cat":[93],"product_tag":[],"class_list":{"0":"post-7067","1":"product","2":"type-product","3":"status-publish","4":"has-post-thumbnail","6":"product_cat-filtro-de-liquido","7":"desktop-align-left","8":"tablet-align-left","9":"mobile-align-left","11":"first","12":"instock","13":"shipping-taxable","14":"product-type-simple"},"_links":{"self":[{"href":"https:\/\/www.zonelenviro.com\/es\/wp-json\/wp\/v2\/product\/7067","targetHints":{"allow":["GET"]}}],"collection":[{"href":"https:\/\/www.zonelenviro.com\/es\/wp-json\/wp\/v2\/product"}],"about":[{"href":"https:\/\/www.zonelenviro.com\/es\/wp-json\/wp\/v2\/types\/product"}],"version-history":[{"count":2,"href":"https:\/\/www.zonelenviro.com\/es\/wp-json\/wp\/v2\/product\/7067\/revisions"}],"predecessor-version":[{"id":7089,"href":"https:\/\/www.zonelenviro.com\/es\/wp-json\/wp\/v2\/product\/7067\/revisions\/7089"}],"wp:featuredmedia":[{"embeddable":true,"href":"https:\/\/www.zonelenviro.com\/es\/wp-json\/wp\/v2\/media\/7068"}],"wp:attachment":[{"href":"https:\/\/www.zonelenviro.com\/es\/wp-json\/wp\/v2\/media?parent=7067"}],"wp:term":[{"taxonomy":"product_brand","embeddable":true,"href":"https:\/\/www.zonelenviro.com\/es\/wp-json\/wp\/v2\/product_brand?post=7067"},{"taxonomy":"product_cat","embeddable":true,"href":"https:\/\/www.zonelenviro.com\/es\/wp-json\/wp\/v2\/product_cat?post=7067"},{"taxonomy":"product_tag","embeddable":true,"href":"https:\/\/www.zonelenviro.com\/es\/wp-json\/wp\/v2\/product_tag?post=7067"}],"curies":[{"name":"wp","href":"https:\/\/api.w.org\/{rel}","templated":true}]}}