{"id":7076,"date":"2024-03-19T14:49:54","date_gmt":"2024-03-19T06:49:54","guid":{"rendered":"https:\/\/www.zonelenviro.com\/filtro-de-aire-tipo-bolsa-de-bolsillo-para-climatizacion\/"},"modified":"2024-09-05T16:43:49","modified_gmt":"2024-09-05T08:43:49","slug":"filtro-de-aire-tipo-bolsa-de-bolsillo-para-climatizacion","status":"publish","type":"product","link":"https:\/\/www.zonelenviro.com\/es\/filtro-de-aire-tipo-bolsa-de-bolsillo-para-climatizacion.html","title":{"rendered":"Filtro de aire tipo bolsa de bolsillo para climatizaci\u00f3n"},"content":{"rendered":"<h2>Introducci\u00f3n general a los filtros de aire de bolsillo<\/h2>\n<p>Los filtros de aire de bolsillo pueden estar hechos de material sint\u00e9tico para filtros de bolsillo o de medios de fibra sint\u00e9tica de bolsillo mezclados con cart\u00f3n activo, as\u00ed como de materiales para filtros de bolsillo de fibra de vidrio con diversas eficiencias de filtrado, principalmente de F5~F9 (CRAA 430) o EU5~EU9 (EN779) o MERV9~MERV15 (ASHRAE), seg\u00fan el proceso de conteo de part\u00edculas promedio (0,4 micrones), la eficiencia se distribuye del 40% al 95%.<\/p>\n<p>Los filtros de bolsillo se instalan a menudo en sistemas HVAC, por lo que tambi\u00e9n se denominan filtros de aire de bolsillo HVAC, que est\u00e1n dise\u00f1ados para aplicaciones industriales y comerciales, as\u00ed como para uso residencial para mejorar la calidad del aire interior. A veces, el filtro de aire de bolsillo se puede utilizar para la primera etapa de los sistemas HVAC, pero la mayor\u00eda de las veces se utilizar\u00e1 como filtro secundario o final detr\u00e1s de un filtro primario plisado.<\/p>\n<p>El material del filtro de bolsa de bolsillo fue adoptado como material de filtro no tejido con la eficiencia de filtrado relevante, para mejorar la carga de polvo y reducir la resistencia del aire, los bolsillos del filtro se dividir\u00e1n en varios espacios peque\u00f1os, todo el material sint\u00e9tico se sellar\u00e1 con soldadura t\u00e9rmica y la fibra de vidrio se coser\u00e1 con hilo de coser, pero la costura se sellar\u00e1 con termopl\u00e1stico para garantizar la eficiencia del filtro en los datos solicitados correctos.<\/p>\n<h2>Propiedades de los filtros de bolsillo:<\/h2>\n<ol>\n<li>El tama\u00f1o est\u00e1ndar del marco para el filtro de aire de bolsillo es de 24 x 24 pulgadas y de 12 x 24 pulgadas, pero se puede personalizar el dise\u00f1o especial.<\/li>\n<li>La profundidad de las bolsas para el filtro de aire de bolsillo es principalmente de 300 a 750 mm, todas se pueden personalizar.<\/li>\n<li>La cantidad de bolsas de bolsillo por filtro es principalmente de 3 a 8 piezas, se puede personalizar una cantidad especial.<\/li>\n<li>El material del marco puede ser acero galvanizado (G.I.), aluminio S.S., pl\u00e1stico, etc.<\/li>\n<li>Nuestros filtros de bolsillo con eficiencia de filtrado pueden satisfacer casi todas las aplicaciones que pueda necesitar, cada filtro de bolsa HVAC de nosotros ser\u00e1 inspeccionado minuciosamente.<\/li>\n<li>Gran carga de polvo, baja resistencia inicial, larga vida \u00fatil.<\/li>\n<\/ol>\n<h2>Aplicaciones del filtro de aire de bolsillo<\/h2>\n<p>Para mejorar la calidad del aire interior se utilizan sistemas HVAC en ocasiones tales como: talleres automotrices, centros de datos, plantas de alimentos y bebidas, plantas electr\u00f3nicas, plantas farmac\u00e9uticas, plantas de fibra qu\u00edmica, escuelas, teatros, hospitales, laboratorios, etc.<\/p>\n<p><img fetchpriority=\"high\" decoding=\"async\" class=\"size-full wp-image-1380 aligncenter\" src=\"https:\/\/www.zonelenviro.com\/wp-content\/uploads\/2024\/03\/Filter-efficiency-compare-from-different-standards.png\" alt=\"\" width=\"1556\" height=\"844\" \/><\/p>\n","protected":false},"excerpt":{"rendered":"<p>Los filtros de aire tipo bolsa de bolsillo pueden estar hechos de material sint\u00e9tico para filtros de bolsa de bolsillo o de medios de fibra sint\u00e9tica de bolsillo mezclados con cart\u00f3n activo, as\u00ed como de materiales para filtros de bolsa de bolsillo de fibra de vidrio con diversas eficiencias de filtrado, principalmente de F5~F9 (CRAA 430) o EU5~EU9 (EN779) o MERV9~MERV15 (ASHRAE).<\/p>\n<p>Los filtros de bolsa de bolsillo se instalan a menudo en sistemas HVAC, por lo que tambi\u00e9n se denominan filtros de aire tipo bolsa de bolsillo HVAC, que est\u00e1n dise\u00f1ados para aplicaciones industriales y comerciales, as\u00ed como para uso residencial para mejorar la calidad del aire interior. A veces, el aire tipo bolsa de bolsillo se puede utilizar para la primera etapa de los sistemas HVAC, pero la mayor\u00eda de las veces se utilizar\u00e1 como filtro secundario o final detr\u00e1s de un filtro primario plisado.<\/p>\n<p>El material del filtro de bolsa de bolsillo se adopt\u00f3 como material de filtro no tejido con la eficiencia de filtrado relevante, para mejorar la carga de polvo y reducir la resistencia del aire, los bolsillos del filtro se dividir\u00e1n en varios espacios peque\u00f1os y todo el material sint\u00e9tico se sellar\u00e1 con soldadura t\u00e9rmica y la fibra de vidrio se coser\u00e1 con hilo de coser, pero la costura se sellar\u00e1 con termopl\u00e1stico para garantizar la eficiencia del filtro en los datos solicitados correctos.<\/p>\n","protected":false},"featured_media":7077,"template":"","meta":{"site-sidebar-layout":"default","site-content-layout":"","ast-site-content-layout":"default","site-content-style":"default","site-sidebar-style":"default","ast-global-header-display":"","ast-banner-title-visibility":"","ast-main-header-display":"","ast-hfb-above-header-display":"","ast-hfb-below-header-display":"","ast-hfb-mobile-header-display":"","site-post-title":"","ast-breadcrumbs-content":"","ast-featured-img":"","footer-sml-layout":"","theme-transparent-header-meta":"default","adv-header-id-meta":"","stick-header-meta":"","header-above-stick-meta":"","header-main-stick-meta":"","header-below-stick-meta":"","astra-migrate-meta-layouts":"set","ast-page-background-enabled":"default","ast-page-background-meta":{"desktop":{"background-color":"","background-image":"","background-repeat":"repeat","background-position":"center center","background-size":"auto","background-attachment":"scroll","background-type":"","background-media":"","overlay-type":"","overlay-color":"","overlay-opacity":"","overlay-gradient":""},"tablet":{"background-color":"","background-image":"","background-repeat":"repeat","background-position":"center center","background-size":"auto","background-attachment":"scroll","background-type":"","background-media":"","overlay-type":"","overlay-color":"","overlay-opacity":"","overlay-gradient":""},"mobile":{"background-color":"","background-image":"","background-repeat":"repeat","background-position":"center center","background-size":"auto","background-attachment":"scroll","background-type":"","background-media":"","overlay-type":"","overlay-color":"","overlay-opacity":"","overlay-gradient":""}},"ast-content-background-meta":{"desktop":{"background-color":"var(--ast-global-color-5)","background-image":"","background-repeat":"repeat","background-position":"center center","background-size":"auto","background-attachment":"scroll","background-type":"","background-media":"","overlay-type":"","overlay-color":"","overlay-opacity":"","overlay-gradient":""},"tablet":{"background-color":"var(--ast-global-color-5)","background-image":"","background-repeat":"repeat","background-position":"center center","background-size":"auto","background-attachment":"scroll","background-type":"","background-media":"","overlay-type":"","overlay-color":"","overlay-opacity":"","overlay-gradient":""},"mobile":{"background-color":"var(--ast-global-color-5)","background-image":"","background-repeat":"repeat","background-position":"center center","background-size":"auto","background-attachment":"scroll","background-type":"","background-media":"","overlay-type":"","overlay-color":"","overlay-opacity":"","overlay-gradient":""}}},"product_brand":[],"product_cat":[94],"product_tag":[],"class_list":{"0":"post-7076","1":"product","2":"type-product","3":"status-publish","4":"has-post-thumbnail","6":"product_cat-filtro-de-polvo","7":"desktop-align-left","8":"tablet-align-left","9":"mobile-align-left","11":"first","12":"instock","13":"shipping-taxable","14":"product-type-simple"},"_links":{"self":[{"href":"https:\/\/www.zonelenviro.com\/es\/wp-json\/wp\/v2\/product\/7076","targetHints":{"allow":["GET"]}}],"collection":[{"href":"https:\/\/www.zonelenviro.com\/es\/wp-json\/wp\/v2\/product"}],"about":[{"href":"https:\/\/www.zonelenviro.com\/es\/wp-json\/wp\/v2\/types\/product"}],"version-history":[{"count":0,"href":"https:\/\/www.zonelenviro.com\/es\/wp-json\/wp\/v2\/product\/7076\/revisions"}],"wp:featuredmedia":[{"embeddable":true,"href":"https:\/\/www.zonelenviro.com\/es\/wp-json\/wp\/v2\/media\/7077"}],"wp:attachment":[{"href":"https:\/\/www.zonelenviro.com\/es\/wp-json\/wp\/v2\/media?parent=7076"}],"wp:term":[{"taxonomy":"product_brand","embeddable":true,"href":"https:\/\/www.zonelenviro.com\/es\/wp-json\/wp\/v2\/product_brand?post=7076"},{"taxonomy":"product_cat","embeddable":true,"href":"https:\/\/www.zonelenviro.com\/es\/wp-json\/wp\/v2\/product_cat?post=7076"},{"taxonomy":"product_tag","embeddable":true,"href":"https:\/\/www.zonelenviro.com\/es\/wp-json\/wp\/v2\/product_tag?post=7076"}],"curies":[{"name":"wp","href":"https:\/\/api.w.org\/{rel}","templated":true}]}}