{"id":7091,"date":"2024-03-19T14:43:16","date_gmt":"2024-03-19T06:43:16","guid":{"rendered":"https:\/\/www.zonelenviro.com\/material-de-filtro-de-polvo-resistente-a-temperaturas-medias-y-altas\/"},"modified":"2024-09-05T17:00:57","modified_gmt":"2024-09-05T09:00:57","slug":"material-de-filtro-de-polvo-resistente-a-temperaturas-medias-y-altas","status":"publish","type":"product","link":"https:\/\/www.zonelenviro.com\/es\/material-de-filtro-de-polvo-resistente-a-temperaturas-medias-y-altas.html","title":{"rendered":"Material de filtro de polvo resistente a temperaturas medias y altas"},"content":{"rendered":"<p>Tela filtrante de fieltro punzonado de aramida\/Nomex para coser bolsas filtrantes de polvo; bolsas filtrantes de polvo Nomex<\/p>\n<p><img fetchpriority=\"high\" decoding=\"async\" class=\"alignnone size-full wp-image-1373\" src=\"https:\/\/www.zonelenviro.com\/wp-content\/uploads\/2024\/03\/aramid-needle-felt.jpg\" alt=\"\" width=\"829\" height=\"554\" \/><img decoding=\"async\" class=\"alignnone size-full wp-image-1374\" src=\"https:\/\/www.zonelenviro.com\/wp-content\/uploads\/2024\/03\/nomex-filter-bags.jpg\" alt=\"\" width=\"829\" height=\"554\" \/><\/p>\n<h2>Introducci\u00f3n general de la tela filtrante de fieltro punzonado de aramida (Nomex):<\/h2>\n<p>La fibra de aramida para medios filtrantes tambi\u00e9n se denomina fibra de aramida 1313 en China, y Nomex\u00ae es un tipo de fibra de aramida producida por Dupont\u00ae.<\/p>\n<p>Las bolsas de filtro de aramida (Nomex) se instalan principalmente en la carcasa de filtro de mangas con una temperatura entre 130 y 220 grados C, un valor de pH adecuado entre 5 y 9, y se utilizan ampliamente en la industria del acero, la industria del negro de carb\u00f3n, la industria de la construcci\u00f3n y la industria energ\u00e9tica.<\/p>\n<h2>Especificaci\u00f3n relevante para el fieltro de aguja de aramida (Nomex):<\/h2>\n<ul>\n<li>Material: fibra de aramida (Nomex), con soporte de malla\/tela de aramida (Nomex).<\/li>\n<li>Peso: 350~650 g\/m\u00b2<\/li>\n<li>Temperatura de funcionamiento: continua: \u2264204\u2103; picos: 220\u2103<\/li>\n<li>Tratamiento de la superficie: chamuscado y esmaltado, termoendurecido, repelente al agua y al aceite, ba\u00f1o de suspensi\u00f3n de PTFE, membrana de PTFE.<\/li>\n<li>\u00a1Podemos personalizar los productos seg\u00fan los requisitos de los clientes!<\/li>\n<\/ul>\n<h2>Las propiedades del medio filtrante de aramida \/ Nomex:<\/h2>\n<ol>\n<li>Resistencia a altas temperaturas: Temperatura de funcionamiento continuo recomendada: \u2264204 grados C (para obtener una vida \u00fatil m\u00e1s larga, la temperatura de funcionamiento continuo sugiere no superar los 180 grados C); picos instant\u00e1neos: 220 grados C.<\/li>\n<li>Tama\u00f1o estable a altas temperaturas despu\u00e9s del tratamiento de termofijaci\u00f3n: a 220 grados C, la contracci\u00f3n no supera el 1%.<\/li>\n<li>Ign\u00edfugo.<\/li>\n<li>Buena resistencia a la abrasi\u00f3n y al plegado.<\/li>\n<li>Precio m\u00e1s econ\u00f3mico en comparaci\u00f3n con otras telas filtrantes resistentes al calor.<\/li>\n<li>Larga vida \u00fatil.<\/li>\n<\/ol>\n<h2>Principales aplicaciones de las bolsas filtrantes de aramida \/ Nomex:<\/h2>\n<ol>\n<li>Industrias qu\u00edmicas: Casas de filtros de mangas de secado en las plantas de pigmentos, pl\u00e1sticos, catalizadores y negro de humo, etc.<\/li>\n<li>Industrias minerales: Casas de filtros de mangas de secado en las casas de mangas de enfriadores de yeso y cl\u00ednker, etc.<\/li>\n<li>Industrias metal\u00fargicas: Colectores de proceso de alta temperatura para \u00f3xido de plomo y casas de mangas de hornos de arco el\u00e9ctrico en las f\u00e1bricas de hierro, etc.<\/li>\n<li>Generaci\u00f3n de energ\u00eda e incineraci\u00f3n: Colectores de manejo de cenizas volantes.<\/li>\n<li>Industrias de materiales de construcci\u00f3n: manejan el gas de cola de los hornos verticales de las plantas de cemento (bolsas de filtro para la planta de cemento), el aire en polvo de la planta mezcladora de asfalto, etc.<\/li>\n<\/ol>\n<h2>Nota:<\/h2>\n<ol>\n<li>Se pueden personalizar especificaciones especiales.<\/li>\n<li>Ancho m\u00e1ximo: 2,25 metros.<\/li>\n<li>Zonel Filtech ofrece rollos de tela filtrante y bolsas filtrantes.<\/li>\n<\/ol>\n<h2>Fieltro de aguja PPS para coser bolsas con filtro de polvo\/Bolsas con filtro de polvo PPS<\/h2>\n<h2><img decoding=\"async\" class=\"alignnone size-full wp-image-1376\" src=\"https:\/\/www.zonelenviro.com\/wp-content\/uploads\/2024\/03\/PPS-dust-filter-bag.jpg\" alt=\"\" width=\"829\" height=\"554\" \/><\/h2>\n<h2>Introducci\u00f3n general de la tela filtrante PPS:<\/h2>\n<p>PPS PPS (sulfuro de polifenileno, Ryton\u00ae, Procon\u00ae) es uno de los mejores materiales de filtrado con propiedades de resistencia a altas temperaturas, anti\u00e1cido, anti\u00e1lcali, resistente a la hidr\u00f3lisis, etc. Las bolsas de filtro PPS se utilizan principalmente para eliminar el polvo del aire que incluye algunos materiales \u00e1cidos o alcalinos a altas temperaturas, como la limpieza de gases de ebullici\u00f3n de plantas de energ\u00eda t\u00e9rmica, la eliminaci\u00f3n de humos de incineradores de residuos, etc.<\/p>\n<p>Zonel Filtech adopt\u00f3 la fibra PPS de primera calidad (sulfuro de polifenileno, Ryton\u00ae, Procon\u00ae) con procesamiento de punzonado de aguja fina y tratamiento de superficie, tratamiento qu\u00edmico, etc., para hacer que las bolsas de filtro sean duraderas y puedan cumplir con varios requisitos de filtraci\u00f3n de clientes en diferentes industrias.<\/p>\n<p>Zonel Filtech investig\u00f3 y desarroll\u00f3 un nuevo tipo de bolsa de filtro PPS, sin una membrana de PTFE, puede controlar la emisi\u00f3n mucho menos de 20 mg\/Nm3, con la misma relaci\u00f3n aire\/tela, la resistencia es al menos un 40% menor, puede ayudar al cliente a ahorrar espacio en la bolsa de filtro, ahorrar energ\u00eda de purga y tambi\u00e9n puede ayudar a prolongar la vida \u00fatil de las bolsas de filtro.<\/p>\n<h2>Especificaciones relevantes para el fieltro de aguja PPS:<\/h2>\n<ul>\n<li>Material: fibra de PPS (sulfuro de polifenileno, Ryton\u00ae, Procon\u00ae), con soporte de malla de PPS (sulfuro de polifenileno, Ryton\u00ae, Procon\u00ae)<\/li>\n<li>Peso: 300~750 g\/m\u00b2<\/li>\n<li>Temperatura de funcionamiento: continua: \u2264190\u2103; picos: 220\u2103<\/li>\n<li>Tratamiento de superficie disponible: chamuscado y esmaltado, termoendurecido, ba\u00f1o de suspensi\u00f3n de PTFE, membrana de PTFE, tratamiento de superficie de tama\u00f1o de microporos.<\/li>\n<li>\u00a1Podemos personalizar los productos seg\u00fan los requisitos de los clientes!<\/li>\n<\/ul>\n<h2>Las propiedades de las bolsas filtrantes de polvo PPS y los servicios de ZONEL FILTECH:<\/h2>\n<ol>\n<li>Un equipo t\u00e9cnico profesional garantiza un buen rendimiento y un dise\u00f1o que se ajusta a los requisitos del cliente.<\/li>\n<li>Emisi\u00f3n dentro de los requisitos, menor resistencia inicial y no se bloquea f\u00e1cilmente.<\/li>\n<li>Se ofrecer\u00e1n sugerencias de funcionamiento, no se rompe f\u00e1cilmente y es duradero.<\/li>\n<li>Todos los tama\u00f1os y tratamientos de acabado disponibles, entrega inmediata.<\/li>\n<li>Ofrecemos servicios posventa las 24 horas del d\u00eda y una respuesta m\u00e1s r\u00e1pida.<\/li>\n<\/ol>\n<h2>Principales aplicaciones de las bolsas filtrantes PPS:<\/h2>\n<p>Las bolsas filtrantes PPS suministradas por ZONEL FILTECH se utilizan principalmente para la recolecci\u00f3n de polvo\/eliminaci\u00f3n de humos en calderas de carb\u00f3n en plantas de energ\u00eda t\u00e9rmica, plantas de cemento, plantas de hierro y acero, plantas qu\u00edmicas, etc., y tambi\u00e9n para incineradores de residuos, hornos de coque, hornos de cemento, procesos de secado qu\u00edmico del proceso de purificaci\u00f3n de gases de combusti\u00f3n, etc.<\/p>\n<h2>Nota:<\/h2>\n<ol>\n<li>Se pueden personalizar especificaciones especiales.<\/li>\n<li>Ancho m\u00e1ximo: 2,25 metros.<\/li>\n<li>Se pueden suministrar tanto rollos de tela filtrante como bolsas filtrantes.<\/li>\n<\/ol>\n","protected":false},"excerpt":{"rendered":"<p>Medios filtrantes resistentes a temperaturas medias y altas de Zonel Filtech, que son una serie de materiales filtrantes de fieltro perforado con agujas para la recolecci\u00f3n de polvo. La serie es adecuada para circunstancias de funcionamiento con una temperatura continua que no exceda los 204 grados cent\u00edgrados y una temperatura instant\u00e1nea m\u00e1xima que no exceda los 220 grados cent\u00edgrados. Durante el \u00e1rea de temperatura, Zonel Filtech puede ayudarlo a definir el material filtrante m\u00e1s adecuado para sus casas de filtros de bolsas para polvo.<\/p>\n<p>Zonel Filtech puede proporcionar rollos de tela filtrante de fieltro punzonado y bolsas filtrantes listas para usar, los materiales incluyen tela filtrante de fieltro punzonado de aramida\/Nomex y bolsas filtrantes con varios tratamientos de acabado; tela filtrante de fieltro punzonado de PPS\/Ryton y bolsas filtrantes con varios tratamientos de acabado.<\/p>\n<p>Si necesita ayuda de Zonel Filtech, no dude en enviarnos su consulta.<\/p>\n","protected":false},"featured_media":7092,"template":"","meta":{"site-sidebar-layout":"default","site-content-layout":"","ast-site-content-layout":"default","site-content-style":"default","site-sidebar-style":"default","ast-global-header-display":"","ast-banner-title-visibility":"","ast-main-header-display":"","ast-hfb-above-header-display":"","ast-hfb-below-header-display":"","ast-hfb-mobile-header-display":"","site-post-title":"","ast-breadcrumbs-content":"","ast-featured-img":"","footer-sml-layout":"","theme-transparent-header-meta":"default","adv-header-id-meta":"","stick-header-meta":"","header-above-stick-meta":"","header-main-stick-meta":"","header-below-stick-meta":"","astra-migrate-meta-layouts":"set","ast-page-background-enabled":"default","ast-page-background-meta":{"desktop":{"background-color":"","background-image":"","background-repeat":"repeat","background-position":"center center","background-size":"auto","background-attachment":"scroll","background-type":"","background-media":"","overlay-type":"","overlay-color":"","overlay-opacity":"","overlay-gradient":""},"tablet":{"background-color":"","background-image":"","background-repeat":"repeat","background-position":"center center","background-size":"auto","background-attachment":"scroll","background-type":"","background-media":"","overlay-type":"","overlay-color":"","overlay-opacity":"","overlay-gradient":""},"mobile":{"background-color":"","background-image":"","background-repeat":"repeat","background-position":"center center","background-size":"auto","background-attachment":"scroll","background-type":"","background-media":"","overlay-type":"","overlay-color":"","overlay-opacity":"","overlay-gradient":""}},"ast-content-background-meta":{"desktop":{"background-color":"var(--ast-global-color-5)","background-image":"","background-repeat":"repeat","background-position":"center center","background-size":"auto","background-attachment":"scroll","background-type":"","background-media":"","overlay-type":"","overlay-color":"","overlay-opacity":"","overlay-gradient":""},"tablet":{"background-color":"var(--ast-global-color-5)","background-image":"","background-repeat":"repeat","background-position":"center center","background-size":"auto","background-attachment":"scroll","background-type":"","background-media":"","overlay-type":"","overlay-color":"","overlay-opacity":"","overlay-gradient":""},"mobile":{"background-color":"var(--ast-global-color-5)","background-image":"","background-repeat":"repeat","background-position":"center center","background-size":"auto","background-attachment":"scroll","background-type":"","background-media":"","overlay-type":"","overlay-color":"","overlay-opacity":"","overlay-gradient":""}}},"product_brand":[],"product_cat":[94],"product_tag":[],"class_list":{"0":"post-7091","1":"product","2":"type-product","3":"status-publish","4":"has-post-thumbnail","6":"product_cat-filtro-de-polvo","7":"desktop-align-left","8":"tablet-align-left","9":"mobile-align-left","11":"first","12":"instock","13":"shipping-taxable","14":"product-type-simple"},"_links":{"self":[{"href":"https:\/\/www.zonelenviro.com\/es\/wp-json\/wp\/v2\/product\/7091","targetHints":{"allow":["GET"]}}],"collection":[{"href":"https:\/\/www.zonelenviro.com\/es\/wp-json\/wp\/v2\/product"}],"about":[{"href":"https:\/\/www.zonelenviro.com\/es\/wp-json\/wp\/v2\/types\/product"}],"version-history":[{"count":0,"href":"https:\/\/www.zonelenviro.com\/es\/wp-json\/wp\/v2\/product\/7091\/revisions"}],"wp:featuredmedia":[{"embeddable":true,"href":"https:\/\/www.zonelenviro.com\/es\/wp-json\/wp\/v2\/media\/7092"}],"wp:attachment":[{"href":"https:\/\/www.zonelenviro.com\/es\/wp-json\/wp\/v2\/media?parent=7091"}],"wp:term":[{"taxonomy":"product_brand","embeddable":true,"href":"https:\/\/www.zonelenviro.com\/es\/wp-json\/wp\/v2\/product_brand?post=7091"},{"taxonomy":"product_cat","embeddable":true,"href":"https:\/\/www.zonelenviro.com\/es\/wp-json\/wp\/v2\/product_cat?post=7091"},{"taxonomy":"product_tag","embeddable":true,"href":"https:\/\/www.zonelenviro.com\/es\/wp-json\/wp\/v2\/product_tag?post=7091"}],"curies":[{"name":"wp","href":"https:\/\/api.w.org\/{rel}","templated":true}]}}