{"id":7114,"date":"2024-03-19T14:17:58","date_gmt":"2024-03-19T06:17:58","guid":{"rendered":"https:\/\/www.zonelenviro.com\/carcasa-de-filtro-de-bolsa-de-chorro-de-pulso-colector-de-polvo-tipo-bolsa-de-filtro-de-polvo\/"},"modified":"2024-09-05T17:12:58","modified_gmt":"2024-09-05T09:12:58","slug":"carcasa-de-filtro-de-bolsa-de-chorro-de-pulso-colector-de-polvo-tipo-bolsa-de-filtro-de-polvo","status":"publish","type":"product","link":"https:\/\/www.zonelenviro.com\/es\/carcasa-de-filtro-de-bolsa-de-chorro-de-pulso-colector-de-polvo-tipo-bolsa-de-filtro-de-polvo.html","title":{"rendered":"Carcasa de filtro de bolsa de chorro de pulso, colector de polvo tipo bolsa de filtro de polvo"},"content":{"rendered":"<h2>Carcasa de bolsa filtrante Pulse Jet para recolecci\u00f3n de polvo<\/h2>\n<p><img fetchpriority=\"high\" decoding=\"async\" class=\"size-full wp-image-1346 aligncenter\" src=\"https:\/\/www.zonelenviro.com\/wp-content\/uploads\/2024\/03\/bag-filter-drawing.gif\" alt=\"\" width=\"488\" height=\"538\" \/><\/p>\n<h2>Introducci\u00f3n general de la casa de filtros de mangas<\/h2>\n<p>El filtro de bolsa se utiliza pr\u00e1cticamente en todo tipo de industrias para ayudar a controlar la contaminaci\u00f3n del aire. Seg\u00fan los diferentes m\u00e9todos de purga, el colector de polvo del filtro de bolsa se puede dividir en carcasa de filtro de bolsa de chorro de pulso; filtro de aire de polvo soplado inverso; colector de polvo de purga vibratorio mec\u00e1nico, etc.<\/p>\n<p>Adem\u00e1s, seg\u00fan las diferentes direcciones de recolecci\u00f3n de polvo, el colector de polvo de tipo bolsa se puede dividir en un sistema de filtro de aire interior (el polvo se recolecta en el lado interior de las bolsas de filtro) y una carcasa de filtro de aire exterior (el polvo se recolecta en el lado exterior de las bolsas de filtro); seg\u00fan la cantidad de c\u00e1maras, que tambi\u00e9n se puede dividir en colector de polvo de bolsa de filtro de una sola c\u00e1mara y sistema de filtro de bolsa de c\u00e1mara m\u00faltiple; seg\u00fan el estado de purga, que tambi\u00e9n se puede dividir en sistema de filtro de polvo de aire de purga en l\u00ednea (el filtrado contin\u00faa cuando se activa el sistema de purga) y colectores de polvo de aire de purga fuera de l\u00ednea (el filtrado se detendr\u00e1 cuando se active el sistema de purga). Los diferentes tipos de colectores de polvo de aire tienen una construcci\u00f3n siempre diferente, pero no importa c\u00f3mo, todos los colectores de polvo de aire siguen el mismo principio, es decir, bloquean las part\u00edculas de polvo a trav\u00e9s de las bolsas de filtro antes de que se liberen a la atm\u00f3sfera. La elecci\u00f3n de una carcasa de filtro de bolsa de aire adecuada es crucial para todas las producciones.<\/p>\n<p>Debido a que las carcasas de filtro de bolsa de chorro de pulso son adecuadas para casi todas las ocasiones de alto flujo de aire, alta humedad, alta temperatura, corrosi\u00f3n, emisiones s\u00faper bajas, alta velocidad de filtrado, etc., pueden manejar algunas circunstancias de trabajo muy complejas, f\u00e1cil mantenimiento y larga vida \u00fatil, mayor velocidad de filtrado y menores emisiones, \u00a1lo que lo convierte en uno de los sistemas de filtrado de polvo m\u00e1s populares para aplicaciones industriales!<\/p>\n<p>El sistema de recolecci\u00f3n de polvo tipo bolsa de chorro de pulso se combina principalmente con una entrada de aire de polvo, un tanque de filtro inferior (el aire de polvo ingresa al colector de polvo y ser\u00e1 filtrado por <span style=\"color: #3366ff;\"><a style=\"color: #3366ff;\" href=\"https:\/\/www.zonelenviro.com\/es\/las-bolsas-de-filtro-de-polvo.html\">bolsas de filtro de polvo<\/a><\/span> en este tanque o carcasa), tolva, sistema de descarga de polvo y el dep\u00f3sito de polvo del colector de polvo de la c\u00e1mara de mangas, un tanque de filtro superior (el aire limpio filtrado saldr\u00e1 a trav\u00e9s de esta parte de la c\u00e1mara de mangas del colector de polvo), un soplador\/ventilador del colector de polvo (para proteger el impulsor del ventilador, el soplador del colector de polvo siempre se debe instalar en la parte inferior del filtro del colector de polvo), as\u00ed como el gabinete electr\u00f3nico para controlar el sistema de filtro de aire de polvo, tambi\u00e9n la plataforma de mantenimiento y la cerca, etc.<\/p>\n<h2>Las propiedades de las casas de filtros de mangas<\/h2>\n<p>A. Puede soportar un mayor flujo de aire. B\u00e1sicamente, sugerimos operar con una relaci\u00f3n aire\/tela de 1,2 m\/min, pero algunas carcasas de filtros de bolsa peque\u00f1as pueden funcionar hasta con 5 m\/min. En comparaci\u00f3n con el sistema de filtro de bolsa soplado inverso con una relaci\u00f3n aire\/tela de solo 0,8 m\/min o incluso menor, la velocidad del filtro de aire para el filtro de polvo tipo bolsa de chorro de pulso es mucho mayor, lo que ayuda a reducir la inversi\u00f3n en el sistema de control de polvo.<\/p>\n<p>B. Puede utilizarse para filtrar el aire con polvo con un mayor contenido de humedad. Debido a que la m\u00e1quina de control de polvo tipo bolsa tiene una bolsa de filtro cosida o soldada, sin ning\u00fan pegamento en el interior, por lo que incluso si la bolsa de filtro se encuentra en circunstancias h\u00famedas, si se le aplica un buen tratamiento de acabado, el rendimiento f\u00edsico casi no cambia y siempre puede ayudar a que el sistema de filtraci\u00f3n de polvo mantenga un rendimiento perfecto.<\/p>\n<p>C. \u00a1Adecuado para la eliminaci\u00f3n de polvo a mayor temperatura! Mediante el cambio de los diferentes materiales de los elementos filtrantes, la temperatura de funcionamiento puede ser de hasta 280 grados C.<\/p>\n<p>D.Puede funcionar en situaciones corrosivas, se pueden elegir varios materiales de filtro de las bolsas de filtrado para colectores de polvo.<\/p>\n<p>E.F\u00e1cil mantenimiento, el mantenimiento general y el cambio de bolsas de filtro no necesitan ser manipulados en un espacio cerrado, lo que no afecta la salud de los trabajadores que lo operan.<\/p>\n<p>F.Menores emisiones, la tasa de emisi\u00f3n de los filtros de bolsa de pulso se puede controlar a menos de 5 mg\/Nm3.<\/p>\n<p>G.Con el sistema de purga de chorro de pulso dise\u00f1ado \u00f3ptimamente, los trabajos de limpieza son f\u00e1ciles y perfectos.<\/p>\n<h2>Aplicaciones<\/h2>\n<p>Para el procesamiento de aire con polvo en plantas de energ\u00eda (colector de polvo en plantas de energ\u00eda t\u00e9rmica, como el filtro de entrada de aire de la turbina), procesamiento de metales (pulido de accesorios de metal, metalurgia, etc., como colector de polvo de aluminio), miner\u00eda, industrias de cemento (como bolsas de cemento especialmente dise\u00f1adas o filtros de cemento), industrias cer\u00e1micas, industrias de negro de carb\u00f3n, industrias farmac\u00e9uticas, industrias de procesamiento de alimentos, plantas qu\u00edmicas, industrias de pulverizaci\u00f3n de aire caliente, industrias del caucho, industrias de bater\u00edas, plantas de mezcla de materiales y otras ocasiones de procesamiento de polvo, etc.<\/p>\n<p>Zonel Filtech, como uno de los proveedores de colectores de polvo de chorro de pulso m\u00e1s profesionales con la planta de producci\u00f3n de filtros de aire y m\u00e1quinas de procesamiento modernizadas, \u00a1podemos dise\u00f1ar y personalizar los colectores de polvo de acuerdo con los requisitos del cliente!<\/p>\n<h2>Los par\u00e1metros t\u00edpicos<\/h2>\n<p><img decoding=\"async\" class=\"alignnone size-full wp-image-1349\" src=\"https:\/\/www.zonelenviro.com\/wp-content\/uploads\/2024\/03\/filter-bag-housing-data.png\" alt=\"\" width=\"1756\" height=\"604\" \/><\/p>\n","protected":false},"excerpt":{"rendered":"<p>La carcasa del filtro de bolsa de chorro de pulso es uno de los principales productos de Zonel Filtech, que se combina con la carcasa del filtro principal (incluyendo la bolsa de filtro, la jaula de soporte de la bolsa de filtro, la placa de tubo de la bolsa, el tanque y la tolva, el descargador de polvo, etc.), el sistema de purga (incluye tanque de aire a presi\u00f3n, airbag, v\u00e1lvula de chorro de pulso, tubo de soplado, etc.), el sistema de ventilador (incluye ventilador con motor, silenciador, etc.), el sistema de control (control PLC), etc.<\/p>\n<p>Zonel Filtech puede ayudar a dise\u00f1ar la carcasa del filtro de bolsa de acuerdo con las circunstancias de trabajo del lado del cliente, tambi\u00e9n puede ayudarlos a dise\u00f1ar el dise\u00f1o de la tuber\u00eda de succi\u00f3n para garantizar que todo el sistema de filtrado tenga un rendimiento perfecto. La oferta de carcasas de filtro de bolsa incluye la carcasa de filtro de bolsa normal, la carcasa de filtro de bolsa de alta temperatura, la carcasa de filtro de bolsa antiexplosi\u00f3n, la carcasa de filtro de bolsa de silo, etc.<\/p>\n<p>Si necesita ayuda, \u00a1bienvenido a contactar con Zonel Filtech!<\/p>\n","protected":false},"featured_media":7115,"template":"","meta":{"site-sidebar-layout":"default","site-content-layout":"","ast-site-content-layout":"default","site-content-style":"default","site-sidebar-style":"default","ast-global-header-display":"","ast-banner-title-visibility":"","ast-main-header-display":"","ast-hfb-above-header-display":"","ast-hfb-below-header-display":"","ast-hfb-mobile-header-display":"","site-post-title":"","ast-breadcrumbs-content":"","ast-featured-img":"","footer-sml-layout":"","theme-transparent-header-meta":"default","adv-header-id-meta":"","stick-header-meta":"","header-above-stick-meta":"","header-main-stick-meta":"","header-below-stick-meta":"","astra-migrate-meta-layouts":"set","ast-page-background-enabled":"default","ast-page-background-meta":{"desktop":{"background-color":"","background-image":"","background-repeat":"repeat","background-position":"center center","background-size":"auto","background-attachment":"scroll","background-type":"","background-media":"","overlay-type":"","overlay-color":"","overlay-opacity":"","overlay-gradient":""},"tablet":{"background-color":"","background-image":"","background-repeat":"repeat","background-position":"center center","background-size":"auto","background-attachment":"scroll","background-type":"","background-media":"","overlay-type":"","overlay-color":"","overlay-opacity":"","overlay-gradient":""},"mobile":{"background-color":"","background-image":"","background-repeat":"repeat","background-position":"center center","background-size":"auto","background-attachment":"scroll","background-type":"","background-media":"","overlay-type":"","overlay-color":"","overlay-opacity":"","overlay-gradient":""}},"ast-content-background-meta":{"desktop":{"background-color":"var(--ast-global-color-5)","background-image":"","background-repeat":"repeat","background-position":"center center","background-size":"auto","background-attachment":"scroll","background-type":"","background-media":"","overlay-type":"","overlay-color":"","overlay-opacity":"","overlay-gradient":""},"tablet":{"background-color":"var(--ast-global-color-5)","background-image":"","background-repeat":"repeat","background-position":"center center","background-size":"auto","background-attachment":"scroll","background-type":"","background-media":"","overlay-type":"","overlay-color":"","overlay-opacity":"","overlay-gradient":""},"mobile":{"background-color":"var(--ast-global-color-5)","background-image":"","background-repeat":"repeat","background-position":"center center","background-size":"auto","background-attachment":"scroll","background-type":"","background-media":"","overlay-type":"","overlay-color":"","overlay-opacity":"","overlay-gradient":""}}},"product_brand":[],"product_cat":[94],"product_tag":[],"class_list":{"0":"post-7114","1":"product","2":"type-product","3":"status-publish","4":"has-post-thumbnail","6":"product_cat-filtro-de-polvo","7":"desktop-align-left","8":"tablet-align-left","9":"mobile-align-left","11":"first","12":"instock","13":"shipping-taxable","14":"product-type-simple"},"_links":{"self":[{"href":"https:\/\/www.zonelenviro.com\/es\/wp-json\/wp\/v2\/product\/7114","targetHints":{"allow":["GET"]}}],"collection":[{"href":"https:\/\/www.zonelenviro.com\/es\/wp-json\/wp\/v2\/product"}],"about":[{"href":"https:\/\/www.zonelenviro.com\/es\/wp-json\/wp\/v2\/types\/product"}],"version-history":[{"count":0,"href":"https:\/\/www.zonelenviro.com\/es\/wp-json\/wp\/v2\/product\/7114\/revisions"}],"wp:featuredmedia":[{"embeddable":true,"href":"https:\/\/www.zonelenviro.com\/es\/wp-json\/wp\/v2\/media\/7115"}],"wp:attachment":[{"href":"https:\/\/www.zonelenviro.com\/es\/wp-json\/wp\/v2\/media?parent=7114"}],"wp:term":[{"taxonomy":"product_brand","embeddable":true,"href":"https:\/\/www.zonelenviro.com\/es\/wp-json\/wp\/v2\/product_brand?post=7114"},{"taxonomy":"product_cat","embeddable":true,"href":"https:\/\/www.zonelenviro.com\/es\/wp-json\/wp\/v2\/product_cat?post=7114"},{"taxonomy":"product_tag","embeddable":true,"href":"https:\/\/www.zonelenviro.com\/es\/wp-json\/wp\/v2\/product_tag?post=7114"}],"curies":[{"name":"wp","href":"https:\/\/api.w.org\/{rel}","templated":true}]}}