{"id":7139,"date":"2024-03-19T14:07:46","date_gmt":"2024-03-19T06:07:46","guid":{"rendered":"https:\/\/www.zonelenviro.com\/bolsas-de-filtro-de-polvo-nomex-tela-filtrante-de-fieltro-con-aguja-de-aramida-nomex\/"},"modified":"2024-09-05T17:22:06","modified_gmt":"2024-09-05T09:22:06","slug":"bolsas-de-filtro-de-polvo-nomex-tela-filtrante-de-fieltro-con-aguja-de-aramida-nomex","status":"publish","type":"product","link":"https:\/\/www.zonelenviro.com\/es\/bolsas-de-filtro-de-polvo-nomex-tela-filtrante-de-fieltro-con-aguja-de-aramida-nomex.html","title":{"rendered":"Bolsas de filtro de polvo Nomex\/tela filtrante de fieltro con aguja de aramida\/Nomex"},"content":{"rendered":"<p>Tela filtrante de fieltro punzonado de aramida\/Nomex, bolsas colectoras de polvo de Nomex<\/p>\n<h2>Introducci\u00f3n general de la tela filtrante de fieltro punzonado de aramida (Nomex):<\/h2>\n<p>La fibra de aramida\/fibra de meta-aramida para la producci\u00f3n de tela filtrante de fieltro punzonado tambi\u00e9n se denomina fibra de aramida 1313 en China, y Nomex\u00ae es un tipo de fibra de aramida producida por Dupont\u00ae.<\/p>\n<p>Zonel Filtech adopt\u00f3 la fibra de aramida de calidad superior y la enteje y luego la punz\u00f3 con agujas para formar el fieltro, despu\u00e9s del tratamiento de acabado s\u00f3lido, como el quemado, el calandrado, el termofijado, la repelencia al agua y al aceite, la laminaci\u00f3n con membrana de PTFE, etc., para hacer la tela filtrante con las propiedades de mayor resistencia a la tracci\u00f3n, resistencia a la abrasi\u00f3n, menor emisi\u00f3n, adecuada para la purificaci\u00f3n del aire con polvo pegajoso\/con alta humedad, f\u00e1cil purga, menor contracci\u00f3n t\u00e9rmica, etc.<\/p>\n<p>Las bolsas filtrantes de aramida (Nomex) funcionan principalmente en la sala de filtros de mangas con una temperatura de entre 130 y 220 grados C, un valor de pH adecuado entre 5 y 9, y se utilizan ampliamente en la industria del acero, la industria del negro de carbono, las industrias de materiales de construcci\u00f3n (plantas de cemento, estaciones de mezcla de asfalto, etc.) y la industria energ\u00e9tica, etc.<\/p>\n<h2>Productos relevantes:<\/h2>\n<p>Bolsas de filtro y tela filtrante de fieltro con aguja de PPS<\/p>\n<h2>Especificaci\u00f3n relevante para el fieltro de aguja de aramida (Nomex)<\/h2>\n<ul>\n<li>Material: fibra de aramida (Nomex), con soporte de malla\/tela de aramida (Nomex).<\/li>\n<li>Peso: 350~650 g\/m\u00b2<\/li>\n<li>Temperatura de funcionamiento: continua: \u2264204\u2103; picos: 220\u2103<\/li>\n<li>Tratamiento de la superficie: chamuscado y esmaltado, termoendurecido, repelente al agua y al aceite, ba\u00f1o de suspensi\u00f3n de PTFE, membrana de PTFE.<\/li>\n<li>\u00a1Podemos personalizar los productos seg\u00fan los requisitos de los clientes!<\/li>\n<\/ul>\n<h2>Las propiedades del medio filtrante de aramida\/Nomex<\/h2>\n<ol>\n<li>Resistencia a altas temperaturas: Temperatura de funcionamiento continuo recomendada: \u2264204 grados C (para obtener la vida \u00fatil m\u00e1s larga, la temperatura de funcionamiento continuo sugiere no superar los 180 grados C); picos instant\u00e1neos: 220 grados C.<\/li>\n<li>Tama\u00f1o estable a altas temperaturas despu\u00e9s del tratamiento de termoendurecimiento: a 220 grados C, la contracci\u00f3n no supera el 1%.<\/li>\n<li>Ign\u00edfugo.<\/li>\n<li>Buena resistencia a la abrasi\u00f3n y al plegado.<\/li>\n<li>Precio m\u00e1s econ\u00f3mico en comparaci\u00f3n con otras telas filtrantes resistentes al calor.<\/li>\n<li>Larga vida \u00fatil.<\/li>\n<\/ol>\n<h2>Principales aplicaciones de las bolsas filtrantes de aramida\/Nomex<\/h2>\n<ol>\n<li>Industrias qu\u00edmicas: Casas de filtros de mangas de secado en las plantas de pigmentos, pl\u00e1sticos, catalizadores y negro de humo, etc.<\/li>\n<li>Industrias minerales: Casas de filtros de mangas de secado en las casas de mangas de enfriadores de yeso y cl\u00ednker, etc.<\/li>\n<li>Industrias metal\u00fargicas: Colectores de proceso de alta temperatura para \u00f3xido de plomo y casas de mangas de hornos de arco el\u00e9ctrico en las f\u00e1bricas de hierro, etc.<\/li>\n<li>Generaci\u00f3n de energ\u00eda e incineraci\u00f3n: Colectores de manejo de cenizas volantes.<\/li>\n<li>Industrias de materiales de construcci\u00f3n: manejan el gas de cola de los hornos verticales de las plantas de cemento (bolsas de filtro para la planta de cemento), el aire en polvo de la planta mezcladora de asfalto, etc.<\/li>\n<\/ol>\n<p><strong>Zonel<\/strong><strong>ISO9001:2015<\/strong><\/p>\n","protected":false},"excerpt":{"rendered":"<p>La fibra de aramida\/fibra de meta-aramida para la producci\u00f3n de tela filtrante de fieltro punzonado tambi\u00e9n se denomina fibra de aramida 1313 en China, y Nomex\u00ae es un tipo de fibras de aramida producidas por Dupont\u00ae.<\/p>\n<p>Zonel Filtech adopt\u00f3 la fibra de aramida de calidad superior y la enteje y luego la punz\u00f3 bien con agujas para formar el fieltro, despu\u00e9s del tratamiento de acabado s\u00f3lido como el quemado, el calandrado, el termofijado, la repelencia al agua y al aceite, la laminaci\u00f3n con membrana de PTFE, etc., para hacer la tela filtrante con las propiedades de mayor resistencia a la tracci\u00f3n, resistencia a la abrasi\u00f3n, menor emisi\u00f3n, adecuada para la purificaci\u00f3n del aire con polvo pegajoso\/con alta humedad, f\u00e1cil purga, menor contracci\u00f3n por calor, etc.<\/p>\n<p>Las bolsas filtrantes de aramida (Nomex) funcionan principalmente en la casa de filtros de mangas con una temperatura de entre 130 ~ 220 grados C, un valor de pH adecuado entre 5 ~ 9, ampliamente utilizadas en la industria del acero, la industria del negro de carbono, las industrias de materiales de construcci\u00f3n (plantas de cemento, estaciones de mezcla de asfalto, etc.) y la industria energ\u00e9tica, etc.<\/p>\n","protected":false},"featured_media":7140,"template":"","meta":{"site-sidebar-layout":"default","site-content-layout":"","ast-site-content-layout":"default","site-content-style":"default","site-sidebar-style":"default","ast-global-header-display":"","ast-banner-title-visibility":"","ast-main-header-display":"","ast-hfb-above-header-display":"","ast-hfb-below-header-display":"","ast-hfb-mobile-header-display":"","site-post-title":"","ast-breadcrumbs-content":"","ast-featured-img":"","footer-sml-layout":"","theme-transparent-header-meta":"default","adv-header-id-meta":"","stick-header-meta":"","header-above-stick-meta":"","header-main-stick-meta":"","header-below-stick-meta":"","astra-migrate-meta-layouts":"set","ast-page-background-enabled":"default","ast-page-background-meta":{"desktop":{"background-color":"","background-image":"","background-repeat":"repeat","background-position":"center center","background-size":"auto","background-attachment":"scroll","background-type":"","background-media":"","overlay-type":"","overlay-color":"","overlay-opacity":"","overlay-gradient":""},"tablet":{"background-color":"","background-image":"","background-repeat":"repeat","background-position":"center center","background-size":"auto","background-attachment":"scroll","background-type":"","background-media":"","overlay-type":"","overlay-color":"","overlay-opacity":"","overlay-gradient":""},"mobile":{"background-color":"","background-image":"","background-repeat":"repeat","background-position":"center center","background-size":"auto","background-attachment":"scroll","background-type":"","background-media":"","overlay-type":"","overlay-color":"","overlay-opacity":"","overlay-gradient":""}},"ast-content-background-meta":{"desktop":{"background-color":"var(--ast-global-color-5)","background-image":"","background-repeat":"repeat","background-position":"center center","background-size":"auto","background-attachment":"scroll","background-type":"","background-media":"","overlay-type":"","overlay-color":"","overlay-opacity":"","overlay-gradient":""},"tablet":{"background-color":"var(--ast-global-color-5)","background-image":"","background-repeat":"repeat","background-position":"center center","background-size":"auto","background-attachment":"scroll","background-type":"","background-media":"","overlay-type":"","overlay-color":"","overlay-opacity":"","overlay-gradient":""},"mobile":{"background-color":"var(--ast-global-color-5)","background-image":"","background-repeat":"repeat","background-position":"center center","background-size":"auto","background-attachment":"scroll","background-type":"","background-media":"","overlay-type":"","overlay-color":"","overlay-opacity":"","overlay-gradient":""}}},"product_brand":[],"product_cat":[94],"product_tag":[],"class_list":{"0":"post-7139","1":"product","2":"type-product","3":"status-publish","4":"has-post-thumbnail","6":"product_cat-filtro-de-polvo","7":"desktop-align-left","8":"tablet-align-left","9":"mobile-align-left","11":"first","12":"instock","13":"shipping-taxable","14":"product-type-simple"},"_links":{"self":[{"href":"https:\/\/www.zonelenviro.com\/es\/wp-json\/wp\/v2\/product\/7139","targetHints":{"allow":["GET"]}}],"collection":[{"href":"https:\/\/www.zonelenviro.com\/es\/wp-json\/wp\/v2\/product"}],"about":[{"href":"https:\/\/www.zonelenviro.com\/es\/wp-json\/wp\/v2\/types\/product"}],"version-history":[{"count":0,"href":"https:\/\/www.zonelenviro.com\/es\/wp-json\/wp\/v2\/product\/7139\/revisions"}],"wp:featuredmedia":[{"embeddable":true,"href":"https:\/\/www.zonelenviro.com\/es\/wp-json\/wp\/v2\/media\/7140"}],"wp:attachment":[{"href":"https:\/\/www.zonelenviro.com\/es\/wp-json\/wp\/v2\/media?parent=7139"}],"wp:term":[{"taxonomy":"product_brand","embeddable":true,"href":"https:\/\/www.zonelenviro.com\/es\/wp-json\/wp\/v2\/product_brand?post=7139"},{"taxonomy":"product_cat","embeddable":true,"href":"https:\/\/www.zonelenviro.com\/es\/wp-json\/wp\/v2\/product_cat?post=7139"},{"taxonomy":"product_tag","embeddable":true,"href":"https:\/\/www.zonelenviro.com\/es\/wp-json\/wp\/v2\/product_tag?post=7139"}],"curies":[{"name":"wp","href":"https:\/\/api.w.org\/{rel}","templated":true}]}}