{"id":7160,"date":"2024-03-19T13:58:38","date_gmt":"2024-03-19T05:58:38","guid":{"rendered":"https:\/\/www.zonelenviro.com\/cartuchos-de-filtro-de-polvo-cartuchos-de-filtro-de-repuesto\/"},"modified":"2024-09-05T17:27:00","modified_gmt":"2024-09-05T09:27:00","slug":"cartuchos-de-filtro-de-polvo-cartuchos-de-filtro-de-repuesto","status":"publish","type":"product","link":"https:\/\/www.zonelenviro.com\/es\/cartuchos-de-filtro-de-polvo-cartuchos-de-filtro-de-repuesto.html","title":{"rendered":"Cartuchos de filtro de polvo\/Cartuchos de filtro de repuesto"},"content":{"rendered":"<h2>La introducci\u00f3n de los cartuchos de filtro de polvo de repuesto<\/h2>\n<p>Los cartuchos de filtro de polvo fueron las partes clave de los colectores de polvo de cartucho que ayudan a purificar el aire con polvo directamente, de acuerdo con diferentes sistemas con aplicaciones especiales, el cartucho siempre est\u00e1 dise\u00f1ado con diferentes tapas con el m\u00e9todo de sellado correspondiente, diferentes materiales de filtro y el material de pegamento, por lo que el proveedor profesional y experimentado lo ayudar\u00e1 a resolver todos estos tipos de problemas en caso de que ocurra un posible accidente durante el funcionamiento.<\/p>\n<p>Zonel Filtech proporciona soluciones completas para los cartuchos de filtro de repuesto para casi todos los colectores de polvo de marcas famosas del mundo, como los cartuchos de repuesto para colectores de polvo de cartucho Donaldson\u00ae, colectores de polvo de cartucho Nederman\u00ae, colectores de polvo de cartucho Amano\u00ae, colectores de polvo de cartucho FARR\u00ae, colectores de polvo de cartucho Nordson\u00ae, etc.<\/p>\n<p>Adem\u00e1s del cartucho de filtro de polvo normal, Zonel Filtech tambi\u00e9n proporciona cartuchos de filtro de polvo de buena calidad y resistentes a altas temperaturas, como cartuchos de filtro de aramida (cartucho de filtro Nomex), cartuchos de filtro PPS, etc. para la purificaci\u00f3n del aire con polvo a alta temperatura. Los cartuchos de filtro de repuesto de Zonel Filtech con una construcci\u00f3n estable y fuerte, con mayor capacidad de carga de polvo y menor resistencia inicial, dise\u00f1o de m\u00e9todo de limpieza por chorro de pulso con una alta eficiencia para la regeneraci\u00f3n del cartucho de filtro de polvo, mayor vida \u00fatil.<\/p>\n<h2>Las propiedades de los cartuchos filtrantes para colectores de polvo de Zonel Filtech<\/h2>\n<ol>\n<li>El material de la tapa del filtro puede ser acero al carbono con un revestimiento (galvanizado, revestimiento de silicio org\u00e1nico u otra pintura antioxidante, etc.), acero inoxidable, nailon, ABS, caucho, etc., y se puede personalizar seg\u00fan la muestra del cliente.<\/li>\n<li>El material de filtro adoptado en los cartuchos de filtro de polvo de Zonel Filtech, que provienen de marcas mundialmente famosas, con una eficiencia de filtraci\u00f3n mejorada en part\u00edculas submicr\u00f3nicas (99,9 % + en 0,2 a 2 micrones); tambi\u00e9n, puede ser adecuado para muchas circunstancias de trabajo, como para purificar el aire con polvo corrosivo, aire con polvo explosivo, aire con polvo pegajoso\/con alta humedad, aire con polvo a alta temperatura, etc.<\/li>\n<li>Los accesorios de junta herm\u00e9tica est\u00e1n disponibles para aplicaciones en muchas temperaturas y condiciones.<\/li>\n<li>Ofrece una excelente liberaci\u00f3n de polvo, incorpora un dise\u00f1o de acuerdo con los requisitos, varias opciones de instalaci\u00f3n disponibles, f\u00e1cil de instalar y ahorra tiempo.<\/li>\n<li>Con el dise\u00f1o m\u00e1s razonable en forma, tama\u00f1o y material para hacer que los colectores de polvo siempre tengan una resistencia estable y menor, ayuden a aumentar la vida \u00fatil y requieran menos mantenimiento.<\/li>\n<\/ol>\n<h2>Las aplicaciones de los cartuchos filtrantes para colectores de polvo de Zonel Filtech<\/h2>\n<p>Principalmente para el reemplazo de los cartuchos de filtro para colectores de polvo, aceptamos el dise\u00f1o y la muestra personalizada.<\/p>\n<p><strong>ZONEL<\/strong><strong>ISO9001:2015<\/strong><\/p>\n","protected":false},"excerpt":{"rendered":"<p>Los cartuchos de filtro de polvo son las partes clave de los colectores de polvo de cartucho, de acuerdo con los diferentes sistemas con las aplicaciones especiales, el cartucho siempre est\u00e1 dise\u00f1ado con diferentes tapas con el m\u00e9todo de sellado correspondiente, diferentes materiales de filtro y el material de pegamento, por lo que el proveedor profesional y experimentado lo ayudar\u00e1 a resolver todos estos tipos de problemas en caso de que ocurra un posible accidente durante el funcionamiento.<\/p>\n<p>Zonel Filtech proporciona soluciones completas para los cartuchos de filtro de repuesto para casi todos los colectores de polvo de marcas famosas del mundo, como los cartuchos de repuesto para colectores de polvo de cartucho Donaldson\u00ae, colectores de polvo de cartucho Nederman\u00ae, colectores de polvo de cartucho Amano\u00ae, colectores de polvo de cartucho FARR\u00ae, colectores de polvo de cartucho Nordson\u00ae, etc.<\/p>\n<p>Los cartuchos de filtro de repuesto de Zonel Filtech con las propiedades de una construcci\u00f3n estable y fuerte, gran capacidad de carga de polvo y buena relaci\u00f3n aire\/tela, larga vida \u00fatil, cualquier ayuda que necesite, \u00a1bienvenido a contactarnos!<\/p>\n","protected":false},"featured_media":7161,"template":"","meta":{"site-sidebar-layout":"default","site-content-layout":"","ast-site-content-layout":"default","site-content-style":"default","site-sidebar-style":"default","ast-global-header-display":"","ast-banner-title-visibility":"","ast-main-header-display":"","ast-hfb-above-header-display":"","ast-hfb-below-header-display":"","ast-hfb-mobile-header-display":"","site-post-title":"","ast-breadcrumbs-content":"","ast-featured-img":"","footer-sml-layout":"","theme-transparent-header-meta":"default","adv-header-id-meta":"","stick-header-meta":"","header-above-stick-meta":"","header-main-stick-meta":"","header-below-stick-meta":"","astra-migrate-meta-layouts":"set","ast-page-background-enabled":"default","ast-page-background-meta":{"desktop":{"background-color":"","background-image":"","background-repeat":"repeat","background-position":"center center","background-size":"auto","background-attachment":"scroll","background-type":"","background-media":"","overlay-type":"","overlay-color":"","overlay-opacity":"","overlay-gradient":""},"tablet":{"background-color":"","background-image":"","background-repeat":"repeat","background-position":"center center","background-size":"auto","background-attachment":"scroll","background-type":"","background-media":"","overlay-type":"","overlay-color":"","overlay-opacity":"","overlay-gradient":""},"mobile":{"background-color":"","background-image":"","background-repeat":"repeat","background-position":"center center","background-size":"auto","background-attachment":"scroll","background-type":"","background-media":"","overlay-type":"","overlay-color":"","overlay-opacity":"","overlay-gradient":""}},"ast-content-background-meta":{"desktop":{"background-color":"var(--ast-global-color-5)","background-image":"","background-repeat":"repeat","background-position":"center center","background-size":"auto","background-attachment":"scroll","background-type":"","background-media":"","overlay-type":"","overlay-color":"","overlay-opacity":"","overlay-gradient":""},"tablet":{"background-color":"var(--ast-global-color-5)","background-image":"","background-repeat":"repeat","background-position":"center center","background-size":"auto","background-attachment":"scroll","background-type":"","background-media":"","overlay-type":"","overlay-color":"","overlay-opacity":"","overlay-gradient":""},"mobile":{"background-color":"var(--ast-global-color-5)","background-image":"","background-repeat":"repeat","background-position":"center center","background-size":"auto","background-attachment":"scroll","background-type":"","background-media":"","overlay-type":"","overlay-color":"","overlay-opacity":"","overlay-gradient":""}}},"product_brand":[],"product_cat":[94],"product_tag":[],"class_list":{"0":"post-7160","1":"product","2":"type-product","3":"status-publish","4":"has-post-thumbnail","6":"product_cat-filtro-de-polvo","7":"desktop-align-left","8":"tablet-align-left","9":"mobile-align-left","11":"first","12":"instock","13":"shipping-taxable","14":"product-type-simple"},"_links":{"self":[{"href":"https:\/\/www.zonelenviro.com\/es\/wp-json\/wp\/v2\/product\/7160","targetHints":{"allow":["GET"]}}],"collection":[{"href":"https:\/\/www.zonelenviro.com\/es\/wp-json\/wp\/v2\/product"}],"about":[{"href":"https:\/\/www.zonelenviro.com\/es\/wp-json\/wp\/v2\/types\/product"}],"version-history":[{"count":0,"href":"https:\/\/www.zonelenviro.com\/es\/wp-json\/wp\/v2\/product\/7160\/revisions"}],"wp:featuredmedia":[{"embeddable":true,"href":"https:\/\/www.zonelenviro.com\/es\/wp-json\/wp\/v2\/media\/7161"}],"wp:attachment":[{"href":"https:\/\/www.zonelenviro.com\/es\/wp-json\/wp\/v2\/media?parent=7160"}],"wp:term":[{"taxonomy":"product_brand","embeddable":true,"href":"https:\/\/www.zonelenviro.com\/es\/wp-json\/wp\/v2\/product_brand?post=7160"},{"taxonomy":"product_cat","embeddable":true,"href":"https:\/\/www.zonelenviro.com\/es\/wp-json\/wp\/v2\/product_cat?post=7160"},{"taxonomy":"product_tag","embeddable":true,"href":"https:\/\/www.zonelenviro.com\/es\/wp-json\/wp\/v2\/product_tag?post=7160"}],"curies":[{"name":"wp","href":"https:\/\/api.w.org\/{rel}","templated":true}]}}