{"id":7183,"date":"2024-03-19T13:52:02","date_gmt":"2024-03-19T05:52:02","guid":{"rendered":"https:\/\/www.zonelenviro.com\/tela-filtrante-de-fieltro-con-aguja-pps-ryton-bolsas-filtrantes-de-polvo-pps\/"},"modified":"2024-09-05T17:35:25","modified_gmt":"2024-09-05T09:35:25","slug":"tela-filtrante-de-fieltro-con-aguja-pps-ryton-bolsas-filtrantes-de-polvo-pps","status":"publish","type":"product","link":"https:\/\/www.zonelenviro.com\/es\/tela-filtrante-de-fieltro-con-aguja-pps-ryton-bolsas-filtrantes-de-polvo-pps.html","title":{"rendered":"Tela filtrante de fieltro con aguja PPS\/Ryton, bolsas filtrantes de polvo PPS"},"content":{"rendered":"<p>Tela filtrante de fieltro punzonado PPS\/Ryton\/Procon, bolsas filtrantes de polvo PPS<\/p>\n<h2>Introducci\u00f3n general de la tela filtrante PPS:<\/h2>\n<p>PPS PPS (sulfuro de polifenileno, Ryton\u00ae, Procon\u00ae) es uno de los mejores materiales de filtrado con propiedades de resistencia a altas temperaturas, anti\u00e1cido, anti\u00e1lcali, resistente a la hidr\u00f3lisis, etc. Las bolsas de filtro PPS se utilizan principalmente para eliminar el polvo del aire que incluye algunos materiales \u00e1cidos o alcalinos a altas temperaturas, como la limpieza de gases de ebullici\u00f3n de plantas de energ\u00eda t\u00e9rmica, la eliminaci\u00f3n de humos de incineradores de residuos, etc.<\/p>\n<p>Zonel Filtech adopt\u00f3 la fibra PPS de primera calidad (sulfuro de polifenileno, Ryton\u00ae, Procon\u00ae) con procesamiento de punzonado de aguja fina y tratamiento de superficie, tratamiento qu\u00edmico, etc., para hacer que las bolsas de filtro sean duraderas y puedan cumplir con varios requisitos de filtraci\u00f3n de clientes en diferentes industrias.<\/p>\n<p>Zonel Filtech investig\u00f3 y desarroll\u00f3 un nuevo tipo de bolsa de filtro PPS, sin membrana de PTFE, que puede controlar la emisi\u00f3n mucho menos de 20 mg\/Nm3, con la misma relaci\u00f3n aire\/tela, la resistencia es al menos un 40% menor, puede ayudar al cliente a ahorrar espacio en la c\u00e1mara de filtros, ahorrar energ\u00eda de purga y tambi\u00e9n puede ayudar a prolongar la vida \u00fatil de las bolsas de filtro.<\/p>\n<h2>Informaci\u00f3n relevante:<\/h2>\n<p>\u00bfPor qu\u00e9 elegir las bolsas filtrantes de polvo PPS para aplicaciones en plantas de energ\u00eda t\u00e9rmica de Zonel Filtech?<\/p>\n<h2>Productos relevantes:<\/h2>\n<ul>\n<li>Tela filtrante y bolsas filtrantes de fieltro punzonado de Nomex\/Aramida<\/li>\n<\/ul>\n<h2>Especificaciones relevantes para el fieltro punzonado de PPS<\/h2>\n<p>Material: fibra de PPS (sulfuro de polifenileno, Ryton\u00ae, Procon\u00ae), soportada con PPS PPS (sulfuro de polifenileno, Ryton\u00ae, Procon\u00ae) malla Peso: 300~750 g\/m2 Temperatura de funcionamiento: Continua: \u2264190\u2103; Picos: 220\u2103 Tratamiento de superficie disponible: chamuscado y esmaltado, termoendurecido, ba\u00f1o de suspensi\u00f3n de PTFE, membrana de PTFE, tratamiento de superficie de tama\u00f1o de microporo. \u00a1Podemos personalizar los productos seg\u00fan los requisitos de los clientes!<\/p>\n<h2>Las propiedades de las bolsas filtrantes de polvo PPS y los servicios de ZONEL FILTECH<\/h2>\n<ol>\n<li>Con un equipo t\u00e9cnico profesional, dise\u00f1o de acuerdo con los requisitos del cliente, se garantiza un buen rendimiento.<\/li>\n<li>Emisi\u00f3n dentro de los requisitos, menor resistencia inicial, no es f\u00e1cil de bloquear.<\/li>\n<li>Se ofrecer\u00e1n sugerencias de operaci\u00f3n, no se rompe f\u00e1cilmente y es duradero.<\/li>\n<li>Todos los tama\u00f1os y tratamientos de acabado disponibles, y entrega inmediata.<\/li>\n<li>Ofrece servicios posventa las 24 horas del d\u00eda y una respuesta m\u00e1s r\u00e1pida.<\/li>\n<\/ol>\n<h2>Principales aplicaciones de las bolsas filtrantes PPS<\/h2>\n<p>Las bolsas de filtro PPS suministradas por ZONEL FILTECH se utilizan principalmente para la recolecci\u00f3n de polvo\/eliminaci\u00f3n de humos para calderas de carb\u00f3n en plantas de energ\u00eda t\u00e9rmica, plantas de cemento, plantas de hierro y acero, plantas qu\u00edmicas, etc., y tambi\u00e9n para incineradores de residuos, hornos de coque, hornos de cemento, procesos de secado qu\u00edmico del proceso de purificaci\u00f3n de gases de combusti\u00f3n, etc. ZonelISO9001:2015<\/p>\n","protected":false},"excerpt":{"rendered":"<p>PPS PPS (sulfuro de polifenileno, Ryton\u00ae, Procon\u00ae) es uno de los mejores materiales de filtro con las propiedades de resistencia a altas temperaturas, anti\u00e1cido, anti\u00e1lcali y resistente a la hidr\u00f3lisis. Las bolsas de filtro PPS se utilizan principalmente para purificar el aire de polvo que incluye algunos materiales \u00e1cidos o alcalinos a altas temperaturas, como la limpieza de gases de escape de ebullici\u00f3n de plantas de energ\u00eda t\u00e9rmica, la eliminaci\u00f3n de humos de incineradores de residuos, etc.<\/p>\n<p>Zonel Filtech adopt\u00f3 la fibra PPS de primer grado con un s\u00f3lido procesamiento de punzonado con aguja y tratamiento de superficie, tratamiento qu\u00edmico, para hacer que las bolsas de filtro cumplan con varios requisitos de filtraci\u00f3n de clientes en diferentes industrias.<\/p>\n<p>Zonel Filtech investig\u00f3 y desarroll\u00f3 un nuevo tipo de bolsa de filtro PPS, sin una membrana de PTFE, que puede controlar la emisi\u00f3n mucho menos de 20 mg\/Nm3 en la misma relaci\u00f3n aire\/tela, la resistencia es un 40% menor al menos y ofrece una soluci\u00f3n mucho m\u00e1s eficiente pero econ\u00f3mica para nuestros clientes.<\/p>\n","protected":false},"featured_media":7184,"template":"","meta":{"site-sidebar-layout":"default","site-content-layout":"","ast-site-content-layout":"default","site-content-style":"default","site-sidebar-style":"default","ast-global-header-display":"","ast-banner-title-visibility":"","ast-main-header-display":"","ast-hfb-above-header-display":"","ast-hfb-below-header-display":"","ast-hfb-mobile-header-display":"","site-post-title":"","ast-breadcrumbs-content":"","ast-featured-img":"","footer-sml-layout":"","theme-transparent-header-meta":"default","adv-header-id-meta":"","stick-header-meta":"","header-above-stick-meta":"","header-main-stick-meta":"","header-below-stick-meta":"","astra-migrate-meta-layouts":"set","ast-page-background-enabled":"default","ast-page-background-meta":{"desktop":{"background-color":"","background-image":"","background-repeat":"repeat","background-position":"center center","background-size":"auto","background-attachment":"scroll","background-type":"","background-media":"","overlay-type":"","overlay-color":"","overlay-opacity":"","overlay-gradient":""},"tablet":{"background-color":"","background-image":"","background-repeat":"repeat","background-position":"center center","background-size":"auto","background-attachment":"scroll","background-type":"","background-media":"","overlay-type":"","overlay-color":"","overlay-opacity":"","overlay-gradient":""},"mobile":{"background-color":"","background-image":"","background-repeat":"repeat","background-position":"center center","background-size":"auto","background-attachment":"scroll","background-type":"","background-media":"","overlay-type":"","overlay-color":"","overlay-opacity":"","overlay-gradient":""}},"ast-content-background-meta":{"desktop":{"background-color":"var(--ast-global-color-5)","background-image":"","background-repeat":"repeat","background-position":"center center","background-size":"auto","background-attachment":"scroll","background-type":"","background-media":"","overlay-type":"","overlay-color":"","overlay-opacity":"","overlay-gradient":""},"tablet":{"background-color":"var(--ast-global-color-5)","background-image":"","background-repeat":"repeat","background-position":"center center","background-size":"auto","background-attachment":"scroll","background-type":"","background-media":"","overlay-type":"","overlay-color":"","overlay-opacity":"","overlay-gradient":""},"mobile":{"background-color":"var(--ast-global-color-5)","background-image":"","background-repeat":"repeat","background-position":"center center","background-size":"auto","background-attachment":"scroll","background-type":"","background-media":"","overlay-type":"","overlay-color":"","overlay-opacity":"","overlay-gradient":""}}},"product_brand":[],"product_cat":[94],"product_tag":[],"class_list":{"0":"post-7183","1":"product","2":"type-product","3":"status-publish","4":"has-post-thumbnail","6":"product_cat-filtro-de-polvo","7":"desktop-align-left","8":"tablet-align-left","9":"mobile-align-left","11":"first","12":"instock","13":"shipping-taxable","14":"product-type-simple"},"_links":{"self":[{"href":"https:\/\/www.zonelenviro.com\/es\/wp-json\/wp\/v2\/product\/7183","targetHints":{"allow":["GET"]}}],"collection":[{"href":"https:\/\/www.zonelenviro.com\/es\/wp-json\/wp\/v2\/product"}],"about":[{"href":"https:\/\/www.zonelenviro.com\/es\/wp-json\/wp\/v2\/types\/product"}],"version-history":[{"count":3,"href":"https:\/\/www.zonelenviro.com\/es\/wp-json\/wp\/v2\/product\/7183\/revisions"}],"predecessor-version":[{"id":7196,"href":"https:\/\/www.zonelenviro.com\/es\/wp-json\/wp\/v2\/product\/7183\/revisions\/7196"}],"wp:featuredmedia":[{"embeddable":true,"href":"https:\/\/www.zonelenviro.com\/es\/wp-json\/wp\/v2\/media\/7184"}],"wp:attachment":[{"href":"https:\/\/www.zonelenviro.com\/es\/wp-json\/wp\/v2\/media?parent=7183"}],"wp:term":[{"taxonomy":"product_brand","embeddable":true,"href":"https:\/\/www.zonelenviro.com\/es\/wp-json\/wp\/v2\/product_brand?post=7183"},{"taxonomy":"product_cat","embeddable":true,"href":"https:\/\/www.zonelenviro.com\/es\/wp-json\/wp\/v2\/product_cat?post=7183"},{"taxonomy":"product_tag","embeddable":true,"href":"https:\/\/www.zonelenviro.com\/es\/wp-json\/wp\/v2\/product_tag?post=7183"}],"curies":[{"name":"wp","href":"https:\/\/api.w.org\/{rel}","templated":true}]}}