{"id":7224,"date":"2024-03-19T11:19:49","date_gmt":"2024-03-19T03:19:49","guid":{"rendered":"https:\/\/www.zonelenviro.com\/filtros-magneticos-eliminador-de-particulas-de-hierro\/"},"modified":"2024-09-05T18:12:58","modified_gmt":"2024-09-05T10:12:58","slug":"filtros-magneticos-eliminador-de-particulas-de-hierro","status":"publish","type":"product","link":"https:\/\/www.zonelenviro.com\/es\/filtros-magneticos-eliminador-de-particulas-de-hierro.html","title":{"rendered":"Filtros magn\u00e9ticos, eliminador de part\u00edculas de hierro"},"content":{"rendered":"\t\t<div data-elementor-type=\"product-post\" data-elementor-id=\"7224\" class=\"elementor elementor-7224 elementor-1170\" data-elementor-post-type=\"product\">\n\t\t\t\t<div class=\"elementor-element elementor-element-e5337cb e-grid e-con-boxed e-con e-parent\" data-id=\"e5337cb\" data-element_type=\"container\">\n\t\t\t\t\t<div class=\"e-con-inner\">\n\t\t\t\t<div class=\"elementor-element elementor-element-bdc8dbb elementor-widget elementor-widget-image\" data-id=\"bdc8dbb\" data-element_type=\"widget\" data-widget_type=\"image.default\">\n\t\t\t\t<div class=\"elementor-widget-container\">\n\t\t\t\t\t\t\t\t\t\t\t\t\t<img decoding=\"async\" width=\"1\" height=\"1\" src=\"https:\/\/www.zonelenviro.com\/wp-content\/uploads\/2024\/03\/Iron-Particles-Remover.jpg\" class=\"attachment-large size-large wp-image-7231\" alt=\"\" \/>\t\t\t\t\t\t\t\t\t\t\t\t\t<\/div>\n\t\t\t\t<\/div>\n\t\t\t\t<div class=\"elementor-element elementor-element-4dc57eb elementor-widget elementor-widget-text-editor\" data-id=\"4dc57eb\" data-element_type=\"widget\" data-widget_type=\"text-editor.default\">\n\t\t\t\t<div class=\"elementor-widget-container\">\n\t\t\t\t\t\t\t<p><strong>Cartucho filtrante de resina fen\u00f3lica<\/strong><br \/><strong>Introducci\u00f3n general:<\/strong><\/p>\n<p>El filtro magn\u00e9tico, tambi\u00e9n llamado eliminador de hierro con im\u00e1n fuerte, que combinado con varias varillas magn\u00e9ticas permanentes con un circuito magn\u00e9tico especialmente dise\u00f1ado, cuando el l\u00edquido pasa, las part\u00edculas de hierro (0,5 ~ 60 micrones) u otros peque\u00f1os objetos magn\u00e9ticos en la soluci\u00f3n contaminada ser\u00e1n absorbidos por las varillas magn\u00e9ticas para limpiar el l\u00edquido de acuerdo con el dise\u00f1o o los requisitos.<\/p>\n<p><strong>Especificaci\u00f3n t\u00e9cnica:<\/strong><\/p>\n<p>N\u00famero de varillas magn\u00e9ticas: como de costumbre, dise\u00f1ado con 5 a 18 varillas, se pueden personalizar cantidades especiales.<\/p>\n<p>Intensidad magn\u00e9tica: 8000~12000 gauss para opci\u00f3n<\/p>\n<p>Caudal: 5~30CMH, se puede personalizar un caudal especial<\/p>\n<p>Temperatura de servicio: la aplicaci\u00f3n normal es de 80 grados C, la m\u00e1xima es de 300 grados C, el dise\u00f1o se realiza de acuerdo con los requisitos del cliente. (sin requisitos especiales, el dise\u00f1o se realizar\u00e1 de acuerdo con las ocasiones normales) <\/p>\n<p>Presi\u00f3n de servicio: 0,6 ~ 1,2 MPa se puede personalizar.<\/p>\n<p><strong>Propiedades:<\/strong><\/p>\n<p>1. Se adoptaron varillas magn\u00e9ticas permanentes, intensidad magn\u00e9tica de superficie de hasta 8000 ~ 12000 gauss.<\/p>\n<p>2. La intensidad magn\u00e9tica es fuerte, combinada con el dise\u00f1o optimizado del circuito magn\u00e9tico hace que el l\u00edquido entre en contacto con las varillas magn\u00e9ticas lo suficiente, con un buen rendimiento de eliminaci\u00f3n de part\u00edculas de hierro y es f\u00e1cil de limpiar.<\/p>\n<p>3. Puede eliminar part\u00edculas de hierro de 0,5 a 60 micrones u otros objetos magn\u00e9ticos diminutos, mejorando el efecto de filtrado de los materiales de filtrado tradicionales.<\/p>\n<p>4. El material de la superficie puede ser SS304 o SS316 despu\u00e9s del tratamiento de pulido para cumplir con los requisitos de grado alimenticio.<\/p>\n<p>5. El filtro sin consumo energ\u00e9tico, sin otro material consumible incluido, f\u00e1cil de montar y limpiar, menor coste de mantenimiento.<\/p>\n<\/p>\n<p><strong>Solicitud:<\/strong><\/p>\n<p>Industrias alimentaria y farmac\u00e9utica;<\/p>\n<p>Procesamiento mec\u00e1nico;<\/p>\n<p>Producci\u00f3n de pinturas y tintes;<\/p>\n<p>Industrias metal\u00fargicas;<\/p>\n<p>Cer\u00e1mica, etc.<\/p>\n<\/p>\n<p>Adem\u00e1s de la carcasa del filtro magn\u00e9tico, tambi\u00e9n proporcionamos accesorios magn\u00e9ticos especialmente dise\u00f1ados para la carcasa del filtro de bolsa.<\/p>\n\t\t\t\t\t\t<\/div>\n\t\t\t\t<\/div>\n\t\t\t\t\t<\/div>\n\t\t\t\t<\/div>\n\t\t<div class=\"elementor-element elementor-element-88eae35 e-grid e-con-boxed e-con e-parent\" data-id=\"88eae35\" data-element_type=\"container\">\n\t\t\t\t\t<div class=\"e-con-inner\">\n\t\t\t\t<div class=\"elementor-element elementor-element-5baf8a0 elementor-widget elementor-widget-image\" data-id=\"5baf8a0\" data-element_type=\"widget\" data-widget_type=\"image.default\">\n\t\t\t\t<div class=\"elementor-widget-container\">\n\t\t\t\t\t\t\t\t\t\t\t\t\t<img decoding=\"async\" width=\"1\" height=\"1\" src=\"https:\/\/www.zonelenviro.com\/wp-content\/uploads\/2024\/03\/magnetic-filter-with-inner-details.webp\" class=\"attachment-large size-large wp-image-7225\" alt=\"\" \/>\t\t\t\t\t\t\t\t\t\t\t\t\t<\/div>\n\t\t\t\t<\/div>\n\t\t<div class=\"elementor-element elementor-element-e840209 e-grid e-con-boxed e-con e-child\" data-id=\"e840209\" data-element_type=\"container\">\n\t\t\t\t\t<div class=\"e-con-inner\">\n\t\t\t\t<div class=\"elementor-element elementor-element-ccab3c1 elementor-widget elementor-widget-image\" data-id=\"ccab3c1\" data-element_type=\"widget\" data-widget_type=\"image.default\">\n\t\t\t\t<div class=\"elementor-widget-container\">\n\t\t\t\t\t\t\t\t\t\t\t\t\t<img decoding=\"async\" width=\"1\" height=\"1\" src=\"https:\/\/www.zonelenviro.com\/wp-content\/uploads\/2024\/03\/well-installed-magnetic-filter-housing.webp\" class=\"attachment-large size-large wp-image-7226\" alt=\"\" \/>\t\t\t\t\t\t\t\t\t\t\t\t\t<\/div>\n\t\t\t\t<\/div>\n\t\t<div class=\"elementor-element elementor-element-f5c9e4d e-grid e-con-boxed e-con e-child\" data-id=\"f5c9e4d\" data-element_type=\"container\">\n\t\t\t\t\t<div class=\"e-con-inner\">\n\t\t\t\t<div class=\"elementor-element elementor-element-1558f82 elementor-widget elementor-widget-image\" data-id=\"1558f82\" data-element_type=\"widget\" data-widget_type=\"image.default\">\n\t\t\t\t<div class=\"elementor-widget-container\">\n\t\t\t\t\t\t\t\t\t\t\t\t\t<img loading=\"lazy\" decoding=\"async\" width=\"1\" height=\"1\" src=\"https:\/\/www.zonelenviro.com\/wp-content\/uploads\/2024\/03\/magnetic-filter-housing-with-sand-blast-treatment.webp\" class=\"attachment-large size-large wp-image-7228\" alt=\"\" \/>\t\t\t\t\t\t\t\t\t\t\t\t\t<\/div>\n\t\t\t\t<\/div>\n\t\t<div class=\"elementor-element elementor-element-5bbf8b9 e-grid e-con-boxed e-con e-child\" data-id=\"5bbf8b9\" data-element_type=\"container\">\n\t\t\t\t\t<div class=\"e-con-inner\">\n\t\t\t\t<div class=\"elementor-element elementor-element-309c323 elementor-widget elementor-widget-image\" data-id=\"309c323\" data-element_type=\"widget\" data-widget_type=\"image.default\">\n\t\t\t\t<div class=\"elementor-widget-container\">\n\t\t\t\t\t\t\t\t\t\t\t\t\t<img loading=\"lazy\" decoding=\"async\" width=\"1\" height=\"1\" src=\"https:\/\/www.zonelenviro.com\/wp-content\/uploads\/2024\/03\/magnetic-filter-housing-with-details.webp\" class=\"attachment-large size-large wp-image-7229\" alt=\"\" \/>\t\t\t\t\t\t\t\t\t\t\t\t\t<\/div>\n\t\t\t\t<\/div>\n\t\t<div class=\"elementor-element elementor-element-e69af6d e-grid e-con-boxed e-con e-child\" data-id=\"e69af6d\" data-element_type=\"container\">\n\t\t\t\t\t<div class=\"e-con-inner\">\n\t\t\t\t<div class=\"elementor-element elementor-element-00dcd69 elementor-widget elementor-widget-image\" data-id=\"00dcd69\" data-element_type=\"widget\" data-widget_type=\"image.default\">\n\t\t\t\t<div class=\"elementor-widget-container\">\n\t\t\t\t\t\t\t\t\t\t\t\t\t<img loading=\"lazy\" decoding=\"async\" width=\"1\" height=\"1\" src=\"https:\/\/www.zonelenviro.com\/wp-content\/uploads\/2024\/03\/magnetic-filter-with-food-grade.webp\" class=\"attachment-large size-large wp-image-7227\" alt=\"\" \/>\t\t\t\t\t\t\t\t\t\t\t\t\t<\/div>\n\t\t\t\t<\/div>\n\t\t<div class=\"elementor-element elementor-element-5f719af e-grid e-con-boxed e-con e-child\" data-id=\"5f719af\" data-element_type=\"container\">\n\t\t\t\t\t<div class=\"e-con-inner\">\n\t\t\t\t<div class=\"elementor-element elementor-element-a963774 elementor-widget elementor-widget-image\" data-id=\"a963774\" data-element_type=\"widget\" data-widget_type=\"image.default\">\n\t\t\t\t<div class=\"elementor-widget-container\">\n\t\t\t\t\t\t\t\t\t\t\t\t\t<img loading=\"lazy\" decoding=\"async\" width=\"1\" height=\"1\" src=\"https:\/\/www.zonelenviro.com\/wp-content\/uploads\/2024\/03\/magnetic-filter-for-bag-filter-housing.webp\" class=\"attachment-large size-large wp-image-7230\" alt=\"\" \/>\t\t\t\t\t\t\t\t\t\t\t\t\t<\/div>\n\t\t\t\t<\/div>\n\t\t\t\t\t<\/div>\n\t\t\t\t<\/div>\n\t\t\t\t\t<\/div>\n\t\t\t\t<\/div>\n\t\t\t\t\t<\/div>\n\t\t\t\t<\/div>\n\t\t\t\t\t<\/div>\n\t\t\t\t<\/div>\n\t\t\t\t\t<\/div>\n\t\t\t\t<\/div>\n\t\t\t\t\t<\/div>\n\t\t\t\t<\/div>\n\t\t\t\t<\/div>\n\t\t","protected":false},"excerpt":{"rendered":"<p>El filtro magn\u00e9tico, tambi\u00e9n llamado eliminador de hierro con im\u00e1n fuerte, que combinado con varias varillas magn\u00e9ticas permanentes con un circuito magn\u00e9tico especialmente dise\u00f1ado, cuando el l\u00edquido pasa, las part\u00edculas de hierro (0,5 ~ 60 micrones) u otros peque\u00f1os objetos magn\u00e9ticos en la soluci\u00f3n contaminada ser\u00e1n absorbidos por las varillas magn\u00e9ticas para limpiar el l\u00edquido de acuerdo con el dise\u00f1o o los requisitos.<\/p>\n","protected":false},"featured_media":7225,"template":"","meta":{"site-sidebar-layout":"no-sidebar","site-content-layout":"page-builder","ast-site-content-layout":"full-width-container","site-content-style":"default","site-sidebar-style":"default","ast-global-header-display":"","ast-banner-title-visibility":"","ast-main-header-display":"","ast-hfb-above-header-display":"","ast-hfb-below-header-display":"","ast-hfb-mobile-header-display":"","site-post-title":"disabled","ast-breadcrumbs-content":"","ast-featured-img":"disabled","footer-sml-layout":"","theme-transparent-header-meta":"default","adv-header-id-meta":"","stick-header-meta":"","header-above-stick-meta":"","header-main-stick-meta":"","header-below-stick-meta":"","astra-migrate-meta-layouts":"set","ast-page-background-enabled":"default","ast-page-background-meta":{"desktop":{"background-color":"","background-image":"","background-repeat":"repeat","background-position":"center center","background-size":"auto","background-attachment":"scroll","background-type":"","background-media":"","overlay-type":"","overlay-color":"","overlay-opacity":"","overlay-gradient":""},"tablet":{"background-color":"","background-image":"","background-repeat":"repeat","background-position":"center center","background-size":"auto","background-attachment":"scroll","background-type":"","background-media":"","overlay-type":"","overlay-color":"","overlay-opacity":"","overlay-gradient":""},"mobile":{"background-color":"","background-image":"","background-repeat":"repeat","background-position":"center center","background-size":"auto","background-attachment":"scroll","background-type":"","background-media":"","overlay-type":"","overlay-color":"","overlay-opacity":"","overlay-gradient":""}},"ast-content-background-meta":{"desktop":{"background-color":"var(--ast-global-color-5)","background-image":"","background-repeat":"repeat","background-position":"center center","background-size":"auto","background-attachment":"scroll","background-type":"","background-media":"","overlay-type":"","overlay-color":"","overlay-opacity":"","overlay-gradient":""},"tablet":{"background-color":"var(--ast-global-color-5)","background-image":"","background-repeat":"repeat","background-position":"center center","background-size":"auto","background-attachment":"scroll","background-type":"","background-media":"","overlay-type":"","overlay-color":"","overlay-opacity":"","overlay-gradient":""},"mobile":{"background-color":"var(--ast-global-color-5)","background-image":"","background-repeat":"repeat","background-position":"center center","background-size":"auto","background-attachment":"scroll","background-type":"","background-media":"","overlay-type":"","overlay-color":"","overlay-opacity":"","overlay-gradient":""}}},"product_brand":[],"product_cat":[93],"product_tag":[],"class_list":{"0":"post-7224","1":"product","2":"type-product","3":"status-publish","4":"has-post-thumbnail","6":"product_cat-filtro-de-liquido","7":"desktop-align-left","8":"tablet-align-left","9":"mobile-align-left","11":"first","12":"instock","13":"shipping-taxable","14":"product-type-simple"},"_links":{"self":[{"href":"https:\/\/www.zonelenviro.com\/es\/wp-json\/wp\/v2\/product\/7224","targetHints":{"allow":["GET"]}}],"collection":[{"href":"https:\/\/www.zonelenviro.com\/es\/wp-json\/wp\/v2\/product"}],"about":[{"href":"https:\/\/www.zonelenviro.com\/es\/wp-json\/wp\/v2\/types\/product"}],"version-history":[{"count":0,"href":"https:\/\/www.zonelenviro.com\/es\/wp-json\/wp\/v2\/product\/7224\/revisions"}],"wp:featuredmedia":[{"embeddable":true,"href":"https:\/\/www.zonelenviro.com\/es\/wp-json\/wp\/v2\/media\/7225"}],"wp:attachment":[{"href":"https:\/\/www.zonelenviro.com\/es\/wp-json\/wp\/v2\/media?parent=7224"}],"wp:term":[{"taxonomy":"product_brand","embeddable":true,"href":"https:\/\/www.zonelenviro.com\/es\/wp-json\/wp\/v2\/product_brand?post=7224"},{"taxonomy":"product_cat","embeddable":true,"href":"https:\/\/www.zonelenviro.com\/es\/wp-json\/wp\/v2\/product_cat?post=7224"},{"taxonomy":"product_tag","embeddable":true,"href":"https:\/\/www.zonelenviro.com\/es\/wp-json\/wp\/v2\/product_tag?post=7224"}],"curies":[{"name":"wp","href":"https:\/\/api.w.org\/{rel}","templated":true}]}}