{"id":7270,"date":"2024-03-19T08:49:36","date_gmt":"2024-03-19T00:49:36","guid":{"rendered":"https:\/\/www.zonelenviro.com\/carcasa-de-filtro-de-cartucho-de-caudal-alto-gran-caudal\/"},"modified":"2024-09-05T19:16:07","modified_gmt":"2024-09-05T11:16:07","slug":"carcasa-de-filtro-de-cartucho-de-caudal-alto-gran-caudal","status":"publish","type":"product","link":"https:\/\/www.zonelenviro.com\/es\/carcasa-de-filtro-de-cartucho-de-caudal-alto-gran-caudal.html","title":{"rendered":"Carcasa de filtro de cartucho de caudal alto\/gran caudal"},"content":{"rendered":"\t\t<div data-elementor-type=\"product-post\" data-elementor-id=\"7270\" class=\"elementor elementor-7270 elementor-977\" data-elementor-post-type=\"product\">\n\t\t\t\t<div class=\"elementor-element elementor-element-b1ad071 e-grid e-con-boxed e-con e-parent\" data-id=\"b1ad071\" data-element_type=\"container\">\n\t\t\t\t\t<div class=\"e-con-inner\">\n\t\t\t\t<div class=\"elementor-element elementor-element-26b6517 elementor-widget elementor-widget-image\" data-id=\"26b6517\" data-element_type=\"widget\" data-widget_type=\"image.default\">\n\t\t\t\t<div class=\"elementor-widget-container\">\n\t\t\t\t\t\t\t\t\t\t\t\t\t<img decoding=\"async\" width=\"1\" height=\"1\" src=\"https:\/\/www.zonelenviro.com\/wp-content\/uploads\/2024\/03\/high-flow-cartridge-filter-housing.jpg\" class=\"attachment-large size-large wp-image-7277\" alt=\"\" \/>\t\t\t\t\t\t\t\t\t\t\t\t\t<\/div>\n\t\t\t\t<\/div>\n\t\t\t\t\t<\/div>\n\t\t\t\t<\/div>\n\t\t<div class=\"elementor-element elementor-element-8e8af0e e-flex e-con-boxed e-con e-parent\" data-id=\"8e8af0e\" data-element_type=\"container\">\n\t\t\t\t\t<div class=\"e-con-inner\">\n\t\t\t\t<div class=\"elementor-element elementor-element-b1ecb4a elementor-widget elementor-widget-text-editor\" data-id=\"b1ecb4a\" data-element_type=\"widget\" data-widget_type=\"text-editor.default\">\n\t\t\t\t<div class=\"elementor-widget-container\">\n\t\t\t\t\t\t\t<p><strong>Carcasa de filtro de cartucho de acero inoxidable de alto caudal\/gran caudal<\/strong><br \/><strong>Introducci\u00f3n general y propiedades de la carcasa de filtro de cartucho de alto caudal:<\/strong><\/p><p>La carcasa del filtro de cartucho de alto flujo de la serie HFC adopt\u00f3 el<span style=\"color: #33cccc;\"><a style=\"color: #33cccc;\" href=\"https:\/\/www.zonelenviro.com\/es\/cartucho-de-filtro-plisado-de-alto-caudal.html\"><span style=\"color: #3366ff;\"> cartuchos de filtro de alto caudal<\/span><\/a><\/span>En lugar del tradicional cartucho filtrante de polipropileno fundido, el volumen de flujo por cartucho individual puede alcanzar los 50 CBM por hora. En general, 1 unidad de cartucho filtrante de alto flujo de 40 pulgadas equivale a 20 unidades de cartuchos filtrantes de polipropileno fundido con la misma longitud, lo que significa que la carcasa del filtro se puede dise\u00f1ar m\u00e1s peque\u00f1a y es mucho m\u00e1s conveniente para el trabajo de mantenimiento, y tambi\u00e9n se puede obtener una soluci\u00f3n de filtraci\u00f3n mucho m\u00e1s econ\u00f3mica, por supuesto.<\/p><p>Dise\u00f1o disponible para carcasa de filtro de cartucho de alto flujo: Cantidad de cartuchos: 1~50 uds. Tama\u00f1o del cartucho de filtro: 20~60\u201d Material de la carcasa del filtro: SS 304 \/ SS 316 Anillo de sellado: EPDM \/ Viton \/ Silicona \/ FEP+FPM \/ Buna N<\/p><p>Entorno de aplicaci\u00f3n para carcasas de filtros de cartucho de alto caudal: Volumen m\u00e1ximo de caudal de prueba: 20 CBM\/hora con cartucho filtrante de 20\u201d. Temperatura de dise\u00f1o: 150 grados C. Presi\u00f3n de dise\u00f1o: 10 bar.<\/p><p>Industrias aplicables para carcasas de filtros de cartucho de alto caudal: a. Pintura b. Industrias electr\u00f3nicas c. Electrolitos d. Industrias de s\u00edlice e. Productos qu\u00edmicos finos f. Producci\u00f3n de papel g. Industrias de alimentos y bebidas i. Industrias farmac\u00e9uticas<\/p><p>Productos relevantes: Cartuchos filtrantes para l\u00edquidos Sistema completo de filtraci\u00f3n por capas de torta de vela<\/p><hr \/>\t\t\t\t\t\t<\/div>\n\t\t\t\t<\/div>\n\t\t<div class=\"elementor-element elementor-element-818c36c e-grid e-con-boxed e-con e-child\" data-id=\"818c36c\" data-element_type=\"container\">\n\t\t\t\t\t<div class=\"e-con-inner\">\n\t\t\t\t<div class=\"elementor-element elementor-element-5d79d9b elementor-widget elementor-widget-image\" data-id=\"5d79d9b\" data-element_type=\"widget\" data-widget_type=\"image.default\">\n\t\t\t\t<div class=\"elementor-widget-container\">\n\t\t\t\t\t\t\t\t\t\t\t\t\t<img decoding=\"async\" width=\"1\" height=\"1\" src=\"https:\/\/www.zonelenviro.com\/wp-content\/uploads\/2024\/03\/large-flow-volume-filter-housing.webp\" class=\"attachment-large size-large wp-image-7271\" alt=\"\" \/>\t\t\t\t\t\t\t\t\t\t\t\t\t<\/div>\n\t\t\t\t<\/div>\n\t\t<div class=\"elementor-element elementor-element-f913c8c e-grid e-con-boxed e-con e-child\" data-id=\"f913c8c\" data-element_type=\"container\">\n\t\t\t\t\t<div class=\"e-con-inner\">\n\t\t\t\t<div class=\"elementor-element elementor-element-016ec15 elementor-widget elementor-widget-image\" data-id=\"016ec15\" data-element_type=\"widget\" data-widget_type=\"image.default\">\n\t\t\t\t<div class=\"elementor-widget-container\">\n\t\t\t\t\t\t\t\t\t\t\t\t\t<img decoding=\"async\" width=\"1\" height=\"1\" src=\"https:\/\/www.zonelenviro.com\/wp-content\/uploads\/2024\/03\/large-flow-filter-cartridge-filter-vessel.webp\" class=\"attachment-large size-large wp-image-7273\" alt=\"\" \/>\t\t\t\t\t\t\t\t\t\t\t\t\t<\/div>\n\t\t\t\t<\/div>\n\t\t<div class=\"elementor-element elementor-element-1510d19 e-grid e-con-boxed e-con e-child\" data-id=\"1510d19\" data-element_type=\"container\">\n\t\t\t\t\t<div class=\"e-con-inner\">\n\t\t\t\t<div class=\"elementor-element elementor-element-9a0a3e2 elementor-widget elementor-widget-image\" data-id=\"9a0a3e2\" data-element_type=\"widget\" data-widget_type=\"image.default\">\n\t\t\t\t<div class=\"elementor-widget-container\">\n\t\t\t\t\t\t\t\t\t\t\t\t\t<img loading=\"lazy\" decoding=\"async\" width=\"1\" height=\"1\" src=\"https:\/\/www.zonelenviro.com\/wp-content\/uploads\/2024\/03\/big-flow-volume-filter-housing.webp\" class=\"attachment-large size-large wp-image-7276\" alt=\"\" \/>\t\t\t\t\t\t\t\t\t\t\t\t\t<\/div>\n\t\t\t\t<\/div>\n\t\t<div class=\"elementor-element elementor-element-547ccf5 e-grid e-con-boxed e-con e-child\" data-id=\"547ccf5\" data-element_type=\"container\">\n\t\t\t\t\t<div class=\"e-con-inner\">\n\t\t\t\t<div class=\"elementor-element elementor-element-d3dc61c elementor-widget elementor-widget-image\" data-id=\"d3dc61c\" data-element_type=\"widget\" data-widget_type=\"image.default\">\n\t\t\t\t<div class=\"elementor-widget-container\">\n\t\t\t\t\t\t\t\t\t\t\t\t\t<img loading=\"lazy\" decoding=\"async\" width=\"1\" height=\"1\" src=\"https:\/\/www.zonelenviro.com\/wp-content\/uploads\/2024\/03\/large-flow-filter-cartridge-filter-house.webp\" class=\"attachment-large size-large wp-image-7274\" alt=\"\" \/>\t\t\t\t\t\t\t\t\t\t\t\t\t<\/div>\n\t\t\t\t<\/div>\n\t\t<div class=\"elementor-element elementor-element-5a9f63f e-grid e-con-boxed e-con e-child\" data-id=\"5a9f63f\" data-element_type=\"container\">\n\t\t\t\t\t<div class=\"e-con-inner\">\n\t\t\t\t<div class=\"elementor-element elementor-element-14a15f3 elementor-widget elementor-widget-image\" data-id=\"14a15f3\" data-element_type=\"widget\" data-widget_type=\"image.default\">\n\t\t\t\t<div class=\"elementor-widget-container\">\n\t\t\t\t\t\t\t\t\t\t\t\t\t<img loading=\"lazy\" decoding=\"async\" width=\"1\" height=\"1\" src=\"https:\/\/www.zonelenviro.com\/wp-content\/uploads\/2024\/03\/Pleated-filter-bag-filter-housing.webp\" class=\"attachment-large size-large wp-image-7272\" alt=\"\" \/>\t\t\t\t\t\t\t\t\t\t\t\t\t<\/div>\n\t\t\t\t<\/div>\n\t\t<div class=\"elementor-element elementor-element-6fbd3f5 e-grid e-con-boxed e-con e-child\" data-id=\"6fbd3f5\" data-element_type=\"container\">\n\t\t\t\t\t<div class=\"e-con-inner\">\n\t\t\t\t<div class=\"elementor-element elementor-element-9255d86 elementor-widget elementor-widget-image\" data-id=\"9255d86\" data-element_type=\"widget\" data-widget_type=\"image.default\">\n\t\t\t\t<div class=\"elementor-widget-container\">\n\t\t\t\t\t\t\t\t\t\t\t\t\t<img loading=\"lazy\" decoding=\"async\" width=\"1\" height=\"1\" src=\"https:\/\/www.zonelenviro.com\/wp-content\/uploads\/2024\/03\/filter-housing-package.webp\" class=\"attachment-large size-large wp-image-7275\" alt=\"\" \/>\t\t\t\t\t\t\t\t\t\t\t\t\t<\/div>\n\t\t\t\t<\/div>\n\t\t\t\t\t<\/div>\n\t\t\t\t<\/div>\n\t\t\t\t\t<\/div>\n\t\t\t\t<\/div>\n\t\t\t\t\t<\/div>\n\t\t\t\t<\/div>\n\t\t\t\t\t<\/div>\n\t\t\t\t<\/div>\n\t\t\t\t\t<\/div>\n\t\t\t\t<\/div>\n\t\t\t\t\t<\/div>\n\t\t\t\t<\/div>\n\t\t\t\t\t<\/div>\n\t\t\t\t<\/div>\n\t\t\t\t<\/div>\n\t\t","protected":false},"excerpt":{"rendered":"<p>La carcasa de filtro de cartucho de alto flujo de la serie HFC adopt\u00f3 los cartuchos de filtro de alto flujo en lugar del cartucho de filtro de PP fundido soplado tradicional, el volumen de flujo por cartucho individual puede ser de hasta 50 CBM por hora. Generalmente, 1 pieza de cartuchos de filtro de alto flujo de 40 pulgadas equivale a 20 piezas de cartuchos de filtro de PP fundido soplado con la misma longitud, lo que significa que la carcasa del filtro se puede dise\u00f1ar m\u00e1s peque\u00f1a y mucho m\u00e1s conveniente para el trabajo de mantenimiento, tambi\u00e9n puede obtener una soluci\u00f3n de filtraci\u00f3n mucho m\u00e1s econ\u00f3mica, por supuesto.<\/p>\n","protected":false},"featured_media":7271,"template":"","meta":{"site-sidebar-layout":"no-sidebar","site-content-layout":"page-builder","ast-site-content-layout":"full-width-container","site-content-style":"default","site-sidebar-style":"default","ast-global-header-display":"","ast-banner-title-visibility":"","ast-main-header-display":"","ast-hfb-above-header-display":"","ast-hfb-below-header-display":"","ast-hfb-mobile-header-display":"","site-post-title":"disabled","ast-breadcrumbs-content":"","ast-featured-img":"disabled","footer-sml-layout":"","theme-transparent-header-meta":"default","adv-header-id-meta":"","stick-header-meta":"","header-above-stick-meta":"","header-main-stick-meta":"","header-below-stick-meta":"","astra-migrate-meta-layouts":"set","ast-page-background-enabled":"default","ast-page-background-meta":{"desktop":{"background-color":"","background-image":"","background-repeat":"repeat","background-position":"center center","background-size":"auto","background-attachment":"scroll","background-type":"","background-media":"","overlay-type":"","overlay-color":"","overlay-opacity":"","overlay-gradient":""},"tablet":{"background-color":"","background-image":"","background-repeat":"repeat","background-position":"center center","background-size":"auto","background-attachment":"scroll","background-type":"","background-media":"","overlay-type":"","overlay-color":"","overlay-opacity":"","overlay-gradient":""},"mobile":{"background-color":"","background-image":"","background-repeat":"repeat","background-position":"center center","background-size":"auto","background-attachment":"scroll","background-type":"","background-media":"","overlay-type":"","overlay-color":"","overlay-opacity":"","overlay-gradient":""}},"ast-content-background-meta":{"desktop":{"background-color":"var(--ast-global-color-5)","background-image":"","background-repeat":"repeat","background-position":"center center","background-size":"auto","background-attachment":"scroll","background-type":"","background-media":"","overlay-type":"","overlay-color":"","overlay-opacity":"","overlay-gradient":""},"tablet":{"background-color":"var(--ast-global-color-5)","background-image":"","background-repeat":"repeat","background-position":"center center","background-size":"auto","background-attachment":"scroll","background-type":"","background-media":"","overlay-type":"","overlay-color":"","overlay-opacity":"","overlay-gradient":""},"mobile":{"background-color":"var(--ast-global-color-5)","background-image":"","background-repeat":"repeat","background-position":"center center","background-size":"auto","background-attachment":"scroll","background-type":"","background-media":"","overlay-type":"","overlay-color":"","overlay-opacity":"","overlay-gradient":""}}},"product_brand":[],"product_cat":[93],"product_tag":[],"class_list":{"0":"post-7270","1":"product","2":"type-product","3":"status-publish","4":"has-post-thumbnail","6":"product_cat-filtro-de-liquido","7":"desktop-align-left","8":"tablet-align-left","9":"mobile-align-left","11":"first","12":"instock","13":"shipping-taxable","14":"product-type-simple"},"_links":{"self":[{"href":"https:\/\/www.zonelenviro.com\/es\/wp-json\/wp\/v2\/product\/7270","targetHints":{"allow":["GET"]}}],"collection":[{"href":"https:\/\/www.zonelenviro.com\/es\/wp-json\/wp\/v2\/product"}],"about":[{"href":"https:\/\/www.zonelenviro.com\/es\/wp-json\/wp\/v2\/types\/product"}],"version-history":[{"count":0,"href":"https:\/\/www.zonelenviro.com\/es\/wp-json\/wp\/v2\/product\/7270\/revisions"}],"wp:featuredmedia":[{"embeddable":true,"href":"https:\/\/www.zonelenviro.com\/es\/wp-json\/wp\/v2\/media\/7271"}],"wp:attachment":[{"href":"https:\/\/www.zonelenviro.com\/es\/wp-json\/wp\/v2\/media?parent=7270"}],"wp:term":[{"taxonomy":"product_brand","embeddable":true,"href":"https:\/\/www.zonelenviro.com\/es\/wp-json\/wp\/v2\/product_brand?post=7270"},{"taxonomy":"product_cat","embeddable":true,"href":"https:\/\/www.zonelenviro.com\/es\/wp-json\/wp\/v2\/product_cat?post=7270"},{"taxonomy":"product_tag","embeddable":true,"href":"https:\/\/www.zonelenviro.com\/es\/wp-json\/wp\/v2\/product_tag?post=7270"}],"curies":[{"name":"wp","href":"https:\/\/api.w.org\/{rel}","templated":true}]}}