{"id":7283,"date":"2024-03-18T16:59:48","date_gmt":"2024-03-18T08:59:48","guid":{"rendered":"https:\/\/www.zonelenviro.com\/carcasa-de-filtro-de-vela-y-mangas-de-filtro-de-vela\/"},"modified":"2024-09-06T08:44:34","modified_gmt":"2024-09-06T00:44:34","slug":"carcasa-de-filtro-de-vela-y-mangas-de-filtro-de-vela","status":"publish","type":"product","link":"https:\/\/www.zonelenviro.com\/es\/carcasa-de-filtro-de-vela-y-mangas-de-filtro-de-vela.html","title":{"rendered":"Carcasa de filtro de vela y mangas de filtro de vela"},"content":{"rendered":"\t\t<div data-elementor-type=\"product-post\" data-elementor-id=\"7283\" class=\"elementor elementor-7283 elementor-913\" data-elementor-post-type=\"product\">\n\t\t\t\t<div class=\"elementor-element elementor-element-0a0f44b e-grid e-con-boxed e-con e-parent\" data-id=\"0a0f44b\" data-element_type=\"container\">\n\t\t\t\t\t<div class=\"e-con-inner\">\n\t\t\t\t<div class=\"elementor-element elementor-element-d9c3e3c elementor-widget elementor-widget-image\" data-id=\"d9c3e3c\" data-element_type=\"widget\" data-widget_type=\"image.default\">\n\t\t\t\t<div class=\"elementor-widget-container\">\n\t\t\t\t\t\t\t\t\t\t\t\t\t<img decoding=\"async\" width=\"1\" height=\"1\" src=\"https:\/\/www.zonelenviro.com\/wp-content\/uploads\/2024\/03\/candle-filters-installation.jpg\" class=\"attachment-large size-large wp-image-7289\" alt=\"\" \/>\t\t\t\t\t\t\t\t\t\t\t\t\t<\/div>\n\t\t\t\t<\/div>\n\t\t\t\t\t<\/div>\n\t\t\t\t<\/div>\n\t\t<div class=\"elementor-element elementor-element-de50d50 e-flex e-con-boxed e-con e-parent\" data-id=\"de50d50\" data-element_type=\"container\">\n\t\t\t\t\t<div class=\"e-con-inner\">\n\t\t\t\t<div class=\"elementor-element elementor-element-3340923 elementor-widget elementor-widget-text-editor\" data-id=\"3340923\" data-element_type=\"widget\" data-widget_type=\"text-editor.default\">\n\t\t\t\t<div class=\"elementor-widget-container\">\n\t\t\t\t\t\t\t<p><strong>Recipiente de filtro de vela \/ carcasa de filtro de vela y mangas de filtro<\/strong><br \/><strong>Introducci\u00f3n general de los filtros de vela de Zonel Filtech:<\/strong><br \/>El filtro de vela de Zonel Filtech es un tipo de filtro de presi\u00f3n, el puerto de alimentaci\u00f3n desde el lado inferior del recipiente del filtro, las part\u00edculas s\u00f3lidas se recogen en la superficie del elemento filtrante y el filtrado sale del n\u00facleo interno del elemento filtrante al tanque de filtrado.<br \/>Los procedimientos operativos incluyen: alimentaci\u00f3n de la soluci\u00f3n, reciclado inicial del filtrado, control de calidad del filtrado, filtraci\u00f3n, lavado de la torta y exprimido con soplado de aire, liberaci\u00f3n de la torta con soplado de aire inverso, si la gravedad espec\u00edfica de las part\u00edculas es mayor, el lado inferior del recipiente puede acumular la lechada, luego el tama\u00f1o del fondo puede dise\u00f1arse con una placa de filtro para ayudar a secar la lechada y ayudar a manejar bien el residuo.<br \/>El filtro de vela combinado con tanque de filtrado, elemento filtrante m\u00e1s mangas filtrantes, sistema de flujo de filtrado, sistema de lavado de aire y compresi\u00f3n de aire, sistema de liberaci\u00f3n de torta de soplado inverso, conjunto de descarga de torta, gabinete de control y estante de soporte, etc.<br \/>El filtro de vela se opera en el tanque de sellado para proporcionar un entorno operativo seguro, se puede dise\u00f1ar para operar autom\u00e1ticamente, tiene una estructura modular compacta, ahorra trabajos de mantenimiento, se puede dise\u00f1ar para cumplir con diversas condiciones industriales y con una amplia gama de aplicaciones.<\/p>\n<p>Propiedades del filtro de vela de Zonel Filtech: a. Los filtros de vela de Zonel Filtech con un gran volumen de flujo pueden filtrar directamente o recubrirse primero con filtraci\u00f3n de torta para mejorar la eficiencia del filtro. Se utilizan ampliamente para el reciclaje de torta y aplicaciones de concentraci\u00f3n de l\u00edquidos. La torta se puede lavar antes de reciclarla, con una pureza mucho mayor. b. El filtro de vela est\u00e1 controlado por un PLC, y los procedimientos de filtrado, como la alimentaci\u00f3n de la soluci\u00f3n, la prefiltraci\u00f3n, el filtrado, el drenaje del refinado, la liberaci\u00f3n de la torta por soplado inverso, la descarga de la torta, etc., se organizar\u00e1n autom\u00e1ticamente. c. Adecuado para una alta precisi\u00f3n (0,2 a 200 micrones), un alto contenido de part\u00edculas s\u00f3lidas (nivel de PPM al 5 %), filtraci\u00f3n de soluciones pegajosas. d. La distancia entre el elemento filtrante y las velas del filtro se puede ajustar de acuerdo con el espesor de torta solicitado. e. La carcasa del filtro del filtro de vela est\u00e1 altamente sellada, adecuada para el tratamiento de soluciones corrosivas o peligrosas. f. El filtro de vela tiene un dise\u00f1o de secado optimista y puede cumplir con varios requisitos de contenido de humedad de diferentes clientes. g. El filtro de vela tiene un dise\u00f1o est\u00e1tico y es f\u00e1cil de mantener.       <\/p>\n<p>Par\u00e1metros t\u00e9cnicos del filtro de vela: Presi\u00f3n de dise\u00f1o: 0,6 MPa, 1,0 MPa, 1,6 MPa, 2,0 MPa (se puede personalizar una presi\u00f3n superior) Elemento filtrante: tubo filtrante textil sin costuras, tubo de malla de acero inoxidable, cartucho filtrante sinterizado de metal, cartucho filtrante sinterizado de PTFE, etc.<br \/>Temperatura de funcionamiento de dise\u00f1o: 0 ~ 300 grados C.<br \/>Dise\u00f1o de volumen de flujo: 10 ~ 300 m3\/h, se puede personalizar un volumen especial.<br \/>\u00c1rea de filtrado: principalmente 0,9~60 m2, el \u00e1rea de filtrado especial se puede personalizar sobre 200m2.<br \/>Di\u00e1metro de la carcasa del filtro: 250 ~ 2500 mm, se puede personalizar un tama\u00f1o especial.<br \/>Presi\u00f3n de aire de soplado inverso: 0,2~0,3 MPa Sistema de control: PLC, DCS Tama\u00f1o de entrada\/salida: 2~24\u201d Material de la m\u00e1quina en contacto con las soluciones: SS 304\/SS316L, 904L, otros se pueden personalizar seg\u00fan los requisitos.<br \/>El recubrimiento interior anticorrosivo puede ser: PP, PE, F30, F40, F46, PFA, etc.<br \/>Material de sellado: NBR, VITON, caucho de silicona, etc.<br \/>V\u00e1lvulas de drenaje: v\u00e1lvulas de mariposa de sellado suave o de sellado duro.<br \/>Se puede elegir un instrumento opcional: man\u00f3metro\/transmisor de presi\u00f3n, sensor de espesor de torta, sensor de nivel de l\u00edquido, transmisor de volumen de flujo, etc.<\/p>\n<p>Aplicaciones del filtro de vela: El filtro de vela de Zonel Filtech se utiliza principalmente para la recolecci\u00f3n de materiales de producci\u00f3n y el procesamiento de aguas residuales, a veces tambi\u00e9n se utiliza para aplicaciones de espesamiento, principalmente para las industrias de productos qu\u00edmicos, alimentos y bebidas, procesamiento de maquinaria, farmac\u00e9utica, sistema de suministro de agua, petr\u00f3leo y gas, recuperaci\u00f3n de catalizadores, etc.<\/p>\n\t\t\t\t\t\t<\/div>\n\t\t\t\t<\/div>\n\t\t<div class=\"elementor-element elementor-element-98eb7e1 e-grid e-con-boxed e-con e-child\" data-id=\"98eb7e1\" data-element_type=\"container\">\n\t\t\t\t\t<div class=\"e-con-inner\">\n\t\t\t\t<div class=\"elementor-element elementor-element-c0e546c elementor-widget elementor-widget-image\" data-id=\"c0e546c\" data-element_type=\"widget\" data-widget_type=\"image.default\">\n\t\t\t\t<div class=\"elementor-widget-container\">\n\t\t\t\t\t\t\t\t\t\t\t\t\t<img decoding=\"async\" width=\"1\" height=\"1\" src=\"https:\/\/www.zonelenviro.com\/wp-content\/uploads\/2024\/03\/candle-sleeves.jpg\" class=\"attachment-large size-large wp-image-7290\" alt=\"\" \/>\t\t\t\t\t\t\t\t\t\t\t\t\t<\/div>\n\t\t\t\t<\/div>\n\t\t\t\t\t<\/div>\n\t\t\t\t<\/div>\n\t\t\t\t\t<\/div>\n\t\t\t\t<\/div>\n\t\t<div class=\"elementor-element elementor-element-3cef9f6 e-flex e-con-boxed e-con e-parent\" data-id=\"3cef9f6\" data-element_type=\"container\">\n\t\t\t\t\t<div class=\"e-con-inner\">\n\t\t\t\t<div class=\"elementor-element elementor-element-beab3d7 elementor-widget elementor-widget-text-editor\" data-id=\"beab3d7\" data-element_type=\"widget\" data-widget_type=\"text-editor.default\">\n\t\t\t\t<div class=\"elementor-widget-container\">\n\t\t\t\t\t\t\t<p><strong>Mangas de filtro de vela \/ Tela de filtro de vela, tubo de filtro sin costura \/ Manguera de filtro \/ Conducto de filtro, Conducto de tela, Conducto textil<\/strong><br \/><strong>Introducci\u00f3n general:<\/strong><br \/>Las mangas de filtro de vela\/mangueras de filtro desempe\u00f1an un papel clave en la producci\u00f3n diaria, por lo que la adopci\u00f3n de mangas de filtro adecuadas afectar\u00e1 directamente a las obras de producci\u00f3n. El conducto de filtro de vela\/manguera de filtro se puede dise\u00f1ar con tipos no tejidos y tejidos, debido al problema de regeneraci\u00f3n, se adoptan m\u00e1s las mangas de filtro tejidas. Zonel Filtech ofrece mangas de filtro de vela en varios tama\u00f1os y materiales, cualquier ayuda que podamos hacer, \u00a1no dude en contactarnos!<\/p>\n<p><strong>Las propiedades de la manguera de filtro de vela de Zonel Filtech:<\/strong><br \/>1. Varios materiales disponibles, como poli\u00e9ster, polipropileno, PPS, PTFE, PEEK, etc., que se pueden personalizar seg\u00fan las diferentes condiciones de trabajo. 2. Se pueden personalizar varios tama\u00f1os, como anchos planos de 110, 115, 120, 125, 130, 140, 145, etc. 3. Tama\u00f1o y contracci\u00f3n estables, mangas de filtro sin costuras con excelente resistencia a la tracci\u00f3n y mayor vida \u00fatil. 4. Grado alimenticio.<\/p>\n<p><strong>Aplicaciones de las fundas para velas:<\/strong><br \/>Principalmente para productos qu\u00edmicos, alimentos y bebidas, procesamiento de maquinaria, productos farmac\u00e9uticos, sistemas de suministro de agua, petr\u00f3leo y gas, recuperaci\u00f3n de catalizadores, etc.<\/p>\n\t\t\t\t\t\t<\/div>\n\t\t\t\t<\/div>\n\t\t<div class=\"elementor-element elementor-element-a9f2ade e-grid e-con-boxed e-con e-child\" data-id=\"a9f2ade\" data-element_type=\"container\">\n\t\t\t\t\t<div class=\"e-con-inner\">\n\t\t\t\t<div class=\"elementor-element elementor-element-77ce687 elementor-widget elementor-widget-image\" data-id=\"77ce687\" data-element_type=\"widget\" data-widget_type=\"image.default\">\n\t\t\t\t<div class=\"elementor-widget-container\">\n\t\t\t\t\t\t\t\t\t\t\t\t\t<img decoding=\"async\" width=\"1\" height=\"1\" src=\"https:\/\/www.zonelenviro.com\/wp-content\/uploads\/2024\/03\/candle-filter-housing-candle-filter-system1.webp\" class=\"attachment-large size-large wp-image-7293\" alt=\"\" \/>\t\t\t\t\t\t\t\t\t\t\t\t\t<\/div>\n\t\t\t\t<\/div>\n\t\t<div class=\"elementor-element elementor-element-b5e0dda e-grid e-con-boxed e-con e-child\" data-id=\"b5e0dda\" data-element_type=\"container\">\n\t\t\t\t\t<div class=\"e-con-inner\">\n\t\t\t\t<div class=\"elementor-element elementor-element-97a2db8 elementor-widget elementor-widget-image\" data-id=\"97a2db8\" data-element_type=\"widget\" data-widget_type=\"image.default\">\n\t\t\t\t<div class=\"elementor-widget-container\">\n\t\t\t\t\t\t\t\t\t\t\t\t\t<img loading=\"lazy\" decoding=\"async\" width=\"1\" height=\"1\" src=\"https:\/\/www.zonelenviro.com\/wp-content\/uploads\/2024\/03\/candle-filter-zonel-1.webp\" class=\"attachment-large size-large wp-image-7294\" alt=\"\" \/>\t\t\t\t\t\t\t\t\t\t\t\t\t<\/div>\n\t\t\t\t<\/div>\n\t\t<div class=\"elementor-element elementor-element-ef9f6f1 e-grid e-con-boxed e-con e-child\" data-id=\"ef9f6f1\" data-element_type=\"container\">\n\t\t\t\t\t<div class=\"e-con-inner\">\n\t\t\t\t<div class=\"elementor-element elementor-element-efc2cde elementor-widget elementor-widget-image\" data-id=\"efc2cde\" data-element_type=\"widget\" data-widget_type=\"image.default\">\n\t\t\t\t<div class=\"elementor-widget-container\">\n\t\t\t\t\t\t\t\t\t\t\t\t\t<img loading=\"lazy\" decoding=\"async\" width=\"1\" height=\"1\" src=\"https:\/\/www.zonelenviro.com\/wp-content\/uploads\/2024\/03\/candle-filter-element-filter-cage-1.webp\" class=\"attachment-large size-large wp-image-7291\" alt=\"\" \/>\t\t\t\t\t\t\t\t\t\t\t\t\t<\/div>\n\t\t\t\t<\/div>\n\t\t<div class=\"elementor-element elementor-element-c77fd58 e-grid e-con-boxed e-con e-child\" data-id=\"c77fd58\" data-element_type=\"container\">\n\t\t\t\t\t<div class=\"e-con-inner\">\n\t\t\t\t<div class=\"elementor-element elementor-element-36f07d8 elementor-widget elementor-widget-image\" data-id=\"36f07d8\" data-element_type=\"widget\" data-widget_type=\"image.default\">\n\t\t\t\t<div class=\"elementor-widget-container\">\n\t\t\t\t\t\t\t\t\t\t\t\t\t<img loading=\"lazy\" decoding=\"async\" width=\"1\" height=\"1\" src=\"https:\/\/www.zonelenviro.com\/wp-content\/uploads\/2024\/03\/candle-sleeves-1.webp\" class=\"attachment-large size-large wp-image-7295\" alt=\"\" \/>\t\t\t\t\t\t\t\t\t\t\t\t\t<\/div>\n\t\t\t\t<\/div>\n\t\t<div class=\"elementor-element elementor-element-dbfd971 e-grid e-con-boxed e-con e-child\" data-id=\"dbfd971\" data-element_type=\"container\">\n\t\t\t\t\t<div class=\"e-con-inner\">\n\t\t\t\t<div class=\"elementor-element elementor-element-4ed2b54 elementor-widget elementor-widget-image\" data-id=\"4ed2b54\" data-element_type=\"widget\" data-widget_type=\"image.default\">\n\t\t\t\t<div class=\"elementor-widget-container\">\n\t\t\t\t\t\t\t\t\t\t\t\t\t<img loading=\"lazy\" decoding=\"async\" width=\"1\" height=\"1\" src=\"https:\/\/www.zonelenviro.com\/wp-content\/uploads\/2024\/03\/candle-filter-elements-filter-candles1.webp\" class=\"attachment-large size-large wp-image-7292\" alt=\"\" \/>\t\t\t\t\t\t\t\t\t\t\t\t\t<\/div>\n\t\t\t\t<\/div>\n\t\t\t\t\t<\/div>\n\t\t\t\t<\/div>\n\t\t\t\t\t<\/div>\n\t\t\t\t<\/div>\n\t\t\t\t\t<\/div>\n\t\t\t\t<\/div>\n\t\t\t\t\t<\/div>\n\t\t\t\t<\/div>\n\t\t\t\t\t<\/div>\n\t\t\t\t<\/div>\n\t\t\t\t\t<\/div>\n\t\t\t\t<\/div>\n\t\t\t\t<\/div>\n\t\t","protected":false},"excerpt":{"rendered":"<p>El filtro de vela de Zonel Filtech es un tipo de filtro de presi\u00f3n, el puerto de alimentaci\u00f3n se encuentra en el lado inferior del recipiente del filtro, las part\u00edculas s\u00f3lidas se recogen en la superficie del elemento filtrante y el filtrado sale del n\u00facleo interior del elemento filtrante al tanque de filtrado. Los procedimientos operativos incluyen: alimentaci\u00f3n de la soluci\u00f3n, reciclado inicial del filtrado, control de la calidad del filtrado, filtraci\u00f3n, lavado de la torta y exprimido con soplado de aire, y liberaci\u00f3n de la torta con soplado de aire inverso, si la gravedad espec\u00edfica de la part\u00edcula es mayor, el lado inferior del recipiente puede acumular la lechada, luego el tama\u00f1o de la parte inferior puede dise\u00f1arse con una placa de filtro para ayudar a secar la lechada y ayudar a manejar bien el residuo.<\/p>\n","protected":false},"featured_media":7284,"template":"","meta":{"site-sidebar-layout":"no-sidebar","site-content-layout":"page-builder","ast-site-content-layout":"full-width-container","site-content-style":"default","site-sidebar-style":"default","ast-global-header-display":"","ast-banner-title-visibility":"","ast-main-header-display":"","ast-hfb-above-header-display":"","ast-hfb-below-header-display":"","ast-hfb-mobile-header-display":"","site-post-title":"disabled","ast-breadcrumbs-content":"","ast-featured-img":"disabled","footer-sml-layout":"","theme-transparent-header-meta":"default","adv-header-id-meta":"","stick-header-meta":"","header-above-stick-meta":"","header-main-stick-meta":"","header-below-stick-meta":"","astra-migrate-meta-layouts":"set","ast-page-background-enabled":"default","ast-page-background-meta":{"desktop":{"background-color":"","background-image":"","background-repeat":"repeat","background-position":"center center","background-size":"auto","background-attachment":"scroll","background-type":"","background-media":"","overlay-type":"","overlay-color":"","overlay-opacity":"","overlay-gradient":""},"tablet":{"background-color":"","background-image":"","background-repeat":"repeat","background-position":"center center","background-size":"auto","background-attachment":"scroll","background-type":"","background-media":"","overlay-type":"","overlay-color":"","overlay-opacity":"","overlay-gradient":""},"mobile":{"background-color":"","background-image":"","background-repeat":"repeat","background-position":"center center","background-size":"auto","background-attachment":"scroll","background-type":"","background-media":"","overlay-type":"","overlay-color":"","overlay-opacity":"","overlay-gradient":""}},"ast-content-background-meta":{"desktop":{"background-color":"var(--ast-global-color-5)","background-image":"","background-repeat":"repeat","background-position":"center center","background-size":"auto","background-attachment":"scroll","background-type":"","background-media":"","overlay-type":"","overlay-color":"","overlay-opacity":"","overlay-gradient":""},"tablet":{"background-color":"var(--ast-global-color-5)","background-image":"","background-repeat":"repeat","background-position":"center center","background-size":"auto","background-attachment":"scroll","background-type":"","background-media":"","overlay-type":"","overlay-color":"","overlay-opacity":"","overlay-gradient":""},"mobile":{"background-color":"var(--ast-global-color-5)","background-image":"","background-repeat":"repeat","background-position":"center center","background-size":"auto","background-attachment":"scroll","background-type":"","background-media":"","overlay-type":"","overlay-color":"","overlay-opacity":"","overlay-gradient":""}}},"product_brand":[],"product_cat":[93],"product_tag":[],"class_list":{"0":"post-7283","1":"product","2":"type-product","3":"status-publish","4":"has-post-thumbnail","6":"product_cat-filtro-de-liquido","7":"desktop-align-left","8":"tablet-align-left","9":"mobile-align-left","11":"first","12":"instock","13":"featured","14":"shipping-taxable","15":"product-type-simple"},"_links":{"self":[{"href":"https:\/\/www.zonelenviro.com\/es\/wp-json\/wp\/v2\/product\/7283","targetHints":{"allow":["GET"]}}],"collection":[{"href":"https:\/\/www.zonelenviro.com\/es\/wp-json\/wp\/v2\/product"}],"about":[{"href":"https:\/\/www.zonelenviro.com\/es\/wp-json\/wp\/v2\/types\/product"}],"version-history":[{"count":2,"href":"https:\/\/www.zonelenviro.com\/es\/wp-json\/wp\/v2\/product\/7283\/revisions"}],"predecessor-version":[{"id":7300,"href":"https:\/\/www.zonelenviro.com\/es\/wp-json\/wp\/v2\/product\/7283\/revisions\/7300"}],"wp:featuredmedia":[{"embeddable":true,"href":"https:\/\/www.zonelenviro.com\/es\/wp-json\/wp\/v2\/media\/7284"}],"wp:attachment":[{"href":"https:\/\/www.zonelenviro.com\/es\/wp-json\/wp\/v2\/media?parent=7283"}],"wp:term":[{"taxonomy":"product_brand","embeddable":true,"href":"https:\/\/www.zonelenviro.com\/es\/wp-json\/wp\/v2\/product_brand?post=7283"},{"taxonomy":"product_cat","embeddable":true,"href":"https:\/\/www.zonelenviro.com\/es\/wp-json\/wp\/v2\/product_cat?post=7283"},{"taxonomy":"product_tag","embeddable":true,"href":"https:\/\/www.zonelenviro.com\/es\/wp-json\/wp\/v2\/product_tag?post=7283"}],"curies":[{"name":"wp","href":"https:\/\/api.w.org\/{rel}","templated":true}]}}