{"id":7328,"date":"2024-03-18T13:21:21","date_gmt":"2024-03-18T05:21:21","guid":{"rendered":"https:\/\/www.zonelenviro.com\/manguitos-de-filtro-de-vela-o-mangueras-de-filtro-de-vela\/"},"modified":"2024-09-06T09:09:54","modified_gmt":"2024-09-06T01:09:54","slug":"manguitos-de-filtro-de-vela-o-mangueras-de-filtro-de-vela","status":"publish","type":"product","link":"https:\/\/www.zonelenviro.com\/es\/product\/manguitos-de-filtro-de-vela-o-mangueras-de-filtro-de-vela\/","title":{"rendered":"Manguitos de filtro de vela o mangueras de filtro de vela"},"content":{"rendered":"\t\t<div data-elementor-type=\"product-post\" data-elementor-id=\"7328\" class=\"elementor elementor-7328 elementor-46\" data-elementor-post-type=\"product\">\n\t\t\t\t<div class=\"elementor-element elementor-element-33979164 e-flex e-con-boxed e-con e-parent\" data-id=\"33979164\" data-element_type=\"container\">\n\t\t\t\t\t<div class=\"e-con-inner\">\n\t\t\t\t<div class=\"elementor-element elementor-element-5cac8689 elementor-widget elementor-widget-text-editor\" data-id=\"5cac8689\" data-element_type=\"widget\" data-widget_type=\"text-editor.default\">\n\t\t\t\t<div class=\"elementor-widget-container\">\n\t\t\t\t\t\t\t<p>Mangas de filtro de vela\/tela de filtro de vela, tubo de filtro sin costuras\/manguera de filtro\/conducto de filtro Mangas de filtro de vela\/tela de filtro de vela, tubo de filtro sin costuras\/manguera de filtro\/conducto de filtro<\/p>\n<p><strong>Introducci\u00f3n general:<\/strong><br \/>Las mangas de filtro de vela\/mangueras de filtro juegan un papel clave para la producci\u00f3n diaria, por lo que adoptar una manga de filtro adecuada afectar\u00e1 directamente las obras de producci\u00f3n. El conducto de filtro de vela\/manguera de filtro se puede dise\u00f1ar tanto con manguera de filtro no tejida como con conducto de tela de filtro tejida, debido al problema de regeneraci\u00f3n, se adoptan m\u00e1s las mangas de filtro tejidas. Zonel Filtech proporciona mangas de filtro de vela con varios tama\u00f1os y materiales, cualquier ayuda que podamos hacer, \u00a1no dude en contactarnos!<\/p>\n<p><strong>Las propiedades de la manguera de filtro de vela de Zonel Filtech:<\/strong><br \/>1. Varios materiales en opci\u00f3n, como bolsa de filtro de vela de poli\u00e9ster, tela de filtro de vela de polipropileno, manguera de filtro de vela PPS, tela de filtro de vela de PTFE, bolsa de filtro de vela PVDF, tela de filtro de vela de Para-aramida (Kevlar), mangas de filtro de vela PEEK, etc., que se pueden personalizar de acuerdo con diferentes condiciones de trabajo.<br \/>2. Se pueden personalizar varios tama\u00f1os, como el ancho plano de 110, 115, 120, 125, 130, 140, 145, etc.<br \/>3. Tama\u00f1o estable y contracci\u00f3n, las mangas de filtro sin costura de Zonel Filtech con excelente resistencia a la tracci\u00f3n, s\u00faper capacidad de regeneraci\u00f3n, vida \u00fatil m\u00e1s larga.<br \/>4.Grado alimenticio.<\/p>\n<p><strong>Aplicaciones de las fundas para velas:<\/strong><br \/>Principalmente para las industrias qu\u00edmica, de alimentos y bebidas, procesamiento de maquinaria, farmac\u00e9utica, sistemas de suministro de agua, petr\u00f3leo y gas, recuperaci\u00f3n de catalizadores, etc.<\/p>\n\t\t\t\t\t\t<\/div>\n\t\t\t\t<\/div>\n\t\t\t\t\t<\/div>\n\t\t\t\t<\/div>\n\t\t<div class=\"elementor-element elementor-element-83bdcd8 e-grid e-con-boxed e-con e-parent\" data-id=\"83bdcd8\" data-element_type=\"container\">\n\t\t\t\t\t<div class=\"e-con-inner\">\n\t\t\t\t<div class=\"elementor-element elementor-element-b753ef3 elementor-widget elementor-widget-image\" data-id=\"b753ef3\" data-element_type=\"widget\" data-widget_type=\"image.default\">\n\t\t\t\t<div class=\"elementor-widget-container\">\n\t\t\t\t\t\t\t\t\t\t\t\t\t<img decoding=\"async\" width=\"1\" height=\"1\" src=\"https:\/\/www.zonelenviro.com\/wp-content\/uploads\/2024\/03\/PP-AND-POLYESTER-CANDLE-FILTER-SLEEVES-1.jpg\" class=\"attachment-large size-large wp-image-7336\" alt=\"\" \/>\t\t\t\t\t\t\t\t\t\t\t\t\t<\/div>\n\t\t\t\t<\/div>\n\t\t\t\t<div class=\"elementor-element elementor-element-4cdd09b elementor-widget elementor-widget-image\" data-id=\"4cdd09b\" data-element_type=\"widget\" data-widget_type=\"image.default\">\n\t\t\t\t<div class=\"elementor-widget-container\">\n\t\t\t\t\t\t\t\t\t\t\t\t\t<img decoding=\"async\" width=\"1\" height=\"1\" src=\"https:\/\/www.zonelenviro.com\/wp-content\/uploads\/2024\/03\/PVDF-candle-filter-sleeves-1.jpg\" class=\"attachment-large size-large wp-image-7335\" alt=\"\" \/>\t\t\t\t\t\t\t\t\t\t\t\t\t<\/div>\n\t\t\t\t<\/div>\n\t\t\t\t<div class=\"elementor-element elementor-element-c79d7d4 elementor-widget elementor-widget-image\" data-id=\"c79d7d4\" data-element_type=\"widget\" data-widget_type=\"image.default\">\n\t\t\t\t<div class=\"elementor-widget-container\">\n\t\t\t\t\t\t\t\t\t\t\t\t\t<img decoding=\"async\" width=\"1\" height=\"1\" src=\"https:\/\/www.zonelenviro.com\/wp-content\/uploads\/2024\/03\/PTFE-candle-filter-sleeves.jpg\" class=\"attachment-large size-large wp-image-7333\" alt=\"\" \/>\t\t\t\t\t\t\t\t\t\t\t\t\t<\/div>\n\t\t\t\t<\/div>\n\t\t\t\t<div class=\"elementor-element elementor-element-34d7a1f elementor-widget elementor-widget-image\" data-id=\"34d7a1f\" data-element_type=\"widget\" data-widget_type=\"image.default\">\n\t\t\t\t<div class=\"elementor-widget-container\">\n\t\t\t\t\t\t\t\t\t\t\t\t\t<img loading=\"lazy\" decoding=\"async\" width=\"1\" height=\"1\" src=\"https:\/\/www.zonelenviro.com\/wp-content\/uploads\/2024\/03\/PP-twill-candle-filter-sleeves.jpg\" class=\"attachment-large size-large wp-image-7334\" alt=\"\" \/>\t\t\t\t\t\t\t\t\t\t\t\t\t<\/div>\n\t\t\t\t<\/div>\n\t\t\t\t<div class=\"elementor-element elementor-element-3f77a21 elementor-widget elementor-widget-image\" data-id=\"3f77a21\" data-element_type=\"widget\" data-widget_type=\"image.default\">\n\t\t\t\t<div class=\"elementor-widget-container\">\n\t\t\t\t\t\t\t\t\t\t\t\t\t<img loading=\"lazy\" decoding=\"async\" width=\"1\" height=\"1\" src=\"https:\/\/www.zonelenviro.com\/wp-content\/uploads\/2024\/03\/PPS-candle-sleeves-filament.jpg\" class=\"attachment-large size-large wp-image-7331\" alt=\"\" \/>\t\t\t\t\t\t\t\t\t\t\t\t\t<\/div>\n\t\t\t\t<\/div>\n\t\t\t\t<div class=\"elementor-element elementor-element-12cd8cf elementor-widget elementor-widget-image\" data-id=\"12cd8cf\" data-element_type=\"widget\" data-widget_type=\"image.default\">\n\t\t\t\t<div class=\"elementor-widget-container\">\n\t\t\t\t\t\t\t\t\t\t\t\t\t<img loading=\"lazy\" decoding=\"async\" width=\"1\" height=\"1\" src=\"https:\/\/www.zonelenviro.com\/wp-content\/uploads\/2024\/03\/PPS-candle-filter-sleeves.jpg\" class=\"attachment-large size-large wp-image-7332\" alt=\"\" \/>\t\t\t\t\t\t\t\t\t\t\t\t\t<\/div>\n\t\t\t\t<\/div>\n\t\t\t\t\t<\/div>\n\t\t\t\t<\/div>\n\t\t\t\t<\/div>\n\t\t","protected":false},"excerpt":{"rendered":"<p>Las mangas de filtro de vela\/mangueras de filtro desempe\u00f1an un papel clave en la producci\u00f3n diaria, por lo que la adopci\u00f3n de mangas de filtro adecuadas afectar\u00e1 directamente a las obras de producci\u00f3n. El conducto de filtro de vela\/manguera de filtro se puede dise\u00f1ar tanto con tipo no tejido como tejido, debido al problema de regeneraci\u00f3n, se adoptan m\u00e1s las mangas de filtro tejidas. Zonel Filtech ofrece mangas de filtro de vela en varios tama\u00f1os y materiales, cualquier ayuda que podamos hacer, \u00a1no dude en contactarnos!  <\/p>\n","protected":false},"featured_media":7329,"template":"","meta":{"site-sidebar-layout":"default","site-content-layout":"","ast-site-content-layout":"default","site-content-style":"default","site-sidebar-style":"default","ast-global-header-display":"","ast-banner-title-visibility":"","ast-main-header-display":"","ast-hfb-above-header-display":"","ast-hfb-below-header-display":"","ast-hfb-mobile-header-display":"","site-post-title":"","ast-breadcrumbs-content":"","ast-featured-img":"","footer-sml-layout":"","theme-transparent-header-meta":"default","adv-header-id-meta":"","stick-header-meta":"","header-above-stick-meta":"","header-main-stick-meta":"","header-below-stick-meta":"","astra-migrate-meta-layouts":"default","ast-page-background-enabled":"default","ast-page-background-meta":{"desktop":{"background-color":"","background-image":"","background-repeat":"repeat","background-position":"center center","background-size":"auto","background-attachment":"scroll","background-type":"","background-media":"","overlay-type":"","overlay-color":"","overlay-opacity":"","overlay-gradient":""},"tablet":{"background-color":"","background-image":"","background-repeat":"repeat","background-position":"center center","background-size":"auto","background-attachment":"scroll","background-type":"","background-media":"","overlay-type":"","overlay-color":"","overlay-opacity":"","overlay-gradient":""},"mobile":{"background-color":"","background-image":"","background-repeat":"repeat","background-position":"center center","background-size":"auto","background-attachment":"scroll","background-type":"","background-media":"","overlay-type":"","overlay-color":"","overlay-opacity":"","overlay-gradient":""}},"ast-content-background-meta":{"desktop":{"background-color":"var(--ast-global-color-5)","background-image":"","background-repeat":"repeat","background-position":"center center","background-size":"auto","background-attachment":"scroll","background-type":"","background-media":"","overlay-type":"","overlay-color":"","overlay-opacity":"","overlay-gradient":""},"tablet":{"background-color":"var(--ast-global-color-5)","background-image":"","background-repeat":"repeat","background-position":"center center","background-size":"auto","background-attachment":"scroll","background-type":"","background-media":"","overlay-type":"","overlay-color":"","overlay-opacity":"","overlay-gradient":""},"mobile":{"background-color":"var(--ast-global-color-5)","background-image":"","background-repeat":"repeat","background-position":"center center","background-size":"auto","background-attachment":"scroll","background-type":"","background-media":"","overlay-type":"","overlay-color":"","overlay-opacity":"","overlay-gradient":""}}},"product_brand":[],"product_cat":[93],"product_tag":[],"class_list":{"0":"post-7328","1":"product","2":"type-product","3":"status-publish","4":"has-post-thumbnail","6":"product_cat-filtro-de-liquido","7":"desktop-align-left","8":"tablet-align-left","9":"mobile-align-left","11":"first","12":"instock","13":"featured","14":"shipping-taxable","15":"product-type-simple"},"_links":{"self":[{"href":"https:\/\/www.zonelenviro.com\/es\/wp-json\/wp\/v2\/product\/7328","targetHints":{"allow":["GET"]}}],"collection":[{"href":"https:\/\/www.zonelenviro.com\/es\/wp-json\/wp\/v2\/product"}],"about":[{"href":"https:\/\/www.zonelenviro.com\/es\/wp-json\/wp\/v2\/types\/product"}],"version-history":[{"count":2,"href":"https:\/\/www.zonelenviro.com\/es\/wp-json\/wp\/v2\/product\/7328\/revisions"}],"predecessor-version":[{"id":7338,"href":"https:\/\/www.zonelenviro.com\/es\/wp-json\/wp\/v2\/product\/7328\/revisions\/7338"}],"wp:featuredmedia":[{"embeddable":true,"href":"https:\/\/www.zonelenviro.com\/es\/wp-json\/wp\/v2\/media\/7329"}],"wp:attachment":[{"href":"https:\/\/www.zonelenviro.com\/es\/wp-json\/wp\/v2\/media?parent=7328"}],"wp:term":[{"taxonomy":"product_brand","embeddable":true,"href":"https:\/\/www.zonelenviro.com\/es\/wp-json\/wp\/v2\/product_brand?post=7328"},{"taxonomy":"product_cat","embeddable":true,"href":"https:\/\/www.zonelenviro.com\/es\/wp-json\/wp\/v2\/product_cat?post=7328"},{"taxonomy":"product_tag","embeddable":true,"href":"https:\/\/www.zonelenviro.com\/es\/wp-json\/wp\/v2\/product_tag?post=7328"}],"curies":[{"name":"wp","href":"https:\/\/api.w.org\/{rel}","templated":true}]}}