{"id":7339,"date":"2024-03-19T10:51:00","date_gmt":"2024-03-19T02:51:00","guid":{"rendered":"https:\/\/www.zonelenviro.com\/mallas-para-harina-manguitos-de-conexion-para-cernidores-almohadillas-limpiadoras-para-molinos-de-harina\/"},"modified":"2024-09-06T09:32:07","modified_gmt":"2024-09-06T01:32:07","slug":"mallas-para-harina-manguitos-de-conexion-para-cernidores-almohadillas-limpiadoras-para-molinos-de-harina","status":"publish","type":"product","link":"https:\/\/www.zonelenviro.com\/es\/mallas-para-harina-manguitos-de-conexion-para-cernidores-almohadillas-limpiadoras-para-molinos-de-harina.html","title":{"rendered":"Mallas para harina, manguitos de conexi\u00f3n para cernidores, almohadillas limpiadoras para molinos de harina"},"content":{"rendered":"<p><strong>Malla de poli\u00e9ster para tamiz de harina<\/strong><\/p>\n<p><strong>Introducci\u00f3n general:<\/strong> Zonel Filtech ofrece una gama completa de mallas de poli\u00e9ster para tamizado de harina.<\/p>\n<p><strong>Propiedades:<\/strong> tama\u00f1o abierto uniforme y puntual, alta resistencia a la tracci\u00f3n, tama\u00f1o estable, resistencia a la abrasi\u00f3n y f\u00e1cil limpieza, materiales de calidad alimentaria.<\/p>\n<p><strong>Aplicaciones:<\/strong> Para tamices de harina, etc.<\/p>\n<p><strong>Par\u00e1metros t\u00edpicos:<\/strong><\/p>\n<p><img fetchpriority=\"high\" decoding=\"async\" class=\"size-full wp-image-1142 aligncenter\" src=\"https:\/\/www.zonelenviro.com\/wp-content\/uploads\/2024\/03\/DMP.jpg\" alt=\"\" width=\"701\" height=\"438\" \/><\/p>\n<p><strong>Malla de cribado de harina de poliamida (PA)\/nailon<\/strong><\/p>\n<p><strong>Introducci\u00f3n general:<\/strong> Zonel Filtech ofrece una gama completa de mallas de cribado de harina PA.<\/p>\n<p><strong>Propiedades:<\/strong> Tama\u00f1o abierto igual y puntual, tama\u00f1o estable, flexibilidad perfecta, resistencia al calor, menor absorci\u00f3n de humedad, combinaci\u00f3n perfecta con material fotosensible, superficie lisa y f\u00e1cil de regenerar.<\/p>\n<p><strong>Aplicaciones:<\/strong> Para tamices de harina, etc.<\/p>\n<p><strong>Los par\u00e1metros t\u00edpicos:<\/strong><\/p>\n<p><strong><img decoding=\"async\" class=\"size-full wp-image-1145 aligncenter\" src=\"https:\/\/www.zonelenviro.com\/wp-content\/uploads\/2024\/03\/Polyamide-flour-screen-mesh.jpg\" alt=\"\" width=\"700\" height=\"593\" \/><\/strong><\/p>\n<p><strong><strong>Manguitos de conexi\u00f3n de cernidores, manguitos de entrada y salida de cernidores<\/strong> <img decoding=\"async\" class=\"size-full wp-image-1147 aligncenter\" src=\"https:\/\/www.zonelenviro.com\/wp-content\/uploads\/2024\/03\/plansifter-connector-sleeves-inlet-and-outlet-connector-sleeves.jpg\" alt=\"\" width=\"829\" height=\"554\" \/> <\/strong><\/p>\n<p>Las fundas de conexi\u00f3n para cernidores de Zonel Filtech est\u00e1n hechas de telas de filtro el\u00e1sticas de nailon, combinadas con anillos de soporte de HDPE\/nailon en el medio, extremos dobles con dise\u00f1o de tiras el\u00e1sticas para una instalaci\u00f3n conveniente.<\/p>\n<p>Las fundas de conexi\u00f3n de entrada y salida para cernidores de Zonel Filtech tienen propiedades de material flexible de grado alimenticio (certificado de grado alimenticio de la UE), alta resistencia a la tracci\u00f3n, pueden recolectar bien la harina pero pueden dejar pasar el aire, lo que ayuda a mantener limpio el molino de harina y otras m\u00e1quinas, son f\u00e1ciles de instalar y duraderas, el tama\u00f1o especial se puede personalizar.<\/p>\n<p><strong>Almohadillas de tamiz de algod\u00f3n, Almohadillas de tamiz de planos, Limpiador de tamiz de planos<\/strong><\/p>\n<p><strong><img loading=\"lazy\" decoding=\"async\" class=\"size-full wp-image-1148 aligncenter\" src=\"https:\/\/www.zonelenviro.com\/wp-content\/uploads\/2024\/03\/plansifter-cleaner-pads.jpg\" alt=\"\" width=\"829\" height=\"554\" \/><\/strong><\/p>\n<p><strong><strong>Especificaci\u00f3n:<\/strong> <\/strong><\/p>\n<p><strong>1) nombre: almohadillas de tamiz de algod\u00f3n (almohadillas de tamiz, limpiador de tamiz, accesorios de tamiz, almohadillas de malla, limpiador de tamiz, telas de molienda.<\/strong><\/p>\n<p><strong> 2) material 100% algod\u00f3n <\/strong><\/p>\n<p><strong>3) tama\u00f1o est\u00e1ndar: 75 mm de largo x 58 mm de ancho x 8 mm de espesor <\/strong><\/p>\n<p><strong>4) remache: deslizador de metal con placa cromada <\/strong><\/p>\n<p><strong>5) embalaje: 500 piezas por caja <\/strong><\/p>\n<p><strong>Ventajas: <\/strong><\/p>\n<p>Zonel Filtech mejor\u00f3 este producto de acuerdo con las sugerencias de nuestros usuarios finales. Estos productos son \u00fanicos y su grosor y dureza est\u00e1n dise\u00f1ados especialmente, por lo que son muy utilizados por nuestros clientes locales e internacionales.<\/p>\n<p>El tipo de algod\u00f3n reduce el da\u00f1o del tamiz y puede prolongar su vida \u00fatil.<\/p>\n<p><strong><strong>Solicitud:<\/strong> <\/strong><\/p>\n<p>Como el limpiador del planificador en molinos de harina.<\/p>\n<p>Se instala entre la superficie de la pantalla y la malla de acero, realizando un movimiento regular debajo de la superficie de la pantalla.<\/p>\n<p><strong>Cepillos para tamizar harina, cepillos para limpiar tamices de harina<\/strong><\/p>\n<p>Cepillos para cernedores de harina, cepillos limpiadores de harina, graneles limpiadores de PU, graneles limpiadores de tamices de harina, almohadillas limpiadoras de tamices de harina El cepillo limpiador de harina de Zonel Filtech adopt\u00f3 el pl\u00e1stico ultrapol\u00edmero, que con las propiedades de resistencia al desgaste y no deformaci\u00f3n.<\/p>\n<p>Las cerdas de los cepillos de harina est\u00e1n hechas de crin de caballo o monofilamento de nailon antiest\u00e1tico o material de perilla, que combina bien con el mango del cepillo de harina y no se cae.<\/p>\n<p>El cepillo con un gran \u00e1ngulo de biselado para garantizar que el \u00e1rea de contacto con la superficie de la pantalla sea m\u00e1s grande, lo que ayudar\u00e1 a aumentar la limpieza de la pantalla de manera efectiva. <img loading=\"lazy\" decoding=\"async\" class=\"size-full wp-image-1153 aligncenter\" src=\"https:\/\/www.zonelenviro.com\/wp-content\/uploads\/2024\/03\/flour-sieve-brush-flour-sifter-brush.jpg\" alt=\"\" width=\"829\" height=\"554\" \/><\/p>\n<p><img loading=\"lazy\" decoding=\"async\" class=\"size-full wp-image-1154 aligncenter\" src=\"https:\/\/www.zonelenviro.com\/wp-content\/uploads\/2024\/03\/flour-sifter-brush.jpg\" alt=\"\" width=\"829\" height=\"554\" \/><\/p>\n<p><img loading=\"lazy\" decoding=\"async\" class=\"size-full wp-image-1158 aligncenter\" src=\"https:\/\/www.zonelenviro.com\/wp-content\/uploads\/2024\/03\/flour-sifter-cleaner-bulks-2.jpg\" alt=\"\" width=\"829\" height=\"554\" \/><\/p>\n<p>&nbsp;<\/p>\n<p><img loading=\"lazy\" decoding=\"async\" class=\"size-full wp-image-1159 aligncenter\" src=\"https:\/\/www.zonelenviro.com\/wp-content\/uploads\/2024\/03\/flour-sieve-cleaner-bulks-3.jpg\" alt=\"\" width=\"829\" height=\"554\" \/><\/p>\n<p>El limpiador de tamiz de harina de pl\u00e1stico con forma de diamante puede mantener el tama\u00f1o estable y el\u00e1stico despu\u00e9s de un largo tiempo de funcionamiento, el limpiador de pl\u00e1stico de diamante es adecuado para los tamices de intervalo peque\u00f1o que pueden ayudar a minimizar el desgaste del marco debido al dise\u00f1o de peso peque\u00f1o cuando se reduce la parte central, siempre con el rendimiento de limpieza perfecto. <img loading=\"lazy\" decoding=\"async\" class=\"size-full wp-image-1161 aligncenter\" src=\"https:\/\/www.zonelenviro.com\/wp-content\/uploads\/2024\/03\/flour-cleaner-bulks-1.jpg\" alt=\"\" width=\"829\" height=\"554\" \/><\/p>\n<p>Los grandes limpiadores triangulares a granel con pernos, el espesor del material aumenta pero los orificios intermedios ayudan a reducir la presi\u00f3n sobre el material, aumentan la eficiencia de limpieza, son duraderos tanto para los limpiadores a granel como para los tamices de harina. <img loading=\"lazy\" decoding=\"async\" class=\"size-full wp-image-1162 aligncenter\" src=\"https:\/\/www.zonelenviro.com\/wp-content\/uploads\/2024\/03\/cleaner-bulks-1.jpg\" alt=\"\" width=\"829\" height=\"554\" \/> Nuevo limpiador de tamiz de estrella con tacos.<\/p>\n<p><img loading=\"lazy\" decoding=\"async\" class=\"size-full wp-image-1165 aligncenter\" src=\"https:\/\/www.zonelenviro.com\/wp-content\/uploads\/2024\/03\/flour-sieve-cleaner.jpg\" alt=\"\" width=\"829\" height=\"554\" \/><\/p>\n<p>&nbsp;<\/p>\n","protected":false},"excerpt":{"rendered":"<p>Zonel Filtech es uno de los fabricantes de materiales de filtrado m\u00e1s profesionales, equipado con los telares de proyectiles m\u00e1s avanzados, Sulzer y m\u00e1quinas de tratamiento de acabado que pueden ofrecer la gama completa de mallas de harina. Las mallas de harina de Zonel Filtech con las propiedades de tama\u00f1o abierto igual y puntual, alta resistencia a la tracci\u00f3n, tama\u00f1o estable, resistencia a la abrasi\u00f3n y materiales de grado alimenticio f\u00e1ciles de limpiar.<\/p>\n<p>Adem\u00e1s de las mallas de harina, Zonel Filtech tambi\u00e9n proporciona las mangas de entrada y salida del cernidor de planes. La manga del cernidor de planes adopta las telas de filtro de poli\u00e9ster, combinadas con los anillos de soporte en el medio, extremos dobles con dise\u00f1o el\u00e1stico para facilitar la instalaci\u00f3n.<\/p>\n<p>Las mangas del cernidor de planes para la entrada y la salida de Zonel Filtech con propiedades de flexibilidad, alta resistencia a la tracci\u00f3n, transpirables pero que no gotean harina, f\u00e1ciles de instalar y duraderas, el tama\u00f1o especial se puede personalizar. Zonel Filtech tambi\u00e9n proporciona almohadillas limpiadoras de cernidor de planes de buena calidad \/ almohadillas limpiadoras de algod\u00f3n. Si necesita ayuda, \u00a1no dude en contactarnos!<\/p>\n","protected":false},"featured_media":7340,"template":"","meta":{"site-sidebar-layout":"default","site-content-layout":"","ast-site-content-layout":"default","site-content-style":"default","site-sidebar-style":"default","ast-global-header-display":"","ast-banner-title-visibility":"","ast-main-header-display":"","ast-hfb-above-header-display":"","ast-hfb-below-header-display":"","ast-hfb-mobile-header-display":"","site-post-title":"","ast-breadcrumbs-content":"","ast-featured-img":"","footer-sml-layout":"","theme-transparent-header-meta":"default","adv-header-id-meta":"","stick-header-meta":"","header-above-stick-meta":"","header-main-stick-meta":"","header-below-stick-meta":"","astra-migrate-meta-layouts":"set","ast-page-background-enabled":"default","ast-page-background-meta":{"desktop":{"background-color":"","background-image":"","background-repeat":"repeat","background-position":"center center","background-size":"auto","background-attachment":"scroll","background-type":"","background-media":"","overlay-type":"","overlay-color":"","overlay-opacity":"","overlay-gradient":""},"tablet":{"background-color":"","background-image":"","background-repeat":"repeat","background-position":"center center","background-size":"auto","background-attachment":"scroll","background-type":"","background-media":"","overlay-type":"","overlay-color":"","overlay-opacity":"","overlay-gradient":""},"mobile":{"background-color":"","background-image":"","background-repeat":"repeat","background-position":"center center","background-size":"auto","background-attachment":"scroll","background-type":"","background-media":"","overlay-type":"","overlay-color":"","overlay-opacity":"","overlay-gradient":""}},"ast-content-background-meta":{"desktop":{"background-color":"var(--ast-global-color-5)","background-image":"","background-repeat":"repeat","background-position":"center center","background-size":"auto","background-attachment":"scroll","background-type":"","background-media":"","overlay-type":"","overlay-color":"","overlay-opacity":"","overlay-gradient":""},"tablet":{"background-color":"var(--ast-global-color-5)","background-image":"","background-repeat":"repeat","background-position":"center center","background-size":"auto","background-attachment":"scroll","background-type":"","background-media":"","overlay-type":"","overlay-color":"","overlay-opacity":"","overlay-gradient":""},"mobile":{"background-color":"var(--ast-global-color-5)","background-image":"","background-repeat":"repeat","background-position":"center center","background-size":"auto","background-attachment":"scroll","background-type":"","background-media":"","overlay-type":"","overlay-color":"","overlay-opacity":"","overlay-gradient":""}}},"product_brand":[],"product_cat":[95],"product_tag":[],"class_list":{"0":"post-7339","1":"product","2":"type-product","3":"status-publish","4":"has-post-thumbnail","6":"product_cat-otros-productos","7":"desktop-align-left","8":"tablet-align-left","9":"mobile-align-left","11":"first","12":"instock","13":"shipping-taxable","14":"product-type-simple"},"_links":{"self":[{"href":"https:\/\/www.zonelenviro.com\/es\/wp-json\/wp\/v2\/product\/7339","targetHints":{"allow":["GET"]}}],"collection":[{"href":"https:\/\/www.zonelenviro.com\/es\/wp-json\/wp\/v2\/product"}],"about":[{"href":"https:\/\/www.zonelenviro.com\/es\/wp-json\/wp\/v2\/types\/product"}],"version-history":[{"count":0,"href":"https:\/\/www.zonelenviro.com\/es\/wp-json\/wp\/v2\/product\/7339\/revisions"}],"wp:featuredmedia":[{"embeddable":true,"href":"https:\/\/www.zonelenviro.com\/es\/wp-json\/wp\/v2\/media\/7340"}],"wp:attachment":[{"href":"https:\/\/www.zonelenviro.com\/es\/wp-json\/wp\/v2\/media?parent=7339"}],"wp:term":[{"taxonomy":"product_brand","embeddable":true,"href":"https:\/\/www.zonelenviro.com\/es\/wp-json\/wp\/v2\/product_brand?post=7339"},{"taxonomy":"product_cat","embeddable":true,"href":"https:\/\/www.zonelenviro.com\/es\/wp-json\/wp\/v2\/product_cat?post=7339"},{"taxonomy":"product_tag","embeddable":true,"href":"https:\/\/www.zonelenviro.com\/es\/wp-json\/wp\/v2\/product_tag?post=7339"}],"curies":[{"name":"wp","href":"https:\/\/api.w.org\/{rel}","templated":true}]}}