{"id":7388,"date":"2024-03-19T13:06:51","date_gmt":"2024-03-19T05:06:51","guid":{"rendered":"https:\/\/www.zonelenviro.com\/material-de-filtro-de-polvo-resistente-a-altas-temperaturas\/"},"modified":"2024-09-06T15:27:29","modified_gmt":"2024-09-06T07:27:29","slug":"material-de-filtro-de-polvo-resistente-a-altas-temperaturas","status":"publish","type":"product","link":"https:\/\/www.zonelenviro.com\/es\/material-de-filtro-de-polvo-resistente-a-altas-temperaturas.html","title":{"rendered":"Material de filtro de polvo resistente a altas temperaturas"},"content":{"rendered":"<h2>Fieltro de aguja de poliimida (P84) para sistemas colectores de polvo<\/h2>\n<p><img fetchpriority=\"high\" decoding=\"async\" class=\"alignnone size-full wp-image-1240\" src=\"https:\/\/www.zonelenviro.com\/wp-content\/uploads\/2024\/03\/P84-needle-felt-filter-cloth.jpg\" alt=\"\" width=\"829\" height=\"554\" \/><\/p>\n<p><img decoding=\"async\" class=\"alignnone size-full wp-image-1242\" src=\"https:\/\/www.zonelenviro.com\/wp-content\/uploads\/2024\/03\/P84-dust-filter-bags.jpg\" alt=\"\" width=\"829\" height=\"554\" \/><\/p>\n<h2>Introducci\u00f3n general de la tela filtrante de fieltro punzonado de poliimida (P84, PI):<\/h2>\n<p>La fibra P84 (PI-poliimida) con propiedades de resistencia a altas temperaturas e inflamabilidad, la estructura de tres hojas de la fibra ayuda a que la tela filtrante de fieltro con aguja de poliimida tenga una superficie filtrante mucho m\u00e1s grande en comparaci\u00f3n con la tela filtrante con otras fibras, por lo que la tela filtrante P84 es un material perfecto y siempre puede cumplir con una muy buena eficiencia de filtrado.<\/p>\n<h2>Especificaciones relevantes para el fieltro de aguja P84:<\/h2>\n<ul>\n<li>Material: fibra P84 (poliimida PI), con soporte de malla P84 (poliimida PI) \/ PTFE<\/li>\n<li>Peso: 450~650 g\/m\u00b2<\/li>\n<li>Temperatura de funcionamiento: continua: \u2264240 \u2103; picos: 260 \u2103<\/li>\n<li>Tratamiento de superficie disponible: chamuscado y esmaltado, termoendurecido, ba\u00f1o de suspensi\u00f3n de PTFE, membrana de PTFE.<\/li>\n<li>\u00a1Podemos personalizar los productos seg\u00fan los requisitos de los clientes!<\/li>\n<\/ul>\n<h2>Propiedades de las bolsas filtrantes de polvo de poliimida:<\/h2>\n<ol>\n<li>Resistencia a altas temperaturas: Temperatura de funcionamiento continua recomendada: \u2264240 grados C; picos instant\u00e1neos: 260 grados C.<\/li>\n<li>Tama\u00f1o estable a altas temperaturas despu\u00e9s del tratamiento de termoendurecimiento: a 260 grados C, la contracci\u00f3n no supera el 1%.<\/li>\n<li>Ign\u00edfugo.<\/li>\n<li>Buena resistencia a la abrasi\u00f3n y al plegado.<\/li>\n<li>Alta eficiencia de filtrado y larga vida \u00fatil. Principales aplicaciones de las bolsas filtrantes P84 (PI-poliimida): Se utilizan principalmente para hornos de cemento, asfalto, incineradores de residuos, calderas de carb\u00f3n, etc.<\/li>\n<\/ol>\n<h2>Nota:<\/h2>\n<ol>\n<li>Se pueden personalizar especificaciones especiales.<\/li>\n<li>Ancho m\u00e1ximo: 2,25 metros.<\/li>\n<li>Zonel Filtech ofrece rollos de tela filtrante y bolsas filtrantes.<\/li>\n<\/ol>\n<h2>Fieltro de fibra de vidrio con aguja para sistemas colectores de polvo<\/h2>\n<p><img decoding=\"async\" class=\"alignnone size-full wp-image-1248\" src=\"https:\/\/www.zonelenviro.com\/wp-content\/uploads\/2024\/03\/fiber-glass-needle-felt-filter-cloth.jpg\" alt=\"\" width=\"829\" height=\"554\" \/><img loading=\"lazy\" decoding=\"async\" class=\"alignnone size-full wp-image-1247\" src=\"https:\/\/www.zonelenviro.com\/wp-content\/uploads\/2024\/03\/fiber-glass-needle-felt-filter-bag.jpg\" alt=\"\" width=\"829\" height=\"554\" \/><\/p>\n<h2>Introducci\u00f3n general del material filtrante de fieltro de aguja de fibra de vidrio y del material filtrante mezclado:<\/h2>\n<p>Fieltro de agujas de fibra de vidrio despu\u00e9s de un tratamiento de acabado razonable como un tipo de tela filtrante que se puede utilizar en circunstancias de temperaturas extremadamente altas para la recolecci\u00f3n de polvo.<\/p>\n<p>Para superar las desventajas de la cohesi\u00f3n d\u00e9bil, la resistencia al plegado deficiente y el desgaste del material de filtro no tejido de fibra de vidrio, ZONEL FITLECH desarroll\u00f3 algunas telas filtrantes de nuevo estilo basadas en fibra de vidrio (similares a FMS, las llamamos telas filtrantes de fieltro de agujas de mezcla de fibra de vidrio). Despu\u00e9s de varias d\u00e9cadas de pruebas, la bolsa filtrante de fibra de vidrio y las bolsas filtrantes de mezcla de fibra de vidrio funcionan de manera excelente en las casas de filtros de mangas de nuestros clientes.<\/p>\n<h2>Especificaciones relevantes del tejido filtrante de fieltro de fibra de vidrio y del material filtrante mezclado:<\/h2>\n<ul>\n<li>Material: fibra de vidrio + fibra resistente a altas temperaturas como aramida (Nomex), PPS, P84, PTFE, etc. + filamento de vidrio<\/li>\n<li>Peso: &gt; 880 g\/m2<\/li>\n<li>Resistencia a la tracci\u00f3n: Urdimbre: &gt; 1800 N\/5cm; Trama: &gt; 1800 N\/5cm<\/li>\n<li>Temperatura de servicio: Continua: &lt;260\u2103; Peaks: 280\u2103<\/li>\n<li>Tratamiento de superficie a elecci\u00f3n: esmaltado, termoendurecido, ba\u00f1o de suspensi\u00f3n de PTFE, membrana de PTFE.<\/li>\n<\/ul>\n<h2>Propiedades del tejido filtrante de fieltro punzonado de fibra de vidrio y del material filtrante mezclado:<\/h2>\n<ol>\n<li>Resistencia a altas temperaturas: 260-280 grados C<\/li>\n<li>Excelente resistencia a la corrosi\u00f3n (excepto HF)<\/li>\n<li>Personalizado seg\u00fan las diferentes condiciones de funcionamiento, mayor vida \u00fatil.<\/li>\n<li>La permeabilidad al aire es mayor y m\u00e1s estable y puede funcionar con una relaci\u00f3n aire\/tela m\u00e1s alta (hasta 1,0~1,2 m\/min) en comparaci\u00f3n con la tela filtrante de fibra de vidrio tejida.<\/li>\n<li>Resistencia a la abrasi\u00f3n.<\/li>\n<li>Con una inversi\u00f3n econ\u00f3mica.<\/li>\n<li>Puede utilizarse en una variedad de condiciones ambientales complejas y duras.<\/li>\n<\/ol>\n<h2>Principales aplicaciones del tejido filtrante de fieltro punzonado de fibra de vidrio y del material filtrante mezclado:<\/h2>\n<p>La tela filtrante de fieltro punzonado de fibra de vidrio y la tela filtrante de tipo mezclado se utilizan ampliamente para la eliminaci\u00f3n de polvo\/humo en plantas como plantas de acero, fundiciones no ferrosas, plantas qu\u00edmicas, producci\u00f3n de negro de carb\u00f3n, plantas de asfalto y cemento, plantas de energ\u00eda, etc.<\/p>\n<h2>Nota:<\/h2>\n<ol>\n<li>Se pueden personalizar especificaciones especiales.<\/li>\n<li>Ancho m\u00e1ximo: 2,25 metros.<\/li>\n<li>Se pueden suministrar tanto rollos de tela filtrante como bolsas filtrantes.<\/li>\n<\/ol>\n<p>Si necesita algo m\u00e1s, \u00a1no dude en ponerse en contacto con ZONEL FILTECH!<\/p>\n<h2>Tela filtrante de fieltro punzonado de PTFE (politetrafluoroetileno, tefl\u00f3n)<\/h2>\n<h2><img loading=\"lazy\" decoding=\"async\" class=\"alignnone size-full wp-image-1251\" src=\"https:\/\/www.zonelenviro.com\/wp-content\/uploads\/2024\/03\/PTFE-needle-felt-filter-cloth.jpg\" alt=\"\" width=\"829\" height=\"554\" \/><img loading=\"lazy\" decoding=\"async\" class=\"alignnone size-full wp-image-1252\" src=\"https:\/\/www.zonelenviro.com\/wp-content\/uploads\/2024\/03\/PTFE-needle-felt-filtr-bags.jpg\" alt=\"\" width=\"829\" height=\"554\" \/><\/h2>\n<h2>Introducci\u00f3n general del filtro de tela de fieltro con aguja de PTFE<\/h2>\n<p>PTFE (politetrafluoroetileno), tambi\u00e9n llamado tefl\u00f3n, es considerado el REY de los pl\u00e1sticos debido a sus propiedades de resistencia a altas temperaturas, resistencia a la corrosi\u00f3n y durabilidad, y es un material excelente para la filtraci\u00f3n industrial.<\/p>\n<p>Zonel Filtech adopt\u00f3 la fibra de PTFE (tefl\u00f3n) de primer grado y una mano de obra s\u00f3lida perforada con agujas en el fieltro. Despu\u00e9s del tratamiento de acabado especial, la tela filtrante de fieltro con agujas de tefl\u00f3n se puede usar ampliamente en varias ocasiones industriales para la recolecci\u00f3n de polvo (bolsa filtrante de polvo de PTFE) y la filtraci\u00f3n de l\u00edquidos (bolsa filtrante de tefl\u00f3n con clasificaci\u00f3n microm\u00e9trica).<\/p>\n<h2>Especificaci\u00f3n relevante para el fieltro de aguja de PTFE (politetrafluoroetileno, tefl\u00f3n):<\/h2>\n<p>Material: 100 % fibra de PTFE (politetrafluoroetileno, tefl\u00f3n), con soporte de malla de filamento de PTFE (politetrafluoroetileno, tefl\u00f3n)<\/p>\n<p>Peso: 750~800 g\/m\u00b2<\/p>\n<p>Temperatura de funcionamiento: continua: \u2264260\u2103; picos: 280\u2103<\/p>\n<p>Tratamiento de superficie disponible: chamuscado y esmaltado, termoendurecido, ba\u00f1o de suspensi\u00f3n de PTFE, membrana de PTFE, tratamiento de superficie de tama\u00f1o de microporos.<\/p>\n<p>\u00a1Podemos personalizar los productos seg\u00fan los requisitos de los clientes!<\/p>\n<h2>Propiedades de las bolsas filtrantes de polvo de tefl\u00f3n (fabricadas con tela filtrante de PTFE)<\/h2>\n<ol>\n<li>Resistencia a altas temperaturas, la temperatura de funcionamiento continuo puede ser de hasta 260 grados C y el funcionamiento instant\u00e1neo puede ser de hasta 280 grados C.<\/li>\n<li>Se encuentra disponible la producci\u00f3n a gran escala, con un precio mucho m\u00e1s econ\u00f3mico en comparaci\u00f3n con el anterior.<\/li>\n<li>Se puede utilizar en el rango completo de pH.<\/li>\n<li>Larga vida \u00fatil, como es habitual, puede ser de m\u00e1s de 4 a\u00f1os.<\/li>\n<li>Est\u00e1n disponibles todos los rangos de producci\u00f3n con diversos usos.<\/li>\n<\/ol>\n<h2>Principales aplicaciones de las bolsas filtrantes de PTFE:<\/h2>\n<p>La tela filtrante de PTFE es un material especial con buena resistencia a los \u00e1lcalis y \u00e1cidos, antihidr\u00f3lisis y dimensi\u00f3n f\u00edsica estable, utilizado principalmente en calderas de combusti\u00f3n de carb\u00f3n, incineraci\u00f3n de residuos, producci\u00f3n de negro de carb\u00f3n, producci\u00f3n de TiO2 para eliminaci\u00f3n de humos o recolecci\u00f3n de polvo (bolsa de filtro de polvo de PTFE), as\u00ed como tambi\u00e9n alguna filtraci\u00f3n de l\u00edquidos corrosivos o de alta temperatura (bolsa de filtro de l\u00edquido de PTFE).<\/p>\n<h2>Nota:<\/h2>\n<ol>\n<li>Se pueden personalizar especificaciones especiales.<\/li>\n<li>Ancho m\u00e1ximo: 2,25 metros.<\/li>\n<li>Se pueden suministrar tanto rollos de tela filtrante como bolsas filtrantes.<\/li>\n<\/ol>\n","protected":false},"excerpt":{"rendered":"<p>Medios filtrantes resistentes a altas temperaturas de Zonel Filtech, que son una serie de materiales filtrantes de fieltro con agujas para la recolecci\u00f3n de polvo. La serie es adecuada para circunstancias de funcionamiento con una temperatura continua que no exceda los 260 grados cent\u00edgrados y una temperatura instant\u00e1nea m\u00e1xima que no exceda los 280 grados cent\u00edgrados. Durante el \u00e1rea de temperatura, Zonel Filtech puede ayudarlo a definir el material filtrante m\u00e1s adecuado para sus casas de filtros de bolsas para polvo.<\/p>\n<p>Zonel Filtech puede proporcionar rollos de tela filtrante de fieltro con agujas y bolsas filtrantes listas para usar. El material incluye: Tela filtrante de fieltro con agujas de poliimida (P84) y bolsas filtrantes con varios tratamientos de acabado; Tela filtrante de fieltro con agujas de PTFE y bolsa filtrante con varios tratamientos de acabado; Fieltro filtrante de fibra de vidrio o fieltro filtrante mezclado con fibra de vidrio con varios tratamientos de acabado.<\/p>\n<p>Si necesita ayuda de Zonel Filtech, no dude en enviarnos su consulta.<\/p>\n","protected":false},"featured_media":7389,"template":"","meta":{"site-sidebar-layout":"default","site-content-layout":"","ast-site-content-layout":"default","site-content-style":"default","site-sidebar-style":"default","ast-global-header-display":"","ast-banner-title-visibility":"","ast-main-header-display":"","ast-hfb-above-header-display":"","ast-hfb-below-header-display":"","ast-hfb-mobile-header-display":"","site-post-title":"","ast-breadcrumbs-content":"","ast-featured-img":"","footer-sml-layout":"","theme-transparent-header-meta":"default","adv-header-id-meta":"","stick-header-meta":"","header-above-stick-meta":"","header-main-stick-meta":"","header-below-stick-meta":"","astra-migrate-meta-layouts":"set","ast-page-background-enabled":"default","ast-page-background-meta":{"desktop":{"background-color":"","background-image":"","background-repeat":"repeat","background-position":"center center","background-size":"auto","background-attachment":"scroll","background-type":"","background-media":"","overlay-type":"","overlay-color":"","overlay-opacity":"","overlay-gradient":""},"tablet":{"background-color":"","background-image":"","background-repeat":"repeat","background-position":"center center","background-size":"auto","background-attachment":"scroll","background-type":"","background-media":"","overlay-type":"","overlay-color":"","overlay-opacity":"","overlay-gradient":""},"mobile":{"background-color":"","background-image":"","background-repeat":"repeat","background-position":"center center","background-size":"auto","background-attachment":"scroll","background-type":"","background-media":"","overlay-type":"","overlay-color":"","overlay-opacity":"","overlay-gradient":""}},"ast-content-background-meta":{"desktop":{"background-color":"var(--ast-global-color-5)","background-image":"","background-repeat":"repeat","background-position":"center center","background-size":"auto","background-attachment":"scroll","background-type":"","background-media":"","overlay-type":"","overlay-color":"","overlay-opacity":"","overlay-gradient":""},"tablet":{"background-color":"var(--ast-global-color-5)","background-image":"","background-repeat":"repeat","background-position":"center center","background-size":"auto","background-attachment":"scroll","background-type":"","background-media":"","overlay-type":"","overlay-color":"","overlay-opacity":"","overlay-gradient":""},"mobile":{"background-color":"var(--ast-global-color-5)","background-image":"","background-repeat":"repeat","background-position":"center center","background-size":"auto","background-attachment":"scroll","background-type":"","background-media":"","overlay-type":"","overlay-color":"","overlay-opacity":"","overlay-gradient":""}}},"product_brand":[],"product_cat":[94],"product_tag":[],"class_list":{"0":"post-7388","1":"product","2":"type-product","3":"status-publish","4":"has-post-thumbnail","6":"product_cat-filtro-de-polvo","7":"desktop-align-left","8":"tablet-align-left","9":"mobile-align-left","11":"first","12":"instock","13":"shipping-taxable","14":"product-type-simple"},"_links":{"self":[{"href":"https:\/\/www.zonelenviro.com\/es\/wp-json\/wp\/v2\/product\/7388","targetHints":{"allow":["GET"]}}],"collection":[{"href":"https:\/\/www.zonelenviro.com\/es\/wp-json\/wp\/v2\/product"}],"about":[{"href":"https:\/\/www.zonelenviro.com\/es\/wp-json\/wp\/v2\/types\/product"}],"version-history":[{"count":3,"href":"https:\/\/www.zonelenviro.com\/es\/wp-json\/wp\/v2\/product\/7388\/revisions"}],"predecessor-version":[{"id":7421,"href":"https:\/\/www.zonelenviro.com\/es\/wp-json\/wp\/v2\/product\/7388\/revisions\/7421"}],"wp:featuredmedia":[{"embeddable":true,"href":"https:\/\/www.zonelenviro.com\/es\/wp-json\/wp\/v2\/media\/7389"}],"wp:attachment":[{"href":"https:\/\/www.zonelenviro.com\/es\/wp-json\/wp\/v2\/media?parent=7388"}],"wp:term":[{"taxonomy":"product_brand","embeddable":true,"href":"https:\/\/www.zonelenviro.com\/es\/wp-json\/wp\/v2\/product_brand?post=7388"},{"taxonomy":"product_cat","embeddable":true,"href":"https:\/\/www.zonelenviro.com\/es\/wp-json\/wp\/v2\/product_cat?post=7388"},{"taxonomy":"product_tag","embeddable":true,"href":"https:\/\/www.zonelenviro.com\/es\/wp-json\/wp\/v2\/product_tag?post=7388"}],"curies":[{"name":"wp","href":"https:\/\/api.w.org\/{rel}","templated":true}]}}