{"id":7454,"date":"2024-03-19T09:07:37","date_gmt":"2024-03-19T01:07:37","guid":{"rendered":"https:\/\/www.zonelenviro.com\/tela-filtrante-de-fieltro-con-aguja-de-ptfe-y-bolsa-filtrante-de-ptfe\/"},"modified":"2024-09-06T16:01:51","modified_gmt":"2024-09-06T08:01:51","slug":"tela-filtrante-de-fieltro-con-aguja-de-ptfe-y-bolsa-filtrante-de-ptfe","status":"publish","type":"product","link":"https:\/\/www.zonelenviro.com\/es\/tela-filtrante-de-fieltro-con-aguja-de-ptfe-y-bolsa-filtrante-de-ptfe.html","title":{"rendered":"Tela filtrante de fieltro con aguja de PTFE y bolsa filtrante de PTFE"},"content":{"rendered":"\t\t<div data-elementor-type=\"product-post\" data-elementor-id=\"7454\" class=\"elementor elementor-7454 elementor-998\" data-elementor-post-type=\"product\">\n\t\t\t\t<div class=\"elementor-element elementor-element-b5a21ad e-flex e-con-boxed e-con e-parent\" data-id=\"b5a21ad\" data-element_type=\"container\">\n\t\t\t\t\t<div class=\"e-con-inner\">\n\t\t\t\t<div class=\"elementor-element elementor-element-46ffee8 elementor-widget elementor-widget-text-editor\" data-id=\"46ffee8\" data-element_type=\"widget\" data-widget_type=\"text-editor.default\">\n\t\t\t\t<div class=\"elementor-widget-container\">\n\t\t\t\t\t\t\t<p><strong>Bolsas de filtro de tefl\u00f3n\/tela filtrante de fieltro con aguja de PTFE para recolecci\u00f3n de polvo<\/strong><\/p>\n\t\t\t\t\t\t<\/div>\n\t\t\t\t<\/div>\n\t\t\t\t\t<\/div>\n\t\t\t\t<\/div>\n\t\t<div class=\"elementor-element elementor-element-d109bed e-flex e-con-boxed e-con e-parent\" data-id=\"d109bed\" data-element_type=\"container\">\n\t\t\t\t\t<div class=\"e-con-inner\">\n\t\t\t\t<div class=\"elementor-element elementor-element-790dbd3 elementor-widget elementor-widget-text-editor\" data-id=\"790dbd3\" data-element_type=\"widget\" data-widget_type=\"text-editor.default\">\n\t\t\t\t<div class=\"elementor-widget-container\">\n\t\t\t\t\t\t\t<p><strong>Introducci\u00f3n general del filtro de tela de fieltro con aguja de PTFE:<\/strong><\/p><p>El PTFE (politetrafluoroetileno), tambi\u00e9n llamado tefl\u00f3n, siempre se ha considerado el REY de los pl\u00e1sticos debido a sus propiedades de resistencia a altas temperaturas (puede soportar hasta 280 grados C), resistencia a la corrosi\u00f3n (apto para PH1~14), mayor vida \u00fatil, no es pegajoso, etc. Por lo tanto, la fibra de PTFE es una materia prima excelente e innata para la producci\u00f3n de telas filtrantes industriales. La tela filtrante de PTFE (tela filtrante de tefl\u00f3n) que ofrece Zonel Filtech principalmente es tela filtrante de fieltro punzonado de PTFE (tela filtrante de fieltro punzonado de tefl\u00f3n).<\/p><p>Zonel Filtech adopt\u00f3 la fibra de PTFE (tefl\u00f3n) de primer grado al 100% y la malla de filamento de PTFE, luego perforada con agujas en fieltro, despu\u00e9s del tratamiento de acabado especial como chamuscado y esmaltado, fijaci\u00f3n t\u00e9rmica, ba\u00f1o de suspensi\u00f3n de PTFE y laminado de membrana de PTFE, la tela filtrante de fieltro con aguja de tefl\u00f3n (material filtrante de politetrafluoroetileno) se puede usar ampliamente en varias ocasiones industriales para la recolecci\u00f3n de polvo (bolsa filtrante de polvo de PTFE) y filtraci\u00f3n de l\u00edquidos (bolsa filtrante de PTFE\/tefl\u00f3n con clasificaci\u00f3n microm\u00e9trica).<\/p><p>Adem\u00e1s, Zonel Filtech puede ofrecer rollos de tela filtrante de PTFE (fieltro punzonado de PTFE para recolecci\u00f3n de polvo y tela filtrante de PTFE l\u00edquido\/tela filtrante de PTFE con clasificaci\u00f3n microm\u00e9trica) y bolsas filtrantes de PTFE listas para usar (bolsas filtrantes de tefl\u00f3n).<\/p><p>Si necesita ayuda, \u00a1no dude en ponerse en contacto con Zonel Filtech!<\/p><p><strong>Especificaci\u00f3n relevante para el fieltro de aguja de PTFE (politetrafluoroetileno, tefl\u00f3n):<\/strong><\/p><p><strong>Material: 100 % fibra de PTFE (politetrafluoroetileno, tefl\u00f3n), sostenida con una malla de filamento de PTFE (politetrafluoroetileno, tefl\u00f3n) <\/strong><\/p><p>Peso: 750 ~ 950 g\/m\u00b2<\/p><p>Temperatura de funcionamiento: Continua: \u2264260\u2103; Picos: 280\u2103<\/p><p>Tratamiento de superficie disponible: chamuscado y esmaltado, termoendurecido, ba\u00f1o de suspensi\u00f3n de PTFE, membrana de PTFE, tratamiento de superficie de tama\u00f1o de microporo.<\/p><p>\u00a1Podemos personalizar los productos seg\u00fan los requisitos de los clientes!<\/p>\t\t\t\t\t\t<\/div>\n\t\t\t\t<\/div>\n\t\t\t\t\t<\/div>\n\t\t\t\t<\/div>\n\t\t<div class=\"elementor-element elementor-element-c6da9b4 e-flex e-con-boxed e-con e-parent\" data-id=\"c6da9b4\" data-element_type=\"container\">\n\t\t\t\t\t<div class=\"e-con-inner\">\n\t\t\t\t<div class=\"elementor-element elementor-element-def86f4 elementor-widget elementor-widget-text-editor\" data-id=\"def86f4\" data-element_type=\"widget\" data-widget_type=\"text-editor.default\">\n\t\t\t\t<div class=\"elementor-widget-container\">\n\t\t\t\t\t\t\t<p><strong>Las propiedades de las bolsas filtrantes de polvo de tefl\u00f3n (fabricadas con tela filtrante de PTFE)<\/strong><\/p>\n\t\t\t\t\t\t<\/div>\n\t\t\t\t<\/div>\n\t\t\t\t\t<\/div>\n\t\t\t\t<\/div>\n\t\t<div class=\"elementor-element elementor-element-521a7a0 e-flex e-con-boxed e-con e-parent\" data-id=\"521a7a0\" data-element_type=\"container\">\n\t\t\t\t\t<div class=\"e-con-inner\">\n\t\t\t\t<div class=\"elementor-element elementor-element-055065b elementor-widget elementor-widget-text-editor\" data-id=\"055065b\" data-element_type=\"widget\" data-widget_type=\"text-editor.default\">\n\t\t\t\t<div class=\"elementor-widget-container\">\n\t\t\t\t\t\t\t<p>1. Resistencia a altas temperaturas, la temperatura de funcionamiento continuo puede alcanzar hasta 260 grados C, el funcionamiento instant\u00e1neo puede alcanzar hasta 280 grados C.<\/p>\n<p>2. Producci\u00f3n a gran escala disponible, con un precio mucho m\u00e1s econ\u00f3mico en comparaci\u00f3n con el anterior.<\/p>\n<p>3.Se puede utilizar en todo el rango de pH.<\/p>\n<p>4.Larga vida \u00fatil, como es habitual puede ser m\u00e1s de 4 a\u00f1os.<\/p>\n<p>5. Toda la gama de producci\u00f3n con varios usos est\u00e1 disponible.<\/p>\n\t\t\t\t\t\t<\/div>\n\t\t\t\t<\/div>\n\t\t\t\t\t<\/div>\n\t\t\t\t<\/div>\n\t\t<div class=\"elementor-element elementor-element-78c0467 e-flex e-con-boxed e-con e-parent\" data-id=\"78c0467\" data-element_type=\"container\">\n\t\t\t\t\t<div class=\"e-con-inner\">\n\t\t\t\t<div class=\"elementor-element elementor-element-a56e464 elementor-widget elementor-widget-text-editor\" data-id=\"a56e464\" data-element_type=\"widget\" data-widget_type=\"text-editor.default\">\n\t\t\t\t<div class=\"elementor-widget-container\">\n\t\t\t\t\t\t\t<p><strong>Principales aplicaciones de las bolsas filtrantes de PTFE<\/strong><\/p>\n\t\t\t\t\t\t<\/div>\n\t\t\t\t<\/div>\n\t\t\t\t\t<\/div>\n\t\t\t\t<\/div>\n\t\t<div class=\"elementor-element elementor-element-82be846 e-flex e-con-boxed e-con e-parent\" data-id=\"82be846\" data-element_type=\"container\">\n\t\t\t\t\t<div class=\"e-con-inner\">\n\t\t\t\t<div class=\"elementor-element elementor-element-a9ac907 elementor-widget elementor-widget-text-editor\" data-id=\"a9ac907\" data-element_type=\"widget\" data-widget_type=\"text-editor.default\">\n\t\t\t\t<div class=\"elementor-widget-container\">\n\t\t\t\t\t\t\t<p>La tela filtrante de PTFE es un material especial con buena resistencia a los \u00e1lcalis y \u00e1cidos, antihidr\u00f3lisis, dimensi\u00f3n f\u00edsica estable, utilizado principalmente en calderas de combusti\u00f3n de carb\u00f3n, incineraci\u00f3n de residuos, producci\u00f3n de negro de carb\u00f3n, producci\u00f3n de Tio2 para eliminaci\u00f3n de humos o recolecci\u00f3n de polvo (bolsa de filtro de polvo de PTFE), as\u00ed como tambi\u00e9n alguna filtraci\u00f3n de l\u00edquidos corrosivos o de alta temperatura (bolsa de filtro de l\u00edquido de PTFE).<\/p>\n<p>Zonel<\/p>\n<p><span style=\"font-style: inherit; font-weight: inherit; text-align: var(--text-align); background-color: var(--ast-global-color-4); color: var(--ast-global-color-1);\">ISO9001:2015<\/span><\/p>\n\t\t\t\t\t\t<\/div>\n\t\t\t\t<\/div>\n\t\t\t\t\t<\/div>\n\t\t\t\t<\/div>\n\t\t<div class=\"elementor-element elementor-element-1340de3 e-grid e-con-boxed e-con e-parent\" data-id=\"1340de3\" data-element_type=\"container\">\n\t\t\t\t\t<div class=\"e-con-inner\">\n\t\t\t\t<div class=\"elementor-element elementor-element-de202bb elementor-widget elementor-widget-image\" data-id=\"de202bb\" data-element_type=\"widget\" data-widget_type=\"image.default\">\n\t\t\t\t<div class=\"elementor-widget-container\">\n\t\t\t\t\t\t\t\t\t\t\t\t\t<img decoding=\"async\" width=\"1\" height=\"1\" src=\"https:\/\/www.zonelenviro.com\/wp-content\/uploads\/2024\/03\/PTFE-needle-felt-filtr-bags.webp\" class=\"attachment-large size-large wp-image-7455\" alt=\"\" \/>\t\t\t\t\t\t\t\t\t\t\t\t\t<\/div>\n\t\t\t\t<\/div>\n\t\t\t\t<div class=\"elementor-element elementor-element-5b2aba2 elementor-widget elementor-widget-image\" data-id=\"5b2aba2\" data-element_type=\"widget\" data-widget_type=\"image.default\">\n\t\t\t\t<div class=\"elementor-widget-container\">\n\t\t\t\t\t\t\t\t\t\t\t\t\t<img decoding=\"async\" width=\"1\" height=\"1\" src=\"https:\/\/www.zonelenviro.com\/wp-content\/uploads\/2024\/03\/PTFE-needle-felt-filter-cloth.webp\" class=\"attachment-large size-large wp-image-7459\" alt=\"\" \/>\t\t\t\t\t\t\t\t\t\t\t\t\t<\/div>\n\t\t\t\t<\/div>\n\t\t\t\t<div class=\"elementor-element elementor-element-0530a67 elementor-widget elementor-widget-image\" data-id=\"0530a67\" data-element_type=\"widget\" data-widget_type=\"image.default\">\n\t\t\t\t<div class=\"elementor-widget-container\">\n\t\t\t\t\t\t\t\t\t\t\t\t\t<img decoding=\"async\" width=\"1\" height=\"1\" src=\"https:\/\/www.zonelenviro.com\/wp-content\/uploads\/2024\/03\/ptfe-teflon-dust-filter-bags.webp\" class=\"attachment-large size-large wp-image-7456\" alt=\"\" \/>\t\t\t\t\t\t\t\t\t\t\t\t\t<\/div>\n\t\t\t\t<\/div>\n\t\t\t\t<div class=\"elementor-element elementor-element-30d9981 elementor-widget elementor-widget-image\" data-id=\"30d9981\" data-element_type=\"widget\" data-widget_type=\"image.default\">\n\t\t\t\t<div class=\"elementor-widget-container\">\n\t\t\t\t\t\t\t\t\t\t\t\t\t<img loading=\"lazy\" decoding=\"async\" width=\"1\" height=\"1\" src=\"https:\/\/www.zonelenviro.com\/wp-content\/uploads\/2024\/03\/PTFE-dust-filter-bags.webp\" class=\"attachment-large size-large wp-image-7458\" alt=\"\" \/>\t\t\t\t\t\t\t\t\t\t\t\t\t<\/div>\n\t\t\t\t<\/div>\n\t\t\t\t<div class=\"elementor-element elementor-element-b152e3d elementor-widget elementor-widget-image\" data-id=\"b152e3d\" data-element_type=\"widget\" data-widget_type=\"image.default\">\n\t\t\t\t<div class=\"elementor-widget-container\">\n\t\t\t\t\t\t\t\t\t\t\t\t\t<img loading=\"lazy\" decoding=\"async\" width=\"1\" height=\"1\" src=\"https:\/\/www.zonelenviro.com\/wp-content\/uploads\/2024\/03\/PTFE-Teflon-needle-felt-filter-cloth-with-PTFE-suspension-bath-and-PTFE-membrane-treatement.webp\" class=\"attachment-large size-large wp-image-7457\" alt=\"\" \/>\t\t\t\t\t\t\t\t\t\t\t\t\t<\/div>\n\t\t\t\t<\/div>\n\t\t\t\t<div class=\"elementor-element elementor-element-fd9efca elementor-widget elementor-widget-image\" data-id=\"fd9efca\" data-element_type=\"widget\" data-widget_type=\"image.default\">\n\t\t\t\t<div class=\"elementor-widget-container\">\n\t\t\t\t\t\t\t\t\t\t\t\t\t<img loading=\"lazy\" decoding=\"async\" width=\"1\" height=\"1\" src=\"https:\/\/www.zonelenviro.com\/wp-content\/uploads\/2024\/03\/PTFE-filter-bag-package.webp\" class=\"attachment-large size-large wp-image-7460\" alt=\"\" \/>\t\t\t\t\t\t\t\t\t\t\t\t\t<\/div>\n\t\t\t\t<\/div>\n\t\t\t\t\t<\/div>\n\t\t\t\t<\/div>\n\t\t\t\t<\/div>\n\t\t","protected":false},"excerpt":{"rendered":"<p>El PTFE (politetrafluoroetileno), tambi\u00e9n conocido como tefl\u00f3n, siempre se ha considerado el REY de los pl\u00e1sticos debido a sus propiedades de resistencia a altas temperaturas (soporta hasta 280 grados C), resistencia a la corrosi\u00f3n (adecuado para PH1~14), mayor vida \u00fatil, no es pegajoso, etc. Por lo tanto, la fibra de PTFE es una materia prima excelente e innata para la producci\u00f3n de telas filtrantes industriales. La tela filtrante de PTFE (tela filtrante de tefl\u00f3n) de Zonel Filtech ofrece principalmente tela filtrante de fieltro punzonado de PTFE (tela filtrante de fieltro punzonado de tefl\u00f3n) as\u00ed como tela filtrante de PTFE tejida.<\/p>\n<p>Zonel Filtech adopt\u00f3 la fibra de PTFE (tefl\u00f3n) de primer grado al 100% y la malla de filamento de PTFE, luego se punzonaron bien con agujas para formar fieltro. Despu\u00e9s del tratamiento de acabado especial, la tela filtrante de fieltro de tefl\u00f3n (material filtrante de politetrafluoroetileno) se puede usar ampliamente en varias ocasiones industriales para la recolecci\u00f3n de polvo (bolsa filtrante de polvo de PTFE) y la filtraci\u00f3n de l\u00edquidos (bolsa filtrante de PTFE \/ tefl\u00f3n con clasificaci\u00f3n microm\u00e9trica).<\/p>\n<p>Zonel Filtech puede suministrar rollos de tela filtrante de PTFE (fieltro de aguja de PTFE para recolecci\u00f3n de polvo y tela filtrante de l\u00edquido de PTFE \/ tela filtrante de PTFE con clasificaci\u00f3n microm\u00e9trica) y bolsas filtrantes de PTFE listas para usar (bolsas filtrantes de tefl\u00f3n).<\/p>\n","protected":false},"featured_media":7455,"template":"","meta":{"site-sidebar-layout":"no-sidebar","site-content-layout":"page-builder","ast-site-content-layout":"full-width-container","site-content-style":"default","site-sidebar-style":"default","ast-global-header-display":"","ast-banner-title-visibility":"","ast-main-header-display":"","ast-hfb-above-header-display":"","ast-hfb-below-header-display":"","ast-hfb-mobile-header-display":"","site-post-title":"disabled","ast-breadcrumbs-content":"","ast-featured-img":"disabled","footer-sml-layout":"","theme-transparent-header-meta":"default","adv-header-id-meta":"","stick-header-meta":"","header-above-stick-meta":"","header-main-stick-meta":"","header-below-stick-meta":"","astra-migrate-meta-layouts":"set","ast-page-background-enabled":"default","ast-page-background-meta":{"desktop":{"background-color":"","background-image":"","background-repeat":"repeat","background-position":"center center","background-size":"auto","background-attachment":"scroll","background-type":"","background-media":"","overlay-type":"","overlay-color":"","overlay-opacity":"","overlay-gradient":""},"tablet":{"background-color":"","background-image":"","background-repeat":"repeat","background-position":"center center","background-size":"auto","background-attachment":"scroll","background-type":"","background-media":"","overlay-type":"","overlay-color":"","overlay-opacity":"","overlay-gradient":""},"mobile":{"background-color":"","background-image":"","background-repeat":"repeat","background-position":"center center","background-size":"auto","background-attachment":"scroll","background-type":"","background-media":"","overlay-type":"","overlay-color":"","overlay-opacity":"","overlay-gradient":""}},"ast-content-background-meta":{"desktop":{"background-color":"var(--ast-global-color-5)","background-image":"","background-repeat":"repeat","background-position":"center center","background-size":"auto","background-attachment":"scroll","background-type":"","background-media":"","overlay-type":"","overlay-color":"","overlay-opacity":"","overlay-gradient":""},"tablet":{"background-color":"var(--ast-global-color-5)","background-image":"","background-repeat":"repeat","background-position":"center center","background-size":"auto","background-attachment":"scroll","background-type":"","background-media":"","overlay-type":"","overlay-color":"","overlay-opacity":"","overlay-gradient":""},"mobile":{"background-color":"var(--ast-global-color-5)","background-image":"","background-repeat":"repeat","background-position":"center center","background-size":"auto","background-attachment":"scroll","background-type":"","background-media":"","overlay-type":"","overlay-color":"","overlay-opacity":"","overlay-gradient":""}}},"product_brand":[],"product_cat":[94],"product_tag":[],"class_list":{"0":"post-7454","1":"product","2":"type-product","3":"status-publish","4":"has-post-thumbnail","6":"product_cat-filtro-de-polvo","7":"desktop-align-left","8":"tablet-align-left","9":"mobile-align-left","11":"first","12":"instock","13":"shipping-taxable","14":"product-type-simple"},"_links":{"self":[{"href":"https:\/\/www.zonelenviro.com\/es\/wp-json\/wp\/v2\/product\/7454","targetHints":{"allow":["GET"]}}],"collection":[{"href":"https:\/\/www.zonelenviro.com\/es\/wp-json\/wp\/v2\/product"}],"about":[{"href":"https:\/\/www.zonelenviro.com\/es\/wp-json\/wp\/v2\/types\/product"}],"version-history":[{"count":0,"href":"https:\/\/www.zonelenviro.com\/es\/wp-json\/wp\/v2\/product\/7454\/revisions"}],"wp:featuredmedia":[{"embeddable":true,"href":"https:\/\/www.zonelenviro.com\/es\/wp-json\/wp\/v2\/media\/7455"}],"wp:attachment":[{"href":"https:\/\/www.zonelenviro.com\/es\/wp-json\/wp\/v2\/media?parent=7454"}],"wp:term":[{"taxonomy":"product_brand","embeddable":true,"href":"https:\/\/www.zonelenviro.com\/es\/wp-json\/wp\/v2\/product_brand?post=7454"},{"taxonomy":"product_cat","embeddable":true,"href":"https:\/\/www.zonelenviro.com\/es\/wp-json\/wp\/v2\/product_cat?post=7454"},{"taxonomy":"product_tag","embeddable":true,"href":"https:\/\/www.zonelenviro.com\/es\/wp-json\/wp\/v2\/product_tag?post=7454"}],"curies":[{"name":"wp","href":"https:\/\/api.w.org\/{rel}","templated":true}]}}