{"id":7485,"date":"2024-03-18T14:55:54","date_gmt":"2024-03-18T06:55:54","guid":{"rendered":"https:\/\/www.zonelenviro.com\/cartucho-de-filtro-de-admision-de-aire-de-turbina-de-gas\/"},"modified":"2024-09-06T16:23:06","modified_gmt":"2024-09-06T08:23:06","slug":"cartucho-de-filtro-de-admision-de-aire-de-turbina-de-gas","status":"publish","type":"product","link":"https:\/\/www.zonelenviro.com\/es\/cartucho-de-filtro-de-admision-de-aire-de-turbina-de-gas.html","title":{"rendered":"Cartucho de filtro de admisi\u00f3n de aire de turbina de gas"},"content":{"rendered":"\t\t<div data-elementor-type=\"product-post\" data-elementor-id=\"7485\" class=\"elementor elementor-7485 elementor-811\" data-elementor-post-type=\"product\">\n\t\t\t\t<div class=\"elementor-element elementor-element-711225f5 e-flex e-con-boxed e-con e-parent\" data-id=\"711225f5\" data-element_type=\"container\">\n\t\t\t\t\t<div class=\"e-con-inner\">\n\t\t\t\t<div class=\"elementor-element elementor-element-0ac44e5 elementor-widget elementor-widget-image\" data-id=\"0ac44e5\" data-element_type=\"widget\" data-widget_type=\"image.default\">\n\t\t\t\t<div class=\"elementor-widget-container\">\n\t\t\t\t\t\t\t\t\t\t\t\t\t<img decoding=\"async\" width=\"1\" height=\"1\" src=\"https:\/\/www.zonelenviro.com\/wp-content\/uploads\/2024\/03\/filter-cartridges-for-gas-turbine.webp\" class=\"attachment-medium size-medium wp-image-7486\" alt=\"\" \/>\t\t\t\t\t\t\t\t\t\t\t\t\t<\/div>\n\t\t\t\t<\/div>\n\t\t\t\t<div class=\"elementor-element elementor-element-5f8d10be elementor-widget elementor-widget-text-editor\" data-id=\"5f8d10be\" data-element_type=\"widget\" data-widget_type=\"text-editor.default\">\n\t\t\t\t<div class=\"elementor-widget-container\">\n\t\t\t\t\t\t\t<p><strong>Cartuchos de filtro de admisi\u00f3n de aire para turbinas de gas<\/strong><br \/><strong>Introducci\u00f3n general de los cartuchos de filtro de admisi\u00f3n de aire para turbinas de gas:<\/strong><\/p><p>Las turbinas de gas se utilizan ampliamente en las centrales t\u00e9rmicas del mundo, y el aire de entrada de primera calidad es crucial para su funcionamiento y mantenimiento diarios. Para mejorar la eficiencia de la turbina de gas y prolongar la vida \u00fatil, es necesaria la filtraci\u00f3n ascendente. Zonel Filtech ofrece cartuchos de filtro de entrada de aire de turbina de gas de repuesto de buena calidad en todo el mundo, de todos los tama\u00f1os y marcas (como Din, Twist Lock, FARR, Puls Star, AAF Pulse Star, etc.), y nuestros cartuchos de filtro de turbina de gas de repuesto se instalan en GE, Siemens, Alstom, Turbomach, Solar y muchas otras turbinas de gas en todo el mundo.<\/p><p><strong>Propiedades de los cartuchos filtrantes para turbinas de gas de Zonel Filtech:<\/strong><br \/>1. Seg\u00fan el dise\u00f1o de los filtros, el cartucho filtrante puede ser cil\u00edndrico, c\u00f3nico o de forma combinada, y estar conectado a la carcasa del filtro con una tapa de extremo cuadrada, normal, con cierre giratorio, EPDM o sello de silicona.<\/p><p>2. Las superficies internas y externas de los filtros de turbina de gas suelen estar hechas de malla de acero galvanizada o con tratamiento superficial, pero tambi\u00e9n hay filtros ABS y PP disponibles.<\/p><p>3. Los filtros de turbina de gas pueden utilizar varios tipos de materiales y medios filtrantes de acuerdo con los requisitos respectivos. El material filtrante es generalmente una tela filtrante sint\u00e9tica o posiblemente celulosa mezclada con materiales sint\u00e9ticos, incluso incorporando propiedades de nanotecnolog\u00eda.<\/p><p>4. Zonel Filtech puede ofrecer los elementos filtrantes desde la etapa de prefiltro hasta los paneles filtrantes H11 (H12) m\u00e1s sensibles. 5. Los filtros de turbina de gas de Zonel tienen menor resistencia y una vida \u00fatil prolongada, con un precio competitivo y un rendimiento perfecto.<\/p><p><strong>Aplicaciones:<\/strong><br \/>Filtros de aire de entrada de turbinas de gas.<\/p>\t\t\t\t\t\t<\/div>\n\t\t\t\t<\/div>\n\t\t\t\t\t<\/div>\n\t\t\t\t<\/div>\n\t\t\t\t<\/div>\n\t\t","protected":false},"excerpt":{"rendered":"<p>Las turbinas de gas se utilizan ampliamente en las centrales t\u00e9rmicas del mundo, y el aire de entrada de primera calidad es crucial para su funcionamiento y mantenimiento diarios. Para mejorar la eficiencia de la turbina de gas y prolongar su vida \u00fatil, es necesaria la filtraci\u00f3n previa.<\/p>\n","protected":false},"featured_media":7486,"template":"","meta":{"site-sidebar-layout":"default","site-content-layout":"","ast-site-content-layout":"default","site-content-style":"default","site-sidebar-style":"default","ast-global-header-display":"","ast-banner-title-visibility":"","ast-main-header-display":"","ast-hfb-above-header-display":"","ast-hfb-below-header-display":"","ast-hfb-mobile-header-display":"","site-post-title":"","ast-breadcrumbs-content":"","ast-featured-img":"","footer-sml-layout":"","theme-transparent-header-meta":"default","adv-header-id-meta":"","stick-header-meta":"","header-above-stick-meta":"","header-main-stick-meta":"","header-below-stick-meta":"","astra-migrate-meta-layouts":"set","ast-page-background-enabled":"default","ast-page-background-meta":{"desktop":{"background-color":"","background-image":"","background-repeat":"repeat","background-position":"center center","background-size":"auto","background-attachment":"scroll","background-type":"","background-media":"","overlay-type":"","overlay-color":"","overlay-opacity":"","overlay-gradient":""},"tablet":{"background-color":"","background-image":"","background-repeat":"repeat","background-position":"center center","background-size":"auto","background-attachment":"scroll","background-type":"","background-media":"","overlay-type":"","overlay-color":"","overlay-opacity":"","overlay-gradient":""},"mobile":{"background-color":"","background-image":"","background-repeat":"repeat","background-position":"center center","background-size":"auto","background-attachment":"scroll","background-type":"","background-media":"","overlay-type":"","overlay-color":"","overlay-opacity":"","overlay-gradient":""}},"ast-content-background-meta":{"desktop":{"background-color":"var(--ast-global-color-5)","background-image":"","background-repeat":"repeat","background-position":"center center","background-size":"auto","background-attachment":"scroll","background-type":"","background-media":"","overlay-type":"","overlay-color":"","overlay-opacity":"","overlay-gradient":""},"tablet":{"background-color":"var(--ast-global-color-5)","background-image":"","background-repeat":"repeat","background-position":"center center","background-size":"auto","background-attachment":"scroll","background-type":"","background-media":"","overlay-type":"","overlay-color":"","overlay-opacity":"","overlay-gradient":""},"mobile":{"background-color":"var(--ast-global-color-5)","background-image":"","background-repeat":"repeat","background-position":"center center","background-size":"auto","background-attachment":"scroll","background-type":"","background-media":"","overlay-type":"","overlay-color":"","overlay-opacity":"","overlay-gradient":""}}},"product_brand":[],"product_cat":[94],"product_tag":[],"class_list":{"0":"post-7485","1":"product","2":"type-product","3":"status-publish","4":"has-post-thumbnail","6":"product_cat-filtro-de-polvo","7":"desktop-align-left","8":"tablet-align-left","9":"mobile-align-left","11":"first","12":"instock","13":"shipping-taxable","14":"product-type-simple"},"_links":{"self":[{"href":"https:\/\/www.zonelenviro.com\/es\/wp-json\/wp\/v2\/product\/7485","targetHints":{"allow":["GET"]}}],"collection":[{"href":"https:\/\/www.zonelenviro.com\/es\/wp-json\/wp\/v2\/product"}],"about":[{"href":"https:\/\/www.zonelenviro.com\/es\/wp-json\/wp\/v2\/types\/product"}],"version-history":[{"count":0,"href":"https:\/\/www.zonelenviro.com\/es\/wp-json\/wp\/v2\/product\/7485\/revisions"}],"wp:featuredmedia":[{"embeddable":true,"href":"https:\/\/www.zonelenviro.com\/es\/wp-json\/wp\/v2\/media\/7486"}],"wp:attachment":[{"href":"https:\/\/www.zonelenviro.com\/es\/wp-json\/wp\/v2\/media?parent=7485"}],"wp:term":[{"taxonomy":"product_brand","embeddable":true,"href":"https:\/\/www.zonelenviro.com\/es\/wp-json\/wp\/v2\/product_brand?post=7485"},{"taxonomy":"product_cat","embeddable":true,"href":"https:\/\/www.zonelenviro.com\/es\/wp-json\/wp\/v2\/product_cat?post=7485"},{"taxonomy":"product_tag","embeddable":true,"href":"https:\/\/www.zonelenviro.com\/es\/wp-json\/wp\/v2\/product_tag?post=7485"}],"curies":[{"name":"wp","href":"https:\/\/api.w.org\/{rel}","templated":true}]}}