{"id":9544,"date":"2026-04-02T16:35:37","date_gmt":"2026-04-02T08:35:37","guid":{"rendered":"https:\/\/www.zonelenviro.com\/?post_type=product&#038;p=9544"},"modified":"2026-04-02T16:36:12","modified_gmt":"2026-04-02T08:36:12","slug":"banda-filtrante-para-filtracion-de-acido-fosforico-con-procesamiento-humedo-copy","status":"publish","type":"product","link":"https:\/\/www.zonelenviro.com\/es\/product\/banda-filtrante-para-filtracion-de-acido-fosforico-con-procesamiento-humedo-copy\/","title":{"rendered":"Banda filtrante para filtraci\u00f3n de \u00e1cido fosf\u00f3rico con procesamiento h\u00famedo (Copy)"},"content":{"rendered":"\t\t<div data-elementor-type=\"product-post\" data-elementor-id=\"9544\" class=\"elementor elementor-9544\" data-elementor-post-type=\"product\">\n\t\t\t\t<div class=\"elementor-element elementor-element-9cf79a1 e-flex e-con-boxed e-con e-parent\" data-id=\"9cf79a1\" data-element_type=\"container\">\n\t\t\t\t\t<div class=\"e-con-inner\">\n\t\t\t\t<div class=\"elementor-element elementor-element-4e60556 elementor-widget elementor-widget-text-editor\" data-id=\"4e60556\" data-element_type=\"widget\" data-widget_type=\"text-editor.default\">\n\t\t\t\t<div class=\"elementor-widget-container\">\n\t\t\t\t\t\t\t<p><strong>Malla de filtro de aire acondicionado, material en rollo y panel de filtro\/l\u00e1mina de filtro listos para usar<\/strong><\/p>\n\t\t\t\t\t\t<\/div>\n\t\t\t\t<\/div>\n\t\t\t\t\t<\/div>\n\t\t\t\t<\/div>\n\t\t<div class=\"elementor-element elementor-element-08089e1 e-flex e-con-boxed e-con e-parent\" data-id=\"08089e1\" data-element_type=\"container\">\n\t\t\t\t\t<div class=\"e-con-inner\">\n\t\t\t\t<div class=\"elementor-element elementor-element-18c84a7 elementor-widget elementor-widget-image\" data-id=\"18c84a7\" data-element_type=\"widget\" data-widget_type=\"image.default\">\n\t\t\t\t<div class=\"elementor-widget-container\">\n\t\t\t\t\t\t\t\t\t\t\t\t\t<img decoding=\"async\" width=\"1\" height=\"1\" src=\"https:\/\/www.zonelenviro.com\/wp-content\/uploads\/2024\/03\/Phosphoric-acid-filter-belt-phosphoric-acid-filter-fabric.jpg\" class=\"attachment-large size-large wp-image-6755\" alt=\"\" \/>\t\t\t\t\t\t\t\t\t\t\t\t\t<\/div>\n\t\t\t\t<\/div>\n\t\t\t\t\t<\/div>\n\t\t\t\t<\/div>\n\t\t<div class=\"elementor-element elementor-element-f376a11 e-flex e-con-boxed e-con e-parent\" data-id=\"f376a11\" data-element_type=\"container\">\n\t\t\t\t\t<div class=\"e-con-inner\">\n\t\t\t\t<div class=\"elementor-element elementor-element-e53ec3a elementor-widget elementor-widget-text-editor\" data-id=\"e53ec3a\" data-element_type=\"widget\" data-widget_type=\"text-editor.default\">\n\t\t\t\t<div class=\"elementor-widget-container\">\n\t\t\t\t\t\t\t<p><strong>Introducci\u00f3n general:<\/strong><\/p><p>La mano de obra de procesamiento h\u00famedo para la producci\u00f3n de \u00e1cido fosf\u00f3rico con las propiedades de la tecnolog\u00eda m\u00e1s madura, el m\u00e9todo m\u00e1s econ\u00f3mico, que es la mano de obra m\u00e1s popular para la producci\u00f3n de \u00e1cido fosf\u00f3rico.<br \/>No importa el m\u00e9todo DH, HH-DH, DH-HH o HH, para obtener \u00e1cido fosf\u00f3rico limpio; obtenga una alta tasa de recolecci\u00f3n de P2O5, la mayor\u00eda de las f\u00e1bricas equipar\u00e1n los filtros de vac\u00edo con un sistema de lavado vertical para separar el \u00e1cido fosf\u00f3rico con las part\u00edculas s\u00f3lidas, los filtros pueden ser filtros de vac\u00edo de banda de goma, filtros de disco y filtros de bandeja, etc.<br \/>El sistema de filtrado es uno de los equipos m\u00e1s complejos y m\u00e1s costosos para las plantas de \u00e1cido fosf\u00f3rico. Para lograr una mayor eficiencia de trabajo de los filtros, lo cual es crucial para la producci\u00f3n de \u00e1cido fosf\u00f3rico, la tasa de recolecci\u00f3n de P2O5 y la calidad, como el coraz\u00f3n de los filtros, las telas filtrantes\/cintas filtrantes juegan, por supuesto, un papel muy importante.<br \/>Cuando comprendi\u00f3 bien los requisitos de las plantas de \u00e1cido fosf\u00f3rico, acumul\u00f3 abundantes experiencias en la producci\u00f3n de \u00e1cido fosf\u00f3rico y compar\u00f3 las telas filtrantes relevantes en el mercado, Zonel Filtech desarroll\u00f3 una tela filtrante\/banda filtrante especial para filtros de vac\u00edo con banda de caucho en aplicaciones de \u00e1cido fosf\u00f3rico.<\/p><p><strong>Propiedades de la banda filtrante para uso en filtraci\u00f3n de \u00e1cido fosf\u00f3rico:<\/strong> <br \/>1. El material de la banda filtrante es resistente a los \u00e1cidos, estable y de construcci\u00f3n fuerte, con igual resistencia a la tracci\u00f3n y permeabilidad al aire.\u00a0 \u00a0 \u00a0 \u00a0 \u00a0 \u00a0 \u00a0 \u00a0 \u00a0 \u00a0 \u00a0 \u00a0 \u00a0 \u00a0 \u00a0 2. Con una conexi\u00f3n especial de clipper de acero inoxidable, la banda nunca se rompe de la pieza de uni\u00f3n. <br \/>3. Buena permeabilidad al aire\/permeabilidad al agua, alta eficiencia de filtrado, secado de la torta. <br \/>4. Superficie lisa, f\u00e1cil de lavar y regenerar, no se obstruye f\u00e1cilmente. <br \/>5. F\u00e1cil instalaci\u00f3n y mantenimiento, durable.<\/p><p><strong>Aplicaci\u00f3n:<\/strong> <br \/>Para la separaci\u00f3n de s\u00f3lidos y l\u00edquidos durante la producci\u00f3n de \u00e1cido fosf\u00f3rico.<\/p><p><strong>Especificaci\u00f3n relevante de la banda filtrante de \u00e1cido fosf\u00f3rico:<\/strong><\/p><div class=\"wptb-container-legacy\" data-table-id=\"6758\">\n    <table class=\"wptb-preview-table wptb-element-main-table_setting-6758\" style=\"border: 1px solid rgb(209, 209, 209); border-spacing: 3px 3px; \" data-reconstraction=\"1\" data-wptb-table-directives=\"eyJpbm5lckJvcmRlcnMiOnsiYWN0aXZlIjoiYWxsIiwiYm9yZGVyV2lkdGgiOiIxIiwiYm9yZGVyUmFkaXVzZXMiOnsiYWxsIjpmYWxzZX19fQ==\" data-wptb-responsive-directives=\"eyJyZXNwb25zaXZlRW5hYmxlZCI6dHJ1ZSwicmVzcG9uc2l2ZU1vZGUiOiJhdXRvIiwicHJlc2VydmVSb3dDb2xvciI6ZmFsc2UsInJlbGF0aXZlV2lkdGgiOiJ3aW5kb3ciLCJoZWFkZXJGdWxseU1lcmdlZCI6ZmFsc2UsIm1vZGVPcHRpb25zIjp7ImF1dG8iOnsiZGlzYWJsZWQiOnsiZGVza3RvcCI6ZmFsc2UsInRhYmxldCI6dHJ1ZSwibW9iaWxlIjp0cnVlfSwidG9wUm93QXNIZWFkZXIiOnsiZGVza3RvcCI6ZmFsc2UsInRhYmxldCI6dHJ1ZSwibW9iaWxlIjp0cnVlfSwicmVwZWF0TWVyZ2VkSGVhZGVyIjp7ImRlc2t0b3AiOnRydWUsInRhYmxldCI6dHJ1ZSwibW9iaWxlIjp0cnVlfSwic3RhdGljVG9wUm93Ijp7ImRlc2t0b3AiOmZhbHNlLCJ0YWJsZXQiOmZhbHNlLCJtb2JpbGUiOmZhbHNlfSwiY2VsbFN0YWNrRGlyZWN0aW9uIjp7ImRlc2t0b3AiOiJyb3ciLCJ0YWJsZXQiOiJyb3ciLCJtb2JpbGUiOiJyb3cifSwiY2VsbHNQZXJSb3ciOnsiZGVza3RvcCI6MSwidGFibGV0IjoxLCJtb2JpbGUiOjF9fX0sImJyZWFrcG9pbnRzIjp7ImRlc2t0b3AiOnsibmFtZSI6ImRlc2t0b3AiLCJ3aWR0aCI6MTAyNH0sInRhYmxldCI6eyJuYW1lIjoidGFibGV0Iiwid2lkdGgiOjcwMH0sIm1vYmlsZSI6eyJuYW1lIjoibW9iaWxlIiwid2lkdGgiOjMwMH19fQ==\" data-wptb-cells-width-auto-count=\"7\" data-wptb-table-container-max-width=\"700\" data-wptb-horizontal-scroll-status=\"true\" data-wptb-extra-styles=\"LyogRW50ZXIgeW91ciBjdXN0b20gQ1NTIHJ1bGVzIGhlcmUgKi8=\" data-wptb-first-column-sticky=\"false\" data-wptb-pro-pagination-top-row-header=\"true\" data-wptb-rows-per-page=\"3\" data-wptb-pro-search-top-row-header=\"true\" data-wptb-searchbar-position=\"left\" role=\"table\" data-table-columns=\"7\" data-wptb-table-alignment=\"center\" data-wptb-td-width-auto=\"10\" data-wptb-table-tds-sum-max-width=\"162.88888\" ><tbody data-global-font-color=\"#000000\" data-global-link-color=\"#000000\" data-global-font-size=\"15px\" ><tr  class=\"wptb-row \" style=\"\"><td class=\"wptb-cell \" style=\"padding: 6px; border: 1px solid rgb(209, 209, 209); \" data-y-index=\"0\" data-x-index=\"0\" data-wptb-css-td-auto-width=\"true\" data-wptb-cell-vertical-alignment=\"center\" ><div class=\"wptb-text-container wptb-ph-element wptb-element-text-597\" style=\"color: rgb(0, 0, 0); font-size: 15px; padding: 0px; margin: 0px; \"><div style=\"position: relative;\"><p style=\"text-align: center\" data-mce-style=\"text-align: center;\">Serie<\/p><\/div><\/div><\/td><td class=\"wptb-cell \" style=\"padding: 6px; border: 1px solid rgb(209, 209, 209); \" data-y-index=\"0\" data-x-index=\"1\" data-wptb-css-td-auto-width=\"true\" data-wptb-cell-vertical-alignment=\"center\" ><div class=\"wptb-text-container wptb-ph-element wptb-element-text-598\" style=\"color: rgb(0, 0, 0); font-size: 15px; padding: 0px; margin: 0px; \"><div style=\"position: relative;\"><p style=\"text-align: center\" data-mce-style=\"text-align: center;\">N\u00famero de modelo<\/p><\/div><\/div><\/td><td class=\"wptb-cell \" style=\"padding: 6px; border: 1px solid rgb(209, 209, 209); \" data-y-index=\"0\" data-x-index=\"2\" data-wptb-css-td-auto-width=\"true\" data-wptb-cell-vertical-alignment=\"center\" ><div class=\"wptb-text-container wptb-ph-element wptb-element-text-599\" style=\"color: rgb(0, 0, 0); font-size: 15px; padding: 0px; margin: 0px; \"><div style=\"position: relative;\"><p style=\"text-align: center\" data-mce-style=\"text-align: center;\">Densidad<\/p><p style=\"text-align: center\" data-mce-style=\"text-align: center;\">(urdimbre\/trama)<\/p><p style=\"text-align: center\" data-mce-style=\"text-align: center;\">(cuentas\/10 cm)<\/p><\/div><\/div><\/td><td class=\"wptb-cell \" style=\"padding: 6px; border: 1px solid rgb(209, 209, 209); \" data-y-index=\"0\" data-x-index=\"3\" data-wptb-css-td-auto-width=\"true\" data-wptb-cell-vertical-alignment=\"center\" ><div class=\"wptb-text-container wptb-ph-element wptb-element-text-600\" style=\"color: rgb(0, 0, 0); font-size: 15px; padding: 0px; margin: 0px; \"><div style=\"position: relative;\"><p style=\"text-align: center\" data-mce-style=\"text-align: center;\">Peso<\/p><p style=\"text-align: center\" data-mce-style=\"text-align: center;\">(g\/m2)<\/p><\/div><\/div><\/td><td class=\"wptb-cell \" style=\"padding: 6px; border: 1px solid rgb(209, 209, 209); \" data-y-index=\"0\" data-x-index=\"4\" data-wptb-css-td-auto-width=\"true\" data-wptb-cell-vertical-alignment=\"center\" ><div class=\"wptb-text-container wptb-ph-element wptb-element-text-601\" style=\"color: rgb(0, 0, 0); font-size: 15px; padding: 0px; margin: 0px; \"><div style=\"position: relative;\"><p style=\"text-align: center\" data-mce-style=\"text-align: center;\">Resistencia al estallido<\/p><p style=\"text-align: center\" data-mce-style=\"text-align: center;\">(urdimbre\/trama)<\/p><p style=\"text-align: center\" data-mce-style=\"text-align: center;\">(N\/50 mm)<\/p><\/div><\/div><\/td><td class=\"wptb-cell \" style=\"padding: 6px; border: 1px solid rgb(209, 209, 209); \" data-y-index=\"0\" data-x-index=\"5\" data-wptb-css-td-auto-width=\"true\" data-wptb-cell-vertical-alignment=\"center\" ><div class=\"wptb-text-container wptb-ph-element wptb-element-text-602\" style=\"color: rgb(0, 0, 0); font-size: 15px; padding: 0px; margin: 0px; \"><div style=\"position: relative;\"><p style=\"text-align: center\" data-mce-style=\"text-align: center;\">Permeabilidad al aire<\/p><p style=\"text-align: center\" data-mce-style=\"text-align: center;\">(L\/m2)<\/p><p style=\"text-align: center\" data-mce-style=\"text-align: center;\">a 200 pa<\/p><\/div><\/div><\/td><td class=\"wptb-cell \" style=\"padding: 6px; border: 1px solid rgb(209, 209, 209); \" data-y-index=\"0\" data-x-index=\"6\" data-wptb-css-td-auto-width=\"true\" data-wptb-cell-vertical-alignment=\"center\" ><div class=\"wptb-text-container wptb-ph-element wptb-element-text-603\" style=\"color: rgb(0, 0, 0); font-size: 15px; padding: 0px; margin: 0px; \"><div style=\"position: relative;\"><p style=\"text-align: center\" data-mce-style=\"text-align: center;\">Construcci\u00f3n<\/p><p style=\"text-align: center\" data-mce-style=\"text-align: center;\">(T=sarga;<\/p><p style=\"text-align: center\" data-mce-style=\"text-align: center;\">S=satinado;<\/p><p style=\"text-align: center\" data-mce-style=\"text-align: center;\">P=liso)<\/p><p style=\"text-align: center\" data-mce-style=\"text-align: center;\">(O=otros)<\/p><\/div><\/div><\/td><\/tr><tr  class=\"wptb-row \" style=\"\"><td class=\"wptb-cell \" style=\"padding: 6px; border: 1px solid rgb(209, 209, 209); \" data-y-index=\"1\" data-x-index=\"0\" data-wptb-css-td-auto-width=\"true\" data-wptb-cell-vertical-alignment=\"center\" ><div class=\"wptb-text-container wptb-ph-element wptb-element-text-604\" style=\"color: rgb(0, 0, 0); font-size: 15px; padding: 0px; margin: 0px; \"><div style=\"position: relative;\"><p style=\"text-align: center\" data-mce-style=\"text-align: center;\">Plantas azucareras Tejidos filtrantes<\/p><\/div><\/div><\/td><td class=\"wptb-cell \" style=\"padding: 6px; border: 1px solid rgb(209, 209, 209); \" data-y-index=\"1\" data-x-index=\"1\" data-wptb-css-td-auto-width=\"true\" data-wptb-cell-vertical-alignment=\"center\" ><div class=\"wptb-text-container wptb-ph-element wptb-element-text-605\" style=\"color: rgb(0, 0, 0); font-size: 15px; padding: 0px; margin: 0px; \"><div style=\"position: relative;\"><p style=\"text-align: center\" data-mce-style=\"text-align: center;\">ZF-ST506<\/p><\/div><\/div><\/td><td class=\"wptb-cell \" style=\"padding: 6px; border: 1px solid rgb(209, 209, 209); \" data-y-index=\"1\" data-x-index=\"2\" data-wptb-css-td-auto-width=\"true\" data-wptb-cell-vertical-alignment=\"center\" ><div class=\"wptb-text-container wptb-ph-element wptb-element-text-606\" style=\"color: rgb(0, 0, 0); font-size: 15px; padding: 0px; margin: 0px; \"><div style=\"position: relative;\"><p style=\"text-align: center\" data-mce-style=\"text-align: center;\">460\/125<\/p><\/div><\/div><\/td><td class=\"wptb-cell \" style=\"padding: 6px; border: 1px solid rgb(209, 209, 209); \" data-y-index=\"1\" data-x-index=\"3\" data-wptb-css-td-auto-width=\"true\" data-wptb-cell-vertical-alignment=\"center\" ><div class=\"wptb-text-container wptb-ph-element wptb-element-text-607\" style=\"color: rgb(0, 0, 0); font-size: 15px; padding: 0px; margin: 0px; \"><div style=\"position: relative;\"><p style=\"text-align: center\" data-mce-style=\"text-align: center;\">890<\/p><\/div><\/div><\/td><td class=\"wptb-cell \" style=\"padding: 6px; border: 1px solid rgb(209, 209, 209); \" data-y-index=\"1\" data-x-index=\"4\" data-wptb-css-td-auto-width=\"true\" data-wptb-cell-vertical-alignment=\"center\" ><div class=\"wptb-text-container wptb-ph-element wptb-element-text-608\" style=\"color: rgb(0, 0, 0); font-size: 15px; padding: 0px; margin: 0px; \"><div style=\"position: relative;\"><p style=\"text-align: center\" data-mce-style=\"text-align: center;\">&gt;8500\/4500<\/p><\/div><\/div><\/td><td class=\"wptb-cell \" style=\"padding: 6px; border: 1px solid rgb(209, 209, 209); \" data-y-index=\"1\" data-x-index=\"5\" data-wptb-css-td-auto-width=\"true\" data-wptb-cell-vertical-alignment=\"center\" ><div class=\"wptb-text-container wptb-ph-element wptb-element-text-609\" style=\"color: rgb(0, 0, 0); font-size: 15px; padding: 0px; margin: 0px; \"><div style=\"position: relative;\"><p style=\"text-align: center\" data-mce-style=\"text-align: center;\">900~1500 (personalizado)<\/p><\/div><\/div><\/td><td class=\"wptb-cell \" style=\"padding: 6px; border: 1px solid rgb(209, 209, 209); \" data-y-index=\"1\" data-x-index=\"6\" data-wptb-css-td-auto-width=\"true\" data-wptb-cell-vertical-alignment=\"center\" ><div class=\"wptb-text-container wptb-ph-element wptb-element-text-610\" style=\"color: rgb(0, 0, 0); font-size: 15px; padding: 0px; margin: 0px; \"><div style=\"position: relative;\"><p style=\"text-align: center\" data-mce-style=\"text-align: center;\">O<\/p><\/div><\/div><\/td><\/tr><\/tbody><\/table>\n<\/div>\n\t\t\t\t\t\t<\/div>\n\t\t\t\t<\/div>\n\t\t\t\t\t<\/div>\n\t\t\t\t<\/div>\n\t\t\t\t<\/div>\n\t\t","protected":false},"excerpt":{"rendered":"<p>La mano de obra de procesamiento h\u00famedo para la producci\u00f3n de \u00e1cido fosf\u00f3rico con las propiedades de la tecnolog\u00eda m\u00e1s madura, el m\u00e9todo m\u00e1s econ\u00f3mico, que es la mano de obra m\u00e1s popular para la producci\u00f3n de \u00e1cido fosf\u00f3rico. No importa el m\u00e9todo de DH, HH-DH, DH-HH, HH, para obtener el \u00e1cido fosf\u00f3rico limpio; obtenga la alta tasa de recolecci\u00f3n de P2O5, la mayor\u00eda de las f\u00e1bricas equipar\u00e1n los filtros de vac\u00edo con un sistema de lavado vertical para separar el \u00e1cido fosf\u00f3rico con las part\u00edculas s\u00f3lidas, los filtros pueden ser filtros de vac\u00edo de banda de goma, filtros de disco y filtros de bandeja, etc.<\/p>\n<p>El sistema de filtrado es uno de los equipos de construcci\u00f3n m\u00e1s complejos y m\u00e1s costosos para las plantas de \u00e1cido fosf\u00f3rico, c\u00f3mo obtener una mayor eficiencia de trabajo de los filtros que es crucial para la salida de \u00e1cido fosf\u00f3rico, la tasa de recolecci\u00f3n de P2O5 y la calidad, como el coraz\u00f3n de los filtros, las telas de filtrado \/ banda de filtrado juegan un papel muy importante por supuesto.<\/p>\n","protected":false},"featured_media":6750,"template":"","meta":{"site-sidebar-layout":"no-sidebar","site-content-layout":"page-builder","ast-site-content-layout":"full-width-container","site-content-style":"default","site-sidebar-style":"default","ast-global-header-display":"","ast-banner-title-visibility":"","ast-main-header-display":"","ast-hfb-above-header-display":"","ast-hfb-below-header-display":"","ast-hfb-mobile-header-display":"","site-post-title":"disabled","ast-breadcrumbs-content":"","ast-featured-img":"disabled","footer-sml-layout":"","theme-transparent-header-meta":"default","adv-header-id-meta":"","stick-header-meta":"","header-above-stick-meta":"","header-main-stick-meta":"","header-below-stick-meta":"","astra-migrate-meta-layouts":"set","ast-page-background-enabled":"default","ast-page-background-meta":{"desktop":{"background-color":"","background-image":"","background-repeat":"repeat","background-position":"center center","background-size":"auto","background-attachment":"scroll","background-type":"","background-media":"","overlay-type":"","overlay-color":"","overlay-opacity":"","overlay-gradient":""},"tablet":{"background-color":"","background-image":"","background-repeat":"repeat","background-position":"center center","background-size":"auto","background-attachment":"scroll","background-type":"","background-media":"","overlay-type":"","overlay-color":"","overlay-opacity":"","overlay-gradient":""},"mobile":{"background-color":"","background-image":"","background-repeat":"repeat","background-position":"center center","background-size":"auto","background-attachment":"scroll","background-type":"","background-media":"","overlay-type":"","overlay-color":"","overlay-opacity":"","overlay-gradient":""}},"ast-content-background-meta":{"desktop":{"background-color":"var(--ast-global-color-5)","background-image":"","background-repeat":"repeat","background-position":"center center","background-size":"auto","background-attachment":"scroll","background-type":"","background-media":"","overlay-type":"","overlay-color":"","overlay-opacity":"","overlay-gradient":""},"tablet":{"background-color":"var(--ast-global-color-5)","background-image":"","background-repeat":"repeat","background-position":"center center","background-size":"auto","background-attachment":"scroll","background-type":"","background-media":"","overlay-type":"","overlay-color":"","overlay-opacity":"","overlay-gradient":""},"mobile":{"background-color":"var(--ast-global-color-5)","background-image":"","background-repeat":"repeat","background-position":"center center","background-size":"auto","background-attachment":"scroll","background-type":"","background-media":"","overlay-type":"","overlay-color":"","overlay-opacity":"","overlay-gradient":""}}},"product_brand":[],"product_cat":[93],"product_tag":[],"class_list":{"0":"post-9544","1":"product","2":"type-product","3":"status-publish","4":"has-post-thumbnail","6":"product_cat-filtro-de-liquido","7":"desktop-align-left","8":"tablet-align-left","9":"mobile-align-left","11":"first","12":"instock","13":"shipping-taxable","14":"product-type-simple"},"_links":{"self":[{"href":"https:\/\/www.zonelenviro.com\/es\/wp-json\/wp\/v2\/product\/9544","targetHints":{"allow":["GET"]}}],"collection":[{"href":"https:\/\/www.zonelenviro.com\/es\/wp-json\/wp\/v2\/product"}],"about":[{"href":"https:\/\/www.zonelenviro.com\/es\/wp-json\/wp\/v2\/types\/product"}],"version-history":[{"count":1,"href":"https:\/\/www.zonelenviro.com\/es\/wp-json\/wp\/v2\/product\/9544\/revisions"}],"predecessor-version":[{"id":9547,"href":"https:\/\/www.zonelenviro.com\/es\/wp-json\/wp\/v2\/product\/9544\/revisions\/9547"}],"wp:featuredmedia":[{"embeddable":true,"href":"https:\/\/www.zonelenviro.com\/es\/wp-json\/wp\/v2\/media\/6750"}],"wp:attachment":[{"href":"https:\/\/www.zonelenviro.com\/es\/wp-json\/wp\/v2\/media?parent=9544"}],"wp:term":[{"taxonomy":"product_brand","embeddable":true,"href":"https:\/\/www.zonelenviro.com\/es\/wp-json\/wp\/v2\/product_brand?post=9544"},{"taxonomy":"product_cat","embeddable":true,"href":"https:\/\/www.zonelenviro.com\/es\/wp-json\/wp\/v2\/product_cat?post=9544"},{"taxonomy":"product_tag","embeddable":true,"href":"https:\/\/www.zonelenviro.com\/es\/wp-json\/wp\/v2\/product_tag?post=9544"}],"curies":[{"name":"wp","href":"https:\/\/api.w.org\/{rel}","templated":true}]}}