{"id":8656,"date":"2024-03-18T13:21:21","date_gmt":"2024-03-18T05:21:21","guid":{"rendered":"https:\/\/www.zonelenviro.com\/manchons-pour-filtres-a-bougie-ou-tuyaux-pour-filtres-a-bougie\/"},"modified":"2026-03-27T17:28:55","modified_gmt":"2026-03-27T09:28:55","slug":"manchons-pour-filtres-a-bougie-ou-tuyaux-pour-filtres-a-bougie","status":"publish","type":"product","link":"https:\/\/www.zonelenviro.com\/fr\/manchons-pour-filtres-a-bougie-ou-tuyaux-pour-filtres-a-bougie\/","title":{"rendered":"Manchons pour filtres \u00e0 bougie ou tuyaux pour filtres \u00e0 bougie"},"content":{"rendered":"\t\t<div data-elementor-type=\"product-post\" data-elementor-id=\"8656\" class=\"elementor elementor-8656 elementor-46\" data-elementor-post-type=\"product\">\n\t\t\t\t<div class=\"elementor-element elementor-element-33979164 e-flex e-con-boxed e-con e-parent\" data-id=\"33979164\" data-element_type=\"container\">\n\t\t\t\t\t<div class=\"e-con-inner\">\n\t\t\t\t<div class=\"elementor-element elementor-element-5cac8689 elementor-widget elementor-widget-text-editor\" data-id=\"5cac8689\" data-element_type=\"widget\" data-widget_type=\"text-editor.default\">\n\t\t\t\t<div class=\"elementor-widget-container\">\n\t\t\t\t\t\t\t<p>Manchons de filtration pour bougies \/ Tissu filtrant pour bougies, tube filtrant sans soudure \/ tuyau filtrant \/ conduit de filtration<\/p><p><strong>Pr\u00e9sentation g\u00e9n\u00e9rale :<\/strong><br>Les manchons filtrants et les tuyaux filtrants jouent un r\u00f4le essentiel dans la production quotidienne ; le choix de manchons filtrants adapt\u00e9s a donc un impact direct sur les op\u00e9rations de production.<br>Les conduits filtrants et les tuyaux filtrants peuvent \u00eatre con\u00e7us soit avec des tuyaux filtrants en non-tiss\u00e9, soit avec des conduits en tissu filtrant tiss\u00e9. En raison des contraintes li\u00e9es \u00e0 la r\u00e9g\u00e9n\u00e9ration, les manchons filtrants tiss\u00e9s sont plus couramment utilis\u00e9s. <br>Zonel Filtech propose des manchons filtrants de diff\u00e9rentes tailles et mat\u00e9riaux. N&#8217;h\u00e9sitez pas \u00e0 nous contacter si nous pouvons vous aider !<\/p><p><strong>Caract\u00e9ristiques du tuyau filtrant en forme de bougie de Zonel Filtech :<\/strong><br>1. Diff\u00e9rents mat\u00e9riaux sont disponibles, tels que les manches filtrantes en polyester, en polypropyl\u00e8ne, en PPS, en PTFE, en PVDF, en para-aramide (Kevlar) et les manchons filtrants en PEEK, etc., qui peuvent \u00eatre personnalis\u00e9s en fonction des diff\u00e9rentes conditions de fonctionnement.<br>2. Diff\u00e9rentes dimensions peuvent \u00eatre personnalis\u00e9es, telles que des largeurs \u00e0 plat de 110, 115, 120, 125, 130, 140, 145, etc.<br>3. Dimensions et retrait stables : les manchons filtrants sans soudure de Zonel Filtech offrent une excellente r\u00e9sistance \u00e0 la traction, une capacit\u00e9 de r\u00e9g\u00e9n\u00e9ration exceptionnelle et une dur\u00e9e de vie prolong\u00e9e.<br>4. Qualit\u00e9 alimentaire.<\/p><p><strong>Applications des manchons pour bougies :<\/strong><br>Principalement dans les secteurs de la chimie, de l&#8217;agroalimentaire, de la fabrication de machines, de l&#8217;industrie pharmaceutique, des r\u00e9seaux d&#8217;approvisionnement en eau, du p\u00e9trole et du gaz, de la r\u00e9cup\u00e9ration de catalyseurs, etc.<\/p>\t\t\t\t\t\t<\/div>\n\t\t\t\t<\/div>\n\t\t\t\t\t<\/div>\n\t\t\t\t<\/div>\n\t\t<div class=\"elementor-element elementor-element-83bdcd8 e-grid e-con-boxed e-con e-parent\" data-id=\"83bdcd8\" data-element_type=\"container\">\n\t\t\t\t\t<div class=\"e-con-inner\">\n\t\t\t\t<div class=\"elementor-element elementor-element-b753ef3 elementor-widget elementor-widget-image\" data-id=\"b753ef3\" data-element_type=\"widget\" data-widget_type=\"image.default\">\n\t\t\t\t<div class=\"elementor-widget-container\">\n\t\t\t\t\t\t\t\t\t\t\t\t\t<img decoding=\"async\" width=\"1\" height=\"1\" src=\"https:\/\/www.zonelenviro.com\/wp-content\/uploads\/2024\/03\/PP-AND-POLYESTER-CANDLE-FILTER-SLEEVES-1.jpg\" class=\"attachment-large size-large wp-image-8664\" alt=\"\" \/>\t\t\t\t\t\t\t\t\t\t\t\t\t<\/div>\n\t\t\t\t<\/div>\n\t\t\t\t<div class=\"elementor-element elementor-element-4cdd09b elementor-widget elementor-widget-image\" data-id=\"4cdd09b\" data-element_type=\"widget\" data-widget_type=\"image.default\">\n\t\t\t\t<div class=\"elementor-widget-container\">\n\t\t\t\t\t\t\t\t\t\t\t\t\t<img decoding=\"async\" width=\"1\" height=\"1\" src=\"https:\/\/www.zonelenviro.com\/wp-content\/uploads\/2024\/03\/PVDF-candle-filter-sleeves-1.jpg\" class=\"attachment-large size-large wp-image-8663\" alt=\"\" \/>\t\t\t\t\t\t\t\t\t\t\t\t\t<\/div>\n\t\t\t\t<\/div>\n\t\t\t\t<div class=\"elementor-element elementor-element-c79d7d4 elementor-widget elementor-widget-image\" data-id=\"c79d7d4\" data-element_type=\"widget\" data-widget_type=\"image.default\">\n\t\t\t\t<div class=\"elementor-widget-container\">\n\t\t\t\t\t\t\t\t\t\t\t\t\t<img decoding=\"async\" width=\"1\" height=\"1\" src=\"https:\/\/www.zonelenviro.com\/wp-content\/uploads\/2024\/03\/PTFE-candle-filter-sleeves.jpg\" class=\"attachment-large size-large wp-image-8661\" alt=\"\" \/>\t\t\t\t\t\t\t\t\t\t\t\t\t<\/div>\n\t\t\t\t<\/div>\n\t\t\t\t<div class=\"elementor-element elementor-element-34d7a1f elementor-widget elementor-widget-image\" data-id=\"34d7a1f\" data-element_type=\"widget\" data-widget_type=\"image.default\">\n\t\t\t\t<div class=\"elementor-widget-container\">\n\t\t\t\t\t\t\t\t\t\t\t\t\t<img loading=\"lazy\" decoding=\"async\" width=\"1\" height=\"1\" src=\"https:\/\/www.zonelenviro.com\/wp-content\/uploads\/2024\/03\/PP-twill-candle-filter-sleeves.jpg\" class=\"attachment-large size-large wp-image-8662\" alt=\"\" \/>\t\t\t\t\t\t\t\t\t\t\t\t\t<\/div>\n\t\t\t\t<\/div>\n\t\t\t\t<div class=\"elementor-element elementor-element-3f77a21 elementor-widget elementor-widget-image\" data-id=\"3f77a21\" data-element_type=\"widget\" data-widget_type=\"image.default\">\n\t\t\t\t<div class=\"elementor-widget-container\">\n\t\t\t\t\t\t\t\t\t\t\t\t\t<img loading=\"lazy\" decoding=\"async\" width=\"1\" height=\"1\" src=\"https:\/\/www.zonelenviro.com\/wp-content\/uploads\/2024\/03\/PPS-candle-sleeves-filament.jpg\" class=\"attachment-large size-large wp-image-8659\" alt=\"\" \/>\t\t\t\t\t\t\t\t\t\t\t\t\t<\/div>\n\t\t\t\t<\/div>\n\t\t\t\t<div class=\"elementor-element elementor-element-12cd8cf elementor-widget elementor-widget-image\" data-id=\"12cd8cf\" data-element_type=\"widget\" data-widget_type=\"image.default\">\n\t\t\t\t<div class=\"elementor-widget-container\">\n\t\t\t\t\t\t\t\t\t\t\t\t\t<img loading=\"lazy\" decoding=\"async\" width=\"1\" height=\"1\" src=\"https:\/\/www.zonelenviro.com\/wp-content\/uploads\/2024\/03\/PPS-candle-filter-sleeves.jpg\" class=\"attachment-large size-large wp-image-8660\" alt=\"\" \/>\t\t\t\t\t\t\t\t\t\t\t\t\t<\/div>\n\t\t\t\t<\/div>\n\t\t\t\t\t<\/div>\n\t\t\t\t<\/div>\n\t\t\t\t<\/div>\n\t\t","protected":false},"excerpt":{"rendered":"<p>Les manchons de filtre \u00e0 bougie et les tuyaux filtrants jouent un r\u00f4le essentiel dans la production quotidienne ; le choix de manchons adapt\u00e9s a donc une incidence directe sur les op\u00e9rations de production. Les conduits et tuyaux filtrants pour filtres \u00e0 bougie peuvent \u00eatre con\u00e7us en non-tiss\u00e9 ou en tissu tiss\u00e9 ; toutefois, pour des raisons li\u00e9es \u00e0 la r\u00e9g\u00e9n\u00e9ration, les manchons en tissu tiss\u00e9 sont plus couramment utilis\u00e9s. Zonel Filtech propose des manchons de filtre \u00e0 bougie dans diff\u00e9rentes tailles et diff\u00e9rents mat\u00e9riaux. N&#8217;h\u00e9sitez pas \u00e0 nous contacter si vous avez besoin d&#8217;aide !<\/p>\n","protected":false},"featured_media":8657,"template":"","meta":{"site-sidebar-layout":"default","site-content-layout":"","ast-site-content-layout":"default","site-content-style":"default","site-sidebar-style":"default","ast-global-header-display":"","ast-banner-title-visibility":"","ast-main-header-display":"","ast-hfb-above-header-display":"","ast-hfb-below-header-display":"","ast-hfb-mobile-header-display":"","site-post-title":"","ast-breadcrumbs-content":"","ast-featured-img":"","footer-sml-layout":"","theme-transparent-header-meta":"default","adv-header-id-meta":"","stick-header-meta":"","header-above-stick-meta":"","header-main-stick-meta":"","header-below-stick-meta":"","astra-migrate-meta-layouts":"set","ast-page-background-enabled":"default","ast-page-background-meta":{"desktop":{"background-color":"","background-image":"","background-repeat":"repeat","background-position":"center center","background-size":"auto","background-attachment":"scroll","background-type":"","background-media":"","overlay-type":"","overlay-color":"","overlay-opacity":"","overlay-gradient":""},"tablet":{"background-color":"","background-image":"","background-repeat":"repeat","background-position":"center center","background-size":"auto","background-attachment":"scroll","background-type":"","background-media":"","overlay-type":"","overlay-color":"","overlay-opacity":"","overlay-gradient":""},"mobile":{"background-color":"","background-image":"","background-repeat":"repeat","background-position":"center center","background-size":"auto","background-attachment":"scroll","background-type":"","background-media":"","overlay-type":"","overlay-color":"","overlay-opacity":"","overlay-gradient":""}},"ast-content-background-meta":{"desktop":{"background-color":"var(--ast-global-color-5)","background-image":"","background-repeat":"repeat","background-position":"center center","background-size":"auto","background-attachment":"scroll","background-type":"","background-media":"","overlay-type":"","overlay-color":"","overlay-opacity":"","overlay-gradient":""},"tablet":{"background-color":"var(--ast-global-color-5)","background-image":"","background-repeat":"repeat","background-position":"center center","background-size":"auto","background-attachment":"scroll","background-type":"","background-media":"","overlay-type":"","overlay-color":"","overlay-opacity":"","overlay-gradient":""},"mobile":{"background-color":"var(--ast-global-color-5)","background-image":"","background-repeat":"repeat","background-position":"center center","background-size":"auto","background-attachment":"scroll","background-type":"","background-media":"","overlay-type":"","overlay-color":"","overlay-opacity":"","overlay-gradient":""}}},"product_brand":[],"product_cat":[112],"product_tag":[],"class_list":{"0":"post-8656","1":"product","2":"type-product","3":"status-publish","4":"has-post-thumbnail","6":"product_cat-filtre-a-liquide","7":"desktop-align-left","8":"tablet-align-left","9":"mobile-align-left","11":"first","12":"instock","13":"featured","14":"shipping-taxable","15":"product-type-simple"},"_links":{"self":[{"href":"https:\/\/www.zonelenviro.com\/fr\/wp-json\/wp\/v2\/product\/8656","targetHints":{"allow":["GET"]}}],"collection":[{"href":"https:\/\/www.zonelenviro.com\/fr\/wp-json\/wp\/v2\/product"}],"about":[{"href":"https:\/\/www.zonelenviro.com\/fr\/wp-json\/wp\/v2\/types\/product"}],"version-history":[{"count":0,"href":"https:\/\/www.zonelenviro.com\/fr\/wp-json\/wp\/v2\/product\/8656\/revisions"}],"wp:featuredmedia":[{"embeddable":true,"href":"https:\/\/www.zonelenviro.com\/fr\/wp-json\/wp\/v2\/media\/8657"}],"wp:attachment":[{"href":"https:\/\/www.zonelenviro.com\/fr\/wp-json\/wp\/v2\/media?parent=8656"}],"wp:term":[{"taxonomy":"product_brand","embeddable":true,"href":"https:\/\/www.zonelenviro.com\/fr\/wp-json\/wp\/v2\/product_brand?post=8656"},{"taxonomy":"product_cat","embeddable":true,"href":"https:\/\/www.zonelenviro.com\/fr\/wp-json\/wp\/v2\/product_cat?post=8656"},{"taxonomy":"product_tag","embeddable":true,"href":"https:\/\/www.zonelenviro.com\/fr\/wp-json\/wp\/v2\/product_tag?post=8656"}],"curies":[{"name":"wp","href":"https:\/\/api.w.org\/{rel}","templated":true}]}}