{"id":8686,"date":"2024-03-18T14:55:54","date_gmt":"2024-03-18T06:55:54","guid":{"rendered":"https:\/\/www.zonelenviro.com\/cartouche-filtrante-pour-prise-dair-de-turbine-a-gaz\/"},"modified":"2026-03-27T17:30:38","modified_gmt":"2026-03-27T09:30:38","slug":"cartouche-filtrante-pour-prise-dair-de-turbine-a-gaz","status":"publish","type":"product","link":"https:\/\/www.zonelenviro.com\/fr\/cartouche-filtrante-pour-prise-dair-de-turbine-a-gaz\/","title":{"rendered":"Cartouche filtrante pour prise d&#8217;air de turbine \u00e0 gaz"},"content":{"rendered":"\t\t<div data-elementor-type=\"product-post\" data-elementor-id=\"8686\" class=\"elementor elementor-8686 elementor-811\" data-elementor-post-type=\"product\">\n\t\t\t\t<div class=\"elementor-element elementor-element-711225f5 e-flex e-con-boxed e-con e-parent\" data-id=\"711225f5\" data-element_type=\"container\">\n\t\t\t\t\t<div class=\"e-con-inner\">\n\t\t\t\t<div class=\"elementor-element elementor-element-0ac44e5 elementor-widget elementor-widget-image\" data-id=\"0ac44e5\" data-element_type=\"widget\" data-widget_type=\"image.default\">\n\t\t\t\t<div class=\"elementor-widget-container\">\n\t\t\t\t\t\t\t\t\t\t\t\t\t<img decoding=\"async\" width=\"1\" height=\"1\" src=\"https:\/\/www.zonelenviro.com\/wp-content\/uploads\/2024\/03\/filter-cartridges-for-gas-turbine.webp\" class=\"attachment-medium size-medium wp-image-8691\" alt=\"\" \/>\t\t\t\t\t\t\t\t\t\t\t\t\t<\/div>\n\t\t\t\t<\/div>\n\t\t\t\t<div class=\"elementor-element elementor-element-5f8d10be elementor-widget elementor-widget-text-editor\" data-id=\"5f8d10be\" data-element_type=\"widget\" data-widget_type=\"text-editor.default\">\n\t\t\t\t<div class=\"elementor-widget-container\">\n\t\t\t\t\t\t\t<p><strong>cartouches filtrantes pour l&#8217;admission d&#8217;air des turbines \u00e0 gaz<\/strong><br><strong>Pr\u00e9sentation g\u00e9n\u00e9rale des cartouches filtrantes pour prises d&#8217;air des turbines \u00e0 gaz :<\/strong><\/p><p>Les turbines \u00e0 gaz sont largement utilis\u00e9es dans les centrales thermiques du monde entier, et la qualit\u00e9 optimale de l&#8217;air d&#8217;admission est essentielle \u00e0 leur fonctionnement quotidien et \u00e0 leur maintenance. Pour am\u00e9liorer le rendement des turbines \u00e0 gaz et prolonger leur dur\u00e9e de vie, une filtration en amont est indispensable. <br>Zonel Filtech fournit dans le monde entier des cartouches de rechange de haute qualit\u00e9 pour les filtres d&#8217;admission d&#8217;air des turbines \u00e0 gaz, disponibles dans toutes les tailles et pour toutes les marques (telles que Din, Twist Lock, FARR, Puls Star, AAF Pulse Star, etc.). Nos cartouches de rechange sont install\u00e9es sur les turbines \u00e0 gaz GE, Siemens, Alstom, Turbomach, Solar et de nombreuses autres marques \u00e0 travers le monde. <\/p><p><strong>Caract\u00e9ristiques des cartouches filtrantes pour turbines \u00e0 gaz de Zonel Filtech :<\/strong><br>1. Selon la conception des filtres, la cartouche filtrante peut \u00eatre de forme cylindrique, conique ou mixte, et se raccorder au bo\u00eetier du filtre \u00e0 l&#8217;aide d&#8217;un joint standard, \u00e0 verrouillage par rotation, \u00e0 embout carr\u00e9, en EPDM ou en silicone.<br>2. Les surfaces internes et externes des filtres pour turbines \u00e0 gaz sont g\u00e9n\u00e9ralement constitu\u00e9es d&#8217;un treillis en acier galvanis\u00e9 ou trait\u00e9 en surface, mais des filtres en ABS et en PP sont \u00e9galement disponibles.<br>3. Les filtres pour turbines \u00e0 gaz peuvent utiliser divers types de mat\u00e9riaux et de m\u00e9dias filtrants en fonction des exigences respectives. Le mat\u00e9riau filtrant est g\u00e9n\u00e9ralement un tissu filtrant synth\u00e9tique ou \u00e9ventuellement de la cellulose m\u00e9lang\u00e9e \u00e0 des mat\u00e9riaux synth\u00e9tiques, pouvant m\u00eame int\u00e9grer des propri\u00e9t\u00e9s issues de la nanotechnologie.<br>4. Zonel Filtech propose des \u00e9l\u00e9ments filtrants allant de l&#8217;\u00e9tage de pr\u00e9filtration aux panneaux filtrants H11 (H12) les plus sensibles.<br>5. Les filtres pour turbines \u00e0 gaz de Zonel offrent une faible r\u00e9sistance et une longue dur\u00e9e de vie, \u00e0 un prix comp\u00e9titif et avec des performances optimales. <\/p><p><strong>Applications :<\/strong><br>Filtres \u00e0 air d&#8217;admission pour turbines \u00e0 gaz.<\/p>\t\t\t\t\t\t<\/div>\n\t\t\t\t<\/div>\n\t\t\t\t\t<\/div>\n\t\t\t\t<\/div>\n\t\t\t\t<\/div>\n\t\t","protected":false},"excerpt":{"rendered":"<p>Les turbines \u00e0 gaz sont largement utilis\u00e9es dans les centrales thermiques du monde entier, et la qualit\u00e9 optimale de l&#8217;air d&#8217;admission est essentielle \u00e0 leur fonctionnement quotidien et \u00e0 leur maintenance. Pour am\u00e9liorer le rendement des turbines \u00e0 gaz et prolonger leur dur\u00e9e de vie, une filtration en amont est indispensable.<\/p>\n","protected":false},"featured_media":8691,"template":"","meta":{"site-sidebar-layout":"default","site-content-layout":"","ast-site-content-layout":"default","site-content-style":"default","site-sidebar-style":"default","ast-global-header-display":"","ast-banner-title-visibility":"","ast-main-header-display":"","ast-hfb-above-header-display":"","ast-hfb-below-header-display":"","ast-hfb-mobile-header-display":"","site-post-title":"","ast-breadcrumbs-content":"","ast-featured-img":"","footer-sml-layout":"","theme-transparent-header-meta":"default","adv-header-id-meta":"","stick-header-meta":"","header-above-stick-meta":"","header-main-stick-meta":"","header-below-stick-meta":"","astra-migrate-meta-layouts":"set","ast-page-background-enabled":"default","ast-page-background-meta":{"desktop":{"background-color":"","background-image":"","background-repeat":"repeat","background-position":"center center","background-size":"auto","background-attachment":"scroll","background-type":"","background-media":"","overlay-type":"","overlay-color":"","overlay-opacity":"","overlay-gradient":""},"tablet":{"background-color":"","background-image":"","background-repeat":"repeat","background-position":"center center","background-size":"auto","background-attachment":"scroll","background-type":"","background-media":"","overlay-type":"","overlay-color":"","overlay-opacity":"","overlay-gradient":""},"mobile":{"background-color":"","background-image":"","background-repeat":"repeat","background-position":"center center","background-size":"auto","background-attachment":"scroll","background-type":"","background-media":"","overlay-type":"","overlay-color":"","overlay-opacity":"","overlay-gradient":""}},"ast-content-background-meta":{"desktop":{"background-color":"var(--ast-global-color-5)","background-image":"","background-repeat":"repeat","background-position":"center center","background-size":"auto","background-attachment":"scroll","background-type":"","background-media":"","overlay-type":"","overlay-color":"","overlay-opacity":"","overlay-gradient":""},"tablet":{"background-color":"var(--ast-global-color-5)","background-image":"","background-repeat":"repeat","background-position":"center center","background-size":"auto","background-attachment":"scroll","background-type":"","background-media":"","overlay-type":"","overlay-color":"","overlay-opacity":"","overlay-gradient":""},"mobile":{"background-color":"var(--ast-global-color-5)","background-image":"","background-repeat":"repeat","background-position":"center center","background-size":"auto","background-attachment":"scroll","background-type":"","background-media":"","overlay-type":"","overlay-color":"","overlay-opacity":"","overlay-gradient":""}}},"product_brand":[],"product_cat":[113],"product_tag":[],"class_list":{"0":"post-8686","1":"product","2":"type-product","3":"status-publish","4":"has-post-thumbnail","6":"product_cat-filtre-a-poussiere","7":"desktop-align-left","8":"tablet-align-left","9":"mobile-align-left","11":"first","12":"instock","13":"shipping-taxable","14":"product-type-simple"},"_links":{"self":[{"href":"https:\/\/www.zonelenviro.com\/fr\/wp-json\/wp\/v2\/product\/8686","targetHints":{"allow":["GET"]}}],"collection":[{"href":"https:\/\/www.zonelenviro.com\/fr\/wp-json\/wp\/v2\/product"}],"about":[{"href":"https:\/\/www.zonelenviro.com\/fr\/wp-json\/wp\/v2\/types\/product"}],"version-history":[{"count":0,"href":"https:\/\/www.zonelenviro.com\/fr\/wp-json\/wp\/v2\/product\/8686\/revisions"}],"wp:featuredmedia":[{"embeddable":true,"href":"https:\/\/www.zonelenviro.com\/fr\/wp-json\/wp\/v2\/media\/8691"}],"wp:attachment":[{"href":"https:\/\/www.zonelenviro.com\/fr\/wp-json\/wp\/v2\/media?parent=8686"}],"wp:term":[{"taxonomy":"product_brand","embeddable":true,"href":"https:\/\/www.zonelenviro.com\/fr\/wp-json\/wp\/v2\/product_brand?post=8686"},{"taxonomy":"product_cat","embeddable":true,"href":"https:\/\/www.zonelenviro.com\/fr\/wp-json\/wp\/v2\/product_cat?post=8686"},{"taxonomy":"product_tag","embeddable":true,"href":"https:\/\/www.zonelenviro.com\/fr\/wp-json\/wp\/v2\/product_tag?post=8686"}],"curies":[{"name":"wp","href":"https:\/\/api.w.org\/{rel}","templated":true}]}}