{"id":8734,"date":"2024-03-18T16:59:48","date_gmt":"2024-03-18T08:59:48","guid":{"rendered":"https:\/\/www.zonelenviro.com\/boitiers-et-manchons-pour-filtres-a-cartouche\/"},"modified":"2026-03-29T00:21:42","modified_gmt":"2026-03-28T16:21:42","slug":"boitiers-et-manchons-pour-filtres-a-cartouche","status":"publish","type":"product","link":"https:\/\/www.zonelenviro.com\/fr\/boitiers-et-manchons-pour-filtres-a-cartouche\/","title":{"rendered":"Bo\u00eetiers et manchons pour filtres \u00e0 cartouche"},"content":{"rendered":"\t\t<div data-elementor-type=\"product-post\" data-elementor-id=\"8734\" class=\"elementor elementor-8734 elementor-913\" data-elementor-post-type=\"product\">\n\t\t\t\t<div class=\"elementor-element elementor-element-0a0f44b e-grid e-con-boxed e-con e-parent\" data-id=\"0a0f44b\" data-element_type=\"container\">\n\t\t\t\t\t<div class=\"e-con-inner\">\n\t\t\t\t<div class=\"elementor-element elementor-element-d9c3e3c elementor-widget elementor-widget-image\" data-id=\"d9c3e3c\" data-element_type=\"widget\" data-widget_type=\"image.default\">\n\t\t\t\t<div class=\"elementor-widget-container\">\n\t\t\t\t\t\t\t\t\t\t\t\t\t<img decoding=\"async\" width=\"1\" height=\"1\" src=\"https:\/\/www.zonelenviro.com\/wp-content\/uploads\/2024\/03\/candle-filters-installation.jpg\" class=\"attachment-large size-large wp-image-8740\" alt=\"\" \/>\t\t\t\t\t\t\t\t\t\t\t\t\t<\/div>\n\t\t\t\t<\/div>\n\t\t\t\t\t<\/div>\n\t\t\t\t<\/div>\n\t\t<div class=\"elementor-element elementor-element-de50d50 e-flex e-con-boxed e-con e-parent\" data-id=\"de50d50\" data-element_type=\"container\">\n\t\t\t\t\t<div class=\"e-con-inner\">\n\t\t\t\t<div class=\"elementor-element elementor-element-3340923 elementor-widget elementor-widget-text-editor\" data-id=\"3340923\" data-element_type=\"widget\" data-widget_type=\"text-editor.default\">\n\t\t\t\t<div class=\"elementor-widget-container\">\n\t\t\t\t\t\t\t<p><strong>Cuve de filtre \u00e0 bougie \/ bo\u00eetier de filtre \u00e0 bougie et manchons filtrants<\/strong><br><strong>Pr\u00e9sentation g\u00e9n\u00e9rale des filtres \u00e0 bougies de Zonel Filtech :<\/strong><br>Le filtre \u00e0 bougies de Zonel Filtech est un type de filtre sous pression : l&#8217;alimentation s&#8217;effectue par le bas du r\u00e9cipient filtrant, les particules solides sont retenues \u00e0 la surface de l&#8217;\u00e9l\u00e9ment filtrant et le filtrat s&#8217;\u00e9coule par le centre de l&#8217;\u00e9l\u00e9ment filtrant vers le r\u00e9servoir de filtrat.<br>Les proc\u00e9dures d&#8217;exploitation comprennent : l&#8217;alimentation en solution, le recyclage initial du filtrat, le contr\u00f4le de la qualit\u00e9 du filtrat, la filtration, le lavage du g\u00e2teau et le pressage par soufflage d&#8217;air, le d\u00e9moulage du g\u00e2teau par soufflage d&#8217;air invers\u00e9 ; si la densit\u00e9 des particules est \u00e9lev\u00e9e, une boue peut s&#8217;accumuler au fond de la cuve ; dans ce cas, le fond peut \u00eatre \u00e9quip\u00e9 d&#8217;une plaque filtrante afin de faciliter le s\u00e9chage de la boue et d&#8217;assurer une bonne gestion des r\u00e9sidus.<br>Le filtre \u00e0 bougies, comprenant le r\u00e9servoir de filtration, l&#8217;\u00e9l\u00e9ment filtrant et les manchons filtrants, le syst\u00e8me de circulation du filtrat, le syst\u00e8me de lavage \u00e0 l&#8217;air et de purge \u00e0 l&#8217;air, le syst\u00e8me de d\u00e9blocage du g\u00e2teau par soufflage invers\u00e9, le dispositif d&#8217;\u00e9vacuation du g\u00e2teau, l&#8217;armoire de commande et la tablette de support, etc.<br>Le filtre \u00e0 cartouche, utilis\u00e9 dans la cuve \u00e9tanche, garantit un environnement de fonctionnement s\u00fbr. Il peut \u00eatre con\u00e7u pour fonctionner automatiquement et pr\u00e9sente une structure modulaire compacte qui r\u00e9duit les besoins en maintenance. Il peut \u00eatre adapt\u00e9 \u00e0 diverses conditions industrielles et offre un large \u00e9ventail d&#8217;applications.<\/p><p>Caract\u00e9ristiques du filtre \u00e0 bougies de Zonel Filtech :<br>a. Les filtres \u00e0 bougies de Zonel Filtech, dot\u00e9s d&#8217;un d\u00e9bit \u00e9lev\u00e9, permettent une filtration directe ou, apr\u00e8s un premier traitement par filtration avec formation de g\u00e2teau, une filtration am\u00e9lior\u00e9e. Ils sont largement utilis\u00e9s pour le recyclage des g\u00e2teaux et la concentration de liquides ; le g\u00e2teau peut \u00eatre lav\u00e9 avant d&#8217;\u00eatre recycl\u00e9, ce qui permet d&#8217;obtenir une puret\u00e9 nettement sup\u00e9rieure.<br>b. Le filtre \u00e0 bougies est command\u00e9 par PLC ; les proc\u00e9dures de filtration telles que l&#8217;alimentation en solution, la pr\u00e9filtration, la filtration, la vidange du raffinat, le d\u00e9gagement du g\u00e2teau par soufflage invers\u00e9, l&#8217;\u00e9vacuation du g\u00e2teau, etc. sont g\u00e9r\u00e9es automatiquement.<br>c. Convient \u00e0 la filtration de haute pr\u00e9cision (0,2 \u00e0 200 microns), \u00e0 forte teneur en particules solides (de l&#8217;ordre du ppm jusqu&#8217;\u00e0 5 %) et de solutions visqueuses.<br>d. La distance entre l&#8217;\u00e9l\u00e9ment filtrant et les bougies filtrantes est r\u00e9glable en fonction de l&#8217;\u00e9paisseur de g\u00e2teau souhait\u00e9e.<br>e. Le bo\u00eetier du filtre \u00e0 bougies est hautement \u00e9tanche, ce qui le rend adapt\u00e9 au traitement de solutions corrosives ou dangereuses.<br>f. Le filtre \u00e0 bougies, gr\u00e2ce \u00e0 sa conception optimis\u00e9e pour le s\u00e9chage, peut r\u00e9pondre aux diverses exigences de teneur en humidit\u00e9 de diff\u00e9rents clients.<br>g. Le filtre \u00e0 bougies est de conception statique, ce qui facilite son entretien       <\/p><p>Caract\u00e9ristiques techniques du filtre \u00e0 bougie :<br>Pression nominale : 0,6 MPa, 1,0 MPa, 1,6 MPa, 2,0 MPa (des pressions tr\u00e8s \u00e9lev\u00e9es peuvent \u00eatre personnalis\u00e9es)<br>\u00c9l\u00e9ment filtrant : tube filtrant textile sans soudure, tube en treillis d&#8217;acier inoxydable, cartouche filtrante m\u00e9tallique fritt\u00e9e, cartouche filtrante en PTFE fritt\u00e9, etc.<br>Plage de temp\u00e9rature de fonctionnement : 0 \u00e0 300 \u00b0C.<br>D\u00e9bit nominal : 10 \u00e0 300 m\u00b3\/h ; des d\u00e9bits sp\u00e9cifiques peuvent \u00eatre personnalis\u00e9s.<br>Surface de filtration : principalement de 0,9 \u00e0 60 m\u00b2, des surfaces de filtration sp\u00e9ciales pouvant d\u00e9passer 200 m\u00b2 peuvent \u00eatre r\u00e9alis\u00e9es sur mesure.<br>Diam\u00e8tre du bo\u00eetier de filtre : 250 \u00e0 2 500 mm ; des dimensions sp\u00e9ciales peuvent \u00eatre r\u00e9alis\u00e9es sur mesure.<br>Pression d&#8217;air de soufflage invers\u00e9 : 0,2~0,3 MPa<br>Syst\u00e8me de commande : PLC, DCS<br>Diam\u00e8tre des orifices d&#8217;entr\u00e9e\/sortie : 2~24 pouces<br>Mat\u00e9riaux de la machine en contact avec les solutions : acier inoxydable 304\/316L, 904L ; d&#8217;autres mat\u00e9riaux peuvent \u00eatre personnalis\u00e9s selon les besoins.<br>Le rev\u00eatement int\u00e9rieur anticorrosion peut \u00eatre en : PP, PE, F30, F40, F46, PFA, etc.<br>Mat\u00e9riaux d&#8217;\u00e9tanch\u00e9it\u00e9 : NBR, VITON, caoutchouc silicone, etc.<br>Vannes de vidange : vannes papillon \u00e0 joint souple ou \u00e0 joint rigide.<br>Les instruments suivants sont disponibles en option : manom\u00e8tre \/ transmetteur de pression, capteur d&#8217;\u00e9paisseur de g\u00e2teau, capteur de niveau de liquide, transmetteur de d\u00e9bit, etc.<\/p><p>Applications du filtre \u00e0 bougie :<br>Le filtre \u00e0 bougie de Zonel Filtech est principalement utilis\u00e9 pour la collecte de mati\u00e8res premi\u00e8res et le traitement des eaux us\u00e9es, mais sert parfois aussi \u00e0 des applications d&#8217;\u00e9paississement. Il est principalement destin\u00e9 aux secteurs de la chimie, de l&#8217;agroalimentaire, de la fabrication de machines, de l&#8217;industrie pharmaceutique, des r\u00e9seaux d&#8217;approvisionnement en eau, du p\u00e9trole et du gaz, ainsi que de la r\u00e9cup\u00e9ration de catalyseurs, entre autres.<\/p>\t\t\t\t\t\t<\/div>\n\t\t\t\t<\/div>\n\t\t<div class=\"elementor-element elementor-element-98eb7e1 e-grid e-con-boxed e-con e-child\" data-id=\"98eb7e1\" data-element_type=\"container\">\n\t\t\t\t\t<div class=\"e-con-inner\">\n\t\t\t\t<div class=\"elementor-element elementor-element-c0e546c elementor-widget elementor-widget-image\" data-id=\"c0e546c\" data-element_type=\"widget\" data-widget_type=\"image.default\">\n\t\t\t\t<div class=\"elementor-widget-container\">\n\t\t\t\t\t\t\t\t\t\t\t\t\t<img decoding=\"async\" width=\"1\" height=\"1\" src=\"https:\/\/www.zonelenviro.com\/wp-content\/uploads\/2024\/03\/candle-sleeves.jpg\" class=\"attachment-large size-large wp-image-8741\" alt=\"\" \/>\t\t\t\t\t\t\t\t\t\t\t\t\t<\/div>\n\t\t\t\t<\/div>\n\t\t\t\t\t<\/div>\n\t\t\t\t<\/div>\n\t\t\t\t\t<\/div>\n\t\t\t\t<\/div>\n\t\t<div class=\"elementor-element elementor-element-3cef9f6 e-flex e-con-boxed e-con e-parent\" data-id=\"3cef9f6\" data-element_type=\"container\">\n\t\t\t\t\t<div class=\"e-con-inner\">\n\t\t\t\t<div class=\"elementor-element elementor-element-beab3d7 elementor-widget elementor-widget-text-editor\" data-id=\"beab3d7\" data-element_type=\"widget\" data-widget_type=\"text-editor.default\">\n\t\t\t\t<div class=\"elementor-widget-container\">\n\t\t\t\t\t\t\t<p><strong>Manchons filtrants en forme de bougie \/ tissu filtrant en forme de bougie, tube filtrant sans soudure \/ tuyau filtrant \/ conduit filtrant, conduit en tissu, conduit textile<\/strong><br><strong>Pr\u00e9sentation g\u00e9n\u00e9rale :<\/strong><br>Les manchons filtrants en forme de bougie \/ tuyaux filtrants jouent un r\u00f4le essentiel dans la production quotidienne ; le choix de manchons filtrants adapt\u00e9s a donc une incidence directe sur les op\u00e9rations de production. <br>Les conduits de filtration \u00e0 bougies\/tuyaux de filtration peuvent \u00eatre con\u00e7us en version non tiss\u00e9e ou tiss\u00e9e ; en raison des probl\u00e8mes de r\u00e9g\u00e9n\u00e9ration, les manchons de filtration tiss\u00e9s sont plus couramment utilis\u00e9s.<br>Zonel Filtech propose des manchons de filtration \u00e0 bougies dans diff\u00e9rentes tailles et diff\u00e9rents mat\u00e9riaux. N&#8217;h\u00e9sitez pas \u00e0 nous contacter si nous pouvons vous aider !<\/p><p><strong>Caract\u00e9ristiques du tuyau filtrant \u00ab candle \u00bb de Zonel Filtech :<\/strong><br>1. Diff\u00e9rents mat\u00e9riaux disponibles, tels que le polyester, le polypropyl\u00e8ne, le PPS, le PTFE, le PEEK, etc., pouvant \u00eatre personnalis\u00e9s en fonction des diff\u00e9rentes conditions de fonctionnement.<br>2. Diff\u00e9rentes tailles peuvent \u00eatre personnalis\u00e9es, telles que des largeurs \u00e0 plat de 110, 115, 120, 125, 130, 140, 145, etc.<br>3. Dimensions et retrait stables, manchons filtrants sans soudure offrant une excellente r\u00e9sistance \u00e0 la traction et une dur\u00e9e de vie prolong\u00e9e.<br>4. Qualit\u00e9 alimentaire.<\/p><p><strong>Applications des manchons pour bougies :<\/strong><br>Principalement dans les secteurs de la chimie, de l&#8217;agroalimentaire, de la fabrication de machines, de l&#8217;industrie pharmaceutique, des r\u00e9seaux d&#8217;approvisionnement en eau, du p\u00e9trole et du gaz, de la r\u00e9cup\u00e9ration de catalyseurs, etc.<\/p>\t\t\t\t\t\t<\/div>\n\t\t\t\t<\/div>\n\t\t<div class=\"elementor-element elementor-element-a9f2ade e-grid e-con-boxed e-con e-child\" data-id=\"a9f2ade\" data-element_type=\"container\">\n\t\t\t\t\t<div class=\"e-con-inner\">\n\t\t\t\t<div class=\"elementor-element elementor-element-77ce687 elementor-widget elementor-widget-image\" data-id=\"77ce687\" data-element_type=\"widget\" data-widget_type=\"image.default\">\n\t\t\t\t<div class=\"elementor-widget-container\">\n\t\t\t\t\t\t\t\t\t\t\t\t\t<img decoding=\"async\" width=\"1\" height=\"1\" src=\"https:\/\/www.zonelenviro.com\/wp-content\/uploads\/2024\/03\/candle-filter-housing-candle-filter-system1.webp\" class=\"attachment-large size-large wp-image-8744\" alt=\"\" \/>\t\t\t\t\t\t\t\t\t\t\t\t\t<\/div>\n\t\t\t\t<\/div>\n\t\t<div class=\"elementor-element elementor-element-b5e0dda e-grid e-con-boxed e-con e-child\" data-id=\"b5e0dda\" data-element_type=\"container\">\n\t\t\t\t\t<div class=\"e-con-inner\">\n\t\t\t\t<div class=\"elementor-element elementor-element-97a2db8 elementor-widget elementor-widget-image\" data-id=\"97a2db8\" data-element_type=\"widget\" data-widget_type=\"image.default\">\n\t\t\t\t<div class=\"elementor-widget-container\">\n\t\t\t\t\t\t\t\t\t\t\t\t\t<img loading=\"lazy\" decoding=\"async\" width=\"1\" height=\"1\" src=\"https:\/\/www.zonelenviro.com\/wp-content\/uploads\/2024\/03\/candle-filter-zonel-1.webp\" class=\"attachment-large size-large wp-image-8745\" alt=\"\" \/>\t\t\t\t\t\t\t\t\t\t\t\t\t<\/div>\n\t\t\t\t<\/div>\n\t\t<div class=\"elementor-element elementor-element-ef9f6f1 e-grid e-con-boxed e-con e-child\" data-id=\"ef9f6f1\" data-element_type=\"container\">\n\t\t\t\t\t<div class=\"e-con-inner\">\n\t\t\t\t<div class=\"elementor-element elementor-element-efc2cde elementor-widget elementor-widget-image\" data-id=\"efc2cde\" data-element_type=\"widget\" data-widget_type=\"image.default\">\n\t\t\t\t<div class=\"elementor-widget-container\">\n\t\t\t\t\t\t\t\t\t\t\t\t\t<img loading=\"lazy\" decoding=\"async\" width=\"1\" height=\"1\" src=\"https:\/\/www.zonelenviro.com\/wp-content\/uploads\/2024\/03\/candle-filter-element-filter-cage-1.webp\" class=\"attachment-large size-large wp-image-8742\" alt=\"\" \/>\t\t\t\t\t\t\t\t\t\t\t\t\t<\/div>\n\t\t\t\t<\/div>\n\t\t<div class=\"elementor-element elementor-element-c77fd58 e-grid e-con-boxed e-con e-child\" data-id=\"c77fd58\" data-element_type=\"container\">\n\t\t\t\t\t<div class=\"e-con-inner\">\n\t\t\t\t<div class=\"elementor-element elementor-element-36f07d8 elementor-widget elementor-widget-image\" data-id=\"36f07d8\" data-element_type=\"widget\" data-widget_type=\"image.default\">\n\t\t\t\t<div class=\"elementor-widget-container\">\n\t\t\t\t\t\t\t\t\t\t\t\t\t<img loading=\"lazy\" decoding=\"async\" width=\"1\" height=\"1\" src=\"https:\/\/www.zonelenviro.com\/wp-content\/uploads\/2024\/03\/candle-sleeves-1.webp\" class=\"attachment-large size-large wp-image-8746\" alt=\"\" \/>\t\t\t\t\t\t\t\t\t\t\t\t\t<\/div>\n\t\t\t\t<\/div>\n\t\t<div class=\"elementor-element elementor-element-dbfd971 e-grid e-con-boxed e-con e-child\" data-id=\"dbfd971\" data-element_type=\"container\">\n\t\t\t\t\t<div class=\"e-con-inner\">\n\t\t\t\t<div class=\"elementor-element elementor-element-4ed2b54 elementor-widget elementor-widget-image\" data-id=\"4ed2b54\" data-element_type=\"widget\" data-widget_type=\"image.default\">\n\t\t\t\t<div class=\"elementor-widget-container\">\n\t\t\t\t\t\t\t\t\t\t\t\t\t<img loading=\"lazy\" decoding=\"async\" width=\"1\" height=\"1\" src=\"https:\/\/www.zonelenviro.com\/wp-content\/uploads\/2024\/03\/candle-filter-elements-filter-candles1.webp\" class=\"attachment-large size-large wp-image-8743\" alt=\"\" \/>\t\t\t\t\t\t\t\t\t\t\t\t\t<\/div>\n\t\t\t\t<\/div>\n\t\t\t\t\t<\/div>\n\t\t\t\t<\/div>\n\t\t\t\t\t<\/div>\n\t\t\t\t<\/div>\n\t\t\t\t\t<\/div>\n\t\t\t\t<\/div>\n\t\t\t\t\t<\/div>\n\t\t\t\t<\/div>\n\t\t\t\t\t<\/div>\n\t\t\t\t<\/div>\n\t\t\t\t\t<\/div>\n\t\t\t\t<\/div>\n\t\t\t\t<\/div>\n\t\t","protected":false},"excerpt":{"rendered":"<p>Le filtre \u00e0 bougie de Zonel Filtech est un type de filtre sous pression ; l&#8217;orifice d&#8217;alimentation se trouve sur la face inf\u00e9rieure de la cuve du filtre ; les particules solides sont retenues \u00e0 la surface de l&#8217;\u00e9l\u00e9ment filtrant et le filtrat s&#8217;\u00e9coule depuis le c\u0153ur de l&#8217;\u00e9l\u00e9ment filtrant vers le r\u00e9servoir de filtrat. Les proc\u00e9dures d&#8217;exploitation comprennent : l&#8217;alimentation en solution, le recyclage initial du filtrat, le contr\u00f4le de la qualit\u00e9 du filtrat, la filtration, le lavage du g\u00e2teau et le pressage par soufflage d&#8217;air, ainsi que le d\u00e9tachement du g\u00e2teau par soufflage d&#8217;air invers\u00e9. Si la densit\u00e9 des particules est \u00e9lev\u00e9e, des boues peuvent s&#8217;accumuler au fond de la cuve ; dans ce cas, le fond peut \u00eatre con\u00e7u avec une plaque filtrante pour faciliter le s\u00e9chage des boues et permettre une bonne gestion des r\u00e9sidus.<\/p>\n","protected":false},"featured_media":8739,"template":"","meta":{"site-sidebar-layout":"no-sidebar","site-content-layout":"page-builder","ast-site-content-layout":"full-width-container","site-content-style":"default","site-sidebar-style":"default","ast-global-header-display":"","ast-banner-title-visibility":"","ast-main-header-display":"","ast-hfb-above-header-display":"","ast-hfb-below-header-display":"","ast-hfb-mobile-header-display":"","site-post-title":"disabled","ast-breadcrumbs-content":"","ast-featured-img":"disabled","footer-sml-layout":"","theme-transparent-header-meta":"default","adv-header-id-meta":"","stick-header-meta":"","header-above-stick-meta":"","header-main-stick-meta":"","header-below-stick-meta":"","astra-migrate-meta-layouts":"set","ast-page-background-enabled":"default","ast-page-background-meta":{"desktop":{"background-color":"","background-image":"","background-repeat":"repeat","background-position":"center center","background-size":"auto","background-attachment":"scroll","background-type":"","background-media":"","overlay-type":"","overlay-color":"","overlay-opacity":"","overlay-gradient":""},"tablet":{"background-color":"","background-image":"","background-repeat":"repeat","background-position":"center center","background-size":"auto","background-attachment":"scroll","background-type":"","background-media":"","overlay-type":"","overlay-color":"","overlay-opacity":"","overlay-gradient":""},"mobile":{"background-color":"","background-image":"","background-repeat":"repeat","background-position":"center center","background-size":"auto","background-attachment":"scroll","background-type":"","background-media":"","overlay-type":"","overlay-color":"","overlay-opacity":"","overlay-gradient":""}},"ast-content-background-meta":{"desktop":{"background-color":"var(--ast-global-color-5)","background-image":"","background-repeat":"repeat","background-position":"center center","background-size":"auto","background-attachment":"scroll","background-type":"","background-media":"","overlay-type":"","overlay-color":"","overlay-opacity":"","overlay-gradient":""},"tablet":{"background-color":"var(--ast-global-color-5)","background-image":"","background-repeat":"repeat","background-position":"center center","background-size":"auto","background-attachment":"scroll","background-type":"","background-media":"","overlay-type":"","overlay-color":"","overlay-opacity":"","overlay-gradient":""},"mobile":{"background-color":"var(--ast-global-color-5)","background-image":"","background-repeat":"repeat","background-position":"center center","background-size":"auto","background-attachment":"scroll","background-type":"","background-media":"","overlay-type":"","overlay-color":"","overlay-opacity":"","overlay-gradient":""}}},"product_brand":[],"product_cat":[112],"product_tag":[],"class_list":{"0":"post-8734","1":"product","2":"type-product","3":"status-publish","4":"has-post-thumbnail","6":"product_cat-filtre-a-liquide","7":"desktop-align-left","8":"tablet-align-left","9":"mobile-align-left","11":"first","12":"instock","13":"featured","14":"shipping-taxable","15":"product-type-simple"},"_links":{"self":[{"href":"https:\/\/www.zonelenviro.com\/fr\/wp-json\/wp\/v2\/product\/8734","targetHints":{"allow":["GET"]}}],"collection":[{"href":"https:\/\/www.zonelenviro.com\/fr\/wp-json\/wp\/v2\/product"}],"about":[{"href":"https:\/\/www.zonelenviro.com\/fr\/wp-json\/wp\/v2\/types\/product"}],"version-history":[{"count":0,"href":"https:\/\/www.zonelenviro.com\/fr\/wp-json\/wp\/v2\/product\/8734\/revisions"}],"wp:featuredmedia":[{"embeddable":true,"href":"https:\/\/www.zonelenviro.com\/fr\/wp-json\/wp\/v2\/media\/8739"}],"wp:attachment":[{"href":"https:\/\/www.zonelenviro.com\/fr\/wp-json\/wp\/v2\/media?parent=8734"}],"wp:term":[{"taxonomy":"product_brand","embeddable":true,"href":"https:\/\/www.zonelenviro.com\/fr\/wp-json\/wp\/v2\/product_brand?post=8734"},{"taxonomy":"product_cat","embeddable":true,"href":"https:\/\/www.zonelenviro.com\/fr\/wp-json\/wp\/v2\/product_cat?post=8734"},{"taxonomy":"product_tag","embeddable":true,"href":"https:\/\/www.zonelenviro.com\/fr\/wp-json\/wp\/v2\/product_tag?post=8734"}],"curies":[{"name":"wp","href":"https:\/\/api.w.org\/{rel}","templated":true}]}}