{"id":8779,"date":"2024-03-19T08:49:36","date_gmt":"2024-03-19T00:49:36","guid":{"rendered":"https:\/\/www.zonelenviro.com\/boitier-de-filtre-a-cartouche-pour-debits-eleves\/"},"modified":"2026-03-29T00:54:54","modified_gmt":"2026-03-28T16:54:54","slug":"boitier-de-filtre-a-cartouche-pour-debits-eleves","status":"publish","type":"product","link":"https:\/\/www.zonelenviro.com\/fr\/boitier-de-filtre-a-cartouche-pour-debits-eleves\/","title":{"rendered":"Bo\u00eetier de filtre \u00e0 cartouche pour d\u00e9bits \u00e9lev\u00e9s"},"content":{"rendered":"\t\t<div data-elementor-type=\"product-post\" data-elementor-id=\"8779\" class=\"elementor elementor-8779 elementor-977\" data-elementor-post-type=\"product\">\n\t\t\t\t<div class=\"elementor-element elementor-element-b1ad071 e-grid e-con-boxed e-con e-parent\" data-id=\"b1ad071\" data-element_type=\"container\">\n\t\t\t\t\t<div class=\"e-con-inner\">\n\t\t\t\t<div class=\"elementor-element elementor-element-26b6517 elementor-widget elementor-widget-image\" data-id=\"26b6517\" data-element_type=\"widget\" data-widget_type=\"image.default\">\n\t\t\t\t<div class=\"elementor-widget-container\">\n\t\t\t\t\t\t\t\t\t\t\t\t\t<img decoding=\"async\" width=\"1\" height=\"1\" src=\"https:\/\/www.zonelenviro.com\/wp-content\/uploads\/2024\/03\/high-flow-cartridge-filter-housing.jpg\" class=\"attachment-large size-large wp-image-8786\" alt=\"\" \/>\t\t\t\t\t\t\t\t\t\t\t\t\t<\/div>\n\t\t\t\t<\/div>\n\t\t\t\t\t<\/div>\n\t\t\t\t<\/div>\n\t\t<div class=\"elementor-element elementor-element-8e8af0e e-flex e-con-boxed e-con e-parent\" data-id=\"8e8af0e\" data-element_type=\"container\">\n\t\t\t\t\t<div class=\"e-con-inner\">\n\t\t\t\t<div class=\"elementor-element elementor-element-b1ecb4a elementor-widget elementor-widget-text-editor\" data-id=\"b1ecb4a\" data-element_type=\"widget\" data-widget_type=\"text-editor.default\">\n\t\t\t\t<div class=\"elementor-widget-container\">\n\t\t\t\t\t\t\t<p><strong>Bo\u00eetier de filtre \u00e0 cartouche en acier inoxydable pour d\u00e9bits \u00e9lev\u00e9s<\/strong><br><strong>Pr\u00e9sentation g\u00e9n\u00e9rale et caract\u00e9ristiques du bo\u00eetier de filtre \u00e0 cartouche \u00e0 haut d\u00e9bit :<\/strong><\/p><p>Le bo\u00eetier de filtre \u00e0 cartouche \u00e0 haut d\u00e9bit de la s\u00e9rie HFC utilise des <span style=\"color: #33cccc;\"><a style=\"color: #33cccc;\" href=\"https:\/\/www.zonelenviro.com\/high-flow-pleated-filter-cartridge.html\"><span style=\"color: #3366ff;\">cartouches filtrantes \u00e0 haut d\u00e9bit<\/span><\/a><\/span> \u00e0 la place des cartouches filtrantes traditionnelles en PP extrud\u00e9-souffl\u00e9 ; le d\u00e9bit par cartouche peut atteindre 50 m\u00b3\/h. <br>En g\u00e9n\u00e9ral, une cartouche filtrante \u00e0 haut d\u00e9bit de 40 pouces \u00e9quivaut \u00e0 20 cartouches filtrantes en PP extrud\u00e9-souffl\u00e9 de m\u00eame longueur. Cela signifie que le bo\u00eetier de filtre peut \u00eatre con\u00e7u plus petit, ce qui facilite grandement les op\u00e9rations de maintenance et permet bien s\u00fbr d&#8217;obtenir une solution de filtration beaucoup plus \u00e9conomique.<\/p><p>Mod\u00e8le disponible pour bo\u00eetier de filtre \u00e0 cartouche \u00e0 haut d\u00e9bit :<br>Nombre de cartouches : 1 \u00e0 50 pi\u00e8ces<br>Dimensions de la cartouche filtrante : 20 \u00e0 60 pouces<br>Mat\u00e9riau du bo\u00eetier : acier inoxydable 304 \/ acier inoxydable 316<br>Joint d&#8217;\u00e9tanch\u00e9it\u00e9 : EPDM \/ Viton \/ silicone \/ FEP+FPM \/ Buna N<\/p><p>Conditions d&#8217;utilisation du bo\u00eetier de filtre \u00e0 cartouche \u00e0 haut d\u00e9bit :<br>D\u00e9bit maximal d&#8217;essai : 20 m\u00b3\/h avec une cartouche filtrante de 20 pouces.<br>Temp\u00e9rature nominale : 150 \u00b0C.<br>Pression nominale : 10 bars.<\/p><p>Secteurs d&#8217;application des bo\u00eetiers de filtres \u00e0 cartouche \u00e0 haut d\u00e9bit :<br>a. Peinture<br>b. Industries \u00e9lectroniques<br>c. \u00c9lectrolytes<br>d. Industries de la silice<br>e. Chimie fine<br>f. Fabrication du papier<br>g. Industries agroalimentaires<br>i. Industries pharmaceutiques        <\/p><p>Produits concern\u00e9s :<br>Cartouches filtrantes pour liquides Syst\u00e8me complet de filtres \u00e0 bougies et de filtres \u00e0 couches de g\u00e2teau<\/p><hr><p> <\/p>\t\t\t\t\t\t<\/div>\n\t\t\t\t<\/div>\n\t\t<div class=\"elementor-element elementor-element-818c36c e-grid e-con-boxed e-con e-child\" data-id=\"818c36c\" data-element_type=\"container\">\n\t\t\t\t\t<div class=\"e-con-inner\">\n\t\t\t\t<div class=\"elementor-element elementor-element-5d79d9b elementor-widget elementor-widget-image\" data-id=\"5d79d9b\" data-element_type=\"widget\" data-widget_type=\"image.default\">\n\t\t\t\t<div class=\"elementor-widget-container\">\n\t\t\t\t\t\t\t\t\t\t\t\t\t<img decoding=\"async\" width=\"1\" height=\"1\" src=\"https:\/\/www.zonelenviro.com\/wp-content\/uploads\/2024\/03\/large-flow-volume-filter-housing.webp\" class=\"attachment-large size-large wp-image-8785\" alt=\"\" \/>\t\t\t\t\t\t\t\t\t\t\t\t\t<\/div>\n\t\t\t\t<\/div>\n\t\t<div class=\"elementor-element elementor-element-f913c8c e-grid e-con-boxed e-con e-child\" data-id=\"f913c8c\" data-element_type=\"container\">\n\t\t\t\t\t<div class=\"e-con-inner\">\n\t\t\t\t<div class=\"elementor-element elementor-element-016ec15 elementor-widget elementor-widget-image\" data-id=\"016ec15\" data-element_type=\"widget\" data-widget_type=\"image.default\">\n\t\t\t\t<div class=\"elementor-widget-container\">\n\t\t\t\t\t\t\t\t\t\t\t\t\t<img decoding=\"async\" width=\"1\" height=\"1\" src=\"https:\/\/www.zonelenviro.com\/wp-content\/uploads\/2024\/03\/large-flow-filter-cartridge-filter-vessel.webp\" class=\"attachment-large size-large wp-image-8782\" alt=\"\" \/>\t\t\t\t\t\t\t\t\t\t\t\t\t<\/div>\n\t\t\t\t<\/div>\n\t\t<div class=\"elementor-element elementor-element-1510d19 e-grid e-con-boxed e-con e-child\" data-id=\"1510d19\" data-element_type=\"container\">\n\t\t\t\t\t<div class=\"e-con-inner\">\n\t\t\t\t<div class=\"elementor-element elementor-element-9a0a3e2 elementor-widget elementor-widget-image\" data-id=\"9a0a3e2\" data-element_type=\"widget\" data-widget_type=\"image.default\">\n\t\t\t\t<div class=\"elementor-widget-container\">\n\t\t\t\t\t\t\t\t\t\t\t\t\t<img loading=\"lazy\" decoding=\"async\" width=\"1\" height=\"1\" src=\"https:\/\/www.zonelenviro.com\/wp-content\/uploads\/2024\/03\/big-flow-volume-filter-housing.webp\" class=\"attachment-large size-large wp-image-8780\" alt=\"\" \/>\t\t\t\t\t\t\t\t\t\t\t\t\t<\/div>\n\t\t\t\t<\/div>\n\t\t<div class=\"elementor-element elementor-element-547ccf5 e-grid e-con-boxed e-con e-child\" data-id=\"547ccf5\" data-element_type=\"container\">\n\t\t\t\t\t<div class=\"e-con-inner\">\n\t\t\t\t<div class=\"elementor-element elementor-element-d3dc61c elementor-widget elementor-widget-image\" data-id=\"d3dc61c\" data-element_type=\"widget\" data-widget_type=\"image.default\">\n\t\t\t\t<div class=\"elementor-widget-container\">\n\t\t\t\t\t\t\t\t\t\t\t\t\t<img loading=\"lazy\" decoding=\"async\" width=\"1\" height=\"1\" src=\"https:\/\/www.zonelenviro.com\/wp-content\/uploads\/2024\/03\/large-flow-filter-cartridge-filter-house.webp\" class=\"attachment-large size-large wp-image-8783\" alt=\"\" \/>\t\t\t\t\t\t\t\t\t\t\t\t\t<\/div>\n\t\t\t\t<\/div>\n\t\t<div class=\"elementor-element elementor-element-5a9f63f e-grid e-con-boxed e-con e-child\" data-id=\"5a9f63f\" data-element_type=\"container\">\n\t\t\t\t\t<div class=\"e-con-inner\">\n\t\t\t\t<div class=\"elementor-element elementor-element-14a15f3 elementor-widget elementor-widget-image\" data-id=\"14a15f3\" data-element_type=\"widget\" data-widget_type=\"image.default\">\n\t\t\t\t<div class=\"elementor-widget-container\">\n\t\t\t\t\t\t\t\t\t\t\t\t\t<img loading=\"lazy\" decoding=\"async\" width=\"1\" height=\"1\" src=\"https:\/\/www.zonelenviro.com\/wp-content\/uploads\/2024\/03\/Pleated-filter-bag-filter-housing.webp\" class=\"attachment-large size-large wp-image-8781\" alt=\"\" \/>\t\t\t\t\t\t\t\t\t\t\t\t\t<\/div>\n\t\t\t\t<\/div>\n\t\t<div class=\"elementor-element elementor-element-6fbd3f5 e-grid e-con-boxed e-con e-child\" data-id=\"6fbd3f5\" data-element_type=\"container\">\n\t\t\t\t\t<div class=\"e-con-inner\">\n\t\t\t\t<div class=\"elementor-element elementor-element-9255d86 elementor-widget elementor-widget-image\" data-id=\"9255d86\" data-element_type=\"widget\" data-widget_type=\"image.default\">\n\t\t\t\t<div class=\"elementor-widget-container\">\n\t\t\t\t\t\t\t\t\t\t\t\t\t<img loading=\"lazy\" decoding=\"async\" width=\"1\" height=\"1\" src=\"https:\/\/www.zonelenviro.com\/wp-content\/uploads\/2024\/03\/filter-housing-package.webp\" class=\"attachment-large size-large wp-image-8784\" alt=\"\" \/>\t\t\t\t\t\t\t\t\t\t\t\t\t<\/div>\n\t\t\t\t<\/div>\n\t\t\t\t\t<\/div>\n\t\t\t\t<\/div>\n\t\t\t\t\t<\/div>\n\t\t\t\t<\/div>\n\t\t\t\t\t<\/div>\n\t\t\t\t<\/div>\n\t\t\t\t\t<\/div>\n\t\t\t\t<\/div>\n\t\t\t\t\t<\/div>\n\t\t\t\t<\/div>\n\t\t\t\t\t<\/div>\n\t\t\t\t<\/div>\n\t\t\t\t\t<\/div>\n\t\t\t\t<\/div>\n\t\t\t\t<\/div>\n\t\t","protected":false},"excerpt":{"rendered":"<p>Le bo\u00eetier de filtre \u00e0 cartouche \u00e0 haut d\u00e9bit de la s\u00e9rie HFC utilise des cartouches filtrantes \u00e0 haut d\u00e9bit \u00e0 la place des cartouches filtrantes traditionnelles en PP extrud\u00e9-souffl\u00e9 ; le d\u00e9bit par cartouche peut atteindre 50 m\u00b3\/h. En g\u00e9n\u00e9ral, une cartouche filtrante \u00e0 haut d\u00e9bit de 40 pouces \u00e9quivaut \u00e0 20 cartouches filtrantes en PP extrud\u00e9-souffl\u00e9 de m\u00eame longueur. Cela signifie que le bo\u00eetier de filtre peut \u00eatre con\u00e7u plus petit, ce qui facilite grandement les op\u00e9rations de maintenance et permet bien s\u00fbr d&#8217;obtenir une solution de filtration beaucoup plus \u00e9conomique.<\/p>\n","protected":false},"featured_media":8785,"template":"","meta":{"site-sidebar-layout":"no-sidebar","site-content-layout":"page-builder","ast-site-content-layout":"full-width-container","site-content-style":"default","site-sidebar-style":"default","ast-global-header-display":"","ast-banner-title-visibility":"","ast-main-header-display":"","ast-hfb-above-header-display":"","ast-hfb-below-header-display":"","ast-hfb-mobile-header-display":"","site-post-title":"disabled","ast-breadcrumbs-content":"","ast-featured-img":"disabled","footer-sml-layout":"","theme-transparent-header-meta":"default","adv-header-id-meta":"","stick-header-meta":"","header-above-stick-meta":"","header-main-stick-meta":"","header-below-stick-meta":"","astra-migrate-meta-layouts":"set","ast-page-background-enabled":"default","ast-page-background-meta":{"desktop":{"background-color":"","background-image":"","background-repeat":"repeat","background-position":"center center","background-size":"auto","background-attachment":"scroll","background-type":"","background-media":"","overlay-type":"","overlay-color":"","overlay-opacity":"","overlay-gradient":""},"tablet":{"background-color":"","background-image":"","background-repeat":"repeat","background-position":"center center","background-size":"auto","background-attachment":"scroll","background-type":"","background-media":"","overlay-type":"","overlay-color":"","overlay-opacity":"","overlay-gradient":""},"mobile":{"background-color":"","background-image":"","background-repeat":"repeat","background-position":"center center","background-size":"auto","background-attachment":"scroll","background-type":"","background-media":"","overlay-type":"","overlay-color":"","overlay-opacity":"","overlay-gradient":""}},"ast-content-background-meta":{"desktop":{"background-color":"var(--ast-global-color-5)","background-image":"","background-repeat":"repeat","background-position":"center center","background-size":"auto","background-attachment":"scroll","background-type":"","background-media":"","overlay-type":"","overlay-color":"","overlay-opacity":"","overlay-gradient":""},"tablet":{"background-color":"var(--ast-global-color-5)","background-image":"","background-repeat":"repeat","background-position":"center center","background-size":"auto","background-attachment":"scroll","background-type":"","background-media":"","overlay-type":"","overlay-color":"","overlay-opacity":"","overlay-gradient":""},"mobile":{"background-color":"var(--ast-global-color-5)","background-image":"","background-repeat":"repeat","background-position":"center center","background-size":"auto","background-attachment":"scroll","background-type":"","background-media":"","overlay-type":"","overlay-color":"","overlay-opacity":"","overlay-gradient":""}}},"product_brand":[],"product_cat":[112],"product_tag":[],"class_list":{"0":"post-8779","1":"product","2":"type-product","3":"status-publish","4":"has-post-thumbnail","6":"product_cat-filtre-a-liquide","7":"desktop-align-left","8":"tablet-align-left","9":"mobile-align-left","11":"first","12":"instock","13":"shipping-taxable","14":"product-type-simple"},"_links":{"self":[{"href":"https:\/\/www.zonelenviro.com\/fr\/wp-json\/wp\/v2\/product\/8779","targetHints":{"allow":["GET"]}}],"collection":[{"href":"https:\/\/www.zonelenviro.com\/fr\/wp-json\/wp\/v2\/product"}],"about":[{"href":"https:\/\/www.zonelenviro.com\/fr\/wp-json\/wp\/v2\/types\/product"}],"version-history":[{"count":0,"href":"https:\/\/www.zonelenviro.com\/fr\/wp-json\/wp\/v2\/product\/8779\/revisions"}],"wp:featuredmedia":[{"embeddable":true,"href":"https:\/\/www.zonelenviro.com\/fr\/wp-json\/wp\/v2\/media\/8785"}],"wp:attachment":[{"href":"https:\/\/www.zonelenviro.com\/fr\/wp-json\/wp\/v2\/media?parent=8779"}],"wp:term":[{"taxonomy":"product_brand","embeddable":true,"href":"https:\/\/www.zonelenviro.com\/fr\/wp-json\/wp\/v2\/product_brand?post=8779"},{"taxonomy":"product_cat","embeddable":true,"href":"https:\/\/www.zonelenviro.com\/fr\/wp-json\/wp\/v2\/product_cat?post=8779"},{"taxonomy":"product_tag","embeddable":true,"href":"https:\/\/www.zonelenviro.com\/fr\/wp-json\/wp\/v2\/product_tag?post=8779"}],"curies":[{"name":"wp","href":"https:\/\/api.w.org\/{rel}","templated":true}]}}