{"id":8796,"date":"2024-03-19T09:07:37","date_gmt":"2024-03-19T01:07:37","guid":{"rendered":"https:\/\/www.zonelenviro.com\/tissu-filtrant-en-feutre-aiguillete-ptfe-et-sac-filtrant-ptfe\/"},"modified":"2026-03-29T01:13:54","modified_gmt":"2026-03-28T17:13:54","slug":"tissu-filtrant-en-feutre-aiguillete-ptfe-et-sac-filtrant-ptfe","status":"publish","type":"product","link":"https:\/\/www.zonelenviro.com\/fr\/tissu-filtrant-en-feutre-aiguillete-ptfe-et-sac-filtrant-ptfe\/","title":{"rendered":"Tissu filtrant en feutre aiguillet\u00e9 PTFE et sac filtrant PTFE"},"content":{"rendered":"\t\t<div data-elementor-type=\"product-post\" data-elementor-id=\"8796\" class=\"elementor elementor-8796 elementor-998\" data-elementor-post-type=\"product\">\n\t\t\t\t<div class=\"elementor-element elementor-element-b5a21ad e-flex e-con-boxed e-con e-parent\" data-id=\"b5a21ad\" data-element_type=\"container\">\n\t\t\t\t\t<div class=\"e-con-inner\">\n\t\t\t\t<div class=\"elementor-element elementor-element-46ffee8 elementor-widget elementor-widget-text-editor\" data-id=\"46ffee8\" data-element_type=\"widget\" data-widget_type=\"text-editor.default\">\n\t\t\t\t<div class=\"elementor-widget-container\">\n\t\t\t\t\t\t\t<p>Tissu filtrant en feutre aiguillet\u00e9 PTFE \/ sacs filtrants en t\u00e9flon pour la d\u00e9poussi\u00e9rage<\/p>\t\t\t\t\t\t<\/div>\n\t\t\t\t<\/div>\n\t\t\t\t\t<\/div>\n\t\t\t\t<\/div>\n\t\t<div class=\"elementor-element elementor-element-d109bed e-flex e-con-boxed e-con e-parent\" data-id=\"d109bed\" data-element_type=\"container\">\n\t\t\t\t\t<div class=\"e-con-inner\">\n\t\t\t\t<div class=\"elementor-element elementor-element-790dbd3 elementor-widget elementor-widget-text-editor\" data-id=\"790dbd3\" data-element_type=\"widget\" data-widget_type=\"text-editor.default\">\n\t\t\t\t<div class=\"elementor-widget-container\">\n\t\t\t\t\t\t\t<p><strong>Pr\u00e9sentation g\u00e9n\u00e9rale du tissu filtrant en feutre aiguillet\u00e9 PTFE :<\/strong><\/p><p>Le PTFE (polyt\u00e9trafluoro\u00e9thyl\u00e8ne), \u00e9galement appel\u00e9 T\u00e9flon, est souvent consid\u00e9r\u00e9 comme le \u00ab roi \u00bb des plastiques en raison de ses propri\u00e9t\u00e9s : r\u00e9sistance aux temp\u00e9ratures \u00e9lev\u00e9es (jusqu&#8217;\u00e0 280 \u00b0C), r\u00e9sistance \u00e0 la corrosion (adapt\u00e9 \u00e0 des pH compris entre 1 et 14), longue dur\u00e9e de vie, non adh\u00e9rent, etc. La fibre de PTFE constitue donc une mati\u00e8re premi\u00e8re naturellement excellente pour la fabrication de toiles filtrantes industrielles. La toile filtrante en PTFE (toile filtrante en T\u00e9flon) propos\u00e9e par Zonel Filtech est principalement une toile filtrante en feutre aiguillet\u00e9 PTFE (toile filtrante en feutre aiguillet\u00e9 T\u00e9flon).<\/p><p>Zonel Filtech utilise des fibres de PTFE (t\u00e9flon) de premi\u00e8re qualit\u00e9 \u00e0 100 % et une armature en filaments de PTFE, qui sont ensuite soigneusement aiguillet\u00e9es pour former un feutre. Apr\u00e8s avoir subi des traitements de finition sp\u00e9ciaux, tels que le flambage et le gla\u00e7age, ainsi qu\u2019un thermofixage, un bain de suspension de PTFE et un laminage sur membrane de PTFE. Le tissu filtrant en feutre aiguillet\u00e9 de T\u00e9flon (mat\u00e9riau filtrant en polyt\u00e9trafluoro\u00e9thyl\u00e8ne) peut \u00eatre largement utilis\u00e9 dans diverses applications industrielles pour la collecte de poussi\u00e8res (sac filtrant en PTFE) et la filtration de liquides (sac filtrant en PTFE\/T\u00e9flon \u00e0 microns).<\/p><p>Zonel Filtech propose \u00e0 la fois des rouleaux de toile filtrante en PTFE (feutre aiguillet\u00e9 en PTFE pour la d\u00e9poussi\u00e9rage et toile filtrante en PTFE pour liquides \/ toile filtrante en PTFE \u00e0 microns) et des manches filtrantes en PTFE pr\u00eates \u00e0 l&#8217;emploi (manches filtrantes en T\u00e9flon).<\/p><p>Si vous avez besoin d&#8217;aide, n&#8217;h\u00e9sitez pas \u00e0 contacter Zonel Filtech !<\/p><p><strong>Sp\u00e9cifications applicables au feutre aiguillet\u00e9 en PTFE (polyt\u00e9trafluoro\u00e9thyl\u00e8ne, T\u00e9flon) :<\/strong><\/p><p>Mat\u00e9riau :<strong> 100 % fibre de PTFE (polyt\u00e9trafluoro\u00e9thyl\u00e8ne, T\u00e9flon), renforc\u00e9e par une armature en filaments de PTFE (polyt\u00e9trafluoro\u00e9thyl\u00e8ne, T\u00e9flon)<\/strong><\/p><p>Poids : 750 \u00e0 950 g\/m\u00b2<\/p><p>Temp\u00e9rature de fonctionnement : en continu : \u2264 260 \u00b0C ; en cr\u00eate : 280 \u00b0C<\/p><p>Traitements de surface disponibles : flamb\u00e9 et glac\u00e9, thermofix\u00e9, bain de suspension au PTFE, membrane en PTFE, traitement de surface \u00e0 micro-pores.<\/p><p>Nous pouvons personnaliser les produits en fonction des besoins de nos clients !<\/p>\t\t\t\t\t\t<\/div>\n\t\t\t\t<\/div>\n\t\t\t\t\t<\/div>\n\t\t\t\t<\/div>\n\t\t<div class=\"elementor-element elementor-element-c6da9b4 e-flex e-con-boxed e-con e-parent\" data-id=\"c6da9b4\" data-element_type=\"container\">\n\t\t\t\t\t<div class=\"e-con-inner\">\n\t\t\t\t<div class=\"elementor-element elementor-element-def86f4 elementor-widget elementor-widget-text-editor\" data-id=\"def86f4\" data-element_type=\"widget\" data-widget_type=\"text-editor.default\">\n\t\t\t\t<div class=\"elementor-widget-container\">\n\t\t\t\t\t\t\t<p>Les propri\u00e9t\u00e9s des sacs filtrants en T\u00e9flon (fabriqu\u00e9s en tissu filtrant PTFE)<\/p>\t\t\t\t\t\t<\/div>\n\t\t\t\t<\/div>\n\t\t\t\t\t<\/div>\n\t\t\t\t<\/div>\n\t\t<div class=\"elementor-element elementor-element-521a7a0 e-flex e-con-boxed e-con e-parent\" data-id=\"521a7a0\" data-element_type=\"container\">\n\t\t\t\t\t<div class=\"e-con-inner\">\n\t\t\t\t<div class=\"elementor-element elementor-element-055065b elementor-widget elementor-widget-text-editor\" data-id=\"055065b\" data-element_type=\"widget\" data-widget_type=\"text-editor.default\">\n\t\t\t\t<div class=\"elementor-widget-container\">\n\t\t\t\t\t\t\t<p>1. R\u00e9sistance aux temp\u00e9ratures \u00e9lev\u00e9es : la temp\u00e9rature de fonctionnement en continu peut atteindre 260 \u00b0C, et la temp\u00e9rature de fonctionnement ponctuel peut atteindre 280 \u00b0C.<\/p><p>2. Une production \u00e0 grande \u00e9chelle est d\u00e9sormais possible, \u00e0 un prix nettement inf\u00e9rieur \u00e0 celui pratiqu\u00e9 auparavant.<\/p><p>3. Peut \u00eatre utilis\u00e9 sur toute la gamme de pH.<\/p><p>4. Longue dur\u00e9e de vie, pouvant g\u00e9n\u00e9ralement d\u00e9passer 4 ans.<\/p><p>5. Toute la gamme de produits, destin\u00e9s \u00e0 divers usages, est disponible.<\/p>\t\t\t\t\t\t<\/div>\n\t\t\t\t<\/div>\n\t\t\t\t\t<\/div>\n\t\t\t\t<\/div>\n\t\t<div class=\"elementor-element elementor-element-78c0467 e-flex e-con-boxed e-con e-parent\" data-id=\"78c0467\" data-element_type=\"container\">\n\t\t\t\t\t<div class=\"e-con-inner\">\n\t\t\t\t<div class=\"elementor-element elementor-element-a56e464 elementor-widget elementor-widget-text-editor\" data-id=\"a56e464\" data-element_type=\"widget\" data-widget_type=\"text-editor.default\">\n\t\t\t\t<div class=\"elementor-widget-container\">\n\t\t\t\t\t\t\t<p>Principales applications des sacs filtrants en PTFE<\/p>\t\t\t\t\t\t<\/div>\n\t\t\t\t<\/div>\n\t\t\t\t\t<\/div>\n\t\t\t\t<\/div>\n\t\t<div class=\"elementor-element elementor-element-82be846 e-flex e-con-boxed e-con e-parent\" data-id=\"82be846\" data-element_type=\"container\">\n\t\t\t\t\t<div class=\"e-con-inner\">\n\t\t\t\t<div class=\"elementor-element elementor-element-a9ac907 elementor-widget elementor-widget-text-editor\" data-id=\"a9ac907\" data-element_type=\"widget\" data-widget_type=\"text-editor.default\">\n\t\t\t\t<div class=\"elementor-widget-container\">\n\t\t\t\t\t\t\t<p>La toile filtrante en PTFE est un mat\u00e9riau sp\u00e9cial qui pr\u00e9sente une bonne r\u00e9sistance aux alcalis et aux acides, une bonne r\u00e9sistance \u00e0 l&#8217;hydrolyse et une grande stabilit\u00e9 dimensionnelle. Elle est principalement utilis\u00e9e dans les chaudi\u00e8res \u00e0 charbon, l&#8217;incin\u00e9ration des d\u00e9chets, la production de noir de carbone et la production de dioxyde de titane pour l&#8217;\u00e9limination des fum\u00e9es ou la collecte des poussi\u00e8res (sacs filtrants en PTFE), ainsi que pour la filtration de liquides \u00e0 haute temp\u00e9rature ou corrosifs (sacs filtrants en PTFE pour liquides).<\/p><p>Zonel<\/p><p><span style=\"font-style: inherit; font-weight: inherit; text-align: var(--text-align); background-color: var(--ast-global-color-4); color: var(--ast-global-color-1);\">ISO 9001:2015<\/span><\/p>\t\t\t\t\t\t<\/div>\n\t\t\t\t<\/div>\n\t\t\t\t\t<\/div>\n\t\t\t\t<\/div>\n\t\t<div class=\"elementor-element elementor-element-1340de3 e-grid e-con-boxed e-con e-parent\" data-id=\"1340de3\" data-element_type=\"container\">\n\t\t\t\t\t<div class=\"e-con-inner\">\n\t\t\t\t<div class=\"elementor-element elementor-element-de202bb elementor-widget elementor-widget-image\" data-id=\"de202bb\" data-element_type=\"widget\" data-widget_type=\"image.default\">\n\t\t\t\t<div class=\"elementor-widget-container\">\n\t\t\t\t\t\t\t\t\t\t\t\t\t<img decoding=\"async\" width=\"1\" height=\"1\" src=\"https:\/\/www.zonelenviro.com\/wp-content\/uploads\/2024\/03\/PTFE-needle-felt-filtr-bags.webp\" class=\"attachment-large size-large wp-image-8802\" alt=\"\" \/>\t\t\t\t\t\t\t\t\t\t\t\t\t<\/div>\n\t\t\t\t<\/div>\n\t\t\t\t<div class=\"elementor-element elementor-element-5b2aba2 elementor-widget elementor-widget-image\" data-id=\"5b2aba2\" data-element_type=\"widget\" data-widget_type=\"image.default\">\n\t\t\t\t<div class=\"elementor-widget-container\">\n\t\t\t\t\t\t\t\t\t\t\t\t\t<img decoding=\"async\" width=\"1\" height=\"1\" src=\"https:\/\/www.zonelenviro.com\/wp-content\/uploads\/2024\/03\/PTFE-needle-felt-filter-cloth.webp\" class=\"attachment-large size-large wp-image-8797\" alt=\"\" \/>\t\t\t\t\t\t\t\t\t\t\t\t\t<\/div>\n\t\t\t\t<\/div>\n\t\t\t\t<div class=\"elementor-element elementor-element-0530a67 elementor-widget elementor-widget-image\" data-id=\"0530a67\" data-element_type=\"widget\" data-widget_type=\"image.default\">\n\t\t\t\t<div class=\"elementor-widget-container\">\n\t\t\t\t\t\t\t\t\t\t\t\t\t<img decoding=\"async\" width=\"1\" height=\"1\" src=\"https:\/\/www.zonelenviro.com\/wp-content\/uploads\/2024\/03\/ptfe-teflon-dust-filter-bags.webp\" class=\"attachment-large size-large wp-image-8798\" alt=\"\" \/>\t\t\t\t\t\t\t\t\t\t\t\t\t<\/div>\n\t\t\t\t<\/div>\n\t\t\t\t<div class=\"elementor-element elementor-element-30d9981 elementor-widget elementor-widget-image\" data-id=\"30d9981\" data-element_type=\"widget\" data-widget_type=\"image.default\">\n\t\t\t\t<div class=\"elementor-widget-container\">\n\t\t\t\t\t\t\t\t\t\t\t\t\t<img loading=\"lazy\" decoding=\"async\" width=\"1\" height=\"1\" src=\"https:\/\/www.zonelenviro.com\/wp-content\/uploads\/2024\/03\/PTFE-dust-filter-bags.webp\" class=\"attachment-large size-large wp-image-8800\" alt=\"\" \/>\t\t\t\t\t\t\t\t\t\t\t\t\t<\/div>\n\t\t\t\t<\/div>\n\t\t\t\t<div class=\"elementor-element elementor-element-b152e3d elementor-widget elementor-widget-image\" data-id=\"b152e3d\" data-element_type=\"widget\" data-widget_type=\"image.default\">\n\t\t\t\t<div class=\"elementor-widget-container\">\n\t\t\t\t\t\t\t\t\t\t\t\t\t<img loading=\"lazy\" decoding=\"async\" width=\"1\" height=\"1\" src=\"https:\/\/www.zonelenviro.com\/wp-content\/uploads\/2024\/03\/PTFE-Teflon-needle-felt-filter-cloth-with-PTFE-suspension-bath-and-PTFE-membrane-treatement.webp\" class=\"attachment-large size-large wp-image-8799\" alt=\"\" \/>\t\t\t\t\t\t\t\t\t\t\t\t\t<\/div>\n\t\t\t\t<\/div>\n\t\t\t\t<div class=\"elementor-element elementor-element-fd9efca elementor-widget elementor-widget-image\" data-id=\"fd9efca\" data-element_type=\"widget\" data-widget_type=\"image.default\">\n\t\t\t\t<div class=\"elementor-widget-container\">\n\t\t\t\t\t\t\t\t\t\t\t\t\t<img loading=\"lazy\" decoding=\"async\" width=\"1\" height=\"1\" src=\"https:\/\/www.zonelenviro.com\/wp-content\/uploads\/2024\/03\/PTFE-filter-bag-package.webp\" class=\"attachment-large size-large wp-image-8801\" alt=\"\" \/>\t\t\t\t\t\t\t\t\t\t\t\t\t<\/div>\n\t\t\t\t<\/div>\n\t\t\t\t\t<\/div>\n\t\t\t\t<\/div>\n\t\t\t\t<\/div>\n\t\t","protected":false},"excerpt":{"rendered":"<p>Le PTFE (polyt\u00e9trafluoro\u00e9thyl\u00e8ne), \u00e9galement connu sous le nom de T\u00e9flon, est consid\u00e9r\u00e9 comme le roi des plastiques gr\u00e2ce \u00e0 ses propri\u00e9t\u00e9s exceptionnelles\u00a0: r\u00e9sistance aux hautes temp\u00e9ratures (jusqu&#8217;\u00e0 280\u00a0\u00b0C), r\u00e9sistance \u00e0 la corrosion (compatible avec les pH\u00a01 \u00e0\u00a014), longue dur\u00e9e de vie et propri\u00e9t\u00e9s antiadh\u00e9sives. La fibre de PTFE est ainsi une mati\u00e8re premi\u00e8re naturellement excellente pour la production de toiles filtrantes industrielles. Zonel Filtech propose principalement des toiles filtrantes en feutre aiguillet\u00e9 (ou toiles filtrantes en t\u00e9flon) ainsi que des tissus filtrants en PTFE tiss\u00e9. Zonel Filtech utilise des fibres et une trame de filaments de PTFE (T\u00e9flon) de premi\u00e8re qualit\u00e9, aiguillet\u00e9es avec pr\u00e9cision pour former un feutre. Apr\u00e8s un traitement de finition sp\u00e9cial, ce feutre filtrant en PTFE (polyt\u00e9trafluoro\u00e9thyl\u00e8ne) trouve de nombreuses applications industrielles pour la d\u00e9poussi\u00e9rage (sacs filtrants en PTFE) et la filtration de liquides (sacs filtrants en PTFE\/T\u00e9flon \u00e0 finesse de filtration microm\u00e9trique). Zonel Filtech propose des rouleaux de feutre filtrant en PTFE (pour la d\u00e9poussi\u00e9rage et la filtration de liquides\/filtration microm\u00e9trique en PTFE) ainsi que des sacs filtrants en PTFE pr\u00eats \u00e0 l&#8217;emploi.<\/p>\n","protected":false},"featured_media":8802,"template":"","meta":{"site-sidebar-layout":"no-sidebar","site-content-layout":"page-builder","ast-site-content-layout":"full-width-container","site-content-style":"default","site-sidebar-style":"default","ast-global-header-display":"","ast-banner-title-visibility":"","ast-main-header-display":"","ast-hfb-above-header-display":"","ast-hfb-below-header-display":"","ast-hfb-mobile-header-display":"","site-post-title":"disabled","ast-breadcrumbs-content":"","ast-featured-img":"disabled","footer-sml-layout":"","theme-transparent-header-meta":"default","adv-header-id-meta":"","stick-header-meta":"","header-above-stick-meta":"","header-main-stick-meta":"","header-below-stick-meta":"","astra-migrate-meta-layouts":"set","ast-page-background-enabled":"default","ast-page-background-meta":{"desktop":{"background-color":"","background-image":"","background-repeat":"repeat","background-position":"center center","background-size":"auto","background-attachment":"scroll","background-type":"","background-media":"","overlay-type":"","overlay-color":"","overlay-opacity":"","overlay-gradient":""},"tablet":{"background-color":"","background-image":"","background-repeat":"repeat","background-position":"center center","background-size":"auto","background-attachment":"scroll","background-type":"","background-media":"","overlay-type":"","overlay-color":"","overlay-opacity":"","overlay-gradient":""},"mobile":{"background-color":"","background-image":"","background-repeat":"repeat","background-position":"center center","background-size":"auto","background-attachment":"scroll","background-type":"","background-media":"","overlay-type":"","overlay-color":"","overlay-opacity":"","overlay-gradient":""}},"ast-content-background-meta":{"desktop":{"background-color":"var(--ast-global-color-5)","background-image":"","background-repeat":"repeat","background-position":"center center","background-size":"auto","background-attachment":"scroll","background-type":"","background-media":"","overlay-type":"","overlay-color":"","overlay-opacity":"","overlay-gradient":""},"tablet":{"background-color":"var(--ast-global-color-5)","background-image":"","background-repeat":"repeat","background-position":"center center","background-size":"auto","background-attachment":"scroll","background-type":"","background-media":"","overlay-type":"","overlay-color":"","overlay-opacity":"","overlay-gradient":""},"mobile":{"background-color":"var(--ast-global-color-5)","background-image":"","background-repeat":"repeat","background-position":"center center","background-size":"auto","background-attachment":"scroll","background-type":"","background-media":"","overlay-type":"","overlay-color":"","overlay-opacity":"","overlay-gradient":""}}},"product_brand":[],"product_cat":[113],"product_tag":[],"class_list":{"0":"post-8796","1":"product","2":"type-product","3":"status-publish","4":"has-post-thumbnail","6":"product_cat-filtre-a-poussiere","7":"desktop-align-left","8":"tablet-align-left","9":"mobile-align-left","11":"first","12":"instock","13":"shipping-taxable","14":"product-type-simple"},"_links":{"self":[{"href":"https:\/\/www.zonelenviro.com\/fr\/wp-json\/wp\/v2\/product\/8796","targetHints":{"allow":["GET"]}}],"collection":[{"href":"https:\/\/www.zonelenviro.com\/fr\/wp-json\/wp\/v2\/product"}],"about":[{"href":"https:\/\/www.zonelenviro.com\/fr\/wp-json\/wp\/v2\/types\/product"}],"version-history":[{"count":0,"href":"https:\/\/www.zonelenviro.com\/fr\/wp-json\/wp\/v2\/product\/8796\/revisions"}],"wp:featuredmedia":[{"embeddable":true,"href":"https:\/\/www.zonelenviro.com\/fr\/wp-json\/wp\/v2\/media\/8802"}],"wp:attachment":[{"href":"https:\/\/www.zonelenviro.com\/fr\/wp-json\/wp\/v2\/media?parent=8796"}],"wp:term":[{"taxonomy":"product_brand","embeddable":true,"href":"https:\/\/www.zonelenviro.com\/fr\/wp-json\/wp\/v2\/product_brand?post=8796"},{"taxonomy":"product_cat","embeddable":true,"href":"https:\/\/www.zonelenviro.com\/fr\/wp-json\/wp\/v2\/product_cat?post=8796"},{"taxonomy":"product_tag","embeddable":true,"href":"https:\/\/www.zonelenviro.com\/fr\/wp-json\/wp\/v2\/product_tag?post=8796"}],"curies":[{"name":"wp","href":"https:\/\/api.w.org\/{rel}","templated":true}]}}