{"id":8897,"date":"2024-03-19T11:19:49","date_gmt":"2024-03-19T03:19:49","guid":{"rendered":"https:\/\/www.zonelenviro.com\/filtres-magnetiques-eliminateurs-de-particules-de-fer\/"},"modified":"2026-03-29T21:00:22","modified_gmt":"2026-03-29T13:00:22","slug":"filtres-magnetiques-eliminateurs-de-particules-de-fer","status":"publish","type":"product","link":"https:\/\/www.zonelenviro.com\/fr\/filtres-magnetiques-eliminateurs-de-particules-de-fer\/","title":{"rendered":"Filtres magn\u00e9tiques, \u00e9liminateurs de particules de fer"},"content":{"rendered":"\t\t<div data-elementor-type=\"product-post\" data-elementor-id=\"8897\" class=\"elementor elementor-8897 elementor-1170\" data-elementor-post-type=\"product\">\n\t\t\t\t<div class=\"elementor-element elementor-element-e5337cb e-grid e-con-boxed e-con e-parent\" data-id=\"e5337cb\" data-element_type=\"container\">\n\t\t\t\t\t<div class=\"e-con-inner\">\n\t\t\t\t<div class=\"elementor-element elementor-element-bdc8dbb elementor-widget elementor-widget-image\" data-id=\"bdc8dbb\" data-element_type=\"widget\" data-widget_type=\"image.default\">\n\t\t\t\t<div class=\"elementor-widget-container\">\n\t\t\t\t\t\t\t\t\t\t\t\t\t<img decoding=\"async\" width=\"1\" height=\"1\" src=\"https:\/\/www.zonelenviro.com\/wp-content\/uploads\/2024\/03\/Iron-Particles-Remover.jpg\" class=\"attachment-large size-large wp-image-8904\" alt=\"\" \/>\t\t\t\t\t\t\t\t\t\t\t\t\t<\/div>\n\t\t\t\t<\/div>\n\t\t\t\t<div class=\"elementor-element elementor-element-4dc57eb elementor-widget elementor-widget-text-editor\" data-id=\"4dc57eb\" data-element_type=\"widget\" data-widget_type=\"text-editor.default\">\n\t\t\t\t<div class=\"elementor-widget-container\">\n\t\t\t\t\t\t\t<p><strong>Cartouche filtrante en r\u00e9sine ph\u00e9nolique<\/strong><br><strong>Pr\u00e9sentation g\u00e9n\u00e9rale :<\/strong><\/p><p>Le filtre magn\u00e9tique, \u00e9galement appel\u00e9 \u00ab s\u00e9parateur de fer \u00e0 aimant puissant \u00bb, est constitu\u00e9 de plusieurs tiges magn\u00e9tiques permanentes associ\u00e9es \u00e0 un circuit magn\u00e9tique sp\u00e9cialement con\u00e7u. Lorsque le liquide passe \u00e0 travers, les particules de fer (0,5 \u00e0 60 microns) ou tout autre objet magn\u00e9tique de petite taille pr\u00e9sents dans la solution contamin\u00e9e sont captur\u00e9s par les tiges magn\u00e9tiques, ce qui permet de purifier le liquide conform\u00e9ment \u00e0 la conception ou aux exigences.<\/p><p><br><strong>Caract\u00e9ristiques techniques :<\/strong><\/p><p>Nombre de tiges magn\u00e9tiques : comme d&#8217;habitude, le mod\u00e8le comprend entre 5 et 18 tiges, mais il est possible de personnaliser la quantit\u00e9.<\/p><p>Intensit\u00e9 magn\u00e9tique : 8 000 \u00e0 12 000 gauss (en option)<\/p><p>D\u00e9bit : 5 \u00e0 30 m\u00b3\/h ; un d\u00e9bit sp\u00e9cifique peut \u00eatre d\u00e9fini sur mesure<\/p><p>Temp\u00e9rature de service : la temp\u00e9rature d&#8217;utilisation normale est de 80 \u00b0C, la temp\u00e9rature maximale est de 300 \u00b0C ; la conception est adapt\u00e9e aux besoins du client. (En l&#8217;absence d&#8217;exigences particuli\u00e8res, la conception sera adapt\u00e9e \u00e0 des conditions normales d&#8217;utilisation.) <\/p><p>Pression de service : 0,6 \u00e0 1,2 MPa (personnalisable).<\/p><p><br><strong>Caract\u00e9ristiques :<\/strong><\/p><p>1. Utilisation d&#8217;aimants permanents, avec une intensit\u00e9 magn\u00e9tique en surface pouvant atteindre 8 000 \u00e0 12 000 gauss.<\/p><p>2. L&#8217;intensit\u00e9 magn\u00e9tique est \u00e9lev\u00e9e ; associ\u00e9e \u00e0 la conception optimis\u00e9e du circuit magn\u00e9tique, elle permet au liquide d&#8217;entrer suffisamment en contact avec les tiges magn\u00e9tiques, ce qui garantit une bonne efficacit\u00e9 d&#8217;\u00e9limination des particules de fer et facilite le nettoyage.<\/p><p>3. Permet d&#8217;\u00e9liminer les particules de fer ou autres minuscules objets magn\u00e9tiques d&#8217;une taille comprise entre 0,5 et 60 microns, am\u00e9liorant ainsi l&#8217;efficacit\u00e9 de filtration des mat\u00e9riaux filtrants traditionnels.<\/p><p>4. Le mat\u00e9riau de surface peut \u00eatre de l&#8217;acier inoxydable 304 ou 316 ; apr\u00e8s polissage, il r\u00e9pond aux exigences en mati\u00e8re de qualit\u00e9 alimentaire.<\/p><p>5. Le filtre ne consomme pas d&#8217;\u00e9nergie, ne n\u00e9cessite aucun autre consommable, est facile \u00e0 monter et \u00e0 nettoyer, et pr\u00e9sente des co\u00fbts d&#8217;entretien r\u00e9duits.<\/p><p> <\/p><p><strong>Utilisation :<\/strong><\/p><p>Industries agroalimentaire et pharmaceutique ;<\/p><p>Traitement m\u00e9canique ;<\/p><p>Fabrication de peintures et de colorants ;<\/p><p>Industries m\u00e9tallurgiques ;<\/p><p>C\u00e9ramiques, etc.<\/p><p> <\/p><p>Outre les bo\u00eetiers de filtres magn\u00e9tiques, nous proposons \u00e9galement des accessoires magn\u00e9tiques sp\u00e9cialement con\u00e7us pour les bo\u00eetiers de filtres \u00e0 manches.<\/p>\t\t\t\t\t\t<\/div>\n\t\t\t\t<\/div>\n\t\t\t\t\t<\/div>\n\t\t\t\t<\/div>\n\t\t<div class=\"elementor-element elementor-element-88eae35 e-grid e-con-boxed e-con e-parent\" data-id=\"88eae35\" data-element_type=\"container\">\n\t\t\t\t\t<div class=\"e-con-inner\">\n\t\t\t\t<div class=\"elementor-element elementor-element-5baf8a0 elementor-widget elementor-widget-image\" data-id=\"5baf8a0\" data-element_type=\"widget\" data-widget_type=\"image.default\">\n\t\t\t\t<div class=\"elementor-widget-container\">\n\t\t\t\t\t\t\t\t\t\t\t\t\t<img decoding=\"async\" width=\"1\" height=\"1\" src=\"https:\/\/www.zonelenviro.com\/wp-content\/uploads\/2024\/03\/magnetic-filter-with-inner-details.webp\" class=\"attachment-large size-large wp-image-8903\" alt=\"\" \/>\t\t\t\t\t\t\t\t\t\t\t\t\t<\/div>\n\t\t\t\t<\/div>\n\t\t<div class=\"elementor-element elementor-element-e840209 e-grid e-con-boxed e-con e-child\" data-id=\"e840209\" data-element_type=\"container\">\n\t\t\t\t\t<div class=\"e-con-inner\">\n\t\t\t\t<div class=\"elementor-element elementor-element-ccab3c1 elementor-widget elementor-widget-image\" data-id=\"ccab3c1\" data-element_type=\"widget\" data-widget_type=\"image.default\">\n\t\t\t\t<div class=\"elementor-widget-container\">\n\t\t\t\t\t\t\t\t\t\t\t\t\t<img decoding=\"async\" width=\"1\" height=\"1\" src=\"https:\/\/www.zonelenviro.com\/wp-content\/uploads\/2024\/03\/well-installed-magnetic-filter-housing.webp\" class=\"attachment-large size-large wp-image-8899\" alt=\"\" \/>\t\t\t\t\t\t\t\t\t\t\t\t\t<\/div>\n\t\t\t\t<\/div>\n\t\t<div class=\"elementor-element elementor-element-f5c9e4d e-grid e-con-boxed e-con e-child\" data-id=\"f5c9e4d\" data-element_type=\"container\">\n\t\t\t\t\t<div class=\"e-con-inner\">\n\t\t\t\t<div class=\"elementor-element elementor-element-1558f82 elementor-widget elementor-widget-image\" data-id=\"1558f82\" data-element_type=\"widget\" data-widget_type=\"image.default\">\n\t\t\t\t<div class=\"elementor-widget-container\">\n\t\t\t\t\t\t\t\t\t\t\t\t\t<img loading=\"lazy\" decoding=\"async\" width=\"1\" height=\"1\" src=\"https:\/\/www.zonelenviro.com\/wp-content\/uploads\/2024\/03\/magnetic-filter-housing-with-sand-blast-treatment.webp\" class=\"attachment-large size-large wp-image-8901\" alt=\"\" \/>\t\t\t\t\t\t\t\t\t\t\t\t\t<\/div>\n\t\t\t\t<\/div>\n\t\t<div class=\"elementor-element elementor-element-5bbf8b9 e-grid e-con-boxed e-con e-child\" data-id=\"5bbf8b9\" data-element_type=\"container\">\n\t\t\t\t\t<div class=\"e-con-inner\">\n\t\t\t\t<div class=\"elementor-element elementor-element-309c323 elementor-widget elementor-widget-image\" data-id=\"309c323\" data-element_type=\"widget\" data-widget_type=\"image.default\">\n\t\t\t\t<div class=\"elementor-widget-container\">\n\t\t\t\t\t\t\t\t\t\t\t\t\t<img loading=\"lazy\" decoding=\"async\" width=\"1\" height=\"1\" src=\"https:\/\/www.zonelenviro.com\/wp-content\/uploads\/2024\/03\/magnetic-filter-housing-with-details.webp\" class=\"attachment-large size-large wp-image-8902\" alt=\"\" \/>\t\t\t\t\t\t\t\t\t\t\t\t\t<\/div>\n\t\t\t\t<\/div>\n\t\t<div class=\"elementor-element elementor-element-e69af6d e-grid e-con-boxed e-con e-child\" data-id=\"e69af6d\" data-element_type=\"container\">\n\t\t\t\t\t<div class=\"e-con-inner\">\n\t\t\t\t<div class=\"elementor-element elementor-element-00dcd69 elementor-widget elementor-widget-image\" data-id=\"00dcd69\" data-element_type=\"widget\" data-widget_type=\"image.default\">\n\t\t\t\t<div class=\"elementor-widget-container\">\n\t\t\t\t\t\t\t\t\t\t\t\t\t<img loading=\"lazy\" decoding=\"async\" width=\"1\" height=\"1\" src=\"https:\/\/www.zonelenviro.com\/wp-content\/uploads\/2024\/03\/magnetic-filter-with-food-grade.webp\" class=\"attachment-large size-large wp-image-8900\" alt=\"\" \/>\t\t\t\t\t\t\t\t\t\t\t\t\t<\/div>\n\t\t\t\t<\/div>\n\t\t<div class=\"elementor-element elementor-element-5f719af e-grid e-con-boxed e-con e-child\" data-id=\"5f719af\" data-element_type=\"container\">\n\t\t\t\t\t<div class=\"e-con-inner\">\n\t\t\t\t<div class=\"elementor-element elementor-element-a963774 elementor-widget elementor-widget-image\" data-id=\"a963774\" data-element_type=\"widget\" data-widget_type=\"image.default\">\n\t\t\t\t<div class=\"elementor-widget-container\">\n\t\t\t\t\t\t\t\t\t\t\t\t\t<img loading=\"lazy\" decoding=\"async\" width=\"1\" height=\"1\" src=\"https:\/\/www.zonelenviro.com\/wp-content\/uploads\/2024\/03\/magnetic-filter-for-bag-filter-housing.webp\" class=\"attachment-large size-large wp-image-8898\" alt=\"\" \/>\t\t\t\t\t\t\t\t\t\t\t\t\t<\/div>\n\t\t\t\t<\/div>\n\t\t\t\t\t<\/div>\n\t\t\t\t<\/div>\n\t\t\t\t\t<\/div>\n\t\t\t\t<\/div>\n\t\t\t\t\t<\/div>\n\t\t\t\t<\/div>\n\t\t\t\t\t<\/div>\n\t\t\t\t<\/div>\n\t\t\t\t\t<\/div>\n\t\t\t\t<\/div>\n\t\t\t\t\t<\/div>\n\t\t\t\t<\/div>\n\t\t\t\t<\/div>\n\t\t","protected":false},"excerpt":{"rendered":"<p>Le filtre magn\u00e9tique, \u00e9galement appel\u00e9 \u00ab s\u00e9parateur de fer \u00e0 aimant puissant \u00bb, est constitu\u00e9 de plusieurs tiges magn\u00e9tiques permanentes associ\u00e9es \u00e0 un circuit magn\u00e9tique sp\u00e9cialement con\u00e7u. Lorsque le liquide passe \u00e0 travers, les particules de fer (0,5 \u00e0 60 microns) ou tout autre objet magn\u00e9tique de petite taille pr\u00e9sents dans la solution contamin\u00e9e sont captur\u00e9s par les tiges magn\u00e9tiques, ce qui permet de purifier le liquide conform\u00e9ment \u00e0 la conception ou aux exigences.<\/p>\n","protected":false},"featured_media":8903,"template":"","meta":{"site-sidebar-layout":"no-sidebar","site-content-layout":"page-builder","ast-site-content-layout":"full-width-container","site-content-style":"default","site-sidebar-style":"default","ast-global-header-display":"","ast-banner-title-visibility":"","ast-main-header-display":"","ast-hfb-above-header-display":"","ast-hfb-below-header-display":"","ast-hfb-mobile-header-display":"","site-post-title":"disabled","ast-breadcrumbs-content":"","ast-featured-img":"disabled","footer-sml-layout":"","theme-transparent-header-meta":"default","adv-header-id-meta":"","stick-header-meta":"","header-above-stick-meta":"","header-main-stick-meta":"","header-below-stick-meta":"","astra-migrate-meta-layouts":"set","ast-page-background-enabled":"default","ast-page-background-meta":{"desktop":{"background-color":"","background-image":"","background-repeat":"repeat","background-position":"center center","background-size":"auto","background-attachment":"scroll","background-type":"","background-media":"","overlay-type":"","overlay-color":"","overlay-opacity":"","overlay-gradient":""},"tablet":{"background-color":"","background-image":"","background-repeat":"repeat","background-position":"center center","background-size":"auto","background-attachment":"scroll","background-type":"","background-media":"","overlay-type":"","overlay-color":"","overlay-opacity":"","overlay-gradient":""},"mobile":{"background-color":"","background-image":"","background-repeat":"repeat","background-position":"center center","background-size":"auto","background-attachment":"scroll","background-type":"","background-media":"","overlay-type":"","overlay-color":"","overlay-opacity":"","overlay-gradient":""}},"ast-content-background-meta":{"desktop":{"background-color":"var(--ast-global-color-5)","background-image":"","background-repeat":"repeat","background-position":"center center","background-size":"auto","background-attachment":"scroll","background-type":"","background-media":"","overlay-type":"","overlay-color":"","overlay-opacity":"","overlay-gradient":""},"tablet":{"background-color":"var(--ast-global-color-5)","background-image":"","background-repeat":"repeat","background-position":"center center","background-size":"auto","background-attachment":"scroll","background-type":"","background-media":"","overlay-type":"","overlay-color":"","overlay-opacity":"","overlay-gradient":""},"mobile":{"background-color":"var(--ast-global-color-5)","background-image":"","background-repeat":"repeat","background-position":"center center","background-size":"auto","background-attachment":"scroll","background-type":"","background-media":"","overlay-type":"","overlay-color":"","overlay-opacity":"","overlay-gradient":""}}},"product_brand":[],"product_cat":[112],"product_tag":[],"class_list":{"0":"post-8897","1":"product","2":"type-product","3":"status-publish","4":"has-post-thumbnail","6":"product_cat-filtre-a-liquide","7":"desktop-align-left","8":"tablet-align-left","9":"mobile-align-left","11":"first","12":"instock","13":"shipping-taxable","14":"product-type-simple"},"_links":{"self":[{"href":"https:\/\/www.zonelenviro.com\/fr\/wp-json\/wp\/v2\/product\/8897","targetHints":{"allow":["GET"]}}],"collection":[{"href":"https:\/\/www.zonelenviro.com\/fr\/wp-json\/wp\/v2\/product"}],"about":[{"href":"https:\/\/www.zonelenviro.com\/fr\/wp-json\/wp\/v2\/types\/product"}],"version-history":[{"count":0,"href":"https:\/\/www.zonelenviro.com\/fr\/wp-json\/wp\/v2\/product\/8897\/revisions"}],"wp:featuredmedia":[{"embeddable":true,"href":"https:\/\/www.zonelenviro.com\/fr\/wp-json\/wp\/v2\/media\/8903"}],"wp:attachment":[{"href":"https:\/\/www.zonelenviro.com\/fr\/wp-json\/wp\/v2\/media?parent=8897"}],"wp:term":[{"taxonomy":"product_brand","embeddable":true,"href":"https:\/\/www.zonelenviro.com\/fr\/wp-json\/wp\/v2\/product_brand?post=8897"},{"taxonomy":"product_cat","embeddable":true,"href":"https:\/\/www.zonelenviro.com\/fr\/wp-json\/wp\/v2\/product_cat?post=8897"},{"taxonomy":"product_tag","embeddable":true,"href":"https:\/\/www.zonelenviro.com\/fr\/wp-json\/wp\/v2\/product_tag?post=8897"}],"curies":[{"name":"wp","href":"https:\/\/api.w.org\/{rel}","templated":true}]}}