{"id":8936,"date":"2024-03-19T13:06:51","date_gmt":"2024-03-19T05:06:51","guid":{"rendered":"https:\/\/www.zonelenviro.com\/materiau-pour-filtre-a-poussiere-resistant-aux-hautes-temperatures\/"},"modified":"2026-03-29T23:00:08","modified_gmt":"2026-03-29T15:00:08","slug":"materiau-pour-filtre-a-poussiere-resistant-aux-hautes-temperatures","status":"publish","type":"product","link":"https:\/\/www.zonelenviro.com\/fr\/materiau-pour-filtre-a-poussiere-resistant-aux-hautes-temperatures\/","title":{"rendered":"Mat\u00e9riau pour filtre \u00e0 poussi\u00e8re r\u00e9sistant aux hautes temp\u00e9ratures"},"content":{"rendered":"<p><strong>Feutre aiguillet\u00e9 en polyimide (P84) pour syst\u00e8mes de d\u00e9poussi\u00e9rage<\/strong><\/p>\n<p><img fetchpriority=\"high\" decoding=\"async\" class=\"alignnone size-full wp-image-1240\" src=\"https:\/\/www.zonelenviro.com\/wp-content\/uploads\/2024\/03\/P84-needle-felt-filter-cloth.jpg\" alt=\"\" width=\"829\" height=\"554\" \/><\/p>\n<p><img decoding=\"async\" class=\"alignnone size-full wp-image-1242\" src=\"https:\/\/www.zonelenviro.com\/wp-content\/uploads\/2024\/03\/P84-dust-filter-bags.jpg\" alt=\"\" width=\"829\" height=\"554\" \/><\/p>\n<p><strong>Pr\u00e9sentation g\u00e9n\u00e9rale du tissu filtrant en feutre aiguillet\u00e9 de polyimide (P84, PI) : <\/strong><br \/>\nLa fibre P84 (PI-polyimide), qui pr\u00e9sente des propri\u00e9t\u00e9s de r\u00e9sistance aux hautes temp\u00e9ratures et d&#8217;inflammabilit\u00e9, ainsi que sa structure \u00e0 trois brins, conf\u00e8rent au tissu filtrant en feutre aiguillet\u00e9 de polyimide une surface filtrante bien plus importante que celle des tissus filtrants fabriqu\u00e9s \u00e0 partir d&#8217;autres fibres. Le tissu filtrant P84 est donc un mat\u00e9riau id\u00e9al, capable d&#8217;offrir en permanence une tr\u00e8s bonne efficacit\u00e9 de filtration.<\/p>\n<p><strong>Caract\u00e9ristiques techniques du feutre aiguillet\u00e9 P84 :<\/strong><br \/>\nMat\u00e9riau : Fibre P84 (polyimide), renforc\u00e9e par une armature en P84 (polyimide) \/ PTFE<br \/>\nPoids : 450~650 g\/m\u00b2<br \/>\nTemp\u00e9rature de fonctionnement : en continu : \u2264240 \u00b0C ; Pics : 260 \u00b0C<br \/>\nTraitements de surface disponibles : flamb\u00e9 et glac\u00e9, thermofix\u00e9, bain de suspension PTFE, membrane PTFE.<br \/>\nNous pouvons personnaliser les produits selon les exigences des clients !<\/p>\n<p><strong>Caract\u00e9ristiques des sacs filtrants en polyimide :<\/strong><br \/>\n1. R\u00e9sistance aux hautes temp\u00e9ratures :<br \/>\nTemp\u00e9rature de fonctionnement continu recommand\u00e9e : \u2264 240 \u00b0C ; pics instantan\u00e9s : 260 \u00b0C.<br \/>\n2. Dimensions stables \u00e0 haute temp\u00e9rature apr\u00e8s traitement de thermofixation : \u00e0 260 \u00b0C, le retrait ne d\u00e9passe pas 1 %.<br \/>\n3. Ignifug\u00e9.<br \/>\n4. Bonne r\u00e9sistance \u00e0 l&#8217;abrasion et au pliage.<br \/>\n5. Haute efficacit\u00e9 de filtration et longue dur\u00e9e de vie.<\/p>\n<p>Principales applications des sacs filtrants P84 (PI-polyimide) :<br \/>\nPrincipalement utilis\u00e9s dans les fours \u00e0 ciment, les installations d&#8217;asphalte, les incin\u00e9rateurs de d\u00e9chets, les chaudi\u00e8res \u00e0 charbon, etc.<\/p>\n<p><strong>Remarque :<\/strong><br \/>\n1. Des sp\u00e9cifications particuli\u00e8res peuvent \u00eatre personnalis\u00e9es.<br \/>\n2. Largeur maximale : 2,25 m\u00e8tres.<br \/>\n3. Zonel Filtech propose \u00e0 la fois des rouleaux de toile filtrante et des sacs filtrants.<\/p>\n<p><strong>Feutre aiguillet\u00e9 en fibre de verre pour syst\u00e8mes de d\u00e9poussi\u00e9rage<\/strong><\/p>\n<p><img decoding=\"async\" class=\"alignnone size-full wp-image-1248\" src=\"https:\/\/www.zonelenviro.com\/wp-content\/uploads\/2024\/03\/fiber-glass-needle-felt-filter-cloth.jpg\" alt=\"\" width=\"829\" height=\"554\" \/><\/p>\n<p><img loading=\"lazy\" decoding=\"async\" class=\"alignnone size-full wp-image-1247\" src=\"https:\/\/www.zonelenviro.com\/wp-content\/uploads\/2024\/03\/fiber-glass-needle-felt-filter-bag.jpg\" alt=\"\" width=\"829\" height=\"554\" \/><\/p>\n<p><strong>Pr\u00e9sentation g\u00e9n\u00e9rale du tissu filtrant en feutre aiguillet\u00e9 de fibre de verre et des mat\u00e9riaux filtrants m\u00e9lang\u00e9s :<\/strong><br \/>\nLe feutre aiguillet\u00e9 de fibre de verre, apr\u00e8s avoir subi un traitement de finition appropri\u00e9, constitue un type de tissu filtrant pouvant \u00eatre utilis\u00e9 dans des conditions de temp\u00e9ratures extr\u00eamement \u00e9lev\u00e9es pour le d\u00e9poussi\u00e9rage.<br \/>\nAfin de pallier les inconv\u00e9nients li\u00e9s \u00e0 la faible coh\u00e9sion, \u00e0 la faible r\u00e9sistance au plissage et \u00e0 l&#8217;usure des mat\u00e9riaux filtrants non tiss\u00e9s en fibre de verre, ZONEL FITLECH a mis au point de nouveaux types de toiles filtrantes \u00e0 base de fibre de verre (similaires au FMS, que nous appelons \u00ab toiles filtrantes en feutre aiguillet\u00e9 m\u00e9lang\u00e9 \u00e0 de la fibre de verre \u00bb). Apr\u00e8s plusieurs d\u00e9cennies d&#8217;essais, les manches filtrantes en fibre de verre et les manches filtrantes en m\u00e9lange de fibre de verre ont d\u00e9montr\u00e9 d&#8217;excellentes performances dans les installations de filtration de nos clients.<\/p>\n<p><strong>Caract\u00e9ristiques techniques pertinentes du tissu filtrant en feutre de fibre de verre et du mat\u00e9riau filtrant m\u00e9lang\u00e9 :<\/strong><br \/>\nMat\u00e9riau : fibre de verre + fibre r\u00e9sistante aux hautes temp\u00e9ratures telle que l&#8217;aramide (Nomex), le PPS, le P84, le PTFE, etc. + filament de verre<br \/>\nPoids : &gt; 880 g\/m\u00b2<br \/>\nR\u00e9sistance \u00e0 la traction : Cha\u00eene :&gt; 1800 N\/5 cm ; Trame :&gt; 1800 N\/5 cm<br \/>\nTemp\u00e9rature de service : en continu : &lt;260 \u00b0C ; Pics : 280 \u2103<br \/>\nTraitements de surface au choix : vitrifi\u00e9, thermofix\u00e9, bain de suspension PTFE, membrane PTFE.<\/p>\n<p><strong>Caract\u00e9ristiques du tissu filtrant en feutre aiguillet\u00e9 de fibre de verre et du mat\u00e9riau filtrant m\u00e9lang\u00e9 :<\/strong><br \/>\n1. R\u00e9sistance aux hautes temp\u00e9ratures : 260-280 \u00b0C<br \/>\n2. Excellente r\u00e9sistance \u00e0 la corrosion (\u00e0 l&#8217;exception de l&#8217;HF)<br \/>\n3. Personnalis\u00e9 en fonction des diff\u00e9rentes conditions de fonctionnement, dur\u00e9e de vie prolong\u00e9e.<br \/>\n4. La perm\u00e9abilit\u00e9 \u00e0 l&#8217;air est plus \u00e9lev\u00e9e et plus stable et permet de fonctionner avec un rapport air\/tissu plus \u00e9lev\u00e9 (jusqu&#8217;\u00e0 1,0~1,2 m\/min) par rapport au tissu filtrant en fibre de verre tiss\u00e9.<br \/>\n5. R\u00e9sistance \u00e0 l&#8217;abrasion.<br \/>\n6. Investissement \u00e9conomique.<br \/>\n7. Peut \u00eatre utilis\u00e9 dans une grande vari\u00e9t\u00e9 de conditions environnementales complexes et difficiles.<\/p>\n<p><strong>Principales applications des toiles filtrantes en feutre aiguillet\u00e9 de fibre de verre et des mat\u00e9riaux filtrants m\u00e9lang\u00e9s :<\/strong><br \/>\nLes toiles filtrantes en feutre aiguillet\u00e9 de fibre de verre et les toiles filtrantes de type m\u00e9lang\u00e9 sont largement utilis\u00e9es pour l&#8217;\u00e9limination des poussi\u00e8res et des fum\u00e9es dans des installations telles que les aci\u00e9ries, les fonderies de m\u00e9taux non ferreux, les usines chimiques, les sites de production de noir de carbone, les usines d&#8217;asphalte et de ciment, les centrales \u00e9lectriques, etc.<\/p>\n<p><strong>Remarque :<\/strong><br \/>\n1. Des sp\u00e9cifications particuli\u00e8res peuvent \u00eatre personnalis\u00e9es.<br \/>\n2. Largeur maximale : 2,25 m\u00e8tres.<br \/>\n3. Nous proposons \u00e0 la fois des rouleaux de toile filtrante et des sacs filtrants.<\/p>\n<p>Si vous avez besoin d&#8217;autres informations, n&#8217;h\u00e9sitez pas \u00e0 contacter ZONEL FILTECH !<\/p>\n<p><strong>Tissu filtrant en feutre aiguillet\u00e9 en PTFE (polyt\u00e9trafluoro\u00e9thyl\u00e8ne, T\u00e9flon)<\/strong><\/p>\n<p><img loading=\"lazy\" decoding=\"async\" class=\"alignnone size-full wp-image-1251\" src=\"https:\/\/www.zonelenviro.com\/wp-content\/uploads\/2024\/03\/PTFE-needle-felt-filter-cloth.jpg\" alt=\"\" width=\"829\" height=\"554\" \/><\/p>\n<p><img loading=\"lazy\" decoding=\"async\" class=\"alignnone size-full wp-image-1252\" src=\"https:\/\/www.zonelenviro.com\/wp-content\/uploads\/2024\/03\/PTFE-needle-felt-filtr-bags.jpg\" alt=\"\" width=\"829\" height=\"554\" \/><\/p>\n<p><strong>Pr\u00e9sentation g\u00e9n\u00e9rale du tissu filtrant en feutre aiguillet\u00e9 PTFE<\/strong><br \/>\nLe PTFE (polyt\u00e9trafluoro\u00e9thyl\u00e8ne), \u00e9galement appel\u00e9 T\u00e9flon, est consid\u00e9r\u00e9 comme le \u00ab roi \u00bb des plastiques en raison de ses propri\u00e9t\u00e9s de r\u00e9sistance aux hautes temp\u00e9ratures, de r\u00e9sistance \u00e0 la corrosion et de durabilit\u00e9, ce qui en fait un mat\u00e9riau par excellence pour la filtration industrielle.<br \/>\nZonel Filtech utilise des fibres de PTFE (t\u00e9flon) de premi\u00e8re qualit\u00e9 et un savoir-faire artisanal pour fabriquer un feutre aiguillet\u00e9. Apr\u00e8s un traitement de finition sp\u00e9cial, le tissu filtrant en feutre aiguillet\u00e9 de t\u00e9flon peut \u00eatre largement utilis\u00e9 dans divers contextes industriels pour la collecte de poussi\u00e8res (sacs filtrants en PTFE) et la filtration de liquides (sacs filtrants en t\u00e9flon \u00e0 microns).<\/p>\n<p><strong>Caract\u00e9ristiques techniques du feutre aiguillet\u00e9 en PTFE (polyt\u00e9trafluoro\u00e9thyl\u00e8ne, T\u00e9flon) :<\/strong><br \/>\nMat\u00e9riau : 100 % fibres de PTFE (polyt\u00e9trafluoro\u00e9thyl\u00e8ne, T\u00e9flon), renforc\u00e9 par une armature en filaments de PTFE (polyt\u00e9trafluoro\u00e9thyl\u00e8ne, T\u00e9flon)<br \/>\nPoids : 750~800 g\/m\u00b2<br \/>\nTemp\u00e9rature de fonctionnement : en continu : \u2264260 \u2103 ; Pics : 280 \u00b0C<br \/>\nTraitements de surface disponibles : flamb\u00e9 et glac\u00e9, thermofix\u00e9, bain de suspension PTFE, membrane PTFE, traitement de surface \u00e0 micro-pores.<br \/>\nNous pouvons personnaliser les produits selon les exigences des clients !<\/p>\n<p><strong>Caract\u00e9ristiques des sacs filtrants en T\u00e9flon (fabriqu\u00e9s en tissu filtrant PTFE)<\/strong><br \/>\n1. R\u00e9sistance aux hautes temp\u00e9ratures : la temp\u00e9rature de fonctionnement en continu peut atteindre 260 \u00b0C, et la temp\u00e9rature de fonctionnement ponctuel peut atteindre 280 \u00b0C.<br \/>\n2. Une production \u00e0 grande \u00e9chelle est possible, \u00e0 un prix bien moins \u00e9lev\u00e9 qu&#8217;auparavant.<br \/>\n3. Utilisables sur toute la gamme de pH.<br \/>\n4. Longue dur\u00e9e de vie, comme d&#8217;habitude, pouvant d\u00e9passer 4 ans.<br \/>\n5. Toutes les gammes de produits destin\u00e9es \u00e0 divers usages sont disponibles.<\/p>\n<p><strong>Principales applications des sacs filtrants en PTFE :<\/strong><br \/>\nLe tissu filtrant en PTFE est un mat\u00e9riau sp\u00e9cial qui pr\u00e9sente une bonne r\u00e9sistance aux alcalis et aux acides, anti-hydrolyse et aux dimensions physiques stables, principalement utilis\u00e9 dans les chaudi\u00e8res \u00e0 charbon, l&#8217;incin\u00e9ration des d\u00e9chets, la production de noir de carbone, la production de dioxyde de titane pour l&#8217;\u00e9limination des fum\u00e9es ou la collecte des poussi\u00e8res (sac filtrant en PTFE), ainsi que pour la filtration de liquides \u00e0 haute temp\u00e9rature ou corrosifs (sac filtrant pour liquides en PTFE).<\/p>\n<p><strong>Remarque :<\/strong><br \/>\n1. Des sp\u00e9cifications particuli\u00e8res peuvent \u00eatre personnalis\u00e9es.<br \/>\n2. Largeur maximale : 2,25 m\u00e8tres.<br \/>\n3. Nous proposons \u00e0 la fois des rouleaux de toile filtrante et des sacs filtrants.<\/p>\n","protected":false},"excerpt":{"rendered":"<p>Les m\u00e9dias filtrants r\u00e9sistants aux hautes temp\u00e9ratures de Zonel Filtech constituent une gamme de mat\u00e9riaux filtrants en feutre aiguillet\u00e9 destin\u00e9s au d\u00e9poussi\u00e9rage. Cette gamme est adapt\u00e9e \u00e0 des conditions de fonctionnement o\u00f9 la temp\u00e9rature continue ne d\u00e9passe pas 260 \u00b0C et o\u00f9 la temp\u00e9rature instantan\u00e9e maximale ne d\u00e9passe pas 280 \u00b0C. Dans cette plage de temp\u00e9ratures, Zonel Filtech peut vous aider \u00e0 d\u00e9terminer le mat\u00e9riau filtrant le mieux adapt\u00e9 \u00e0 vos filtres \u00e0 manches.<\/p>\n<p>Zonel Filtech propose \u00e0 la fois des rouleaux de toile filtrante aiguillet\u00e9e et des sacs filtrants pr\u00eats \u00e0 l&#8217;emploi, fabriqu\u00e9s dans les mat\u00e9riaux suivants : toile filtrante aiguillet\u00e9e en polyimide (P84) et sacs filtrants avec divers traitements de finition ; toile filtrante aiguillet\u00e9e en PTFE et sacs filtrants avec divers traitements de finition ; feutre filtrant en fibre de verre ou feutre filtrant en m\u00e9lange de fibre de verre avec divers traitements de finition.<\/p>\n<p>Si vous avez besoin d&#8217;aide de la part de Zonel Filtech, n&#8217;h\u00e9sitez pas \u00e0 nous envoyer votre demande.<\/p>\n","protected":false},"featured_media":8937,"template":"","meta":{"site-sidebar-layout":"default","site-content-layout":"","ast-site-content-layout":"default","site-content-style":"default","site-sidebar-style":"default","ast-global-header-display":"","ast-banner-title-visibility":"","ast-main-header-display":"","ast-hfb-above-header-display":"","ast-hfb-below-header-display":"","ast-hfb-mobile-header-display":"","site-post-title":"","ast-breadcrumbs-content":"","ast-featured-img":"","footer-sml-layout":"","theme-transparent-header-meta":"default","adv-header-id-meta":"","stick-header-meta":"","header-above-stick-meta":"","header-main-stick-meta":"","header-below-stick-meta":"","astra-migrate-meta-layouts":"set","ast-page-background-enabled":"default","ast-page-background-meta":{"desktop":{"background-color":"","background-image":"","background-repeat":"repeat","background-position":"center center","background-size":"auto","background-attachment":"scroll","background-type":"","background-media":"","overlay-type":"","overlay-color":"","overlay-opacity":"","overlay-gradient":""},"tablet":{"background-color":"","background-image":"","background-repeat":"repeat","background-position":"center center","background-size":"auto","background-attachment":"scroll","background-type":"","background-media":"","overlay-type":"","overlay-color":"","overlay-opacity":"","overlay-gradient":""},"mobile":{"background-color":"","background-image":"","background-repeat":"repeat","background-position":"center center","background-size":"auto","background-attachment":"scroll","background-type":"","background-media":"","overlay-type":"","overlay-color":"","overlay-opacity":"","overlay-gradient":""}},"ast-content-background-meta":{"desktop":{"background-color":"var(--ast-global-color-5)","background-image":"","background-repeat":"repeat","background-position":"center center","background-size":"auto","background-attachment":"scroll","background-type":"","background-media":"","overlay-type":"","overlay-color":"","overlay-opacity":"","overlay-gradient":""},"tablet":{"background-color":"var(--ast-global-color-5)","background-image":"","background-repeat":"repeat","background-position":"center center","background-size":"auto","background-attachment":"scroll","background-type":"","background-media":"","overlay-type":"","overlay-color":"","overlay-opacity":"","overlay-gradient":""},"mobile":{"background-color":"var(--ast-global-color-5)","background-image":"","background-repeat":"repeat","background-position":"center center","background-size":"auto","background-attachment":"scroll","background-type":"","background-media":"","overlay-type":"","overlay-color":"","overlay-opacity":"","overlay-gradient":""}}},"product_brand":[],"product_cat":[113],"product_tag":[],"class_list":{"0":"post-8936","1":"product","2":"type-product","3":"status-publish","4":"has-post-thumbnail","6":"product_cat-filtre-a-poussiere","7":"desktop-align-left","8":"tablet-align-left","9":"mobile-align-left","11":"first","12":"instock","13":"shipping-taxable","14":"product-type-simple"},"_links":{"self":[{"href":"https:\/\/www.zonelenviro.com\/fr\/wp-json\/wp\/v2\/product\/8936","targetHints":{"allow":["GET"]}}],"collection":[{"href":"https:\/\/www.zonelenviro.com\/fr\/wp-json\/wp\/v2\/product"}],"about":[{"href":"https:\/\/www.zonelenviro.com\/fr\/wp-json\/wp\/v2\/types\/product"}],"version-history":[{"count":0,"href":"https:\/\/www.zonelenviro.com\/fr\/wp-json\/wp\/v2\/product\/8936\/revisions"}],"wp:featuredmedia":[{"embeddable":true,"href":"https:\/\/www.zonelenviro.com\/fr\/wp-json\/wp\/v2\/media\/8937"}],"wp:attachment":[{"href":"https:\/\/www.zonelenviro.com\/fr\/wp-json\/wp\/v2\/media?parent=8936"}],"wp:term":[{"taxonomy":"product_brand","embeddable":true,"href":"https:\/\/www.zonelenviro.com\/fr\/wp-json\/wp\/v2\/product_brand?post=8936"},{"taxonomy":"product_cat","embeddable":true,"href":"https:\/\/www.zonelenviro.com\/fr\/wp-json\/wp\/v2\/product_cat?post=8936"},{"taxonomy":"product_tag","embeddable":true,"href":"https:\/\/www.zonelenviro.com\/fr\/wp-json\/wp\/v2\/product_tag?post=8936"}],"curies":[{"name":"wp","href":"https:\/\/api.w.org\/{rel}","templated":true}]}}