{"id":8960,"date":"2024-03-19T13:33:07","date_gmt":"2024-03-19T05:33:07","guid":{"rendered":"https:\/\/www.zonelenviro.com\/les-filtres-destines-aux-applications-de-purification-de-lair-ambiant\/"},"modified":"2026-03-29T23:18:48","modified_gmt":"2026-03-29T15:18:48","slug":"les-filtres-destines-aux-applications-de-purification-de-lair-ambiant","status":"publish","type":"product","link":"https:\/\/www.zonelenviro.com\/fr\/les-filtres-destines-aux-applications-de-purification-de-lair-ambiant\/","title":{"rendered":"Les filtres destin\u00e9s aux applications de purification de l&#8217;air ambiant"},"content":{"rendered":"<p><strong>La maille filtrante pour climatiseur, le mat\u00e9riau en rouleau et les panneaux ou feuilles filtrants pr\u00eats \u00e0 l&#8217;emploi<\/strong><\/p>\n<p><img fetchpriority=\"high\" decoding=\"async\" class=\"alignnone size-full wp-image-1269\" src=\"https:\/\/www.zonelenviro.com\/wp-content\/uploads\/2024\/03\/air-conditioner-mesh.jpg\" alt=\"\" width=\"829\" height=\"554\" \/><\/p>\n<p><strong>Introduction g\u00e9n\u00e9rale :<\/strong><br \/>\nAfin d&#8217;am\u00e9liorer la qualit\u00e9 de l&#8217;air ambiant, de prot\u00e9ger le compresseur du climatiseur et de garantir un fonctionnement stable et hautement efficace du syst\u00e8me, il est n\u00e9cessaire d&#8217;installer syst\u00e9matiquement un panneau filtrant c\u00f4t\u00e9 admission d&#8217;air du climatiseur pour assurer une filtration primaire.<br \/>\nLa maille filtrante traditionnelle des climatiseurs, fabriqu\u00e9e \u00e0 partir d&#8217;un mat\u00e9riau naturel et d&#8217;un tricot simple, pr\u00e9sente plusieurs inconv\u00e9nients : une faible capacit\u00e9 de r\u00e9tention de la poussi\u00e8re, une sensibilit\u00e9 \u00e0 l&#8217;humidit\u00e9 qui favorise la formation de moisissures et la pourriture, ainsi qu&#8217;une faible capacit\u00e9 de r\u00e9g\u00e9n\u00e9ration. Il est donc n\u00e9cessaire de concevoir une nouvelle maille pour une utilisation similaire.<br \/>\nZonel Filtech a utilis\u00e9 des mat\u00e9riaux tels que le polyester, le nylon, le PP et le PE pour les tisser en une sorte de maille alv\u00e9olaire, largement utilis\u00e9e pour la filtration primaire des climatiseurs, o\u00f9 elle offre des performances optimales.<\/p>\n<p><img decoding=\"async\" class=\"alignnone size-full wp-image-1270\" src=\"https:\/\/www.zonelenviro.com\/wp-content\/uploads\/2024\/03\/air-conditioner-mesh-readymade.jpg\" alt=\"\" width=\"829\" height=\"554\" \/><\/p>\n<p><strong>Caract\u00e9ristiques :<\/strong><br \/>\n1. Les mat\u00e9riaux ne moisissent pas et ne pourrissent pas.<br \/>\n2. Les mat\u00e9riaux sont disponibles en versions r\u00e9sistantes aux produits chimiques, \u00e0 l&#8217;eau et \u00e0 l&#8217;huile, aux temp\u00e9ratures extr\u00eames (hautes\/basses) et antibact\u00e9riennes.<br \/>\n3. Gr\u00e2ce \u00e0 sa structure en nid d&#8217;abeille, il offre une grande capacit\u00e9 de r\u00e9tention de la poussi\u00e8re.<br \/>\n4. Facile passage de l&#8217;air, avec une faible r\u00e9sistance.<br \/>\n5. La surface de la maille est lisse et plane, facile \u00e0 laver, avec une capacit\u00e9 de r\u00e9g\u00e9n\u00e9ration parfaite.<br \/>\n6. Le mat\u00e9riau est disponible en rouleaux ou en pi\u00e8ces\/panneaux pr\u00eats \u00e0 l&#8217;emploi ; pour les articles pr\u00eats \u00e0 l&#8217;emploi, la taille et les mat\u00e9riaux du cadre (plastique, aluminium, acier inoxydable, etc.) peuvent tous \u00eatre personnalis\u00e9s.<\/p>\n<p><strong>Applications :<\/strong><br \/>\nSyst\u00e8mes de climatisation, syst\u00e8mes de filtration de l&#8217;air pour cong\u00e9lateurs, syst\u00e8mes de purification de l&#8217;air et certains syst\u00e8mes de filtration primaire industriels, etc.<\/p>\n<p><strong>Filtres primaires<\/strong><\/p>\n<p><strong>1. Filtre \u00e0 panneaux en fibre de verre avec cadre en t\u00f4le galvanis\u00e9e, filtres \u00e0 panneaux primaires. <\/strong><\/p>\n<p><img decoding=\"async\" class=\"alignnone size-full wp-image-1274\" src=\"https:\/\/www.zonelenviro.com\/wp-content\/uploads\/2024\/03\/fiber-glass-panel-filter.jpg\" alt=\"\" width=\"829\" height=\"554\" \/><\/p>\n<p><strong>2. Filtre primaire avec cadre en acier galvanis\u00e9, filtres \u00e0 panneaux primaires.<\/strong><\/p>\n<p><img loading=\"lazy\" decoding=\"async\" class=\"alignnone size-full wp-image-1275\" src=\"https:\/\/www.zonelenviro.com\/wp-content\/uploads\/2024\/03\/primary-filter-with-GI-frame.jpg\" alt=\"\" width=\"829\" height=\"554\" \/><\/p>\n<p><strong>3. Filtres primaires pliss\u00e9s fix\u00e9s par des fils d&#8217;acier, cadre en t\u00f4le galvanis\u00e9e.<\/strong><\/p>\n<p><img loading=\"lazy\" decoding=\"async\" class=\"alignnone size-full wp-image-1276\" src=\"https:\/\/www.zonelenviro.com\/wp-content\/uploads\/2024\/03\/wire-fixing-pleating-primary-filter.jpg\" alt=\"\" width=\"829\" height=\"554\" \/><\/p>\n<p><strong>4. Filtres primaires pliss\u00e9s \u00e0 m\u00e9dia filtrant non tiss\u00e9 \u00e0 base de compos\u00e9s m\u00e9talliques, avec cadre en t\u00f4le galvanis\u00e9e.<\/strong><\/p>\n<p><img loading=\"lazy\" decoding=\"async\" class=\"alignnone size-full wp-image-1277\" src=\"https:\/\/www.zonelenviro.com\/wp-content\/uploads\/2024\/03\/metal-mesh-compound-nonwoven-media-pleated-primary-filter-with-GI-frame.jpg\" alt=\"\" width=\"829\" height=\"554\" \/><\/p>\n<p><strong>5. Filtres primaires pliss\u00e9s en non-tiss\u00e9 \u00e0 base de compos\u00e9s m\u00e9talliques, filtres \u00e0 air jetables \u00e0 cadre en papier\/carton.<\/strong><\/p>\n<p><img loading=\"lazy\" decoding=\"async\" class=\"alignnone size-full wp-image-1278\" src=\"https:\/\/www.zonelenviro.com\/wp-content\/uploads\/2024\/03\/primary-filter-with-paper-board-frame.jpg\" alt=\"\" width=\"829\" height=\"554\" \/><\/p>\n<p><strong>6. Filtres pliss\u00e9s \u00e0 charbon actif pour m\u00e9dias primaires \/ Filtres chimiques.<\/strong><\/p>\n<p><img loading=\"lazy\" decoding=\"async\" class=\"alignnone size-full wp-image-1280\" src=\"https:\/\/www.zonelenviro.com\/wp-content\/uploads\/2024\/03\/Chemical-primary-filter.jpg\" alt=\"\" width=\"829\" height=\"554\" \/><\/p>\n<p><strong>Filtre \u00e0 air \u00e0 poches \u00e0 efficacit\u00e9 moyenne<\/strong><\/p>\n<p><img loading=\"lazy\" decoding=\"async\" class=\"alignnone size-full wp-image-1281\" src=\"https:\/\/www.zonelenviro.com\/wp-content\/uploads\/2024\/03\/pocket-filter-media.jpg\" alt=\"\" width=\"829\" height=\"554\" \/><\/p>\n<p><strong>Pr\u00e9sentation g\u00e9n\u00e9rale du filtre \u00e0 air \u00e0 poches de Zonel Filtech : <\/strong><br \/>\nLes filtres \u00e0 poches sont fabriqu\u00e9s \u00e0 partir d&#8217;un mat\u00e9riau de filtration non tiss\u00e9, \u00e9cologique et \u00e9conome en \u00e9nergie, mont\u00e9 sur cadre. Ils offrent une efficacit\u00e9 de filtration \u00e9lev\u00e9e, une grande capacit\u00e9 de r\u00e9tention de poussi\u00e8re et une faible r\u00e9sistance. Ils peuvent \u00eatre utilis\u00e9s dans diverses applications commerciales et industrielles, ainsi que dans des applications sp\u00e9cialis\u00e9es telles que la collecte de brouillards d&#8217;huile, la collecte de fum\u00e9es et la collecte de contaminants atmosph\u00e9riques lourds et concentr\u00e9s.<\/p>\n<p><img loading=\"lazy\" decoding=\"async\" class=\"alignnone size-full wp-image-1283\" src=\"https:\/\/www.zonelenviro.com\/wp-content\/uploads\/2024\/03\/pocket-filter.jpg\" alt=\"\" width=\"829\" height=\"554\" \/><\/p>\n<p><strong>Caract\u00e9ristiques du filtre \u00e0 poches de Zonel Filtech :<\/strong><br \/>\n1. Mat\u00e9riaux disponibles pour le cadre : acier au carbone galvanis\u00e9, alliage d&#8217;aluminium, acier inoxydable, plastique, etc.<br \/>\n2. En fonction des diff\u00e9rentes applications, les m\u00e9dias filtrants disponibles sont des non-tiss\u00e9s synth\u00e9tiques et des m\u00e9dias en fibre de verre.<br \/>\n3. Des efficacit\u00e9s de filtration allant de G4 \u00e0 F9 sont disponibles, et le mat\u00e9riau filtrant peut \u00eatre en fibre synth\u00e9tique ou en fibre de verre.<br \/>\n4. Conception \u00e0 gorge ouverte pour un d\u00e9bit d&#8217;air optimal.<br \/>\n5. Faible perte de charge initiale et capacit\u00e9 de r\u00e9tention de poussi\u00e8re sup\u00e9rieure.<\/p>\n<p><img loading=\"lazy\" decoding=\"async\" class=\"alignnone size-full wp-image-1284\" src=\"https:\/\/www.zonelenviro.com\/wp-content\/uploads\/2024\/03\/active-carbon-filter-felt.jpg\" alt=\"\" width=\"829\" height=\"554\" \/><\/p>\n<p><strong>Applications :<\/strong><br \/>\nLes filtres \u00e0 poches \u00e0 rendement moyen sont largement utilis\u00e9s dans les h\u00f4pitaux, les usines d&#8217;\u00e9lectronique, les usines pharmaceutiques, les usines de fibres chimiques, etc. pour la purification de l&#8217;air.<\/p>\n<p><img loading=\"lazy\" decoding=\"async\" class=\"alignnone size-full wp-image-1285\" src=\"https:\/\/www.zonelenviro.com\/wp-content\/uploads\/2024\/03\/pocket-filter-with-active-carbon-media.jpg\" alt=\"\" width=\"829\" height=\"554\" \/><\/p>\n<p><strong>Filtres HEPA<\/strong><\/p>\n<p><img loading=\"lazy\" decoding=\"async\" class=\"alignnone size-full wp-image-1286\" src=\"https:\/\/www.zonelenviro.com\/wp-content\/uploads\/2024\/03\/clean-room-filters.jpg\" alt=\"\" width=\"415\" height=\"360\" \/><\/p>\n<p><strong>Pr\u00e9sentation g\u00e9n\u00e9rale du filtre HEPA :<\/strong><br \/>\nLe filtre \u00e0 particules \u00e0 haute efficacit\u00e9 (High Efficiency Particulate Air), \u00e9galement appel\u00e9 HEPA, est un type de m\u00e9dia filtrant hautement efficace qui \u00e9limine les particules microscopiques pr\u00e9sentes dans l&#8217;air qui le traverse. Ces particules comprennent notamment la fum\u00e9e de tabac, la poussi\u00e8re domestique et le pollen. On trouve le plus souvent les filtres HEPA dans les aspirateurs m\u00e9nagers et les purificateurs d&#8217;air. En fonction de leur utilisation et des facteurs li\u00e9s \u00e0 la qualit\u00e9 de l&#8217;air int\u00e9rieur, il est recommand\u00e9 de remplacer les filtres HEPA tous les 12 \u00e0 18 mois.<\/p>\n<p><img loading=\"lazy\" decoding=\"async\" class=\"alignnone size-full wp-image-1291\" src=\"https:\/\/www.zonelenviro.com\/wp-content\/uploads\/2024\/03\/HEPA-with-V-type.jpg\" alt=\"\" width=\"829\" height=\"554\" \/><\/p>\n<p><strong>Caract\u00e9ristiques du filtre HEPA de Zonel Filtech :<\/strong><br \/>\n1. Pour les particules d&#8217;une taille de 0,3 micron, l&#8217;efficacit\u00e9 du filtre peut d\u00e9passer 99,99995 %.<br \/>\n2. Machines de production command\u00e9es par ordinateur, avec un contr\u00f4le qualit\u00e9 stable.<br \/>\n3. Papier filtre en fibre de verre sp\u00e9cialement con\u00e7u comme m\u00e9dia filtrant.<br \/>\n4. Chaque filtre de Zonel est test\u00e9.<br \/>\n5. Dimensions conformes \u00e0 la norme internationale.<\/p>\n<p><img loading=\"lazy\" decoding=\"async\" class=\"alignnone size-full wp-image-1292\" src=\"https:\/\/www.zonelenviro.com\/wp-content\/uploads\/2024\/03\/HEPA-filter-minipleating-type.jpg\" alt=\"\" width=\"829\" height=\"554\" \/><\/p>\n<p><strong>Applications du filtre HEPA de Zonel Filtech :<\/strong><br \/>\nLe filtre HEPA de Zonel Filtech est largement utilis\u00e9 dans les secteurs des semi-conducteurs, du nucl\u00e9aire, de l&#8217;\u00e9lectronique, de l&#8217;industrie pharmaceutique, de la recherche biologique, de l&#8217;agroalimentaire, de la construction m\u00e9canique, de l&#8217;industrie chimique, de la construction automobile, etc.<\/p>\n<p><img loading=\"lazy\" decoding=\"async\" class=\"alignnone size-full wp-image-1293\" src=\"https:\/\/www.zonelenviro.com\/wp-content\/uploads\/2024\/03\/HEPA-with-separators-type.jpg\" alt=\"\" width=\"829\" height=\"554\" \/><\/p>\n<p>&nbsp;<\/p>\n","protected":false},"excerpt":{"rendered":"<p>Pour am\u00e9liorer la qualit\u00e9 de l&#8217;air dans les pi\u00e8ces \u00e0 vivre ou les b\u00e2timents destin\u00e9s \u00e0 un usage public (th\u00e9\u00e2tres, salles de r\u00e9union, \u00e9coles, etc.), ainsi que dans certaines salles blanches de laboratoires hospitaliers et d&#8217;autres lieux similaires, des filtres seront n\u00e9cessaires.<\/p>\n<p>Les filtres dont l&#8217;installation est demand\u00e9e se r\u00e9partissent en plusieurs cat\u00e9gories et sont install\u00e9s les uns \u00e0 la suite des autres : il s&#8217;agit de filtres \u00e0 air \u00e0 efficacit\u00e9 primaire, de filtres \u00e0 air \u00e0 efficacit\u00e9 moyenne et de filtres \u00e0 particules \u00e0 haute efficacit\u00e9 (HEPA). Un ou deux de ces filtres peuvent \u00eatre install\u00e9s, ou plusieurs, en fonction des diff\u00e9rentes exigences en mati\u00e8re de qualit\u00e9 de l&#8217;air.<\/p>\n<p>Zonel Filtech propose des filtres primaires de qualit\u00e9, des <strong>filtres \u00e0 poches \u00e0 efficacit\u00e9 moyenne<\/strong>, ainsi que des filtres HEPA destin\u00e9s aux syst\u00e8mes de purification de l&#8217;air. Des filtres d&#8217;une efficacit\u00e9 allant de G1 \u00e0 U17 sont disponibles, et le mat\u00e9riau du cadre peut \u00eatre en plastique, en aluminium, en acier inoxydable, en acier galvanis\u00e9, etc.<\/p>\n<p>Nous pouvons l&#8217;adapter en fonction des besoins du client.<\/p>\n","protected":false},"featured_media":8961,"template":"","meta":{"site-sidebar-layout":"default","site-content-layout":"","ast-site-content-layout":"default","site-content-style":"default","site-sidebar-style":"default","ast-global-header-display":"","ast-banner-title-visibility":"","ast-main-header-display":"","ast-hfb-above-header-display":"","ast-hfb-below-header-display":"","ast-hfb-mobile-header-display":"","site-post-title":"","ast-breadcrumbs-content":"","ast-featured-img":"","footer-sml-layout":"","theme-transparent-header-meta":"default","adv-header-id-meta":"","stick-header-meta":"","header-above-stick-meta":"","header-main-stick-meta":"","header-below-stick-meta":"","astra-migrate-meta-layouts":"set","ast-page-background-enabled":"default","ast-page-background-meta":{"desktop":{"background-color":"","background-image":"","background-repeat":"repeat","background-position":"center center","background-size":"auto","background-attachment":"scroll","background-type":"","background-media":"","overlay-type":"","overlay-color":"","overlay-opacity":"","overlay-gradient":""},"tablet":{"background-color":"","background-image":"","background-repeat":"repeat","background-position":"center center","background-size":"auto","background-attachment":"scroll","background-type":"","background-media":"","overlay-type":"","overlay-color":"","overlay-opacity":"","overlay-gradient":""},"mobile":{"background-color":"","background-image":"","background-repeat":"repeat","background-position":"center center","background-size":"auto","background-attachment":"scroll","background-type":"","background-media":"","overlay-type":"","overlay-color":"","overlay-opacity":"","overlay-gradient":""}},"ast-content-background-meta":{"desktop":{"background-color":"var(--ast-global-color-5)","background-image":"","background-repeat":"repeat","background-position":"center center","background-size":"auto","background-attachment":"scroll","background-type":"","background-media":"","overlay-type":"","overlay-color":"","overlay-opacity":"","overlay-gradient":""},"tablet":{"background-color":"var(--ast-global-color-5)","background-image":"","background-repeat":"repeat","background-position":"center center","background-size":"auto","background-attachment":"scroll","background-type":"","background-media":"","overlay-type":"","overlay-color":"","overlay-opacity":"","overlay-gradient":""},"mobile":{"background-color":"var(--ast-global-color-5)","background-image":"","background-repeat":"repeat","background-position":"center center","background-size":"auto","background-attachment":"scroll","background-type":"","background-media":"","overlay-type":"","overlay-color":"","overlay-opacity":"","overlay-gradient":""}}},"product_brand":[],"product_cat":[113],"product_tag":[],"class_list":{"0":"post-8960","1":"product","2":"type-product","3":"status-publish","4":"has-post-thumbnail","6":"product_cat-filtre-a-poussiere","7":"desktop-align-left","8":"tablet-align-left","9":"mobile-align-left","11":"first","12":"instock","13":"shipping-taxable","14":"product-type-simple"},"_links":{"self":[{"href":"https:\/\/www.zonelenviro.com\/fr\/wp-json\/wp\/v2\/product\/8960","targetHints":{"allow":["GET"]}}],"collection":[{"href":"https:\/\/www.zonelenviro.com\/fr\/wp-json\/wp\/v2\/product"}],"about":[{"href":"https:\/\/www.zonelenviro.com\/fr\/wp-json\/wp\/v2\/types\/product"}],"version-history":[{"count":0,"href":"https:\/\/www.zonelenviro.com\/fr\/wp-json\/wp\/v2\/product\/8960\/revisions"}],"wp:featuredmedia":[{"embeddable":true,"href":"https:\/\/www.zonelenviro.com\/fr\/wp-json\/wp\/v2\/media\/8961"}],"wp:attachment":[{"href":"https:\/\/www.zonelenviro.com\/fr\/wp-json\/wp\/v2\/media?parent=8960"}],"wp:term":[{"taxonomy":"product_brand","embeddable":true,"href":"https:\/\/www.zonelenviro.com\/fr\/wp-json\/wp\/v2\/product_brand?post=8960"},{"taxonomy":"product_cat","embeddable":true,"href":"https:\/\/www.zonelenviro.com\/fr\/wp-json\/wp\/v2\/product_cat?post=8960"},{"taxonomy":"product_tag","embeddable":true,"href":"https:\/\/www.zonelenviro.com\/fr\/wp-json\/wp\/v2\/product_tag?post=8960"}],"curies":[{"name":"wp","href":"https:\/\/api.w.org\/{rel}","templated":true}]}}