{"id":9086,"date":"2024-03-19T13:58:38","date_gmt":"2024-03-19T05:58:38","guid":{"rendered":"https:\/\/www.zonelenviro.com\/cartouches-filtrantes-anti-poussiere-cartouches-filtrantes-de-rechange\/"},"modified":"2026-03-30T23:08:47","modified_gmt":"2026-03-30T15:08:47","slug":"cartouches-filtrantes-anti-poussiere-cartouches-filtrantes-de-rechange","status":"publish","type":"product","link":"https:\/\/www.zonelenviro.com\/fr\/cartouches-filtrantes-anti-poussiere-cartouches-filtrantes-de-rechange\/","title":{"rendered":"Cartouches filtrantes anti-poussi\u00e8re \/ Cartouches filtrantes de rechange"},"content":{"rendered":"<p><strong>Pr\u00e9sentation des cartouches filtrantes de rechange<\/strong><br \/>\nLes cartouches filtrantes constituent les \u00e9l\u00e9ments cl\u00e9s des d\u00e9poussi\u00e9reurs \u00e0 cartouches, qui permettent de purifier directement l&#8217;air charg\u00e9 de poussi\u00e8re. selon les diff\u00e9rents syst\u00e8mes et applications sp\u00e9cifiques, la cartouche est toujours con\u00e7ue avec des capuchons adapt\u00e9s et la m\u00e9thode d&#8217;\u00e9tanch\u00e9it\u00e9 appropri\u00e9e, ainsi que des mat\u00e9riaux de filtration et de collage diff\u00e9rents. Un fournisseur professionnel et exp\u00e9riment\u00e9 vous aidera donc \u00e0 r\u00e9soudre tous ces types de probl\u00e8mes en cas d&#8217;incident \u00e9ventuel lors de l&#8217;utilisation.<br \/>\nZonel Filtech propose des solutions compl\u00e8tes pour les cartouches filtrantes de rechange destin\u00e9es \u00e0 la quasi-totalit\u00e9 des d\u00e9poussi\u00e9reurs de marques renomm\u00e9es \u00e0 travers le monde, notamment les cartouches de rechange pour les d\u00e9poussi\u00e9reurs \u00e0 cartouches Donaldson\u00ae, Nederman\u00ae, Amano\u00ae, FARR\u00ae, Nordson\u00ae, etc.<br \/>\nOutre les cartouches filtrantes classiques, Zonel Filtech propose \u00e9galement des cartouches filtrantes de haute qualit\u00e9 r\u00e9sistantes aux temp\u00e9ratures \u00e9lev\u00e9es, telles que les cartouches filtrantes en aramide (cartouches filtrantes Nomex), les cartouches filtrantes en PPS, etc., destin\u00e9es \u00e0 la purification de l&#8217;air charg\u00e9 de poussi\u00e8res \u00e0 haute temp\u00e9rature. Les cartouches filtrantes de rechange de Zonel Filtech, de construction stable et robuste, offrent une plus grande capacit\u00e9 de r\u00e9tention de poussi\u00e8re et une r\u00e9sistance initiale plus faible. Elles sont con\u00e7ues avec une m\u00e9thode de nettoyage par jet puls\u00e9, garantissant une r\u00e9g\u00e9n\u00e9ration hautement efficace de la cartouche filtrante et une dur\u00e9e de vie prolong\u00e9e.<\/p>\n<p><strong>Caract\u00e9ristiques des cartouches filtrantes pour d\u00e9poussi\u00e9reurs de Zonel Filtech<\/strong><br \/>\n1. Le mat\u00e9riau du capuchon du filtre peut \u00eatre de l&#8217;acier au carbone avec un rev\u00eatement (galvanis\u00e9, rev\u00eatement \u00e0 base de silicium organique ou autre peinture antirouille, etc.), de l&#8217;acier inoxydable, du nylon, de l&#8217;ABS, du caoutchouc, etc., et peut \u00eatre personnalis\u00e9 selon l&#8217;\u00e9chantillon fourni par le client.<br \/>\n2. Le mat\u00e9riau filtrant utilis\u00e9 dans les cartouches filtrantes anti-poussi\u00e8re de Zonel Filtech, qui provient exclusivement de marques de renomm\u00e9e mondiale, offre une efficacit\u00e9 de filtration am\u00e9lior\u00e9e pour les particules submicroniques (99,9 % ou plus pour les particules de 0,2 \u00e0 2 microns) ; il est \u00e9galement adapt\u00e9 \u00e0 de nombreuses conditions de travail, telles que la purification de l&#8217;air contenant des poussi\u00e8res corrosives, explosives, collantes ou tr\u00e8s humides, ou encore \u00e0 haute temp\u00e9rature, etc.<br \/>\n3. Des joints d&#8217;\u00e9tanch\u00e9it\u00e9 sont disponibles pour des applications dans des plages de temp\u00e9ratures et des conditions vari\u00e9es.<br \/>\n4. Offre une excellente \u00e9limination de la poussi\u00e8re gr\u00e2ce \u00e0 une conception adapt\u00e9e aux besoins ; diverses options d&#8217;installation sont disponibles ; facile \u00e0 installer et permet de gagner du temps.<br \/>\n5. Gr\u00e2ce \u00e0 une conception optimale en termes de forme, de dimensions et de mat\u00e9riaux, les d\u00e9poussi\u00e9reurs offrent en permanence une r\u00e9sistance stable et r\u00e9duite, ce qui contribue \u00e0 prolonger leur dur\u00e9e de vie et \u00e0 limiter leur entretien.<\/p>\n<p><strong>Les applications des cartouches filtrantes pour d\u00e9poussi\u00e9reurs de Zonel Filtech<\/strong><br \/>\nDestin\u00e9es principalement au remplacement des cartouches filtrantes des d\u00e9poussi\u00e9reurs, nous proposons des solutions sur mesure et acceptons les demandes d&#8217;\u00e9chantillons.<\/p>\n<p><strong>ZONEL<\/strong><\/p>\n<p><strong>ISO9001:2015<\/strong><\/p>\n","protected":false},"excerpt":{"rendered":"<p>Les cartouches filtrantes constituent les \u00e9l\u00e9ments cl\u00e9s des d\u00e9poussi\u00e9reurs \u00e0 cartouches. En fonction des diff\u00e9rents syst\u00e8mes et de leurs applications sp\u00e9cifiques, les cartouches sont toujours con\u00e7ues avec des capuchons adapt\u00e9s et des m\u00e9thodes d&#8217;\u00e9tanch\u00e9it\u00e9 appropri\u00e9es, ainsi qu&#8217;avec des mat\u00e9riaux filtrants et des adh\u00e9sifs sp\u00e9cifiques. Un fournisseur professionnel et exp\u00e9riment\u00e9 vous aidera donc \u00e0 r\u00e9soudre tous ces types de probl\u00e8mes en cas d&#8217;incident \u00e9ventuel lors de l&#8217;utilisation.<\/p>\n<p>Zonel Filtech propose des solutions compl\u00e8tes pour les cartouches filtrantes de rechange destin\u00e9es \u00e0 la quasi-totalit\u00e9 des d\u00e9poussi\u00e9reurs de marques renomm\u00e9es \u00e0 travers le monde, notamment les cartouches de rechange pour les d\u00e9poussi\u00e9reurs \u00e0 cartouches Donaldson\u00ae, Nederman\u00ae, Amano\u00ae, FARR\u00ae, Nordson\u00ae, etc.<\/p>\n<p>Les cartouches filtrantes de rechange de Zonel Filtech se caract\u00e9risent par une construction robuste et stable, une grande capacit\u00e9 de r\u00e9tention des poussi\u00e8res, un bon rapport air\/tissu et une longue dur\u00e9e de vie. Si vous avez besoin d&#8217;aide, n&#8217;h\u00e9sitez pas \u00e0 nous contacter !<\/p>\n","protected":false},"featured_media":9087,"template":"","meta":{"site-sidebar-layout":"default","site-content-layout":"","ast-site-content-layout":"default","site-content-style":"default","site-sidebar-style":"default","ast-global-header-display":"","ast-banner-title-visibility":"","ast-main-header-display":"","ast-hfb-above-header-display":"","ast-hfb-below-header-display":"","ast-hfb-mobile-header-display":"","site-post-title":"","ast-breadcrumbs-content":"","ast-featured-img":"","footer-sml-layout":"","theme-transparent-header-meta":"default","adv-header-id-meta":"","stick-header-meta":"","header-above-stick-meta":"","header-main-stick-meta":"","header-below-stick-meta":"","astra-migrate-meta-layouts":"set","ast-page-background-enabled":"default","ast-page-background-meta":{"desktop":{"background-color":"","background-image":"","background-repeat":"repeat","background-position":"center center","background-size":"auto","background-attachment":"scroll","background-type":"","background-media":"","overlay-type":"","overlay-color":"","overlay-opacity":"","overlay-gradient":""},"tablet":{"background-color":"","background-image":"","background-repeat":"repeat","background-position":"center center","background-size":"auto","background-attachment":"scroll","background-type":"","background-media":"","overlay-type":"","overlay-color":"","overlay-opacity":"","overlay-gradient":""},"mobile":{"background-color":"","background-image":"","background-repeat":"repeat","background-position":"center center","background-size":"auto","background-attachment":"scroll","background-type":"","background-media":"","overlay-type":"","overlay-color":"","overlay-opacity":"","overlay-gradient":""}},"ast-content-background-meta":{"desktop":{"background-color":"var(--ast-global-color-5)","background-image":"","background-repeat":"repeat","background-position":"center center","background-size":"auto","background-attachment":"scroll","background-type":"","background-media":"","overlay-type":"","overlay-color":"","overlay-opacity":"","overlay-gradient":""},"tablet":{"background-color":"var(--ast-global-color-5)","background-image":"","background-repeat":"repeat","background-position":"center center","background-size":"auto","background-attachment":"scroll","background-type":"","background-media":"","overlay-type":"","overlay-color":"","overlay-opacity":"","overlay-gradient":""},"mobile":{"background-color":"var(--ast-global-color-5)","background-image":"","background-repeat":"repeat","background-position":"center center","background-size":"auto","background-attachment":"scroll","background-type":"","background-media":"","overlay-type":"","overlay-color":"","overlay-opacity":"","overlay-gradient":""}}},"product_brand":[],"product_cat":[113],"product_tag":[],"class_list":{"0":"post-9086","1":"product","2":"type-product","3":"status-publish","4":"has-post-thumbnail","6":"product_cat-filtre-a-poussiere","7":"desktop-align-left","8":"tablet-align-left","9":"mobile-align-left","11":"first","12":"instock","13":"shipping-taxable","14":"product-type-simple"},"_links":{"self":[{"href":"https:\/\/www.zonelenviro.com\/fr\/wp-json\/wp\/v2\/product\/9086","targetHints":{"allow":["GET"]}}],"collection":[{"href":"https:\/\/www.zonelenviro.com\/fr\/wp-json\/wp\/v2\/product"}],"about":[{"href":"https:\/\/www.zonelenviro.com\/fr\/wp-json\/wp\/v2\/types\/product"}],"version-history":[{"count":0,"href":"https:\/\/www.zonelenviro.com\/fr\/wp-json\/wp\/v2\/product\/9086\/revisions"}],"wp:featuredmedia":[{"embeddable":true,"href":"https:\/\/www.zonelenviro.com\/fr\/wp-json\/wp\/v2\/media\/9087"}],"wp:attachment":[{"href":"https:\/\/www.zonelenviro.com\/fr\/wp-json\/wp\/v2\/media?parent=9086"}],"wp:term":[{"taxonomy":"product_brand","embeddable":true,"href":"https:\/\/www.zonelenviro.com\/fr\/wp-json\/wp\/v2\/product_brand?post=9086"},{"taxonomy":"product_cat","embeddable":true,"href":"https:\/\/www.zonelenviro.com\/fr\/wp-json\/wp\/v2\/product_cat?post=9086"},{"taxonomy":"product_tag","embeddable":true,"href":"https:\/\/www.zonelenviro.com\/fr\/wp-json\/wp\/v2\/product_tag?post=9086"}],"curies":[{"name":"wp","href":"https:\/\/api.w.org\/{rel}","templated":true}]}}