{"id":9096,"date":"2024-03-19T14:07:46","date_gmt":"2024-03-19T06:07:46","guid":{"rendered":"https:\/\/www.zonelenviro.com\/tissu-filtrant-aiguillete-en-aramide-nomex-sacs-filtrants-en-nomex\/"},"modified":"2026-03-30T23:14:39","modified_gmt":"2026-03-30T15:14:39","slug":"tissu-filtrant-aiguillete-en-aramide-nomex-sacs-filtrants-en-nomex","status":"publish","type":"product","link":"https:\/\/www.zonelenviro.com\/fr\/tissu-filtrant-aiguillete-en-aramide-nomex-sacs-filtrants-en-nomex\/","title":{"rendered":"Tissu filtrant aiguillet\u00e9 en aramide\/Nomex \/ Sacs filtrants en Nomex"},"content":{"rendered":"<p><strong>Tissu filtrant aiguillet\u00e9 en aramide\/Nomex, sacs filtrants en Nomex<\/strong><br \/>\n<strong>Pr\u00e9sentation g\u00e9n\u00e9rale du tissu filtrant en feutre aiguillet\u00e9 \u00e0 base d&#8217;aramide (Nomex) :<\/strong><br \/>\nLa fibre d&#8217;aramide\/m\u00e9ta-aramide utilis\u00e9e pour la fabrication de tissus filtrants en feutre aiguillet\u00e9 est \u00e9galement appel\u00e9e \u00ab fibre d&#8217;aramide 1313 \u00bb en Chine, et le Nomex\u00ae est un type de fibre d&#8217;aramide produit par Dupont\u00ae.<\/p>\n<p>Zonel Filtech a utilis\u00e9 de la fibre d&#8217;aramide et une armature de qualit\u00e9 sup\u00e9rieure, qu&#8217;elle a ensuite agraf\u00e9es pour former un feutre. Apr\u00e8s avoir subi des traitements de finition tels que le lavage, le calandrage, la thermofixation, <strong>l&#8217;imperm\u00e9abilisation et l&#8217;hydrofugation<\/strong>, <strong>laminage d&#8217;une membrane en PTFE,<\/strong> etc., afin de fabriquer un tissu filtrant pr\u00e9sentant des propri\u00e9t\u00e9s de r\u00e9sistance \u00e0 la traction et \u00e0 l&#8217;abrasion accrues, de faibles \u00e9missions, adapt\u00e9 \u00e0 la purification de l&#8217;air contenant des poussi\u00e8res collantes ou tr\u00e8s humides, facile \u00e0 purger, avec un faible retrait thermique, etc.<\/p>\n<p>Les manches filtrantes en aramide (Nomex) sont principalement utilis\u00e9es dans les installations de filtration \u00e0 manches, \u00e0 des temp\u00e9ratures comprises entre 130 et 220 \u00b0C et avec un pH compris entre 5 et 9. Elles sont largement utilis\u00e9es dans l&#8217;industrie sid\u00e9rurgique, l&#8217;industrie du noir de carbone, les industries des mat\u00e9riaux de construction (<strong>cimenteries, centrales d&#8217;enrobage<\/strong>, etc.) et le secteur de l&#8217;\u00e9nergie, entre autres.<\/p>\n<p><strong>Produits associ\u00e9s :<\/strong><br \/>\nToiles filtrantes et sacs filtrants en feutre aiguillet\u00e9 PPS<\/p>\n<p><strong>Sp\u00e9cifications techniques du feutre aiguillet\u00e9 en aramide (Nomex)<\/strong><br \/>\nMat\u00e9riau : fibre d&#8217;aramide (Nomex), renforc\u00e9e par une armature\/un tissu en aramide (Nomex).<br \/>\nPoids : 350~650 g\/m\u00b2<br \/>\nTemp\u00e9rature de fonctionnement : en continu : \u2264204 \u00b0C ; Pics : 220 \u00b0C<br \/>\nTraitement de surface : flamb\u00e9 et glac\u00e9, thermofix\u00e9, hydrofuge et ol\u00e9ofuge, bain de suspension PTFE, membrane PTFE.<br \/>\nNous pouvons personnaliser les produits selon les exigences des clients !<\/p>\n<p><strong>Propri\u00e9t\u00e9s du m\u00e9dia filtrant en aramide \/ Nomex<\/strong><br \/>\n1. R\u00e9sistance aux hautes temp\u00e9ratures : temp\u00e9rature de fonctionnement continu recommand\u00e9e : \u2264 204 \u00b0C (pour une dur\u00e9e de vie maximale, il est recommand\u00e9 de ne pas d\u00e9passer 180 \u00b0C) ; pics instantan\u00e9s : 220 \u00b0C.<br \/>\n2. Dimensions stables \u00e0 haute temp\u00e9rature apr\u00e8s traitement thermique : \u00e0 220 \u00b0C, le retrait ne d\u00e9passe pas 1 %.<br \/>\n3. Ignifuge.<br \/>\n4. Bonne r\u00e9sistance \u00e0 l&#8217;abrasion et au pliage.<br \/>\n5. Prix plus avantageux par rapport aux autres toiles filtrantes r\u00e9sistantes \u00e0 la chaleur.<br \/>\n6. Longue dur\u00e9e de vie.<\/p>\n<p><strong>Principales applications des manches filtrantes en aramide \/ Nomex<\/strong><br \/>\n1. Industrie chimique : filtres \u00e0 manches pour s\u00e9choirs dans les usines de pigments, de plastiques, de catalyseurs et de noir de carbone, etc.<br \/>\n2. Industries mini\u00e8res : filtres \u00e0 manches pour s\u00e9choirs dans les usines de gypse et les refroidisseurs de clinker, etc.<br \/>\n3. Industries m\u00e9tallurgiques : collecteurs de processus \u00e0 haute temp\u00e9rature pour l&#8217;oxyde de plomb et filtres \u00e0 manches pour fours \u00e0 arc \u00e9lectrique dans les usines sid\u00e9rurgiques, etc.<br \/>\n4. Production d&#8217;\u00e9lectricit\u00e9 et incin\u00e9ration : collecteurs pour le traitement des cendres volantes.<br \/>\n5. Industrie des mat\u00e9riaux de construction : traitement des gaz r\u00e9siduels provenant des fours verticaux des cimenteries (filtres \u00e0 manches pour cimenteries), de l&#8217;air charg\u00e9 de poussi\u00e8res provenant des centrales d&#8217;enrobage, etc.<\/p>\n<p><strong>Zonel<\/strong><\/p>\n<p><strong>ISO9001:2015<\/strong><\/p>\n","protected":false},"excerpt":{"rendered":"<p>La fibre d&#8217;aramide\/m\u00e9ta-aramide utilis\u00e9e pour la fabrication de toiles filtrantes en feutre aiguillet\u00e9, \u00e9galement appel\u00e9e \u00ab fibre d&#8217;aramide 1313 \u00bb en Chine, et le Nomex\u00ae constituent un type de fibres d&#8217;aramide produites par Dupont\u00ae.<\/p>\n<p>Zonel Filtech a utilis\u00e9 de la fibre d&#8217;aramide et une armature de qualit\u00e9 sup\u00e9rieure, qu&#8217;elle a ensuite agraf\u00e9es pour former un feutre. Apr\u00e8s avoir subi un traitement de finition complet comprenant le chantage, le calandrage, la thermofixation, <strong>hydrofuge et ol\u00e9ofuge<\/strong>, <strong>laminage avec une membrane en PTFE<\/strong>, etc., afin de fabriquer un tissu filtrant pr\u00e9sentant des propri\u00e9t\u00e9s de r\u00e9sistance \u00e0 la traction et \u00e0 l&#8217;abrasion sup\u00e9rieures, de faibles \u00e9missions, adapt\u00e9 \u00e0 la purification de l&#8217;air contenant des poussi\u00e8res collantes ou tr\u00e8s humides, facile \u00e0 purger, avec un faible retrait thermique, etc.<\/p>\n<p>Les manches filtrantes en aramide (Nomex) sont principalement utilis\u00e9es dans les installations de filtration \u00e0 manches, \u00e0 des temp\u00e9ratures comprises entre 130 et 220 \u00b0C et avec un pH compris entre 5 et 9. Elles sont largement utilis\u00e9es dans l&#8217;industrie sid\u00e9rurgique, l&#8217;industrie du noir de carbone, les industries des mat\u00e9riaux de construction (<strong>cimenteries, centrales d&#8217;enrobage,<\/strong> etc.) et le secteur de l&#8217;\u00e9nergie, entre autres.<\/p>\n","protected":false},"featured_media":9097,"template":"","meta":{"site-sidebar-layout":"default","site-content-layout":"","ast-site-content-layout":"default","site-content-style":"default","site-sidebar-style":"default","ast-global-header-display":"","ast-banner-title-visibility":"","ast-main-header-display":"","ast-hfb-above-header-display":"","ast-hfb-below-header-display":"","ast-hfb-mobile-header-display":"","site-post-title":"","ast-breadcrumbs-content":"","ast-featured-img":"","footer-sml-layout":"","theme-transparent-header-meta":"default","adv-header-id-meta":"","stick-header-meta":"","header-above-stick-meta":"","header-main-stick-meta":"","header-below-stick-meta":"","astra-migrate-meta-layouts":"set","ast-page-background-enabled":"default","ast-page-background-meta":{"desktop":{"background-color":"","background-image":"","background-repeat":"repeat","background-position":"center center","background-size":"auto","background-attachment":"scroll","background-type":"","background-media":"","overlay-type":"","overlay-color":"","overlay-opacity":"","overlay-gradient":""},"tablet":{"background-color":"","background-image":"","background-repeat":"repeat","background-position":"center center","background-size":"auto","background-attachment":"scroll","background-type":"","background-media":"","overlay-type":"","overlay-color":"","overlay-opacity":"","overlay-gradient":""},"mobile":{"background-color":"","background-image":"","background-repeat":"repeat","background-position":"center center","background-size":"auto","background-attachment":"scroll","background-type":"","background-media":"","overlay-type":"","overlay-color":"","overlay-opacity":"","overlay-gradient":""}},"ast-content-background-meta":{"desktop":{"background-color":"var(--ast-global-color-5)","background-image":"","background-repeat":"repeat","background-position":"center center","background-size":"auto","background-attachment":"scroll","background-type":"","background-media":"","overlay-type":"","overlay-color":"","overlay-opacity":"","overlay-gradient":""},"tablet":{"background-color":"var(--ast-global-color-5)","background-image":"","background-repeat":"repeat","background-position":"center center","background-size":"auto","background-attachment":"scroll","background-type":"","background-media":"","overlay-type":"","overlay-color":"","overlay-opacity":"","overlay-gradient":""},"mobile":{"background-color":"var(--ast-global-color-5)","background-image":"","background-repeat":"repeat","background-position":"center center","background-size":"auto","background-attachment":"scroll","background-type":"","background-media":"","overlay-type":"","overlay-color":"","overlay-opacity":"","overlay-gradient":""}}},"product_brand":[],"product_cat":[113],"product_tag":[],"class_list":{"0":"post-9096","1":"product","2":"type-product","3":"status-publish","4":"has-post-thumbnail","6":"product_cat-filtre-a-poussiere","7":"desktop-align-left","8":"tablet-align-left","9":"mobile-align-left","11":"first","12":"instock","13":"shipping-taxable","14":"product-type-simple"},"_links":{"self":[{"href":"https:\/\/www.zonelenviro.com\/fr\/wp-json\/wp\/v2\/product\/9096","targetHints":{"allow":["GET"]}}],"collection":[{"href":"https:\/\/www.zonelenviro.com\/fr\/wp-json\/wp\/v2\/product"}],"about":[{"href":"https:\/\/www.zonelenviro.com\/fr\/wp-json\/wp\/v2\/types\/product"}],"version-history":[{"count":0,"href":"https:\/\/www.zonelenviro.com\/fr\/wp-json\/wp\/v2\/product\/9096\/revisions"}],"wp:featuredmedia":[{"embeddable":true,"href":"https:\/\/www.zonelenviro.com\/fr\/wp-json\/wp\/v2\/media\/9097"}],"wp:attachment":[{"href":"https:\/\/www.zonelenviro.com\/fr\/wp-json\/wp\/v2\/media?parent=9096"}],"wp:term":[{"taxonomy":"product_brand","embeddable":true,"href":"https:\/\/www.zonelenviro.com\/fr\/wp-json\/wp\/v2\/product_brand?post=9096"},{"taxonomy":"product_cat","embeddable":true,"href":"https:\/\/www.zonelenviro.com\/fr\/wp-json\/wp\/v2\/product_cat?post=9096"},{"taxonomy":"product_tag","embeddable":true,"href":"https:\/\/www.zonelenviro.com\/fr\/wp-json\/wp\/v2\/product_tag?post=9096"}],"curies":[{"name":"wp","href":"https:\/\/api.w.org\/{rel}","templated":true}]}}