{"id":9114,"date":"2024-03-19T14:17:58","date_gmt":"2024-03-19T06:17:58","guid":{"rendered":"https:\/\/www.zonelenviro.com\/boitier-de-filtre-a-manches-a-jet-pulse-depoussiereur-a-manches\/"},"modified":"2026-03-31T13:37:18","modified_gmt":"2026-03-31T05:37:18","slug":"boitier-de-filtre-a-manches-a-jet-pulse-depoussiereur-a-manches","status":"publish","type":"product","link":"https:\/\/www.zonelenviro.com\/fr\/boitier-de-filtre-a-manches-a-jet-pulse-depoussiereur-a-manches\/","title":{"rendered":"Bo\u00eetier de filtre \u00e0 manches \u00e0 jet puls\u00e9, d\u00e9poussi\u00e9reur \u00e0 manches"},"content":{"rendered":"<p><strong>Bo\u00eetier de sac filtrant \u00e0 jet puls\u00e9 pour la d\u00e9poussi\u00e9rage<\/strong><\/p>\n<p><img fetchpriority=\"high\" decoding=\"async\" class=\"alignnone size-full wp-image-1346\" src=\"https:\/\/www.zonelenviro.com\/wp-content\/uploads\/2024\/03\/bag-filter-drawing.gif\" alt=\"\" width=\"488\" height=\"538\" \/><\/p>\n<p><b>Pr\u00e9sentation g\u00e9n\u00e9rale du b\u00e2timent de filtration sur sacs<\/b><b><br \/>\n<\/b><span style=\"font-weight: 400;\">Le filtre \u00e0 manches est utilis\u00e9 dans presque tous les types d&#8217;industries pour aider \u00e0 contr\u00f4ler la pollution de l&#8217;air. Selon les diff\u00e9rentes m\u00e9thodes de purge, le d\u00e9poussi\u00e9reur \u00e0 filtre \u00e0 manches peut \u00eatre divis\u00e9 en bo\u00eetier de filtre \u00e0 manches \u00e0 jet puls\u00e9 ; filtre \u00e0 air \u00e0 soufflage invers\u00e9 ; d\u00e9poussi\u00e9reur \u00e0 purge m\u00e9canique par vibration, etc.<\/span><\/p>\n<p><span style=\"font-weight: 400;\">Selon le sens de collecte des poussi\u00e8res, les d\u00e9poussi\u00e9reurs \u00e0 manches peuvent \u00eatre class\u00e9s en deux cat\u00e9gories\u00a0: les syst\u00e8mes \u00e0 filtration interne (la poussi\u00e8re est collect\u00e9e \u00e0 l\u2019int\u00e9rieur des manches filtrantes) et les syst\u00e8mes \u00e0 filtration externe (la poussi\u00e8re est collect\u00e9e \u00e0 l\u2019ext\u00e9rieur des manches filtrantes). Selon le nombre de chambres, on distingue les d\u00e9poussi\u00e9reurs \u00e0 manches \u00e0 une seule chambre et les syst\u00e8mes \u00e0 manches \u00e0 plusieurs chambres. Enfin, selon le mode de purge, on distingue les d\u00e9poussi\u00e9reurs \u00e0 purge en ligne (la filtration se poursuit lorsque le syst\u00e8me de purge est activ\u00e9) et les d\u00e9poussi\u00e9reurs \u00e0 purge hors ligne (la filtration s\u2019arr\u00eate lorsque le syst\u00e8me de purge est activ\u00e9). Bien que la construction des d\u00e9poussi\u00e9reurs varie, leur principe de fonctionnement reste le m\u00eame\u00a0: retenir les particules de poussi\u00e8re gr\u00e2ce aux manches filtrantes avant leur rejet dans l\u2019atmosph\u00e8re. Le choix d\u2019un syst\u00e8me de filtration adapt\u00e9 est donc crucial pour toute production.<\/span><\/p>\n<p><span style=\"font-weight: 400;\">Gr\u00e2ce \u00e0 leurs caract\u00e9ristiques, les filtres \u00e0 manches \u00e0 jet d&#8217;air puls\u00e9 conviennent \u00e0 presque toutes les situations de d\u00e9bit d&#8217;air \u00e9lev\u00e9, d&#8217;humidit\u00e9 \u00e9lev\u00e9e, de temp\u00e9rature \u00e9lev\u00e9e, de corrosion, d&#8217;\u00e9missions extr\u00eamement faibles, de vitesse de filtration \u00e9lev\u00e9e, etc. Ils peuvent g\u00e9rer des conditions de travail tr\u00e8s complexes, sont faciles \u00e0 entretenir et ont une longue dur\u00e9e de vie. Leur vitesse de filtration plus \u00e9lev\u00e9e et leurs \u00e9missions plus faibles en font l&#8217;un des syst\u00e8mes de filtration de poussi\u00e8re les plus populaires pour les applications industrielles.<\/span><\/p>\n<p><span style=\"font-weight: 400;\">Le syst\u00e8me de d\u00e9poussi\u00e9rage \u00e0 sac \u00e0 jet d&#8217;air puls\u00e9 est principalement compos\u00e9 d&#8217;une entr\u00e9e d&#8217;air poussi\u00e9reux et d&#8217;un r\u00e9servoir de filtration inf\u00e9rieur (l&#8217;air poussi\u00e9reux p\u00e9n\u00e8tre dans le d\u00e9poussi\u00e9reur et est filtr\u00e9 par<\/span><a href=\"https:\/\/www.zonelenviro.com\/dustfilterbag.html\"><span style=\"font-weight: 400;\">sacs filtrants \u00e0 poussi\u00e8re<\/span><\/a><span style=\"font-weight: 400;\">dans ce r\u00e9servoir ou bo\u00eetier), tr\u00e9mie, syst\u00e8me d&#8217;\u00e9vacuation des poussi\u00e8res, et le bac \u00e0 poussi\u00e8res du d\u00e9poussi\u00e9reur \u00e0 manches, r\u00e9servoir de filtre sup\u00e9rieur (l&#8217;air propre filtr\u00e9 sortira par cette partie du d\u00e9poussi\u00e9reur \u00e0 manches), souffleur\/ventilateur du d\u00e9poussi\u00e9reur (pour prot\u00e9ger la turbine du ventilateur, le souffleur du d\u00e9poussi\u00e9reur est toujours install\u00e9 en aval du filtre du d\u00e9poussi\u00e9reur), ainsi que l&#8217;armoire \u00e9lectronique pour le contr\u00f4le du syst\u00e8me de filtration d&#8217;air, ainsi que la plateforme de maintenance et la barri\u00e8re, etc.<\/span><\/p>\n<p><b>Les propri\u00e9t\u00e9s des maisons \u00e0 filtres \u00e0 manches<\/b><b><br \/>\n<\/b><span style=\"font-weight: 400;\">A. Supporte un d\u00e9bit d&#8217;air plus \u00e9lev\u00e9 ; en principe, nous recommandons un rapport air\/tissu de 1,2 m\/min, mais certains petits bo\u00eetiers de filtre \u00e0 sac peuvent fonctionner jusqu&#8217;\u00e0 5 m\/min. Compar\u00e9 aux syst\u00e8mes de filtration \u00e0 sac \u00e0 soufflage invers\u00e9 avec un rapport air\/tissu d&#8217;environ 0,8 m\/min, voire moins, la vitesse de filtration de l&#8217;air pour les filtres \u00e0 poussi\u00e8re \u00e0 sac \u00e0 jet puls\u00e9 est beaucoup plus \u00e9lev\u00e9e, ce qui contribue \u00e0 r\u00e9duire l&#8217;investissement dans les syst\u00e8mes de contr\u00f4le de la poussi\u00e8re.<\/span><span style=\"font-weight: 400;\"><br \/>\n<\/span><span style=\"font-weight: 400;\">B. Peut \u00eatre utilis\u00e9 pour filtrer l&#8217;air poussi\u00e9reux \u00e0 forte humidit\u00e9. Gr\u00e2ce \u00e0 la conception de la machine de d\u00e9poussi\u00e9rage \u00e0 sac, le sac filtrant est cousu ou soud\u00e9, sans colle interne. Ainsi, m\u00eame en milieu humide, un traitement de finition ad\u00e9quat pr\u00e9serve ses propri\u00e9t\u00e9s et garantit un fonctionnement optimal du syst\u00e8me de filtration.<\/span><span style=\"font-weight: 400;\"><br \/>\n<\/span><span style=\"font-weight: 400;\">C. Convient pour l&#8217;\u00e9limination des poussi\u00e8res \u00e0 haute temp\u00e9rature ! Gr\u00e2ce \u00e0 la modification des mat\u00e9riaux des \u00e9l\u00e9ments filtrants, la temp\u00e9rature de fonctionnement peut atteindre 280 \u00b0C.<\/span><span style=\"font-weight: 400;\"><br \/>\n<\/span><span style=\"font-weight: 400;\">D. Peut \u00eatre utilis\u00e9 dans des environnements corrosifs ; diff\u00e9rents mat\u00e9riaux filtrants pour les sacs filtrants des d\u00e9poussi\u00e9reurs peuvent \u00eatre choisis.<\/span><span style=\"font-weight: 400;\"><br \/>\n<\/span><span style=\"font-weight: 400;\">E. Maintenance facile : l&#8217;entretien g\u00e9n\u00e9ral et le changement des sacs filtrants ne n\u00e9cessitent aucune manipulation dans un espace clos, ce qui ne pr\u00e9sente aucun risque pour la sant\u00e9 des op\u00e9rateurs.<\/span><span style=\"font-weight: 400;\"><br \/>\n<\/span><span style=\"font-weight: 400;\">F.faibles \u00e9missions, le taux d&#8217;\u00e9mission des filtres \u00e0 sac puls\u00e9 peut \u00eatre contr\u00f4l\u00e9 \u00e0 moins de 5 mg\/Nm3.<\/span><span style=\"font-weight: 400;\"><br \/>\n<\/span><span style=\"font-weight: 400;\">G. Gr\u00e2ce \u00e0 son syst\u00e8me de purge par jet d&#8217;air puls\u00e9 de conception optimale, le nettoyage est facile et parfait.<\/span><\/p>\n<p><b>Applications<\/b><b><br \/>\n<\/b><span style=\"font-weight: 400;\">Pour le traitement de l&#8217;air poussi\u00e9reux dans les centrales \u00e9lectriques (d\u00e9poussi\u00e9reur dans les centrales thermiques, tel que le filtre d&#8217;entr\u00e9e d&#8217;air de la turbine), le traitement des m\u00e9taux (polissage des accessoires m\u00e9talliques, m\u00e9tallurgie, etc., tel que le d\u00e9poussi\u00e9reur d&#8217;aluminium), les mines, les cimenteries (telles que les d\u00e9poussi\u00e9reurs \u00e0 manches ou les filtres \u00e0 ciment sp\u00e9cialement con\u00e7us), les industries c\u00e9ramiques, les industries du noir de carbone, les industries pharmaceutiques, les industries agroalimentaires, les usines chimiques, les industries de la pulv\u00e9risation \u00e0 air chaud, les industries du caoutchouc, les industries des batteries, les usines de m\u00e9lange de mat\u00e9riaux et autres applications de traitement de poudres, etc.<\/span><\/p>\n<p><span style=\"font-weight: 400;\">Zonel Filtech, l&#8217;un des fournisseurs les plus professionnels de d\u00e9poussi\u00e9reurs \u00e0 jet d&#8217;air puls\u00e9, dot\u00e9 d&#8217;une usine de production de filtres \u00e0 air et de machines de traitement modernis\u00e9es, peut concevoir et personnaliser les d\u00e9poussi\u00e9reurs selon les exigences du client\u00a0!<\/span><\/p>\n<p><b>Les param\u00e8tres typiques<\/b><\/p>\n<p><img decoding=\"async\" class=\"alignnone size-full wp-image-1349\" src=\"https:\/\/www.zonelenviro.com\/wp-content\/uploads\/2024\/03\/filter-bag-housing-data.png\" alt=\"\" width=\"1756\" height=\"604\" \/><\/p>\n","protected":false},"excerpt":{"rendered":"<p>Le bo\u00eetier de filtre \u00e0 manches \u00e0 jet puls\u00e9 est l&#8217;un des principaux produits de Zonel Filtech. Il comprend le bo\u00eetier principal du filtre (avec la manche filtrante, la cage de support de la manche, la plaque tubulaire, le r\u00e9servoir et la tr\u00e9mie, le dispositif de d\u00e9chargement des poussi\u00e8res, etc.), le syst\u00e8me de purge (avec le r\u00e9servoir d&#8217;air comprim\u00e9, le sac \u00e0 air, la vanne \u00e0 jet puls\u00e9, le tuyau de soufflage, etc.), le syst\u00e8me de ventilation (comprenant le ventilateur avec moteur, le silencieux, etc.), le syst\u00e8me de commande (commande par API) et ainsi de suite.<\/p>\n<p>Zonel Filtech peut aider \u00e0 concevoir des caissons de filtres \u00e0 manches adapt\u00e9s aux conditions de travail chez le client, et peut \u00e9galement les aider \u00e0 concevoir le trac\u00e9 de la conduite d&#8217;aspiration afin de garantir un fonctionnement optimal de l&#8217;ensemble du syst\u00e8me de filtration.<\/p>\n<p>Notre gamme de caissons pour filtres \u00e0 manches comprend des mod\u00e8les standard, des mod\u00e8les r\u00e9sistants aux hautes temp\u00e9ratures, des mod\u00e8les anti-explosion, des mod\u00e8les pour silos, etc. Si vous avez besoin d&#8217;aide, n&#8217;h\u00e9sitez pas \u00e0 contacter Zonel Filtech !<\/p>\n","protected":false},"featured_media":9115,"template":"","meta":{"site-sidebar-layout":"default","site-content-layout":"","ast-site-content-layout":"default","site-content-style":"default","site-sidebar-style":"default","ast-global-header-display":"","ast-banner-title-visibility":"","ast-main-header-display":"","ast-hfb-above-header-display":"","ast-hfb-below-header-display":"","ast-hfb-mobile-header-display":"","site-post-title":"","ast-breadcrumbs-content":"","ast-featured-img":"","footer-sml-layout":"","theme-transparent-header-meta":"default","adv-header-id-meta":"","stick-header-meta":"","header-above-stick-meta":"","header-main-stick-meta":"","header-below-stick-meta":"","astra-migrate-meta-layouts":"set","ast-page-background-enabled":"default","ast-page-background-meta":{"desktop":{"background-color":"","background-image":"","background-repeat":"repeat","background-position":"center center","background-size":"auto","background-attachment":"scroll","background-type":"","background-media":"","overlay-type":"","overlay-color":"","overlay-opacity":"","overlay-gradient":""},"tablet":{"background-color":"","background-image":"","background-repeat":"repeat","background-position":"center center","background-size":"auto","background-attachment":"scroll","background-type":"","background-media":"","overlay-type":"","overlay-color":"","overlay-opacity":"","overlay-gradient":""},"mobile":{"background-color":"","background-image":"","background-repeat":"repeat","background-position":"center center","background-size":"auto","background-attachment":"scroll","background-type":"","background-media":"","overlay-type":"","overlay-color":"","overlay-opacity":"","overlay-gradient":""}},"ast-content-background-meta":{"desktop":{"background-color":"var(--ast-global-color-5)","background-image":"","background-repeat":"repeat","background-position":"center center","background-size":"auto","background-attachment":"scroll","background-type":"","background-media":"","overlay-type":"","overlay-color":"","overlay-opacity":"","overlay-gradient":""},"tablet":{"background-color":"var(--ast-global-color-5)","background-image":"","background-repeat":"repeat","background-position":"center center","background-size":"auto","background-attachment":"scroll","background-type":"","background-media":"","overlay-type":"","overlay-color":"","overlay-opacity":"","overlay-gradient":""},"mobile":{"background-color":"var(--ast-global-color-5)","background-image":"","background-repeat":"repeat","background-position":"center center","background-size":"auto","background-attachment":"scroll","background-type":"","background-media":"","overlay-type":"","overlay-color":"","overlay-opacity":"","overlay-gradient":""}}},"product_brand":[],"product_cat":[113],"product_tag":[],"class_list":{"0":"post-9114","1":"product","2":"type-product","3":"status-publish","4":"has-post-thumbnail","6":"product_cat-filtre-a-poussiere","7":"desktop-align-left","8":"tablet-align-left","9":"mobile-align-left","11":"first","12":"instock","13":"shipping-taxable","14":"product-type-simple"},"_links":{"self":[{"href":"https:\/\/www.zonelenviro.com\/fr\/wp-json\/wp\/v2\/product\/9114","targetHints":{"allow":["GET"]}}],"collection":[{"href":"https:\/\/www.zonelenviro.com\/fr\/wp-json\/wp\/v2\/product"}],"about":[{"href":"https:\/\/www.zonelenviro.com\/fr\/wp-json\/wp\/v2\/types\/product"}],"version-history":[{"count":0,"href":"https:\/\/www.zonelenviro.com\/fr\/wp-json\/wp\/v2\/product\/9114\/revisions"}],"wp:featuredmedia":[{"embeddable":true,"href":"https:\/\/www.zonelenviro.com\/fr\/wp-json\/wp\/v2\/media\/9115"}],"wp:attachment":[{"href":"https:\/\/www.zonelenviro.com\/fr\/wp-json\/wp\/v2\/media?parent=9114"}],"wp:term":[{"taxonomy":"product_brand","embeddable":true,"href":"https:\/\/www.zonelenviro.com\/fr\/wp-json\/wp\/v2\/product_brand?post=9114"},{"taxonomy":"product_cat","embeddable":true,"href":"https:\/\/www.zonelenviro.com\/fr\/wp-json\/wp\/v2\/product_cat?post=9114"},{"taxonomy":"product_tag","embeddable":true,"href":"https:\/\/www.zonelenviro.com\/fr\/wp-json\/wp\/v2\/product_tag?post=9114"}],"curies":[{"name":"wp","href":"https:\/\/api.w.org\/{rel}","templated":true}]}}