{"id":9153,"date":"2024-03-19T14:49:54","date_gmt":"2024-03-19T06:49:54","guid":{"rendered":"https:\/\/www.zonelenviro.com\/filtre-a-air-de-poche-pour-systeme-cvc\/"},"modified":"2026-03-31T14:18:57","modified_gmt":"2026-03-31T06:18:57","slug":"filtre-a-air-de-poche-pour-systeme-cvc","status":"publish","type":"product","link":"https:\/\/www.zonelenviro.com\/fr\/filtre-a-air-de-poche-pour-systeme-cvc\/","title":{"rendered":"Filtre \u00e0 air de poche pour syst\u00e8me CVC"},"content":{"rendered":"<p><strong>Pr\u00e9sentation g\u00e9n\u00e9rale des filtres \u00e0 air \u00e0 poches<\/strong><\/p>\n<p>Les filtres \u00e0 poches peuvent \u00eatre fabriqu\u00e9s \u00e0 partir de mat\u00e9riaux synth\u00e9tiques ou de m\u00e9dias en fibres synth\u00e9tiques m\u00e9lang\u00e9s \u00e0 du carton actif, ainsi qu&#8217;\u00e0 partir de mat\u00e9riaux en fibre de verre, avec diff\u00e9rentes efficacit\u00e9s de filtration, principalement de F5 \u00e0 F9 (CRAA 430), de EU5 \u00e0 EU9 (EN779) ou de MERV9 \u00e0 MERV15 (ASHRAE). Selon le processus de comptage moyen des particules (0,4 micron), des rendements allant de 40 % \u00e0 95 % sont disponibles.<br \/>\nLes filtres \u00e0 poches sont souvent install\u00e9s dans les syst\u00e8mes CVC, d&#8217;o\u00f9 leur appellation de \u00ab filtres \u00e0 air \u00e0 poches CVC \u00bb. Ils sont con\u00e7us pour des applications industrielles et commerciales, ainsi que pour un usage r\u00e9sidentiel, afin d&#8217;am\u00e9liorer la qualit\u00e9 de l&#8217;air int\u00e9rieur. Parfois, le filtre \u00e0 poches peut \u00eatre utilis\u00e9 pour le premier \u00e9tage des syst\u00e8mes CVC, mais il est le plus souvent utilis\u00e9 comme filtre secondaire ou final derri\u00e8re un filtre primaire pliss\u00e9.<br \/>\nLe mat\u00e9riau utilis\u00e9 pour le filtre \u00e0 poches est un non-tiss\u00e9 pr\u00e9sentant l&#8217;efficacit\u00e9 de filtration requise. Afin d&#8217;am\u00e9liorer la capacit\u00e9 de r\u00e9tention de poussi\u00e8re et de r\u00e9duire la r\u00e9sistance \u00e0 l&#8217;\u00e9coulement d&#8217;air, les poches du filtre sont divis\u00e9es en plusieurs petits compartiments. L&#8217;ensemble du mat\u00e9riau synth\u00e9tique est scell\u00e9 par thermosoudage, tandis que la fibre de verre est cousue \u00e0 l&#8217;aide d&#8217;un fil \u00e0 coudre ; les coutures sont toutefois scell\u00e9es \u00e0 l&#8217;aide d&#8217;un thermoplastique afin de garantir l&#8217;efficacit\u00e9 de filtration conform\u00e9ment aux sp\u00e9cifications requises.<\/p>\n<p><strong>Caract\u00e9ristiques des filtres \u00e0 poches :<\/strong><\/p>\n<p>1. Les dimensions standard du cadre pour le filtre \u00e0 air \u00e0 poches sont de 24 x 24 pouces et de 12 x 24 pouces, mais il est possible de personnaliser la conception.<br \/>\n2. La profondeur des poches pour les filtres \u00e0 air \u00e0 poches varie g\u00e9n\u00e9ralement entre 300 et 750 mm ; toutes peuvent \u00eatre personnalis\u00e9es.<br \/>\n3. Le nombre de sachets par filtre varie g\u00e9n\u00e9ralement entre 3 et 8 ; des quantit\u00e9s sp\u00e9cifiques peuvent \u00eatre personnalis\u00e9es.<br \/>\n4. Le mat\u00e9riau du cadre peut \u00eatre de l&#8217;acier galvanis\u00e9 (G.I.), de l&#8217;acier inoxydable, de l&#8217;aluminium, du plastique, etc.<br \/>\n5. Nos filtres \u00e0 poches, dont l&#8217;efficacit\u00e9 de filtration est quasi totale, peuvent r\u00e9pondre \u00e0 pratiquement toutes vos applications ; chaque filtre CVC \u00e0 poches que nous vous proposons est soumis \u00e0 un contr\u00f4le minutieux.<br \/>\n6. Grande capacit\u00e9 de r\u00e9tention de poussi\u00e8re, faible r\u00e9sistance initiale, longue dur\u00e9e de vie.<\/p>\n<p><strong>Applications des filtres \u00e0 air \u00e0 poches<\/strong><br \/>\nPour l&#8217;am\u00e9lioration de la qualit\u00e9 de l&#8217;air int\u00e9rieur, ils sont utilis\u00e9s avec les syst\u00e8mes CVC dans des environnements tels que : les garages automobiles, les centres de donn\u00e9es, les usines agroalimentaires, les usines d&#8217;\u00e9lectronique, les usines pharmaceutiques, les usines de fibres chimiques, les \u00e9coles, les th\u00e9\u00e2tres, les h\u00f4pitaux, les laboratoires, etc.<\/p>\n<p><img fetchpriority=\"high\" decoding=\"async\" class=\"alignnone size-full wp-image-1380\" src=\"https:\/\/www.zonelenviro.com\/wp-content\/uploads\/2024\/03\/Filter-efficiency-compare-from-different-standards.png\" alt=\"\" width=\"1556\" height=\"844\" \/><\/p>\n","protected":false},"excerpt":{"rendered":"<p>Les filtres \u00e0 poches peuvent \u00eatre fabriqu\u00e9s \u00e0 partir de mat\u00e9riaux synth\u00e9tiques, de m\u00e9dias en fibres synth\u00e9tiques m\u00e9lang\u00e9s \u00e0 du carton actif, ou encore de mat\u00e9riaux en fibre de verre, offrant divers degr\u00e9s d&#8217;efficacit\u00e9 de filtration, principalement compris entre F5 et F9 (CRAA 430), EU5 et EU9 (EN779) ou MERV9 et MERV15 (ASHRAE).<\/p>\n<p>Les filtres \u00e0 poches sont souvent install\u00e9s dans les syst\u00e8mes CVC ; on les appelle donc aussi \u00ab filtres \u00e0 air \u00e0 poches pour syst\u00e8mes CVC \u00bb. Ils sont con\u00e7us pour des applications industrielles et commerciales, mais aussi pour un usage r\u00e9sidentiel, afin d&#8217;am\u00e9liorer la qualit\u00e9 de l&#8217;air int\u00e9rieur. Parfois, ces filtres \u00e0 poches peuvent \u00eatre utilis\u00e9s comme premier \u00e9tage dans les syst\u00e8mes CVC, mais ils servent le plus souvent de filtre secondaire ou final, plac\u00e9s en aval d&#8217;un filtre primaire pliss\u00e9.<\/p>\n<p>Les filtres \u00e0 poches sont souvent install\u00e9s dans les syst\u00e8mes CVC ; on les appelle donc aussi \u00ab filtres \u00e0 air \u00e0 poches pour syst\u00e8mes CVC \u00bb. Ils sont con\u00e7us pour des applications industrielles et commerciales, mais aussi pour un usage r\u00e9sidentiel, afin d&#8217;am\u00e9liorer la qualit\u00e9 de l&#8217;air int\u00e9rieur. Parfois, ces filtres \u00e0 poches peuvent \u00eatre utilis\u00e9s comme premier \u00e9tage dans les syst\u00e8mes CVC, mais ils servent le plus souvent de filtre secondaire ou final, plac\u00e9s en aval d&#8217;un filtre primaire pliss\u00e9.Le mat\u00e9riau utilis\u00e9 pour les poches filtrantes est un non-tiss\u00e9 pr\u00e9sentant l&#8217;efficacit\u00e9 de filtration requise. Afin d&#8217;am\u00e9liorer la capacit\u00e9 de r\u00e9tention de poussi\u00e8re et de r\u00e9duire la r\u00e9sistance \u00e0 l&#8217;\u00e9coulement d&#8217;air, les poches filtrantes sont divis\u00e9es en plusieurs petits compartiments. L&#8217;ensemble du mat\u00e9riau synth\u00e9tique est scell\u00e9 par thermosoudage, tandis que la fibre de verre est cousue \u00e0 l&#8217;aide d&#8217;un fil \u00e0 coudre ; les coutures sont toutefois scell\u00e9es \u00e0 l&#8217;aide d&#8217;un thermoplastique afin de garantir l&#8217;efficacit\u00e9 de filtration conform\u00e9ment aux sp\u00e9cifications requises.<\/p>\n","protected":false},"featured_media":9160,"template":"","meta":{"site-sidebar-layout":"default","site-content-layout":"","ast-site-content-layout":"default","site-content-style":"default","site-sidebar-style":"default","ast-global-header-display":"","ast-banner-title-visibility":"","ast-main-header-display":"","ast-hfb-above-header-display":"","ast-hfb-below-header-display":"","ast-hfb-mobile-header-display":"","site-post-title":"","ast-breadcrumbs-content":"","ast-featured-img":"","footer-sml-layout":"","theme-transparent-header-meta":"default","adv-header-id-meta":"","stick-header-meta":"","header-above-stick-meta":"","header-main-stick-meta":"","header-below-stick-meta":"","astra-migrate-meta-layouts":"set","ast-page-background-enabled":"default","ast-page-background-meta":{"desktop":{"background-color":"","background-image":"","background-repeat":"repeat","background-position":"center center","background-size":"auto","background-attachment":"scroll","background-type":"","background-media":"","overlay-type":"","overlay-color":"","overlay-opacity":"","overlay-gradient":""},"tablet":{"background-color":"","background-image":"","background-repeat":"repeat","background-position":"center center","background-size":"auto","background-attachment":"scroll","background-type":"","background-media":"","overlay-type":"","overlay-color":"","overlay-opacity":"","overlay-gradient":""},"mobile":{"background-color":"","background-image":"","background-repeat":"repeat","background-position":"center center","background-size":"auto","background-attachment":"scroll","background-type":"","background-media":"","overlay-type":"","overlay-color":"","overlay-opacity":"","overlay-gradient":""}},"ast-content-background-meta":{"desktop":{"background-color":"var(--ast-global-color-5)","background-image":"","background-repeat":"repeat","background-position":"center center","background-size":"auto","background-attachment":"scroll","background-type":"","background-media":"","overlay-type":"","overlay-color":"","overlay-opacity":"","overlay-gradient":""},"tablet":{"background-color":"var(--ast-global-color-5)","background-image":"","background-repeat":"repeat","background-position":"center center","background-size":"auto","background-attachment":"scroll","background-type":"","background-media":"","overlay-type":"","overlay-color":"","overlay-opacity":"","overlay-gradient":""},"mobile":{"background-color":"var(--ast-global-color-5)","background-image":"","background-repeat":"repeat","background-position":"center center","background-size":"auto","background-attachment":"scroll","background-type":"","background-media":"","overlay-type":"","overlay-color":"","overlay-opacity":"","overlay-gradient":""}}},"product_brand":[],"product_cat":[113],"product_tag":[],"class_list":{"0":"post-9153","1":"product","2":"type-product","3":"status-publish","4":"has-post-thumbnail","6":"product_cat-filtre-a-poussiere","7":"desktop-align-left","8":"tablet-align-left","9":"mobile-align-left","11":"first","12":"instock","13":"shipping-taxable","14":"product-type-simple"},"_links":{"self":[{"href":"https:\/\/www.zonelenviro.com\/fr\/wp-json\/wp\/v2\/product\/9153","targetHints":{"allow":["GET"]}}],"collection":[{"href":"https:\/\/www.zonelenviro.com\/fr\/wp-json\/wp\/v2\/product"}],"about":[{"href":"https:\/\/www.zonelenviro.com\/fr\/wp-json\/wp\/v2\/types\/product"}],"version-history":[{"count":0,"href":"https:\/\/www.zonelenviro.com\/fr\/wp-json\/wp\/v2\/product\/9153\/revisions"}],"wp:featuredmedia":[{"embeddable":true,"href":"https:\/\/www.zonelenviro.com\/fr\/wp-json\/wp\/v2\/media\/9160"}],"wp:attachment":[{"href":"https:\/\/www.zonelenviro.com\/fr\/wp-json\/wp\/v2\/media?parent=9153"}],"wp:term":[{"taxonomy":"product_brand","embeddable":true,"href":"https:\/\/www.zonelenviro.com\/fr\/wp-json\/wp\/v2\/product_brand?post=9153"},{"taxonomy":"product_cat","embeddable":true,"href":"https:\/\/www.zonelenviro.com\/fr\/wp-json\/wp\/v2\/product_cat?post=9153"},{"taxonomy":"product_tag","embeddable":true,"href":"https:\/\/www.zonelenviro.com\/fr\/wp-json\/wp\/v2\/product_tag?post=9153"}],"curies":[{"name":"wp","href":"https:\/\/api.w.org\/{rel}","templated":true}]}}