{"id":9203,"date":"2024-03-19T15:25:34","date_gmt":"2024-03-19T07:25:34","guid":{"rendered":"https:\/\/www.zonelenviro.com\/feutre-aiguillete-en-acrylique-homopolymere-feutre-aiguillete-en-acrylique-tissu-filtrant-et-sacs-filtrants-en-feutre-aiguillete-de-polyacrylonitrile-pan\/"},"modified":"2026-03-31T14:51:18","modified_gmt":"2026-03-31T06:51:18","slug":"feutre-aiguillete-acrylique","status":"publish","type":"product","link":"https:\/\/www.zonelenviro.com\/fr\/feutre-aiguillete-acrylique\/","title":{"rendered":"Feutre aiguillet\u00e9 en acrylique homopolym\u00e8re \/ Feutre aiguillet\u00e9 en acrylique \/ Tissu filtrant et sacs filtrants en feutre aiguillet\u00e9 de polyacrylonitrile (PAN)"},"content":{"rendered":"<p><strong>Feutre aiguillet\u00e9 en homopolym\u00e8re acrylique \/ Feutre aiguillet\u00e9 acrylique \/ Feutre aiguillet\u00e9 en polyacrylonitrile (tissu filtrant en feutre aiguillet\u00e9 PAN), Sacs filtrants en acrylique<\/strong><\/p>\n<p><strong>Pr\u00e9sentation g\u00e9n\u00e9rale du tissu filtrant en feutre aiguillet\u00e9 acrylique :<\/strong><br \/>\nLe feutre aiguillet\u00e9 en homopolym\u00e8re acrylique \/ feutre aiguillet\u00e9 acrylique \/ feutre aiguillet\u00e9 en polyacrylonitrile (tissu filtrant en feutre aiguillet\u00e9 PAN), r\u00e9put\u00e9 pour sa r\u00e9sistance \u00e0 l&#8217;hydrolyse, a fait l&#8217;objet de recherches et de d\u00e9veloppements men\u00e9s par ZONEL FILTECH afin de cr\u00e9er un tissu filtrant PAN sp\u00e9cialement con\u00e7u pour la d\u00e9poussi\u00e9rage.<br \/>\nLa fibre acrylique, dont les dimensions sont personnalis\u00e9es apr\u00e8s avoir \u00e9t\u00e9 aiguillet\u00e9e dans le feutre, est trait\u00e9e avec un rev\u00eatement hydrofuge et ol\u00e9ofuge ou lamin\u00e9e avec une membrane en PTFE afin d&#8217;assurer une filtration optimale. Ce traitement permet d&#8217;\u00e9viter le colmatage des sacs filtrants, de r\u00e9duire les \u00e9missions de poussi\u00e8re et de prolonger leur dur\u00e9e de vie.<br \/>\nLes sacs filtrants en acrylique de Zonel Filtech sont \u00e9quip\u00e9s d&#8217;anneaux sup\u00e9rieurs en acier inoxydable 304 et de fil \u00e0 coudre en PTFE sp\u00e9cialement trait\u00e9, ce qui garantit d&#8217;excellentes performances. Si vous avez besoin d&#8217;aide de la part de Zonel Filtech, n&#8217;h\u00e9sitez pas \u00e0 nous contacter !<\/p>\n<p><strong>Produits associ\u00e9s :<\/strong><br \/>\nToile filtrante et sac filtrant en feutre aiguillet\u00e9 de polyester<br \/>\nToile filtrante et sac filtrant en feutre aiguillet\u00e9 de polyester antistatique<\/p>\n<p><strong>Caract\u00e9ristiques techniques du tissu filtrant en feutre aiguillet\u00e9 acrylique<\/strong><br \/>\nMat\u00e9riaux disponibles : fibre acrylique + canevas acrylique<br \/>\nGrammage : 350~650 g\/m\u00b2<br \/>\nR\u00e9sistance \u00e0 la traction : Cha\u00eene : &gt;850 N\/5 cm ; Trame :&gt; 950 N\/5 cm<br \/>\nTemp\u00e9rature de service : en continu : &lt;125 \u00b0C ; Pics : 140 \u2103<br \/>\nTraitements de surface au choix : flamb\u00e9 et glac\u00e9, thermofix\u00e9, hydrofuge et ol\u00e9ofuge, bain de suspension PTFE, membrane PTFE.<\/p>\n<p><strong>Propri\u00e9t\u00e9s de la toile filtrante en feutre aiguillet\u00e9 acrylique<\/strong><br \/>\n1. Caract\u00e9ristiques m\u00e9caniques \u00e9lev\u00e9es<br \/>\n2. Excellente r\u00e9sistance \u00e0 l&#8217;hydrolyse<br \/>\n3. Stabilit\u00e9 thermique optimale aussi bien \u00e0 sec qu&#8217;\u00e0 l&#8217;\u00e9tat humide<br \/>\n4. R\u00e9sistance optimale aux agents chimiques<br \/>\n5. R\u00e9sistance exceptionnelle \u00e0 la lumi\u00e8re, aux intemp\u00e9ries, \u00e0 la moisissure et aux bact\u00e9ries.<\/p>\n<p><strong>Principales applications de la toile filtrante en acrylique<\/strong><br \/>\n1. Traitement des produits chimiques : s\u00e9choirs dans les industries des pigments, des plastiques et des catalyseurs<br \/>\n2. Traitement des min\u00e9raux : s\u00e9choirs et broyeurs de finition dans l&#8217;industrie du ciment<br \/>\n3. Traitement des m\u00e9taux : collecteurs de proc\u00e9d\u00e9 dans les industries du plomb, des m\u00e9taux de base primaires et de la fonderie.<\/p>\n<p><strong>Zonel<\/strong><\/p>\n<p><strong>ISO9001:2015<\/strong><\/p>\n","protected":false},"excerpt":{"rendered":"<p>Feutre aiguillet\u00e9 en homopolym\u00e8re acrylique \/ Feutre aiguillet\u00e9 acrylique \/ Feutre aiguillet\u00e9 en polyacrylonitrile (tissu filtrant en feutre aiguillet\u00e9 PAN), r\u00e9put\u00e9 pour sa r\u00e9sistance \u00e0 l&#8217;hydrolyse, ZONEL FILTECH a mis au point un tissu filtrant sp\u00e9cial en PAN destin\u00e9 au d\u00e9poussi\u00e9rage.<\/p>\n<p>La fibre acrylique, dont les dimensions sont personnalis\u00e9es apr\u00e8s avoir \u00e9t\u00e9 aiguillet\u00e9e dans le feutre, offre des performances de filtration optimales. La surface est trait\u00e9e avec un rev\u00eatement hydrofuge et ol\u00e9ofuge ou lamin\u00e9e avec une membrane en PTFE, ce qui permet d&#8217;\u00e9viter le colmatage des sacs filtrants, de r\u00e9duire les \u00e9missions de poussi\u00e8re et de prolonger ainsi leur dur\u00e9e de vie.<\/p>\n<p>Les sacs filtrants en acrylique de Zonel Filtech sont \u00e9quip\u00e9s d&#8217;anneaux sup\u00e9rieurs en acier inoxydable 304 et de fil \u00e0 coudre en PTFE sp\u00e9cialement trait\u00e9, ce qui garantit d&#8217;excellentes performances. Si vous avez besoin d&#8217;aide de la part de Zonel Filtech, n&#8217;h\u00e9sitez pas \u00e0 nous contacter !<\/p>\n","protected":false},"featured_media":9204,"template":"","meta":{"site-sidebar-layout":"default","site-content-layout":"","ast-site-content-layout":"default","site-content-style":"default","site-sidebar-style":"default","ast-global-header-display":"","ast-banner-title-visibility":"","ast-main-header-display":"","ast-hfb-above-header-display":"","ast-hfb-below-header-display":"","ast-hfb-mobile-header-display":"","site-post-title":"","ast-breadcrumbs-content":"","ast-featured-img":"","footer-sml-layout":"","theme-transparent-header-meta":"default","adv-header-id-meta":"","stick-header-meta":"","header-above-stick-meta":"","header-main-stick-meta":"","header-below-stick-meta":"","astra-migrate-meta-layouts":"set","ast-page-background-enabled":"default","ast-page-background-meta":{"desktop":{"background-color":"","background-image":"","background-repeat":"repeat","background-position":"center center","background-size":"auto","background-attachment":"scroll","background-type":"","background-media":"","overlay-type":"","overlay-color":"","overlay-opacity":"","overlay-gradient":""},"tablet":{"background-color":"","background-image":"","background-repeat":"repeat","background-position":"center center","background-size":"auto","background-attachment":"scroll","background-type":"","background-media":"","overlay-type":"","overlay-color":"","overlay-opacity":"","overlay-gradient":""},"mobile":{"background-color":"","background-image":"","background-repeat":"repeat","background-position":"center center","background-size":"auto","background-attachment":"scroll","background-type":"","background-media":"","overlay-type":"","overlay-color":"","overlay-opacity":"","overlay-gradient":""}},"ast-content-background-meta":{"desktop":{"background-color":"var(--ast-global-color-5)","background-image":"","background-repeat":"repeat","background-position":"center center","background-size":"auto","background-attachment":"scroll","background-type":"","background-media":"","overlay-type":"","overlay-color":"","overlay-opacity":"","overlay-gradient":""},"tablet":{"background-color":"var(--ast-global-color-5)","background-image":"","background-repeat":"repeat","background-position":"center center","background-size":"auto","background-attachment":"scroll","background-type":"","background-media":"","overlay-type":"","overlay-color":"","overlay-opacity":"","overlay-gradient":""},"mobile":{"background-color":"var(--ast-global-color-5)","background-image":"","background-repeat":"repeat","background-position":"center center","background-size":"auto","background-attachment":"scroll","background-type":"","background-media":"","overlay-type":"","overlay-color":"","overlay-opacity":"","overlay-gradient":""}}},"product_brand":[],"product_cat":[113],"product_tag":[],"class_list":{"0":"post-9203","1":"product","2":"type-product","3":"status-publish","4":"has-post-thumbnail","6":"product_cat-filtre-a-poussiere","7":"desktop-align-left","8":"tablet-align-left","9":"mobile-align-left","11":"first","12":"instock","13":"shipping-taxable","14":"product-type-simple"},"_links":{"self":[{"href":"https:\/\/www.zonelenviro.com\/fr\/wp-json\/wp\/v2\/product\/9203","targetHints":{"allow":["GET"]}}],"collection":[{"href":"https:\/\/www.zonelenviro.com\/fr\/wp-json\/wp\/v2\/product"}],"about":[{"href":"https:\/\/www.zonelenviro.com\/fr\/wp-json\/wp\/v2\/types\/product"}],"version-history":[{"count":0,"href":"https:\/\/www.zonelenviro.com\/fr\/wp-json\/wp\/v2\/product\/9203\/revisions"}],"wp:featuredmedia":[{"embeddable":true,"href":"https:\/\/www.zonelenviro.com\/fr\/wp-json\/wp\/v2\/media\/9204"}],"wp:attachment":[{"href":"https:\/\/www.zonelenviro.com\/fr\/wp-json\/wp\/v2\/media?parent=9203"}],"wp:term":[{"taxonomy":"product_brand","embeddable":true,"href":"https:\/\/www.zonelenviro.com\/fr\/wp-json\/wp\/v2\/product_brand?post=9203"},{"taxonomy":"product_cat","embeddable":true,"href":"https:\/\/www.zonelenviro.com\/fr\/wp-json\/wp\/v2\/product_cat?post=9203"},{"taxonomy":"product_tag","embeddable":true,"href":"https:\/\/www.zonelenviro.com\/fr\/wp-json\/wp\/v2\/product_tag?post=9203"}],"curies":[{"name":"wp","href":"https:\/\/api.w.org\/{rel}","templated":true}]}}