{"id":9220,"date":"2024-03-19T15:37:33","date_gmt":"2024-03-19T07:37:33","guid":{"rendered":"https:\/\/www.zonelenviro.com\/materiau-filtrant-pour-poussieres-a-basse-et-moyenne-temperature\/"},"modified":"2026-03-31T15:10:16","modified_gmt":"2026-03-31T07:10:16","slug":"materiau-filtrant-pour-poussieres-a-basse-et-moyenne-temperature","status":"publish","type":"product","link":"https:\/\/www.zonelenviro.com\/fr\/materiau-filtrant-pour-poussieres-a-basse-et-moyenne-temperature\/","title":{"rendered":"Mat\u00e9riau filtrant pour poussi\u00e8res \u00e0 basse et moyenne temp\u00e9rature"},"content":{"rendered":"<p><b>Feutre aiguillet\u00e9 en polyester et sacs filtrants pour syst\u00e8mes de d\u00e9poussi\u00e9rage<\/b><\/p>\n<p><img fetchpriority=\"high\" decoding=\"async\" class=\"alignnone size-full wp-image-1461\" src=\"https:\/\/www.zonelenviro.com\/wp-content\/uploads\/2024\/03\/polyester-needle-felt-with-PTFE-membrane-treatment.jpg\" alt=\"\" width=\"829\" height=\"554\" \/><\/p>\n<p><img decoding=\"async\" class=\"alignnone size-full wp-image-1462\" src=\"https:\/\/www.zonelenviro.com\/wp-content\/uploads\/2024\/03\/polyester-dust-filter-bag.jpg\" alt=\"\" width=\"829\" height=\"554\" \/><\/p>\n<p><b>Pr\u00e9sentation g\u00e9n\u00e9rale du tissu filtrant en feutre aiguillet\u00e9 de polyester\u00a0:<\/b><b><br \/>\n<\/b><span style=\"font-weight: 400;\">Le polyester (PET, t\u00e9ryl\u00e8ne) aux propri\u00e9t\u00e9s de haute r\u00e9sistance \u00e0 la traction, de super r\u00e9sistance \u00e0 l&#8217;abrasion, d&#8217;excellente coh\u00e9sion des fibres et de r\u00e9sistance acceptable aux acides, peut r\u00e9pondre aux exigences alimentaires, \u00e0 un co\u00fbt \u00e9conomique pour la production de mat\u00e9riaux filtrants et est largement utilis\u00e9 dans diverses industries pour la collecte de poussi\u00e8res et la filtration de liquides.<\/span><span style=\"font-weight: 400;\"><br \/>\n<\/span><span style=\"font-weight: 400;\">Zonel Filtech est \u00e9quip\u00e9e de lignes d&#8217;aiguilletage modernes et utilise des fibres de polyester de premi\u00e8re qualit\u00e9 et de diff\u00e9rentes tailles, ainsi que des toiles \u00e0 haute r\u00e9sistance \u00e0 la traction, en fonction des diff\u00e9rents travaux requis. Ces mat\u00e9riaux permettent aux toiles filtrantes en feutre aiguillet\u00e9 de polyester de ZONEL FILTECH d&#8217;offrir une perm\u00e9abilit\u00e9 \u00e0 l&#8217;air \u00e9gale, une \u00e9paisseur \u00e9gale, une r\u00e9sistance \u00e0 la traction \u00e9lev\u00e9e et uniforme, une surface lisse, un nettoyage facile et une grande durabilit\u00e9.<\/span><\/p>\n<p><b>Sp\u00e9cifications pertinentes pour le feutre aiguillet\u00e9 en polyester\u00a0:<\/b><b><br \/>\n<\/b><span style=\"font-weight: 400;\">Mat\u00e9riau : Fibre de polyester (PET, t\u00e9ryl\u00e8ne), renforc\u00e9e par une trame en polyester \u00e0 haute r\u00e9sistance \u00e0 la traction et faible allongement.<\/span><span style=\"font-weight: 400;\"><br \/>\n<\/span><span style=\"font-weight: 400;\">Poids : 300 \u00e0 750 g\/m\u00b2<\/span><span style=\"font-weight: 400;\"><br \/>\n<\/span><span style=\"font-weight: 400;\">Temp\u00e9rature de fonctionnement : Continue : \u2264 130 \u00b0C ; Pics : 150 \u00b0C<\/span><span style=\"font-weight: 400;\"><br \/>\n<\/span><span style=\"font-weight: 400;\">Traitements de surface disponibles\u00a0: br\u00fbl\u00e9 et glac\u00e9, thermofix\u00e9, bain de suspension PTFE, membrane PTFE.<\/span><span style=\"font-weight: 400;\"><br \/>\n<\/span><span style=\"font-weight: 400;\">Nous pouvons personnaliser les produits en fonction des exigences des clients !<\/span><\/p>\n<p><b>Caract\u00e9ristiques des sacs filtrants \u00e0 poussi\u00e8re en polyester et services propos\u00e9s par ZONEL FILTECH\u00a0:<\/b><b><br \/>\n<\/b><span style=\"font-weight: 400;\">1. Gr\u00e2ce \u00e0 notre \u00e9quipe technique professionnelle, nous concevons des produits conformes aux exigences du client, garantissant ainsi des performances optimales.<\/span><span style=\"font-weight: 400;\"><br \/>\n<\/span><span style=\"font-weight: 400;\">2. \u00c9missions conformes aux exigences, faible r\u00e9sistance initiale, difficile \u00e0 bloquer.<\/span><span style=\"font-weight: 400;\"><br \/>\n<\/span><span style=\"font-weight: 400;\">3. Des suggestions d&#8217;utilisation seront propos\u00e9es ; le produit est r\u00e9sistant et durable.<\/span><span style=\"font-weight: 400;\"><br \/>\n<\/span><span style=\"font-weight: 400;\">4. Toutes les tailles et finitions disponibles, livraison imm\u00e9diate.<\/span><span style=\"font-weight: 400;\"><br \/>\n<\/span><span style=\"font-weight: 400;\">5. Nous offrons un service apr\u00e8s-vente disponible 24h\/24 et une r\u00e9ponse plus rapide.<\/span><\/p>\n<p><b>Principales applications des sacs filtrants en polyester\u00a0:<\/b><b><br \/>\n<\/b><span style=\"font-weight: 400;\">1. Traitement des produits chimiques\u00a0: s\u00e9choirs, \u00e9vents de silos et d\u00e9poussi\u00e9reurs dans les industries des pigments, des plastiques et des catalyseurs<\/span><span style=\"font-weight: 400;\"><br \/>\n<\/span><span style=\"font-weight: 400;\">2. Traitement des min\u00e9raux\u00a0: broyeurs de finition, broyeurs de mati\u00e8res premi\u00e8res, transport pneumatique en vrac et d\u00e9poussi\u00e9reurs \u00e0 ventilation de silos<\/span><span style=\"font-weight: 400;\"><br \/>\n<\/span><span style=\"font-weight: 400;\">3. Traitement des m\u00e9taux\u00a0: d\u00e9poussi\u00e9reurs \u00e0 ventilation de proc\u00e9d\u00e9 dans les industries du plomb, de l\u2019oxyde de plomb et de la sid\u00e9rurgie. Syst\u00e8mes d\u2019injection de charbon pulv\u00e9ris\u00e9, syst\u00e8mes de manutention des fum\u00e9es et des produits en vrac dans la production de coke et syst\u00e8mes de recyclage du sable dans les fonderies.<\/span><span style=\"font-weight: 400;\"><br \/>\n<\/span><span style=\"font-weight: 400;\">4. Production d&#8217;\u00e9nergie et incin\u00e9ration : manutention des mat\u00e9riaux \u00e0 base de charbon et de calcaire<\/span><span style=\"font-weight: 400;\"><br \/>\n<\/span><span style=\"font-weight: 400;\">5. Mat\u00e9riaux de construction : par exemple, cimenteries, briqueteries, etc. pour la collecte des poussi\u00e8res.<\/span><span style=\"font-weight: 400;\"><br \/>\n<\/span><span style=\"font-weight: 400;\">6. usines de transformation alimentaire telles que les usines de lait en poudre, les usines de farine, etc.<\/span><\/p>\n<p><b>Note:<\/b><b><br \/>\n<\/b><span style=\"font-weight: 400;\">1. Des sp\u00e9cifications sp\u00e9ciales peuvent \u00eatre personnalis\u00e9es. 2. Largeur maximale : 2,25 m\u00e8tres.<\/span><span style=\"font-weight: 400;\"><br \/>\n<\/span><span style=\"font-weight: 400;\">3. Zonel Filtech propose \u00e0 la fois des rouleaux de tissu filtrant et des sacs filtrants.<\/span><\/p>\n<p><b>Tissu filtrant en feutre aiguillet\u00e9 antistatique et sac filtrant<\/b><\/p>\n<p><img decoding=\"async\" class=\"alignnone size-full wp-image-1465\" src=\"https:\/\/www.zonelenviro.com\/wp-content\/uploads\/2024\/03\/polyester-blended-anti-static-needle-felt-filter-cloth.jpg\" alt=\"\" width=\"829\" height=\"554\" \/><\/p>\n<p><img loading=\"lazy\" decoding=\"async\" class=\"alignnone size-full wp-image-1466\" src=\"https:\/\/www.zonelenviro.com\/wp-content\/uploads\/2024\/03\/polyester-stripe-anti-static-needle-felt-filter-cloth.jpg\" alt=\"\" width=\"829\" height=\"554\" \/><\/p>\n<p><img loading=\"lazy\" decoding=\"async\" class=\"alignnone size-full wp-image-1467\" src=\"https:\/\/www.zonelenviro.com\/wp-content\/uploads\/2024\/03\/polyester-blended-anti-static-filter-bag.jpg\" alt=\"\" width=\"829\" height=\"554\" \/><\/p>\n<p><img loading=\"lazy\" decoding=\"async\" class=\"alignnone size-full wp-image-1468\" src=\"https:\/\/www.zonelenviro.com\/wp-content\/uploads\/2024\/03\/polyester-stripe-antistatic-filter-bag.jpg\" alt=\"\" width=\"829\" height=\"554\" \/><\/p>\n<p><b>Pr\u00e9sentation g\u00e9n\u00e9rale du mat\u00e9riau filtrant antistatique\u00a0:<\/b><b><br \/>\n<\/b><span style=\"font-weight: 400;\">Certaines poussi\u00e8res industrielles peuvent s&#8217;enflammer au contact de d\u00e9charges \u00e9lectrostatiques ou d&#8217;\u00e9tincelles si leur teneur en mati\u00e8res inflammables et combustibles atteint un certain seuil, provoquant ainsi des explosions et des incendies. Ce risque est particuli\u00e8rement \u00e9lev\u00e9 dans les minoteries, les usines chimiques et les industries charbonni\u00e8res, etc. Il est donc indispensable de collecter ces poussi\u00e8res \u00e0 l&#8217;aide de sacs d\u00e9poussi\u00e9reurs antistatiques.<\/span><span style=\"font-weight: 400;\"><br \/>\n<\/span><span style=\"font-weight: 400;\">Zonel Filtech a int\u00e9gr\u00e9 les technologies et recherches de pointe et a d\u00e9velopp\u00e9 des toiles filtrantes en feutre aiguillet\u00e9 antistatiques et des sacs filtrants antistatiques pour la collecte des poussi\u00e8res inflammables destin\u00e9es \u00e0 de nombreuses industries.<\/span><\/p>\n<p><span style=\"font-weight: 400;\">Sp\u00e9cifications pertinentes pour les supports non tiss\u00e9s antistatiques\u00a0:<\/span><span style=\"font-weight: 400;\"><br \/>\n<\/span><span style=\"font-weight: 400;\">Mat\u00e9riaux disponibles\u00a0: feutre antistatique en polyester, feutre aiguillet\u00e9 antistatique en polypropyl\u00e8ne, feutre aiguillet\u00e9 antistatique en PPS, etc.<\/span><span style=\"font-weight: 400;\"><br \/>\n<\/span><span style=\"font-weight: 400;\">Style antistatique\u00a0: membrane antistatique (type \u00e0 lignes filaires et \u00e0 cellules carr\u00e9es), m\u00e9lange antistatique (m\u00e9lang\u00e9 avec des fibres antistatiques modifi\u00e9es, des mat\u00e9riaux filtrants antistatiques en fibre de carbone, des fibres en acier inoxydable, des fibres en cuivre, etc.)<\/span><span style=\"font-weight: 400;\"><br \/>\n<\/span><span style=\"font-weight: 400;\">Poids : 300 \u00e0 650 g\/m\u00b2<\/span><span style=\"font-weight: 400;\"><br \/>\n<\/span><span style=\"font-weight: 400;\">Temp\u00e9rature de service : Continue : &lt; 200 \u00b0C ; Pics : 220 \u00b0C<\/span><span style=\"font-weight: 400;\"><br \/>\n<\/span><span style=\"font-weight: 400;\">Traitement de surface au choix\u00a0: br\u00fbl\u00e9 et glac\u00e9, thermofix\u00e9, hydrofuge et ol\u00e9ofuge, bain de suspension PTFE, membrane PTFE.<\/span><\/p>\n<p><b>Propri\u00e9t\u00e9s du feutre aiguillet\u00e9 antistatique\u00a0:<\/b><b><br \/>\n<\/b><span style=\"font-weight: 400;\">1. Gr\u00e2ce au traitement de finition acoustique, l&#8217;efficacit\u00e9 de filtration g\u00e9n\u00e9rale peut atteindre 99,999 %.<\/span><span style=\"font-weight: 400;\"><br \/>\n<\/span><span style=\"font-weight: 400;\">2. Des exigences particuli\u00e8res concernant le poids, la perm\u00e9abilit\u00e9 \u00e0 l&#8217;air, etc. peuvent \u00eatre personnalis\u00e9es.<\/span><span style=\"font-weight: 400;\"><br \/>\n<\/span><span style=\"font-weight: 400;\">3. Excellente r\u00e9sistance \u00e0 l&#8217;abrasion<\/span><span style=\"font-weight: 400;\"><br \/>\n<\/span><span style=\"font-weight: 400;\">4. Qualit\u00e9 sonore uniforme et longue dur\u00e9e de vie.<\/span><span style=\"font-weight: 400;\"><br \/>\n<\/span><span style=\"font-weight: 400;\">5. \u00c9conomique<\/span><\/p>\n<p><b>Principales applications du tissu filtrant antistatique\u00a0:<\/b><b><br \/>\n<\/b><span style=\"font-weight: 400;\">1. Pour les d\u00e9poussi\u00e9reurs inflammables dans les cimenteries, les centrales \u00e9lectriques et les industries m\u00e9tallurgiques, qui peuvent n\u00e9cessiter des combustibles fossiles pour leurs chaudi\u00e8res. Par exemple, les broyeurs \u00e0 charbon (filtres \u00e0 manches des broyeurs \u00e0 charbon) dans ces installations.<\/span><span style=\"font-weight: 400;\"><br \/>\n<\/span><span style=\"font-weight: 400;\">2. Pour la collecte des poussi\u00e8res explosives dans les usines de machines. Par exemple, pour le polissage des accessoires en aluminium, cuivre, etc.<\/span><span style=\"font-weight: 400;\"><br \/>\n<\/span><span style=\"font-weight: 400;\">3. Pour la collecte de poudre dans les usines alimentaires, telles que les minoteries, les usines de caf\u00e9, les usines de lait en poudre, etc.<\/span><span style=\"font-weight: 400;\"><br \/>\n<\/span><span style=\"font-weight: 400;\">4. Les industries p\u00e9trochimiques et autres peuvent avoir besoin de filtrer les particules inflammables.<\/span><\/p>\n<p><b>Note:<\/b><b><br \/>\n<\/b><span style=\"font-weight: 400;\">1. Largeur maximale : 2,2 m\u00e8tres.<\/span><span style=\"font-weight: 400;\"><br \/>\n<\/span><span style=\"font-weight: 400;\">2. Des rouleaux de tissu filtrant et des sacs filtrants sont disponibles.<\/span><\/p>\n<p><b>Feutre aiguillet\u00e9 acrylique et filtre<\/b><\/p>\n<p><b>sac pour syst\u00e8mes de d\u00e9poussi\u00e9rage<\/b><\/p>\n<p><img loading=\"lazy\" decoding=\"async\" class=\"alignnone size-full wp-image-1474\" src=\"https:\/\/www.zonelenviro.com\/wp-content\/uploads\/2024\/03\/acrylic-needle-felt-filter-cloth-with-PTFE-membrane-treament.jpg\" alt=\"\" width=\"829\" height=\"554\" \/><\/p>\n<p><img loading=\"lazy\" decoding=\"async\" class=\"alignnone size-full wp-image-1472\" src=\"https:\/\/www.zonelenviro.com\/wp-content\/uploads\/2024\/03\/acrylic-filter-bag.jpg\" alt=\"\" width=\"829\" height=\"554\" \/><\/p>\n<p><b>Pr\u00e9sentation g\u00e9n\u00e9rale du tissu filtrant en feutre aiguillet\u00e9 acrylique\u00a0:<\/b><b><br \/>\n<\/b><span style=\"font-weight: 400;\">Le feutre aiguillet\u00e9 acrylique homopolym\u00e8re \/ feutre aiguillet\u00e9 acrylique \/ feutre aiguillet\u00e9 polyacrylonitrile (tissu filtrant en feutre aiguillet\u00e9 PAN) est bien connu pour ses performances de r\u00e9sistance \u00e0 l&#8217;hydrolyse. ZONEL FILTECH a recherch\u00e9 et d\u00e9velopp\u00e9 le tissu filtrant PAN sp\u00e9cial pour la collecte de poussi\u00e8re.<\/span><\/p>\n<p><b>Sp\u00e9cifications pertinentes pour le tissu filtrant en feutre aiguillet\u00e9 acrylique\u00a0:<\/b><b><br \/>\n<\/b><span style=\"font-weight: 400;\">Mat\u00e9riaux disponibles : fibre acrylique + trame acrylique<\/span><span style=\"font-weight: 400;\"><br \/>\n<\/span><span style=\"font-weight: 400;\">Poids : 350 \u00e0 650 g\/m\u00b2<\/span><span style=\"font-weight: 400;\"><br \/>\n<\/span><span style=\"font-weight: 400;\">R\u00e9sistance \u00e0 la traction\u00a0: Cha\u00eene\u00a0: &gt;\u00a0850\u00a0N\/5\u00a0cm\u00a0; Trame\u00a0: &gt;\u00a0950\u00a0N\/5\u00a0cm<\/span><span style=\"font-weight: 400;\"><br \/>\n<\/span><span style=\"font-weight: 400;\">Temp\u00e9rature de service\u00a0: En continu\u00a0: &lt;\u00a0125\u00a0\u00b0C\u00a0; Pics\u00a0: 140\u00a0\u00b0C<\/span><span style=\"font-weight: 400;\"><br \/>\n<\/span><span style=\"font-weight: 400;\">Traitement de surface au choix\u00a0: br\u00fbl\u00e9 et glac\u00e9, thermofix\u00e9, hydrofuge et ol\u00e9ofuge, bain de suspension PTFE, membrane PTFE.<\/span><\/p>\n<p><b>Propri\u00e9t\u00e9s du tissu filtrant en feutre aiguillet\u00e9 acrylique\u00a0:<\/b><b><br \/>\n<\/b><span style=\"font-weight: 400;\">1. Caract\u00e9ristiques m\u00e9caniques \u00e9lev\u00e9es<\/span><span style=\"font-weight: 400;\"><br \/>\n<\/span><span style=\"font-weight: 400;\">2. Excellente r\u00e9sistance \u00e0 l&#8217;hydrolyse<\/span><span style=\"font-weight: 400;\"><br \/>\n<\/span><span style=\"font-weight: 400;\">3. Stabilit\u00e9 thermique optimale en conditions s\u00e8ches et humides<\/span><span style=\"font-weight: 400;\"><br \/>\n<\/span><span style=\"font-weight: 400;\">4. R\u00e9sistance optimale aux agents chimiques<\/span><span style=\"font-weight: 400;\"><br \/>\n<\/span><span style=\"font-weight: 400;\">5. R\u00e9sistance extraordinaire \u00e0 la lumi\u00e8re, aux intemp\u00e9ries, \u00e0 la moisissure et aux bact\u00e9ries.<\/span><\/p>\n<p><b>Principales applications du tissu filtrant acrylique\u00a0:<\/b><b><br \/>\n<\/b><span style=\"font-weight: 400;\">1. Transformation des produits chimiques\u00a0: s\u00e9choirs dans les industries des pigments, des plastiques et des catalyseurs<\/span><span style=\"font-weight: 400;\"><br \/>\n<\/span><span style=\"font-weight: 400;\">2. Traitement des min\u00e9raux : s\u00e9choirs et broyeurs de finition dans l&#8217;industrie du ciment<\/span><span style=\"font-weight: 400;\"><br \/>\n<\/span><span style=\"font-weight: 400;\">3. Transformation des m\u00e9taux : collecteurs de proc\u00e9d\u00e9s dans les industries du plomb, des m\u00e9taux de base et de la fonderie<\/span><\/p>\n<p><b>Note:<\/b><b><br \/>\n<\/b><span style=\"font-weight: 400;\">1. Les sp\u00e9cifications particuli\u00e8res requises peuvent \u00eatre personnalis\u00e9es.<\/span><span style=\"font-weight: 400;\"><br \/>\n<\/span><span style=\"font-weight: 400;\">2. Largeur maximale : 2,25 m\u00e8tres.<\/span><span style=\"font-weight: 400;\"><br \/>\n<\/span><span style=\"font-weight: 400;\">3. Zonel Filtech propose \u00e0 la fois des rouleaux de tissu filtrant et des sacs filtrants pr\u00eats \u00e0 l&#8217;emploi.<\/span><\/p>\n<p><span style=\"font-weight: 400;\">Si vous avez besoin d&#8217;aide, n&#8217;h\u00e9sitez pas \u00e0 contacter ZONEL FILTECH !<\/span><\/p>\n","protected":false},"excerpt":{"rendered":"<p>Les m\u00e9dias filtrants pour temp\u00e9ratures basses \u00e0 moyennes de Zonel Filtech constituent une gamme de mat\u00e9riaux filtrants en feutre aiguillet\u00e9 destin\u00e9s au d\u00e9poussi\u00e9rage. Cette gamme est adapt\u00e9e aux conditions de fonctionnement o\u00f9 la temp\u00e9rature continue ne d\u00e9passe pas 130 \u00b0C et o\u00f9 la temp\u00e9rature instantan\u00e9e maximale ne d\u00e9passe pas 150 \u00b0C. Dans cette plage de temp\u00e9ratures, Zonel Filtech peut vous aider \u00e0 d\u00e9terminer le mat\u00e9riau filtrant le mieux adapt\u00e9 \u00e0 vos filtres \u00e0 manches.<\/p>\n<p>Zonel Filtech propose \u00e0 la fois des rouleaux de toile filtrante en feutre aiguillet\u00e9 et des sacs filtrants pr\u00eats \u00e0 l&#8217;emploi, notamment : des toiles filtrantes et des sacs filtrants en feutre aiguillet\u00e9 de polyester avec divers traitements de finition ; des toiles filtrantes et des sacs filtrants en feutre aiguillet\u00e9 de polyester antistatique avec divers traitements de finition ; des toiles filtrantes et des sacs filtrants en feutre aiguillet\u00e9 acrylique avec divers traitements de finition.<\/p>\n<p>Si vous avez besoin d&#8217;aide de la part de Zonel Filtech, n&#8217;h\u00e9sitez pas \u00e0 nous envoyer votre demande.<\/p>\n","protected":false},"featured_media":9221,"template":"","meta":{"site-sidebar-layout":"default","site-content-layout":"","ast-site-content-layout":"default","site-content-style":"default","site-sidebar-style":"default","ast-global-header-display":"","ast-banner-title-visibility":"","ast-main-header-display":"","ast-hfb-above-header-display":"","ast-hfb-below-header-display":"","ast-hfb-mobile-header-display":"","site-post-title":"","ast-breadcrumbs-content":"","ast-featured-img":"","footer-sml-layout":"","theme-transparent-header-meta":"default","adv-header-id-meta":"","stick-header-meta":"","header-above-stick-meta":"","header-main-stick-meta":"","header-below-stick-meta":"","astra-migrate-meta-layouts":"set","ast-page-background-enabled":"default","ast-page-background-meta":{"desktop":{"background-color":"","background-image":"","background-repeat":"repeat","background-position":"center center","background-size":"auto","background-attachment":"scroll","background-type":"","background-media":"","overlay-type":"","overlay-color":"","overlay-opacity":"","overlay-gradient":""},"tablet":{"background-color":"","background-image":"","background-repeat":"repeat","background-position":"center center","background-size":"auto","background-attachment":"scroll","background-type":"","background-media":"","overlay-type":"","overlay-color":"","overlay-opacity":"","overlay-gradient":""},"mobile":{"background-color":"","background-image":"","background-repeat":"repeat","background-position":"center center","background-size":"auto","background-attachment":"scroll","background-type":"","background-media":"","overlay-type":"","overlay-color":"","overlay-opacity":"","overlay-gradient":""}},"ast-content-background-meta":{"desktop":{"background-color":"var(--ast-global-color-5)","background-image":"","background-repeat":"repeat","background-position":"center center","background-size":"auto","background-attachment":"scroll","background-type":"","background-media":"","overlay-type":"","overlay-color":"","overlay-opacity":"","overlay-gradient":""},"tablet":{"background-color":"var(--ast-global-color-5)","background-image":"","background-repeat":"repeat","background-position":"center center","background-size":"auto","background-attachment":"scroll","background-type":"","background-media":"","overlay-type":"","overlay-color":"","overlay-opacity":"","overlay-gradient":""},"mobile":{"background-color":"var(--ast-global-color-5)","background-image":"","background-repeat":"repeat","background-position":"center center","background-size":"auto","background-attachment":"scroll","background-type":"","background-media":"","overlay-type":"","overlay-color":"","overlay-opacity":"","overlay-gradient":""}}},"product_brand":[],"product_cat":[113],"product_tag":[],"class_list":{"0":"post-9220","1":"product","2":"type-product","3":"status-publish","4":"has-post-thumbnail","6":"product_cat-filtre-a-poussiere","7":"desktop-align-left","8":"tablet-align-left","9":"mobile-align-left","11":"first","12":"instock","13":"shipping-taxable","14":"product-type-simple"},"_links":{"self":[{"href":"https:\/\/www.zonelenviro.com\/fr\/wp-json\/wp\/v2\/product\/9220","targetHints":{"allow":["GET"]}}],"collection":[{"href":"https:\/\/www.zonelenviro.com\/fr\/wp-json\/wp\/v2\/product"}],"about":[{"href":"https:\/\/www.zonelenviro.com\/fr\/wp-json\/wp\/v2\/types\/product"}],"version-history":[{"count":0,"href":"https:\/\/www.zonelenviro.com\/fr\/wp-json\/wp\/v2\/product\/9220\/revisions"}],"wp:featuredmedia":[{"embeddable":true,"href":"https:\/\/www.zonelenviro.com\/fr\/wp-json\/wp\/v2\/media\/9221"}],"wp:attachment":[{"href":"https:\/\/www.zonelenviro.com\/fr\/wp-json\/wp\/v2\/media?parent=9220"}],"wp:term":[{"taxonomy":"product_brand","embeddable":true,"href":"https:\/\/www.zonelenviro.com\/fr\/wp-json\/wp\/v2\/product_brand?post=9220"},{"taxonomy":"product_cat","embeddable":true,"href":"https:\/\/www.zonelenviro.com\/fr\/wp-json\/wp\/v2\/product_cat?post=9220"},{"taxonomy":"product_tag","embeddable":true,"href":"https:\/\/www.zonelenviro.com\/fr\/wp-json\/wp\/v2\/product_tag?post=9220"}],"curies":[{"name":"wp","href":"https:\/\/api.w.org\/{rel}","templated":true}]}}