{"id":9239,"date":"2024-03-19T15:50:43","date_gmt":"2024-03-19T07:50:43","guid":{"rendered":"https:\/\/www.zonelenviro.com\/tissu-filtrant-en-feutre-aiguillete-polyimide-p84-sacs-filtrants-p84\/"},"modified":"2026-03-31T15:14:33","modified_gmt":"2026-03-31T07:14:33","slug":"sacs-filtrants-p84","status":"publish","type":"product","link":"https:\/\/www.zonelenviro.com\/fr\/sacs-filtrants-p84\/","title":{"rendered":"Tissu filtrant en feutre aiguillet\u00e9 polyimide\/P84 \/ Sacs filtrants P84"},"content":{"rendered":"<p><b>Tissu filtrant en polyimide \/ Feutre aiguillet\u00e9 P84 \/ Sacs filtrants P84<\/b><\/p>\n<p><b>Introduction g\u00e9n\u00e9rale du tissu filtrant en feutre aiguillet\u00e9 de polyimide (P84, PI)\u00a0:<\/b><b><br \/>\n<\/b><span style=\"font-weight: 400;\">Lorsque la temp\u00e9rature de l&#8217;air charg\u00e9 de poussi\u00e8re d\u00e9passe 250 degr\u00e9s C et que la poussi\u00e8re ne peut pas \u00eatre collect\u00e9e par ESP, il faut, comme d&#8217;habitude, r\u00e9duire la temp\u00e9rature de l&#8217;air charg\u00e9 de poussi\u00e8re et le rendre possible \u00e0 la purification par des d\u00e9poussi\u00e9reurs \u00e0 sacs, mais l&#8217;investissement augmentera consid\u00e9rablement dans ce cas.<\/span><\/p>\n<p><span style=\"font-weight: 400;\">\u00c9tant donn\u00e9 que la fibre de verre est fragile et que la fibre PTFE pr\u00e9sente un retrait thermique plus important et une faible coh\u00e9sion, pour atteindre une efficacit\u00e9 de filtration \u00e9lev\u00e9e, les deux doivent \u00eatre lamin\u00e9es avec une membrane PTFE, ce qui augmentera la r\u00e9sistance des sacs filtrants et diminuera bien s\u00fbr le rapport air\/tissu. Ainsi, le tissu filtrant en polyimide (qui peut \u00eatre du tissu filtrant P84, du feutre aiguillet\u00e9 PI, du tissu filtrant Yilun) sera la premi\u00e8re option pour fabriquer des sacs filtrants r\u00e9sistants aux hautes temp\u00e9ratures.<\/span><\/p>\n<p><span style=\"font-weight: 400;\">Le tissu filtrant en feutre aiguillet\u00e9 de polyimide\/les sacs filtrants en polyimide (peut \u00eatre du tissu filtrant en feutre aiguillet\u00e9 P84, du feutre aiguillet\u00e9 Yilun) avec les propri\u00e9t\u00e9s de bonne r\u00e9sistance aux hautes temp\u00e9ratures, \u00e0 l&#8217;acide et \u00e0 l&#8217;inflammabilit\u00e9, la structure trilamellaire de la fibre permet au tissu filtrant en feutre aiguillet\u00e9 de polyimide d&#8217;avoir une surface de filtration beaucoup plus grande et une efficacit\u00e9 de filtration beaucoup plus \u00e9lev\u00e9e, ce qui en fait un mat\u00e9riau filtrant id\u00e9al.<\/span><\/p>\n<p><b>Produits pertinents\u00a0:<\/b><b><br \/>\n<\/b><span style=\"font-weight: 400;\">Toile filtrante aiguillet\u00e9e en PTFE et sacs filtrants<\/span><span style=\"font-weight: 400;\"><br \/>\n<\/span><span style=\"font-weight: 400;\">Toile filtrante en feutre aiguillet\u00e9 de fibre de verre et sacs filtrants<\/span><span style=\"font-weight: 400;\"><br \/>\n<\/span><span style=\"font-weight: 400;\">Tissus en fibre de verre et sacs filtrants<\/span><\/p>\n<p><b>Sp\u00e9cifications pertinentes pour le feutre aiguillet\u00e9 en polyimide (peut \u00eatre un tissu filtrant en feutre aiguillet\u00e9 P84, un tissu filtrant en feutre aiguillet\u00e9 Yilun)<\/b><b><br \/>\n<\/b><span style=\"font-weight: 400;\">Mat\u00e9riau\u00a0: fibre de polyimide (P84 ou Yilun), renforc\u00e9e par une armature en polyimide (armature P84, armature Yilun ou armature PTFE).<\/span><span style=\"font-weight: 400;\"><br \/>\n<\/span><span style=\"font-weight: 400;\">Poids : 450 \u00e0 650 g\/m\u00b2<\/span><span style=\"font-weight: 400;\"><br \/>\n<\/span><span style=\"font-weight: 400;\">Temp\u00e9rature de fonctionnement : Continue : \u2264 240 \u00b0C ; Pics : 260 \u00b0C<\/span><span style=\"font-weight: 400;\"><br \/>\n<\/span><span style=\"font-weight: 400;\">Traitements de surface disponibles\u00a0: br\u00fbl\u00e9 et glac\u00e9, thermofix\u00e9, bain de suspension PTFE, membrane PTFE.<\/span><span style=\"font-weight: 400;\"><br \/>\n<\/span><span style=\"font-weight: 400;\">Zonel Filtech peut personnaliser ses produits en fonction des exigences de ses clients !<\/span><\/p>\n<p><b>Propri\u00e9t\u00e9s des sacs filtrants \u00e0 poussi\u00e8re en polyimide Zonel Filtech (sacs filtrants \u00e0 poussi\u00e8re P84, sacs filtrants \u00e0 poussi\u00e8re Yilun)<\/b><b><br \/>\n<\/b><span style=\"font-weight: 400;\">1. R\u00e9sistance aux hautes temp\u00e9ratures : Temp\u00e9rature de fonctionnement continu recommand\u00e9e : \u2264240 degr\u00e9s C ; pics instantan\u00e9s : 260 degr\u00e9s C.<\/span><span style=\"font-weight: 400;\"><br \/>\n<\/span><span style=\"font-weight: 400;\">2. Taille stable \u00e0 haute temp\u00e9rature apr\u00e8s traitement thermique : \u00e0 260 degr\u00e9s C, le retrait ne d\u00e9passe pas 1 %.<\/span><span style=\"font-weight: 400;\"><br \/>\n<\/span><span style=\"font-weight: 400;\">3. Ignifug\u00e9.<\/span><span style=\"font-weight: 400;\"><br \/>\n<\/span><span style=\"font-weight: 400;\">4. Bonne r\u00e9sistance \u00e0 l&#8217;abrasion et au pliage, r\u00e9sistance aux acides.<\/span><span style=\"font-weight: 400;\"><br \/>\n<\/span><span style=\"font-weight: 400;\">5. Haute efficacit\u00e9 de filtration et longue dur\u00e9e de vie.<\/span><\/p>\n<p><b>Principales applications des sacs filtrants en polyimide (sacs filtrants P84, sacs filtrants Yilun) de Zonel Filtech<\/b><b><br \/>\n<\/b><span style=\"font-weight: 400;\">Gaz de combustion \u00e0 haute temp\u00e9rature provenant de\u00a0:<\/span><span style=\"font-weight: 400;\"><br \/>\n<\/span><span style=\"font-weight: 400;\">Industries m\u00e9tallurgiques\u00a0: par exemple, la purification des gaz d\u2019\u00e9chappement des hauts fourneaux pour les aci\u00e9ries, etc.<\/span><span style=\"font-weight: 400;\"><br \/>\n<\/span><span style=\"font-weight: 400;\">Industries chimiques\u00a0: par exemple, les gaz de combustion des fours de production de carbure de calcium, la purification de l\u2019air poussi\u00e9reux des usines de production de charbon actif, etc.<\/span><span style=\"font-weight: 400;\"><br \/>\n<\/span><span style=\"font-weight: 400;\">Industries des mat\u00e9riaux de construction\u00a0: par exemple, la filtration de l\u2019air poussi\u00e9reux provenant des fours des cimenteries, la filtration de l\u2019air poussi\u00e9reux dans les stations d\u2019enrobage, etc.<\/span><span style=\"font-weight: 400;\"><br \/>\n<\/span><span style=\"font-weight: 400;\">Et d\u2019autres installations de purification des gaz de combustion des chaudi\u00e8res, telles que les centrales thermiques, etc.<\/span><\/p>\n<p><b>Zonal<\/b><\/p>\n<p><b>ISO9001:2015<\/b><\/p>\n","protected":false},"excerpt":{"rendered":"<p>Lorsque la temp\u00e9rature des gaz charg\u00e9s de poussi\u00e8res d\u00e9passe 250 \u00b0C et que celles-ci ne peuvent pas \u00eatre capt\u00e9es par un pr\u00e9cipitateur \u00e9lectrostatique, il faut, comme d&#8217;habitude, r\u00e9duire la temp\u00e9rature des gaz pour permettre leur \u00e9puration \u00e0 l&#8217;aide de filtres \u00e0 manches ; toutefois, cela entra\u00eene une augmentation consid\u00e9rable des co\u00fbts d&#8217;investissement.<\/p>\n<p>La fibre de verre \u00e9tant fragile et la fibre de PTFE pr\u00e9sentant un retrait thermique plus important ainsi qu&#8217;une faible coh\u00e9sion, il est n\u00e9cessaire, pour garantir une efficacit\u00e9 de filtration \u00e9lev\u00e9e, de les laminer toutes deux avec une membrane en PTFE. Cela permettra d&#8217;augmenter la r\u00e9sistance des caissons de filtration et, bien s\u00fbr, de r\u00e9duire le rapport air\/tissu ; c&#8217;est pourquoi le tissu filtrant en polyimide (qui peut \u00eatre un tissu filtrant P84, un feutre aiguillet\u00e9 en PI ou un tissu filtrant Yilun) devient alors le premier choix.<\/p>\n<p>La fibre de polyimide (tissu filtrant en feutre aiguillet\u00e9 P84, tissu filtrant PI, feutre aiguillet\u00e9 Yilun) pr\u00e9sente une bonne r\u00e9sistance aux temp\u00e9ratures \u00e9lev\u00e9es et aux acides, et est ininflammable ; la structure en trois couches de la fibre conf\u00e8re au tissu filtrant en feutre aiguillet\u00e9 de polyimide une plus grande surface filtrante et une efficacit\u00e9 de filtration nettement sup\u00e9rieure.<\/p>\n","protected":false},"featured_media":9240,"template":"","meta":{"site-sidebar-layout":"default","site-content-layout":"","ast-site-content-layout":"default","site-content-style":"default","site-sidebar-style":"default","ast-global-header-display":"","ast-banner-title-visibility":"","ast-main-header-display":"","ast-hfb-above-header-display":"","ast-hfb-below-header-display":"","ast-hfb-mobile-header-display":"","site-post-title":"","ast-breadcrumbs-content":"","ast-featured-img":"","footer-sml-layout":"","theme-transparent-header-meta":"default","adv-header-id-meta":"","stick-header-meta":"","header-above-stick-meta":"","header-main-stick-meta":"","header-below-stick-meta":"","astra-migrate-meta-layouts":"set","ast-page-background-enabled":"default","ast-page-background-meta":{"desktop":{"background-color":"","background-image":"","background-repeat":"repeat","background-position":"center center","background-size":"auto","background-attachment":"scroll","background-type":"","background-media":"","overlay-type":"","overlay-color":"","overlay-opacity":"","overlay-gradient":""},"tablet":{"background-color":"","background-image":"","background-repeat":"repeat","background-position":"center center","background-size":"auto","background-attachment":"scroll","background-type":"","background-media":"","overlay-type":"","overlay-color":"","overlay-opacity":"","overlay-gradient":""},"mobile":{"background-color":"","background-image":"","background-repeat":"repeat","background-position":"center center","background-size":"auto","background-attachment":"scroll","background-type":"","background-media":"","overlay-type":"","overlay-color":"","overlay-opacity":"","overlay-gradient":""}},"ast-content-background-meta":{"desktop":{"background-color":"var(--ast-global-color-5)","background-image":"","background-repeat":"repeat","background-position":"center center","background-size":"auto","background-attachment":"scroll","background-type":"","background-media":"","overlay-type":"","overlay-color":"","overlay-opacity":"","overlay-gradient":""},"tablet":{"background-color":"var(--ast-global-color-5)","background-image":"","background-repeat":"repeat","background-position":"center center","background-size":"auto","background-attachment":"scroll","background-type":"","background-media":"","overlay-type":"","overlay-color":"","overlay-opacity":"","overlay-gradient":""},"mobile":{"background-color":"var(--ast-global-color-5)","background-image":"","background-repeat":"repeat","background-position":"center center","background-size":"auto","background-attachment":"scroll","background-type":"","background-media":"","overlay-type":"","overlay-color":"","overlay-opacity":"","overlay-gradient":""}}},"product_brand":[],"product_cat":[113],"product_tag":[],"class_list":{"0":"post-9239","1":"product","2":"type-product","3":"status-publish","4":"has-post-thumbnail","6":"product_cat-filtre-a-poussiere","7":"desktop-align-left","8":"tablet-align-left","9":"mobile-align-left","11":"first","12":"instock","13":"shipping-taxable","14":"product-type-simple"},"_links":{"self":[{"href":"https:\/\/www.zonelenviro.com\/fr\/wp-json\/wp\/v2\/product\/9239","targetHints":{"allow":["GET"]}}],"collection":[{"href":"https:\/\/www.zonelenviro.com\/fr\/wp-json\/wp\/v2\/product"}],"about":[{"href":"https:\/\/www.zonelenviro.com\/fr\/wp-json\/wp\/v2\/types\/product"}],"version-history":[{"count":0,"href":"https:\/\/www.zonelenviro.com\/fr\/wp-json\/wp\/v2\/product\/9239\/revisions"}],"wp:featuredmedia":[{"embeddable":true,"href":"https:\/\/www.zonelenviro.com\/fr\/wp-json\/wp\/v2\/media\/9240"}],"wp:attachment":[{"href":"https:\/\/www.zonelenviro.com\/fr\/wp-json\/wp\/v2\/media?parent=9239"}],"wp:term":[{"taxonomy":"product_brand","embeddable":true,"href":"https:\/\/www.zonelenviro.com\/fr\/wp-json\/wp\/v2\/product_brand?post=9239"},{"taxonomy":"product_cat","embeddable":true,"href":"https:\/\/www.zonelenviro.com\/fr\/wp-json\/wp\/v2\/product_cat?post=9239"},{"taxonomy":"product_tag","embeddable":true,"href":"https:\/\/www.zonelenviro.com\/fr\/wp-json\/wp\/v2\/product_tag?post=9239"}],"curies":[{"name":"wp","href":"https:\/\/api.w.org\/{rel}","templated":true}]}}