{"id":9248,"date":"2024-03-19T15:54:05","date_gmt":"2024-03-19T07:54:05","guid":{"rendered":"https:\/\/www.zonelenviro.com\/cartouche-filtrante-en-resine-phenolique\/"},"modified":"2026-03-31T15:19:27","modified_gmt":"2026-03-31T07:19:27","slug":"cartouche-filtrante-en-resine-phenolique","status":"publish","type":"product","link":"https:\/\/www.zonelenviro.com\/fr\/cartouche-filtrante-en-resine-phenolique\/","title":{"rendered":"Cartouche filtrante en r\u00e9sine ph\u00e9nolique"},"content":{"rendered":"<p><img fetchpriority=\"high\" decoding=\"async\" class=\"size-full wp-image-1502 aligncenter\" src=\"https:\/\/www.zonelenviro.com\/wp-content\/uploads\/2024\/03\/Phenolic-Resin-Filter-Cartridge.jpg\" alt=\"\" width=\"300\" height=\"300\" \/><\/p>\n<p><b>cartouche filtrante en r\u00e9sine ph\u00e9nolique<\/b><b><br \/>\n<\/b><b>Introduction g\u00e9n\u00e9rale :<\/b><\/p>\n<p><span style=\"font-weight: 400;\">La cartouche filtrante en r\u00e9sine ph\u00e9nolique qui adopte la fibre ph\u00e9nolique m\u00e9lang\u00e9e avec un liant, un durcisseur, un stabilisateur, etc., puis fritt\u00e9e dans les cartouches filtrantes, pour am\u00e9liorer la r\u00e9sistance de la fibre ph\u00e9nolique, qui peut \u00eatre m\u00e9lang\u00e9e avec du polyamide (5 \u00e0 10 %) lors de la production.<\/span><\/p>\n<p><span style=\"font-weight: 400;\">La cartouche filtrante en r\u00e9sine ph\u00e9nolique de Zonel Filtech est constitu\u00e9e de fibres li\u00e9es de l&#8217;ext\u00e9rieur \u00e0 l&#8217;int\u00e9rieur avec une construction progressivement plus serr\u00e9e, ce qui lui conf\u00e8re une plus grande capacit\u00e9 de charge de particules, une bonne r\u00e9sistance et une grande durabilit\u00e9.<\/span><\/p>\n<p><b>D\u00e9tails techniques\u00a0:<\/b><\/p>\n<ol>\n<li><span style=\"font-weight: 400;\"> La longueur de la cartouche filtrante\u00a0:<\/span><\/li>\n<\/ol>\n<p><span style=\"font-weight: 400;\">10\u201d, 20\u201d, 30\u201d, 40\u201d<\/span><\/p>\n<p><span style=\"font-weight: 400;\">Les demandes sp\u00e9ciales peuvent \u00eatre personnalis\u00e9es.<\/span><\/p>\n<ol start=\"2\">\n<li><span style=\"font-weight: 400;\"> L&#8217;efficacit\u00e9 du filtre :<\/span><\/li>\n<\/ol>\n<p><span style=\"font-weight: 400;\">1 micron, 3 microns, 5 microns, 10 microns, 15 microns, 25 microns, 50 microns, 75 microns, 100 microns, 125 microns, 150 microns, 200 microns, 250 microns.<\/span><\/p>\n<ol start=\"3\">\n<li><span style=\"font-weight: 400;\"> Diam\u00e8tre ext\u00e9rieur : 65 \u00b1 2 mm<\/span><\/li>\n<li><span style=\"font-weight: 400;\"> Diam\u00e8tre int\u00e9rieur : 29 \u00b1 0,5 mm<\/span><\/li>\n<li><span style=\"font-weight: 400;\"> Temp\u00e9rature maximale de fonctionnement :<\/span><\/li>\n<\/ol>\n<p><span style=\"font-weight: 400;\">145 degr\u00e9s C.<\/span><\/p>\n<ol start=\"6\">\n<li><span style=\"font-weight: 400;\"> Sugg\u00e9rer un d\u00e9bit (10&#8243;) :<\/span><\/li>\n<\/ol>\n<p><span style=\"font-weight: 400;\">5 microns : 22 L\/min<\/span><\/p>\n<p><span style=\"font-weight: 400;\">10 microns : 31 L\/min<\/span><\/p>\n<p><span style=\"font-weight: 400;\">&gt;50 microns : 38 L\/min<\/span><\/p>\n<p><span style=\"font-weight: 400;\">\u00a0<\/span><\/p>\n<p><b>Les propri\u00e9t\u00e9s :<\/b><\/p>\n<ol>\n<li><span style=\"font-weight: 400;\"> La m\u00e9thode de frittage li\u00e9, avec un taux de pores plus \u00e9lev\u00e9, un d\u00e9bit de liquide important et une taille de pores \u00e9gale ;<\/span><\/li>\n<li><span style=\"font-weight: 400;\"> La construction ext\u00e9rieure et int\u00e9rieure, progressivement plus serr\u00e9e, conf\u00e8re aux cartouches filtrantes une plus grande capacit\u00e9 de charge de particules, une bonne r\u00e9sistance et une grande durabilit\u00e9 ;<\/span><\/li>\n<li><span style=\"font-weight: 400;\"> La surface des cartouches filtrantes est dot\u00e9e d&#8217;une conception rainur\u00e9e, avec une surface de filtration plus grande ;<\/span><\/li>\n<li><span style=\"font-weight: 400;\"> Gr\u00e2ce au syst\u00e8me de production automatique IA, contr\u00f4le de qualit\u00e9 stable et efficacit\u00e9 de filtration ;<\/span><\/li>\n<li><span style=\"font-weight: 400;\"> La cartouche filtrante en r\u00e9sine ph\u00e9nolique est r\u00e9sistante aux produits chimiques et poss\u00e8de de nombreuses applications ;<\/span><\/li>\n<li><span style=\"font-weight: 400;\"> Li\u00e9e \u00e0 l&#8217;acide acrylique, la fibre plus longue conf\u00e8re \u00e0 la cartouche filtrante en r\u00e9sine ph\u00e9nolique une disposition de fibres stable, la fibre n&#8217;est pas facile \u00e0 casser et \u00e0 d\u00e9placer, r\u00e9duisant ainsi la pollution secondaire de la solution ;<\/span><\/li>\n<li><span style=\"font-weight: 400;\"> Ins\u00e9rer la r\u00e9sine ph\u00e9nolique pour rendre la cartouche filtrante plus r\u00e9sistante, qui peut supporter une viscosit\u00e9 allant jusqu&#8217;\u00e0 15000SSU (3200CKS) ;<\/span><\/li>\n<li><span style=\"font-weight: 400;\"> La cartouche filtrante en r\u00e9sine ph\u00e9nolique avec un indice limite d&#8217;oxyg\u00e8ne jusqu&#8217;\u00e0 34 est prouv\u00e9e, la temp\u00e9rature de fonctionnement maximale peut atteindre 145 degr\u00e9s C ;<\/span><\/li>\n<\/ol>\n<p><b>Applications :<\/b><\/p>\n<p><span style=\"font-weight: 400;\">Les cartouches filtrantes en r\u00e9sine ph\u00e9nolique sont principalement utilis\u00e9es pour la filtration des solutions suivantes\u00a0:<\/span><\/p>\n<p><span style=\"font-weight: 400;\">Peinture automobile, peinture \u00e9lectrophor\u00e9tique, encre, encre d&#8217;imprimante, peintures pour rev\u00eatement de bo\u00eetes de conserve, encre \u00e0 s\u00e9chage UV, encre conductrice, \u00e9mulsions diverses, p\u00e2tes color\u00e9es, colorants liquides, solvants organiques, ainsi que certains produits chimiques sp\u00e9ciaux, traitement m\u00e9canique des eaux us\u00e9es, etc.<\/span><\/p>\n<hr \/>\n<p><img decoding=\"async\" class=\"size-full wp-image-1489 aligncenter\" src=\"https:\/\/www.zonelenviro.com\/wp-content\/uploads\/2024\/03\/phenolic-resin-liquid-filter-cartridge.webp\" alt=\"\" width=\"829\" height=\"554\" \/><img decoding=\"async\" class=\"size-full wp-image-1485 aligncenter\" src=\"https:\/\/www.zonelenviro.com\/wp-content\/uploads\/2024\/03\/phenolic-filter-cartridge-picture.webp\" alt=\"\" width=\"829\" height=\"554\" \/><img loading=\"lazy\" decoding=\"async\" class=\"size-full wp-image-1488 aligncenter\" src=\"https:\/\/www.zonelenviro.com\/wp-content\/uploads\/2024\/03\/phenolic-resin-filter-cartridges.webp\" alt=\"\" width=\"829\" height=\"554\" \/><img loading=\"lazy\" decoding=\"async\" class=\"size-full wp-image-1484 aligncenter\" src=\"https:\/\/www.zonelenviro.com\/wp-content\/uploads\/2024\/03\/phenolic-filter-cartridge.webp\" alt=\"\" width=\"829\" height=\"554\" \/><img loading=\"lazy\" decoding=\"async\" class=\"size-full wp-image-1487 aligncenter\" src=\"https:\/\/www.zonelenviro.com\/wp-content\/uploads\/2024\/03\/phenolic-resin-filter-cartridge-in-PE-paper-bag.webp\" alt=\"\" width=\"829\" height=\"554\" \/><img loading=\"lazy\" decoding=\"async\" class=\"size-full wp-image-1486 aligncenter\" src=\"https:\/\/www.zonelenviro.com\/wp-content\/uploads\/2024\/03\/phenolic-resin-filter-cartridge-in-carton.webp\" alt=\"\" width=\"829\" height=\"554\" \/><\/p>\n","protected":false},"excerpt":{"rendered":"<p>La cartouche filtrante en r\u00e9sine ph\u00e9nolique est fabriqu\u00e9e \u00e0 partir de fibres ph\u00e9noliques m\u00e9lang\u00e9es \u00e0 un liant, un durcisseur, un stabilisateur, etc., puis fritt\u00e9es pour former les cartouches filtrantes, afin d&#8217;am\u00e9liorer la r\u00e9sistance des fibres ph\u00e9noliques ; celles-ci peuvent \u00eatre m\u00e9lang\u00e9es \u00e0 du polyamide (5 \u00e0 10 %) lors de la fabrication.<\/p>\n<p>La cartouche filtrante en r\u00e9sine ph\u00e9nolique de Zonel Filtech est constitu\u00e9e d&#8217;une structure fibreuse li\u00e9e de l&#8217;ext\u00e9rieur vers l&#8217;int\u00e9rieur, dont la densit\u00e9 augmente progressivement, ce qui lui conf\u00e8re une plus grande capacit\u00e9 de r\u00e9tention des particules, une bonne r\u00e9sistance et une longue dur\u00e9e de vie.<\/p>\n","protected":false},"featured_media":9254,"template":"","meta":{"site-sidebar-layout":"default","site-content-layout":"","ast-site-content-layout":"default","site-content-style":"default","site-sidebar-style":"default","ast-global-header-display":"","ast-banner-title-visibility":"","ast-main-header-display":"","ast-hfb-above-header-display":"","ast-hfb-below-header-display":"","ast-hfb-mobile-header-display":"","site-post-title":"","ast-breadcrumbs-content":"","ast-featured-img":"","footer-sml-layout":"","theme-transparent-header-meta":"default","adv-header-id-meta":"","stick-header-meta":"","header-above-stick-meta":"","header-main-stick-meta":"","header-below-stick-meta":"","astra-migrate-meta-layouts":"set","ast-page-background-enabled":"default","ast-page-background-meta":{"desktop":{"background-color":"","background-image":"","background-repeat":"repeat","background-position":"center center","background-size":"auto","background-attachment":"scroll","background-type":"","background-media":"","overlay-type":"","overlay-color":"","overlay-opacity":"","overlay-gradient":""},"tablet":{"background-color":"","background-image":"","background-repeat":"repeat","background-position":"center center","background-size":"auto","background-attachment":"scroll","background-type":"","background-media":"","overlay-type":"","overlay-color":"","overlay-opacity":"","overlay-gradient":""},"mobile":{"background-color":"","background-image":"","background-repeat":"repeat","background-position":"center center","background-size":"auto","background-attachment":"scroll","background-type":"","background-media":"","overlay-type":"","overlay-color":"","overlay-opacity":"","overlay-gradient":""}},"ast-content-background-meta":{"desktop":{"background-color":"var(--ast-global-color-5)","background-image":"","background-repeat":"repeat","background-position":"center center","background-size":"auto","background-attachment":"scroll","background-type":"","background-media":"","overlay-type":"","overlay-color":"","overlay-opacity":"","overlay-gradient":""},"tablet":{"background-color":"var(--ast-global-color-5)","background-image":"","background-repeat":"repeat","background-position":"center center","background-size":"auto","background-attachment":"scroll","background-type":"","background-media":"","overlay-type":"","overlay-color":"","overlay-opacity":"","overlay-gradient":""},"mobile":{"background-color":"var(--ast-global-color-5)","background-image":"","background-repeat":"repeat","background-position":"center center","background-size":"auto","background-attachment":"scroll","background-type":"","background-media":"","overlay-type":"","overlay-color":"","overlay-opacity":"","overlay-gradient":""}}},"product_brand":[],"product_cat":[112],"product_tag":[],"class_list":{"0":"post-9248","1":"product","2":"type-product","3":"status-publish","4":"has-post-thumbnail","6":"product_cat-filtre-a-liquide","7":"desktop-align-left","8":"tablet-align-left","9":"mobile-align-left","11":"first","12":"instock","13":"shipping-taxable","14":"product-type-simple"},"_links":{"self":[{"href":"https:\/\/www.zonelenviro.com\/fr\/wp-json\/wp\/v2\/product\/9248","targetHints":{"allow":["GET"]}}],"collection":[{"href":"https:\/\/www.zonelenviro.com\/fr\/wp-json\/wp\/v2\/product"}],"about":[{"href":"https:\/\/www.zonelenviro.com\/fr\/wp-json\/wp\/v2\/types\/product"}],"version-history":[{"count":0,"href":"https:\/\/www.zonelenviro.com\/fr\/wp-json\/wp\/v2\/product\/9248\/revisions"}],"wp:featuredmedia":[{"embeddable":true,"href":"https:\/\/www.zonelenviro.com\/fr\/wp-json\/wp\/v2\/media\/9254"}],"wp:attachment":[{"href":"https:\/\/www.zonelenviro.com\/fr\/wp-json\/wp\/v2\/media?parent=9248"}],"wp:term":[{"taxonomy":"product_brand","embeddable":true,"href":"https:\/\/www.zonelenviro.com\/fr\/wp-json\/wp\/v2\/product_brand?post=9248"},{"taxonomy":"product_cat","embeddable":true,"href":"https:\/\/www.zonelenviro.com\/fr\/wp-json\/wp\/v2\/product_cat?post=9248"},{"taxonomy":"product_tag","embeddable":true,"href":"https:\/\/www.zonelenviro.com\/fr\/wp-json\/wp\/v2\/product_tag?post=9248"}],"curies":[{"name":"wp","href":"https:\/\/api.w.org\/{rel}","templated":true}]}}