{"id":9274,"date":"2024-03-19T16:11:18","date_gmt":"2024-03-19T08:11:18","guid":{"rendered":"https:\/\/www.zonelenviro.com\/les-sacs-filtrants\/"},"modified":"2026-03-31T15:51:33","modified_gmt":"2026-03-31T07:51:33","slug":"les-sacs-filtrants","status":"publish","type":"product","link":"https:\/\/www.zonelenviro.com\/fr\/les-sacs-filtrants\/","title":{"rendered":"Les sacs filtrants"},"content":{"rendered":"<p><b>Pr\u00e9sentation g\u00e9n\u00e9rale des sacs filtrants \u00e0 poussi\u00e8re<\/b><b><br \/>\n<\/b><span style=\"font-weight: 400;\">Les sacs filtrants \u00e0 poussi\u00e8re de Zonel Filtech sont fabriqu\u00e9s \u00e0 partir de fibres vari\u00e9es avec diff\u00e9rents traitements de finition en fonction des diff\u00e9rentes conditions de travail des filtres \u00e0 sacs dans diverses applications industrielles.<\/span><span style=\"font-weight: 400;\"><br \/>\n<\/span><span style=\"font-weight: 400;\">Les sacs filtrants \u00e0 poussi\u00e8re, ou sacs d\u00e9poussi\u00e9reurs, que nous appelons parfois ainsi, sont tr\u00e8s efficaces et offrent une excellente fonctionnalit\u00e9 durable. Leurs \u00e9missions sont bien inf\u00e9rieures \u00e0 celles des filtres \u00e0 poussi\u00e8re \u00e9lectrostatiques et ils r\u00e9pondent toujours aux exigences d&#8217;\u00e9mission des clients.<\/span><\/p>\n<p><b>Sacs filtrants \u00e0 poussi\u00e8re<\/b><b><br \/>\n<\/b><span style=\"font-weight: 400;\">Les sacs\/manchons filtrants pour poussi\u00e8res sont l&#8217;\u00e9l\u00e9ment cl\u00e9 des d\u00e9poussi\u00e9reurs \u00e0 sacs (b\u00e2timents de filtration \u00e0 sacs), largement utilis\u00e9s dans de nombreuses applications industrielles pour le contr\u00f4le de la pollution de l&#8217;air, telles que les cimenteries, les centrales thermiques, les usines de transformation alimentaire, les usines pharmaceutiques, les usines m\u00e9tallurgiques, les usines d&#8217;engrais et les usines chimiques, etc.<\/span><span style=\"font-weight: 400;\"><br \/>\n<\/span><span style=\"font-weight: 400;\">Zonel Filtech peut fournir divers sacs filtrants \u00e0 poussi\u00e8re pour les filtres \u00e0 manches \u00e0 jet d&#8217;air puls\u00e9 et les filtres \u00e0 manches \u00e0 air souffl\u00e9 invers\u00e9, ou d&#8217;autres filtres con\u00e7us sur mesure.<\/span><span style=\"font-weight: 400;\"><br \/>\n<\/span><span style=\"font-weight: 400;\">Les sacs filtrants \u00e0 poussi\u00e8re de Zonel Filtech sont fabriqu\u00e9s \u00e0 partir de fibres vari\u00e9es avec diff\u00e9rents traitements de finition en fonction des diff\u00e9rentes conditions de travail des filtres \u00e0 sacs dans diverses applications industrielles.<\/span><span style=\"font-weight: 400;\"><br \/>\n<\/span><span style=\"font-weight: 400;\">Les sacs filtrants pour d\u00e9poussi\u00e9reurs, aussi appel\u00e9s sacs collecteurs de poussi\u00e8re, sont tr\u00e8s efficaces et offrent une excellente fonctionnalit\u00e9 durable. Leurs \u00e9missions sont bien inf\u00e9rieures \u00e0 celles des filtres \u00e0 poussi\u00e8re \u00e9lectrostatiques et r\u00e9pondent toujours aux exigences des clients. Avantages des sacs filtrants pour d\u00e9poussi\u00e9reurs\u00a0:<\/span><span style=\"font-weight: 400;\"><br \/>\n<\/span><span style=\"font-weight: 400;\">1. Faibles co\u00fbts d&#8217;entretien.<\/span><span style=\"font-weight: 400;\"><br \/>\n<\/span><span style=\"font-weight: 400;\">2. Haute efficacit\u00e9 de filtration.<\/span><span style=\"font-weight: 400;\"><br \/>\n<\/span><span style=\"font-weight: 400;\">3. Non affect\u00e9 par la composition de l&#8217;air poussi\u00e9reux.<\/span><\/p>\n<p><b>Les sacs filtrants \u00e0 poussi\u00e8re sont fabriqu\u00e9s \u00e0 partir de diff\u00e9rents mat\u00e9riaux, principalement les suivants :<\/b><\/p>\n<p><b style=\"font-style: inherit;\">A. Sac filtrant \u00e0 poussi\u00e8re en homopolym\u00e8re acrylique :<\/b><\/p>\n<p><img fetchpriority=\"high\" decoding=\"async\" class=\"alignnone size-full wp-image-1504\" src=\"https:\/\/www.zonelenviro.com\/wp-content\/uploads\/2024\/03\/acrylic-filter-bag-1.jpg\" alt=\"\" width=\"829\" height=\"554\" \/><\/p>\n<p><span style=\"font-weight: 400;\">Les sacs filtrants \u00e0 poussi\u00e8re en homopolym\u00e8re acrylique sont fabriqu\u00e9s en feutre aiguillet\u00e9 acrylique, dont l&#8217;un des principaux avantages est la r\u00e9sistance \u00e0 l&#8217;hydrolyse.<\/span><span style=\"font-weight: 400;\"><br \/>\n<\/span><span style=\"font-weight: 400;\">Temp\u00e9rature de service continue : 125 degr\u00e9s C.<\/span><span style=\"font-weight: 400;\"><br \/>\n<\/span><span style=\"font-weight: 400;\">Pics instantan\u00e9s : 140 degr\u00e9s C.<\/span><\/p>\n<p><b style=\"font-style: inherit;\">B. Sac filtrant antistatique contre la poussi\u00e8re :<\/b><\/p>\n<p><img decoding=\"async\" class=\"alignnone size-full wp-image-1505\" src=\"https:\/\/www.zonelenviro.com\/wp-content\/uploads\/2024\/03\/polyester-blended-anti-static-filter-bag-1.jpg\" alt=\"\" width=\"829\" height=\"554\" \/><\/p>\n<p><img decoding=\"async\" class=\"alignnone size-full wp-image-1506\" src=\"https:\/\/www.zonelenviro.com\/wp-content\/uploads\/2024\/03\/polyester-stripe-antistatic-filter-bag-1.jpg\" alt=\"\" width=\"829\" height=\"554\" \/><\/p>\n<p><span style=\"font-weight: 400;\">Certaines poussi\u00e8res industrielles peuvent exploser au contact d&#8217;une d\u00e9charge statique si leur teneur en mati\u00e8res inflammables et combustibles atteint un certain seuil, ce qui peut provoquer une explosion et un incendie. Ce risque est particuli\u00e8rement \u00e9lev\u00e9 lors de la collecte de poussi\u00e8res dans les minoteries, les usines chimiques et les industries charbonni\u00e8res, etc. Par cons\u00e9quent, pour le d\u00e9poussi\u00e9rage dans ce cas, il est n\u00e9cessaire d&#8217;utiliser des sacs \u00e0 poussi\u00e8re antistatiques sp\u00e9ciaux.<\/span><span style=\"font-weight: 400;\"><br \/>\n<\/span><span style=\"font-weight: 400;\">Zonel Filtech a int\u00e9gr\u00e9 les technologies de pointe et d\u00e9velopp\u00e9 des feutres aiguillet\u00e9s antistatiques et des tissus tiss\u00e9s capables de r\u00e9pondre aux exigences sp\u00e9cifiques de la collecte des poussi\u00e8res de gaz de haut fourneau et de gaz de charbon dans l&#8217;industrie du ciment, etc.<\/span><\/p>\n<p><b style=\"font-style: inherit;\">C. Sacs filtrants \u00e0 poussi\u00e8re en aramide :<\/b><\/p>\n<p><img loading=\"lazy\" decoding=\"async\" class=\"alignnone size-full wp-image-1507\" src=\"https:\/\/www.zonelenviro.com\/wp-content\/uploads\/2024\/03\/nomex-filter-bags-1.jpg\" alt=\"\" width=\"829\" height=\"554\" \/><\/p>\n<p><span style=\"font-weight: 400;\">Dans des conditions de temp\u00e9rature normale (inf\u00e9rieure \u00e0 150 \u00b0C), le feutre aiguillet\u00e9 en polyester convient aux syst\u00e8mes de filtration \u00e0 manches. Cependant, \u00e0 des temp\u00e9ratures \u00e9lev\u00e9es, comme celles des gaz r\u00e9siduaires\/fum\u00e9es\/poussi\u00e8res provenant d&#8217;usines m\u00e9tallurgiques, d&#8217;usines de noir de carbone, de hauts fourneaux, de cimenteries (gaz r\u00e9siduaires de fours \u00e0 ciment), de fum\u00e9es de p\u00e9trole issues du m\u00e9lange de b\u00e9ton et d&#8217;asphalte, de chaudi\u00e8res \u00e0 charbon, etc., les m\u00e9thodes de filtration classiques ne sont pas efficaces. Voici pourquoi\u00a0:<\/span><span style=\"font-weight: 400;\"><br \/>\n<\/span><span style=\"font-weight: 400;\">1. \u00c9tant donn\u00e9 que le syst\u00e8me de filtration \u00e9lectronique est limit\u00e9 par une r\u00e9sistance sp\u00e9cifique, il ne fonctionnera pas ; le syst\u00e8me de filtration \u00e0 sac est donc le premier choix pour l&#8217;\u00e9limination des poussi\u00e8res et des fum\u00e9es.<\/span><span style=\"font-weight: 400;\"><br \/>\n<\/span><span style=\"font-weight: 400;\">2. Si l&#8217;utilisateur tente de r\u00e9duire la temp\u00e9rature (en dessous de 150 \u00b0C), cela augmentera l&#8217;investissement et sera \u00e9galement limit\u00e9 par le terrain.<\/span><span style=\"font-weight: 400;\"><br \/>\n<\/span><span style=\"font-weight: 400;\">3. La pr\u00e9sence \u00e9ventuelle de substances telles que le soufre dans le gaz\/les fum\u00e9es peut entra\u00eener la formation de ros\u00e9e acide. Le feutre aiguillet\u00e9 en aramide, outre ses propri\u00e9t\u00e9s de filabilit\u00e9 et de r\u00e9sistance \u00e0 l&#8217;abrasion, pr\u00e9sente \u00e9galement une r\u00e9sistance aux hautes temp\u00e9ratures, aux flammes et une infusibilit\u00e9. La fibre ne s&#8217;enflamme pas spontan\u00e9ment\u00a0; \u00e0 une temp\u00e9rature de 400\u00a0\u00b0C, la fibre d&#8217;aramide se carbonise progressivement. De plus, la fibre d&#8217;aramide offre une excellente stabilit\u00e9 dimensionnelle et une longue dur\u00e9e de vie.<\/span><\/p>\n<p><b>D. Sacs pour d\u00e9poussi\u00e9reur P84 :<\/b><\/p>\n<p><img loading=\"lazy\" decoding=\"async\" class=\"alignnone size-full wp-image-1508\" src=\"https:\/\/www.zonelenviro.com\/wp-content\/uploads\/2024\/03\/P84-dust-filter-bags-1.jpg\" alt=\"\" width=\"829\" height=\"554\" \/><\/p>\n<p><span style=\"font-weight: 400;\">La fibre P84 (PI-polyimide), gr\u00e2ce \u00e0 ses propri\u00e9t\u00e9s de r\u00e9sistance aux hautes temp\u00e9ratures et d&#8217;inflammabilit\u00e9, et sa structure \u00e0 trois feuilles, conf\u00e8rent au tissu filtrant en feutre aiguillet\u00e9 de polyimide une surface de filtration bien plus importante que celle des tissus filtrants compos\u00e9s d&#8217;autres fibres. Le tissu filtrant P84 est donc un mat\u00e9riau id\u00e9al qui garantit une tr\u00e8s bonne efficacit\u00e9 de filtration.<\/span><\/p>\n<p><b>E. Sacs filtrants \u00e0 poussi\u00e8re en polyester (PET) :<\/b><\/p>\n<p><img loading=\"lazy\" decoding=\"async\" class=\"alignnone size-full wp-image-1510\" src=\"https:\/\/www.zonelenviro.com\/wp-content\/uploads\/2024\/03\/polyester-dust-filter-bag-1.jpg\" alt=\"\" width=\"829\" height=\"554\" \/><\/p>\n<p><span style=\"font-weight: 400;\">Sacs filtrants \u00e0 poussi\u00e8re en polyester fabriqu\u00e9s en feutre aiguillet\u00e9 de polyester, qui adoptent une fabrication non tiss\u00e9e par aiguilletage de qualit\u00e9, avec des propri\u00e9t\u00e9s de dimension physique stable, de d\u00e9moulage facile, d&#8217;une bonne perm\u00e9abilit\u00e9 \u00e0 l&#8217;air, largement utilis\u00e9s pour la collecte de poussi\u00e8re industrielle et la filtration de liquides, etc.<\/span><span style=\"font-weight: 400;\"><br \/>\n<\/span><span style=\"font-weight: 400;\">Apr\u00e8s traitement hydrofuge et ol\u00e9ofuge, ce mat\u00e9riau peut \u00eatre utilis\u00e9 comme m\u00e9dia filtrant dans des conditions contenant de l&#8217;humidit\u00e9 et des brouillards d&#8217;huile pendant une longue p\u00e9riode.<\/span><span style=\"font-weight: 400;\"><br \/>\n<\/span><span style=\"font-weight: 400;\">Nous pouvons \u00e9galement les finir avec une membrane en PTFE, qui pr\u00e9sente les propri\u00e9t\u00e9s suivantes\u00a0: surface lisse, d\u00e9moulage facile, haute efficacit\u00e9 de filtration, \u00e9conomies d\u2019\u00e9nergie, longue dur\u00e9e de vie, etc. Principales applications\u00a0:<\/span><span style=\"font-weight: 400;\"><br \/>\n<\/span><span style=\"font-weight: 400;\">1. Traitement des produits chimiques\u00a0: s\u00e9choirs, \u00e9vents de silos et d\u00e9poussi\u00e9reurs g\u00eanants dans les industries des pigments, des plastiques et des catalyseurs.<\/span><span style=\"font-weight: 400;\"><br \/>\n<\/span><span style=\"font-weight: 400;\">2. Traitement des min\u00e9raux : broyeurs de finition, broyeurs de mati\u00e8res premi\u00e8res, transport pneumatique en vrac et d\u00e9poussi\u00e9reurs \u00e0 ventilation de silos.<\/span><span style=\"font-weight: 400;\"><br \/>\n<\/span><span style=\"font-weight: 400;\">3. Traitement des m\u00e9taux\u00a0: d\u00e9poussi\u00e9reurs de proc\u00e9d\u00e9 dans les industries du plomb, de l\u2019oxyde de plomb et de la sid\u00e9rurgie. Syst\u00e8mes d\u2019injection de charbon pulv\u00e9ris\u00e9, syst\u00e8mes de manutention des fum\u00e9es et des produits en vrac dans la production de coke et syst\u00e8mes de r\u00e9cup\u00e9ration du sable dans les fonderies.<\/span><span style=\"font-weight: 400;\"><br \/>\n<\/span><span style=\"font-weight: 400;\">4. Production d&#8217;\u00e9nergie et incin\u00e9ration : manutention des mat\u00e9riaux pour le charbon et le calcaire.<\/span><\/p>\n<p><b style=\"font-style: inherit;\">F. Sacs de d\u00e9poussi\u00e9rage r\u00e9sistants \u00e0 l&#8217;eau et \u00e0 l&#8217;huile :<\/b><\/p>\n<p><img loading=\"lazy\" decoding=\"async\" class=\"alignnone size-full wp-image-1511\" src=\"https:\/\/www.zonelenviro.com\/wp-content\/uploads\/2024\/03\/polyester-needle-felt-filter-cloth-with-water-and-oil-repellent-treatment.jpg\" alt=\"\" width=\"829\" height=\"554\" \/><\/p>\n<p><span style=\"font-weight: 400;\">Apr\u00e8s traitement hydrofuge et ol\u00e9ofuge, les sacs filtrants peuvent \u00eatre utilis\u00e9s longtemps dans des conditions d&#8217;humidit\u00e9 et de brouillard huileux, ce qui \u00e9vite leur colmatage m\u00eame en pr\u00e9sence de condensation dans le local de filtration.<\/span><\/p>\n<p><b>G. Sacs filtrants avec membrane PTFE lamin\u00e9e.<\/b><\/p>\n<p><img loading=\"lazy\" decoding=\"async\" class=\"alignnone size-full wp-image-1512\" src=\"https:\/\/www.zonelenviro.com\/wp-content\/uploads\/2024\/03\/polyester-needle-felt-with-PTFE-membrane-treatment-1.jpg\" alt=\"\" width=\"829\" height=\"554\" \/><\/p>\n<p><span style=\"font-weight: 400;\">Ces sacs filtrants pour d\u00e9poussi\u00e9reurs sont utilis\u00e9s dans toutes les applications de d\u00e9poussi\u00e9rage. La membrane en PTFE expans\u00e9 permet une meilleure circulation de l&#8217;air \u00e0 travers le m\u00e9dia filtrant tout en retenant les particules en surface. L&#8217;utilisation de ce type de sacs filtrants permet aux ing\u00e9nieurs de r\u00e9duire les co\u00fbts d&#8217;investissement et d&#8217;exploitation. Ces sacs offrent \u00e9galement une protection contre les variations impr\u00e9vues et indirectes qui peuvent survenir lors du fonctionnement des d\u00e9poussi\u00e9reurs.<\/span><\/p>\n<p><b>H. Sacs filtrants en fibre de verre \/ FMS:<\/b><\/p>\n<p><img loading=\"lazy\" decoding=\"async\" class=\"alignnone size-full wp-image-1516\" src=\"https:\/\/www.zonelenviro.com\/wp-content\/uploads\/2024\/03\/fiber-glass-needle-felt-filter-bag-1.jpg\" alt=\"\" width=\"829\" height=\"554\" \/><\/p>\n<p><span style=\"font-weight: 400;\">Le feutre aiguillet\u00e9 en fibre de verre est un type de m\u00e9dia filtrant relativement r\u00e9cent, utilis\u00e9 dans les sacs filtrants en fibres pour les environnements \u00e0 haute temp\u00e9rature. Gr\u00e2ce \u00e0 sa structure cellulaire tridimensionnelle, son taux de r\u00e9tention \u00e9lev\u00e9 et sa faible r\u00e9sistance \u00e0 l&#8217;air, son efficacit\u00e9 de filtration, sup\u00e9rieure \u00e0 celle des tissus filtrants tiss\u00e9s (jusqu&#8217;\u00e0 99,9 %), est deux fois plus \u00e9lev\u00e9e. Ce mat\u00e9riau est largement utilis\u00e9 dans les usines de carbone, les usines chimiques, les usines m\u00e9tallurgiques, les chaudi\u00e8res \u00e0 charbon, etc. Le feutre aiguillet\u00e9 en fibre de verre est \u00e9galement adapt\u00e9 aux syst\u00e8mes de filtration \u00e0 manches \u00e0 jet d&#8217;air puls\u00e9. R\u00e9sistant aux hautes temp\u00e9ratures et \u00e0 la corrosion, il offre d&#8217;excellentes performances pour la gestion de la pollution par les poussi\u00e8res industrielles et le recyclage des particules valorisables.<\/span><span style=\"font-weight: 400;\"><br \/>\n<\/span><span style=\"font-weight: 400;\">Le feutre aiguillet\u00e9 en fibre de verre m\u00e9lang\u00e9e \u00e0 d&#8217;autres fibres r\u00e9sistantes aux hautes temp\u00e9ratures est appel\u00e9 FMS. Ce tissu filtrant offre une excellente r\u00e9sistance aux hautes temp\u00e9ratures. Il est principalement compos\u00e9 d&#8217;un m\u00e9lange de fibres de verre de 5,5 microns de diam\u00e8tre avec des fibres P84 (polyimide), aramide (Nomex) et PPS (Ryton). Sa structure cellulaire tridimensionnelle et sa faible r\u00e9sistance \u00e0 l&#8217;air, notamment gr\u00e2ce \u00e0 l&#8217;utilisation de fibres P84 en forme de feuille, permettent d&#8217;augmenter la surface de filtration de 80 %, facilitant ainsi la collecte des poussi\u00e8res. Ce m\u00e9lange renforce \u00e9galement la coh\u00e9sion des fibres et supporte des vitesses de vent \u00e9lev\u00e9es (environ 1 \u00e0 1,4 m\/min, soit 50 % de plus). Enfin, il pr\u00e9sente une bonne r\u00e9sistance \u00e0 l&#8217;abrasion. Ce type de tissu est largement utilis\u00e9 dans les usines m\u00e9tallurgiques, chimiques, les chaudi\u00e8res \u00e0 charbon, les incin\u00e9rateurs et les cimenteries pour le d\u00e9poussi\u00e9rage ou la filtration des fum\u00e9es en environnements \u00e0 haute temp\u00e9rature.<\/span><\/p>\n<p><b style=\"font-style: inherit;\">I. Sacs filtrants \u00e0 poussi\u00e8re en poly(P-ph\u00e9nyl\u00e8ne sulfure) (PPS)<\/b><\/p>\n<p><img loading=\"lazy\" decoding=\"async\" class=\"alignnone size-full wp-image-1518\" src=\"https:\/\/www.zonelenviro.com\/wp-content\/uploads\/2024\/03\/PPS-dust-filter-bag-1.jpg\" alt=\"\" width=\"829\" height=\"554\" \/><\/p>\n<p><span style=\"font-weight: 400;\">Le PPS est un mat\u00e9riau filtrant de haute qualit\u00e9, r\u00e9sistant aux acides, aux bases et \u00e0 l&#8217;hydrolyse, mais ses propri\u00e9t\u00e9s antioxydantes sont limit\u00e9es. Il est principalement utilis\u00e9 dans les incin\u00e9rateurs de d\u00e9chets, les chaudi\u00e8res de centrales \u00e9lectriques, les chaudi\u00e8res industrielles, etc.<\/span><span style=\"font-weight: 400;\"><br \/>\n<\/span><span style=\"font-weight: 400;\">Zonel Filter fournit des feutres aiguillet\u00e9s en PPS pour la collecte de poussi\u00e8re dans les cimenteries, les aci\u00e9ries, les centrales \u00e9lectriques, les usines chimiques, etc. Le poids, de 400 g\/m\u00b2 \u00e0 750 g\/m\u00b2, peut \u00eatre personnalis\u00e9.<\/span><\/p>\n<p><b>J. Feutre filtrant aiguillet\u00e9 en PTFE (polyt\u00e9trafluoro\u00e9thyl\u00e8ne)\u00a0<\/b><\/p>\n<p><img loading=\"lazy\" decoding=\"async\" class=\"alignnone size-full wp-image-1523\" src=\"https:\/\/www.zonelenviro.com\/wp-content\/uploads\/2024\/03\/PTFE-needle-felt-filtr-bags-1.jpg\" alt=\"\" width=\"829\" height=\"554\" \/><\/p>\n<p><span style=\"font-weight: 400;\">Le PTFE, \u00e9galement appel\u00e9 T\u00e9flon, est un mat\u00e9riau filtrant performant \u00e0 une temp\u00e9rature de 260 \u00b0C, pouvant atteindre 280 \u00b0C instantan\u00e9ment. Ce mat\u00e9riau sp\u00e9cial pr\u00e9sente une excellente r\u00e9sistance aux alcalis et aux acides, une r\u00e9sistance \u00e0 l&#8217;hydrolyse et une grande stabilit\u00e9 dimensionnelle. Il est principalement utilis\u00e9 dans les chaudi\u00e8res \u00e0 charbon, l&#8217;incin\u00e9ration des d\u00e9chets, la production de noir de carbone et de TiO\u2082 pour le traitement des fum\u00e9es ou la d\u00e9poussi\u00e9rage, ainsi que pour la filtration de liquides corrosifs ou \u00e0 haute temp\u00e9rature.<\/span><\/p>\n<p><b>Caract\u00e9ristiques des sacs filtrants \u00e0 poussi\u00e8re\u00a0:<\/b><\/p>\n<p><span style=\"font-weight: 400;\">Les sacs filtrants \u00e0 poussi\u00e8re ou sacs collecteurs de poussi\u00e8re, con\u00e7us de mani\u00e8re ing\u00e9nieuse, sont tr\u00e8s efficaces et offrent une excellente fonctionnalit\u00e9 durable, avec des \u00e9missions bien inf\u00e9rieures \u00e0 celles des pr\u00e9cipitateurs \u00e9lectrostatiques (ESP), et r\u00e9pondent toujours aux exigences d&#8217;\u00e9mission des clients.<\/span><span style=\"font-weight: 400;\"><br \/>\n<\/span><span style=\"font-weight: 400;\">Avantages des sacs filtrants pour d\u00e9poussi\u00e9reurs\u00a0: 1. Faibles co\u00fbts d\u2019entretien. 2. Haute efficacit\u00e9 de filtration. 3. Insensibles \u00e0 la composition de l\u2019air poussi\u00e9reux.<\/span><\/p>\n<p><b>Les autres mat\u00e9riaux pour les sacs filtrants \u00e0 poussi\u00e8re<\/b><\/p>\n<p><span style=\"font-weight: 400;\">Anneau de fixation des sacs filtrants \u00e0 poussi\u00e8re<\/span><\/p>\n<p><img loading=\"lazy\" decoding=\"async\" class=\"alignnone size-full wp-image-1527\" src=\"https:\/\/www.zonelenviro.com\/wp-content\/uploads\/2024\/03\/snap-ring-for-filter-bags.jpg\" alt=\"\" width=\"829\" height=\"554\" \/><\/p>\n<p><span style=\"font-weight: 400;\">Anneau en feutre \u00e9pais des sacs filtrants \u00e0 poussi\u00e8re<\/span><\/p>\n<p><img loading=\"lazy\" decoding=\"async\" class=\"alignnone size-full wp-image-1528\" src=\"https:\/\/www.zonelenviro.com\/wp-content\/uploads\/2024\/03\/thick-felt-top-ring.jpg\" alt=\"\" width=\"829\" height=\"554\" \/><\/p>\n<p><span style=\"font-weight: 400;\">Anneau en fil d&#8217;acier des sacs filtrants \u00e0 poussi\u00e8re<\/span><\/p>\n<p><img loading=\"lazy\" decoding=\"async\" class=\"alignnone size-full wp-image-1530\" src=\"https:\/\/www.zonelenviro.com\/wp-content\/uploads\/2024\/03\/filter-bag-steel-wire-top-ring-1.jpg\" alt=\"\" width=\"829\" height=\"554\" \/><\/p>\n<p><span style=\"font-weight: 400;\">Le fil \u00e0 coudre pour les sacs filtrants \u00e0 poussi\u00e8re<\/span><\/p>\n<p><img loading=\"lazy\" decoding=\"async\" class=\"alignnone size-full wp-image-1531\" src=\"https:\/\/www.zonelenviro.com\/wp-content\/uploads\/2024\/03\/PTFE-sewing-thread.jpg\" alt=\"\" width=\"829\" height=\"554\" \/><\/p>\n<p><strong>Zonel<\/strong><\/p>\n<p><strong>ISO9001:2015<\/strong><\/p>\n<p>&nbsp;<\/p>\n","protected":false},"excerpt":{"rendered":"<p>Les manches filtrantes constituent l&#8217;\u00e9l\u00e9ment cl\u00e9 des d\u00e9poussi\u00e9reurs \u00e0 manches (filtres \u00e0 manches), largement utilis\u00e9s dans de nombreux secteurs industriels pour le contr\u00f4le de la pollution atmosph\u00e9rique, tels que les cimenteries, les centrales thermiques, les usines agroalimentaires, les usines pharmaceutiques, les usines m\u00e9tallurgiques, les usines d&#8217;engrais et les usines chimiques, etc.<\/p>\n<p>Les sacs filtrants de Zonel Filtech sont fabriqu\u00e9s \u00e0 partir de divers tissus filtrants et b\u00e9n\u00e9ficient d&#8217;un traitement de finition soign\u00e9, adapt\u00e9 aux diff\u00e9rentes conditions d&#8217;utilisation. La taille, la forme, le mat\u00e9riau de couture et les anneaux d&#8217;\u00e9tanch\u00e9it\u00e9 des sacs peuvent tous \u00eatre personnalis\u00e9s de mani\u00e8re professionnelle.<\/p>\n<p>Outre les manches filtrantes, Zonel Filtech propose \u00e9galement \u00e0 ses clients un service de conseil gratuit afin de les aider \u00e0 am\u00e9liorer les performances de leurs installations de filtration \u00e0 manches.<\/p>\n<p>Si vous avez besoin d&#8217;aide, n&#8217;h\u00e9sitez pas \u00e0 contacter Zonel Filtech !<\/p>\n","protected":false},"featured_media":9275,"template":"","meta":{"site-sidebar-layout":"default","site-content-layout":"","ast-site-content-layout":"default","site-content-style":"default","site-sidebar-style":"default","ast-global-header-display":"","ast-banner-title-visibility":"","ast-main-header-display":"","ast-hfb-above-header-display":"","ast-hfb-below-header-display":"","ast-hfb-mobile-header-display":"","site-post-title":"","ast-breadcrumbs-content":"","ast-featured-img":"","footer-sml-layout":"","theme-transparent-header-meta":"default","adv-header-id-meta":"","stick-header-meta":"","header-above-stick-meta":"","header-main-stick-meta":"","header-below-stick-meta":"","astra-migrate-meta-layouts":"set","ast-page-background-enabled":"default","ast-page-background-meta":{"desktop":{"background-color":"","background-image":"","background-repeat":"repeat","background-position":"center center","background-size":"auto","background-attachment":"scroll","background-type":"","background-media":"","overlay-type":"","overlay-color":"","overlay-opacity":"","overlay-gradient":""},"tablet":{"background-color":"","background-image":"","background-repeat":"repeat","background-position":"center center","background-size":"auto","background-attachment":"scroll","background-type":"","background-media":"","overlay-type":"","overlay-color":"","overlay-opacity":"","overlay-gradient":""},"mobile":{"background-color":"","background-image":"","background-repeat":"repeat","background-position":"center center","background-size":"auto","background-attachment":"scroll","background-type":"","background-media":"","overlay-type":"","overlay-color":"","overlay-opacity":"","overlay-gradient":""}},"ast-content-background-meta":{"desktop":{"background-color":"var(--ast-global-color-5)","background-image":"","background-repeat":"repeat","background-position":"center center","background-size":"auto","background-attachment":"scroll","background-type":"","background-media":"","overlay-type":"","overlay-color":"","overlay-opacity":"","overlay-gradient":""},"tablet":{"background-color":"var(--ast-global-color-5)","background-image":"","background-repeat":"repeat","background-position":"center center","background-size":"auto","background-attachment":"scroll","background-type":"","background-media":"","overlay-type":"","overlay-color":"","overlay-opacity":"","overlay-gradient":""},"mobile":{"background-color":"var(--ast-global-color-5)","background-image":"","background-repeat":"repeat","background-position":"center center","background-size":"auto","background-attachment":"scroll","background-type":"","background-media":"","overlay-type":"","overlay-color":"","overlay-opacity":"","overlay-gradient":""}}},"product_brand":[],"product_cat":[113],"product_tag":[],"class_list":{"0":"post-9274","1":"product","2":"type-product","3":"status-publish","4":"has-post-thumbnail","6":"product_cat-filtre-a-poussiere","7":"desktop-align-left","8":"tablet-align-left","9":"mobile-align-left","11":"first","12":"instock","13":"shipping-taxable","14":"product-type-simple"},"_links":{"self":[{"href":"https:\/\/www.zonelenviro.com\/fr\/wp-json\/wp\/v2\/product\/9274","targetHints":{"allow":["GET"]}}],"collection":[{"href":"https:\/\/www.zonelenviro.com\/fr\/wp-json\/wp\/v2\/product"}],"about":[{"href":"https:\/\/www.zonelenviro.com\/fr\/wp-json\/wp\/v2\/types\/product"}],"version-history":[{"count":0,"href":"https:\/\/www.zonelenviro.com\/fr\/wp-json\/wp\/v2\/product\/9274\/revisions"}],"wp:featuredmedia":[{"embeddable":true,"href":"https:\/\/www.zonelenviro.com\/fr\/wp-json\/wp\/v2\/media\/9275"}],"wp:attachment":[{"href":"https:\/\/www.zonelenviro.com\/fr\/wp-json\/wp\/v2\/media?parent=9274"}],"wp:term":[{"taxonomy":"product_brand","embeddable":true,"href":"https:\/\/www.zonelenviro.com\/fr\/wp-json\/wp\/v2\/product_brand?post=9274"},{"taxonomy":"product_cat","embeddable":true,"href":"https:\/\/www.zonelenviro.com\/fr\/wp-json\/wp\/v2\/product_cat?post=9274"},{"taxonomy":"product_tag","embeddable":true,"href":"https:\/\/www.zonelenviro.com\/fr\/wp-json\/wp\/v2\/product_tag?post=9274"}],"curies":[{"name":"wp","href":"https:\/\/api.w.org\/{rel}","templated":true}]}}