{"id":9309,"date":"2024-03-19T16:38:51","date_gmt":"2024-03-19T08:38:51","guid":{"rendered":"https:\/\/www.zonelenviro.com\/materiaux-et-machines-de-filtration-pour-lhuile-de-palme\/"},"modified":"2026-03-31T15:59:55","modified_gmt":"2026-03-31T07:59:55","slug":"materiaux-et-machines-de-filtration-pour-lhuile-de-palme","status":"publish","type":"product","link":"https:\/\/www.zonelenviro.com\/fr\/materiaux-et-machines-de-filtration-pour-lhuile-de-palme\/","title":{"rendered":"Mat\u00e9riaux et machines de filtration pour l&#8217;huile de palme"},"content":{"rendered":"<p><strong>Bo\u00eetier de filtre \u00e0 manches SS \u2013 entr\u00e9e lat\u00e9rale \u00e0 une seule manche<\/strong><br \/>\nZonel Filtech propose divers mat\u00e9riaux filtrants destin\u00e9s \u00e0 la filtration de l&#8217;huile de palme brute, qui \u00e9quipent de nombreux types de machines de filtration. Les mat\u00e9riaux filtrants pour l&#8217;huile de palme sont principalement utilis\u00e9s pour :<\/p>\n<p><strong>1. <span style=\"color: #3366ff;\"><a style=\"color: #3366ff;\" href=\"https:\/\/www.zonelenviro.com\/filterpress.html\">Pour les filtres-presses<\/a><\/span><\/strong><\/p>\n<p><img fetchpriority=\"high\" decoding=\"async\" class=\"alignnone wp-image-1556 size-full\" src=\"https:\/\/www.zonelenviro.com\/wp-content\/uploads\/2024\/03\/filter-fabric1.jpg\" alt=\"\" width=\"829\" height=\"554\" \/><\/p>\n<p><img decoding=\"async\" class=\"alignnone wp-image-1557\" src=\"https:\/\/www.zonelenviro.com\/wp-content\/uploads\/2024\/03\/palm-oil-filter-fabric.jpg\" alt=\"\" width=\"829\" height=\"476\" \/><\/p>\n<p><img decoding=\"async\" class=\"alignnone wp-image-1558\" src=\"https:\/\/www.zonelenviro.com\/wp-content\/uploads\/2024\/03\/palm-oil-filter-cloth.jpg\" alt=\"\" width=\"829\" height=\"476\" \/><\/p>\n<p>Zonel Filtech a mis au point des tissus filtrants antistatiques en monofilaments de PA66 et de PET\/PBT destin\u00e9s aux filtres-presses \u00e0 chambres utilis\u00e9s pour la filtration de l&#8217;huile de palme brute.<\/p>\n<p>Caract\u00e9ristiques des toiles filtrantes pour l&#8217;huile de palme :<br \/>\nQualit\u00e9 alimentaire ; antistatiques (toiles filtrantes antistatiques pour l&#8217;huile de palme qui ne g\u00e9n\u00e8rent pas d&#8217;\u00e9tincelles statiques, garantissant une production s\u00fbre) ; surface lisse facilitant le d\u00e9moulage du g\u00e2teau de filtration ; haute r\u00e9sistance \u00e0 la traction et \u00e0 l&#8217;abrasion, dimensions stables, durables. Les toiles filtrantes pour presse-filtre destin\u00e9es \u00e0 la filtration de l&#8217;huile de palme sont tr\u00e8s pris\u00e9es sur le march\u00e9. Si vous avez besoin d&#8217;aide concernant les toiles filtrantes pour huile de palme, n&#8217;h\u00e9sitez pas \u00e0 nous envoyer une demande de renseignements !<\/p>\n<p><strong>2. <span style=\"color: #3366ff;\"><a style=\"color: #3366ff;\" href=\"https:\/\/www.zonelenviro.com\/fr\/boitiers-de-filtre-en-acier-inoxydable-cuves-de-filtre-en-acier-inoxydable\/\">Pour le bo\u00eetier de filtre \u00e0 manches SS<\/a><\/span><\/strong><\/p>\n<p><img loading=\"lazy\" decoding=\"async\" class=\"alignnone size-full wp-image-1559\" src=\"https:\/\/www.zonelenviro.com\/wp-content\/uploads\/2024\/03\/S.S.-bag-filter-housings.jpg\" alt=\"\" width=\"829\" height=\"554\" \/><\/p>\n<p><img loading=\"lazy\" decoding=\"async\" class=\"alignnone size-full wp-image-1560\" src=\"https:\/\/www.zonelenviro.com\/wp-content\/uploads\/2024\/03\/micron-rated-filter-bag-welded.jpg\" alt=\"\" width=\"829\" height=\"554\" \/><\/p>\n<p>Zonel Filtech propose des sacs filtrants de pr\u00e9cision microm\u00e9trique destin\u00e9s \u00e0 la filtration de l&#8217;huile de palme, disponibles en diff\u00e9rentes finesses de filtration.<br \/>\nFabriqu\u00e9s dans un mat\u00e9riau de qualit\u00e9 alimentaire, ces sacs filtrants pour huile de palme offrent une grande capacit\u00e9 de r\u00e9tention des particules, sont lavables et ont une dur\u00e9e de vie prolong\u00e9e ; ils peuvent \u00eatre personnalis\u00e9s pour des finesses de filtration comprises entre 1 et 200 microns.<\/p>\n<p>Outre les toiles filtrantes pour huile de palme et les sacs filtrants \u00e0 microns mentionn\u00e9s ci-dessus, Zonel Filtech propose \u00e9galement des bo\u00eetiers de filtration en acier inoxydable de tr\u00e8s bonne qualit\u00e9 destin\u00e9s \u00e0 la filtration de l&#8217;huile de palme, ainsi que des filtres-presses \u00e0 chambres pour la purification de l&#8217;huile de palme. N&#8217;h\u00e9sitez pas \u00e0 contacter Zonel Filtech si vous avez besoin d&#8217;aide !<\/p>\n<p>&nbsp;<\/p>\n","protected":false},"excerpt":{"rendered":"<p>Zonel Filtech propose divers mat\u00e9riaux filtrants destin\u00e9s \u00e0 la filtration de l&#8217;huile de palme brute, qui \u00e9quipent de nombreux types de machines de filtration. Ces mat\u00e9riaux sont principalement utilis\u00e9s pour : 1. Les filtres-presses : Zonel Filtech a d\u00e9velopp\u00e9 des toiles filtrantes antistatiques en monofilaments PA66 et PET\/PBT pour les filtres-presses \u00e0 chambres, destin\u00e9es \u00e0 la filtration de l&#8217;huile de palme brute. Propri\u00e9t\u00e9s des tissus filtrants pour l&#8217;huile de palme : qualit\u00e9 alimentaire ; antistatiques (le tissu filtrant antistatique pour l&#8217;huile de palme ne g\u00e9n\u00e8re pas d&#8217;\u00e9tincelles statiques, garantissant une production s\u00fbre) ; surface lisse et d\u00e9moulage facile du g\u00e2teau de filtration ; haute r\u00e9sistance \u00e0 la traction et \u00e0 l&#8217;abrasion, dimensions stables, durabilit\u00e9. Les tissus filtrants pour filtres-presses destin\u00e9s \u00e0 la filtration de l&#8217;huile de palme sont tr\u00e8s populaires sur le march\u00e9. Si vous avez besoin d&#8217;aide concernant les tissus filtrants pour l&#8217;huile de palme, n&#8217;h\u00e9sitez pas \u00e0 nous envoyer une demande de renseignements ! 2. Pour les bo\u00eetiers de filtres \u00e0 manches en acier inoxydable\u2026<\/p>\n","protected":false},"featured_media":9310,"template":"","meta":{"site-sidebar-layout":"default","site-content-layout":"","ast-site-content-layout":"default","site-content-style":"default","site-sidebar-style":"default","ast-global-header-display":"","ast-banner-title-visibility":"","ast-main-header-display":"","ast-hfb-above-header-display":"","ast-hfb-below-header-display":"","ast-hfb-mobile-header-display":"","site-post-title":"","ast-breadcrumbs-content":"","ast-featured-img":"","footer-sml-layout":"","theme-transparent-header-meta":"default","adv-header-id-meta":"","stick-header-meta":"","header-above-stick-meta":"","header-main-stick-meta":"","header-below-stick-meta":"","astra-migrate-meta-layouts":"set","ast-page-background-enabled":"default","ast-page-background-meta":{"desktop":{"background-color":"","background-image":"","background-repeat":"repeat","background-position":"center center","background-size":"auto","background-attachment":"scroll","background-type":"","background-media":"","overlay-type":"","overlay-color":"","overlay-opacity":"","overlay-gradient":""},"tablet":{"background-color":"","background-image":"","background-repeat":"repeat","background-position":"center center","background-size":"auto","background-attachment":"scroll","background-type":"","background-media":"","overlay-type":"","overlay-color":"","overlay-opacity":"","overlay-gradient":""},"mobile":{"background-color":"","background-image":"","background-repeat":"repeat","background-position":"center center","background-size":"auto","background-attachment":"scroll","background-type":"","background-media":"","overlay-type":"","overlay-color":"","overlay-opacity":"","overlay-gradient":""}},"ast-content-background-meta":{"desktop":{"background-color":"var(--ast-global-color-5)","background-image":"","background-repeat":"repeat","background-position":"center center","background-size":"auto","background-attachment":"scroll","background-type":"","background-media":"","overlay-type":"","overlay-color":"","overlay-opacity":"","overlay-gradient":""},"tablet":{"background-color":"var(--ast-global-color-5)","background-image":"","background-repeat":"repeat","background-position":"center center","background-size":"auto","background-attachment":"scroll","background-type":"","background-media":"","overlay-type":"","overlay-color":"","overlay-opacity":"","overlay-gradient":""},"mobile":{"background-color":"var(--ast-global-color-5)","background-image":"","background-repeat":"repeat","background-position":"center center","background-size":"auto","background-attachment":"scroll","background-type":"","background-media":"","overlay-type":"","overlay-color":"","overlay-opacity":"","overlay-gradient":""}}},"product_brand":[],"product_cat":[112],"product_tag":[],"class_list":{"0":"post-9309","1":"product","2":"type-product","3":"status-publish","4":"has-post-thumbnail","6":"product_cat-filtre-a-liquide","7":"desktop-align-left","8":"tablet-align-left","9":"mobile-align-left","11":"first","12":"instock","13":"shipping-taxable","14":"product-type-simple"},"_links":{"self":[{"href":"https:\/\/www.zonelenviro.com\/fr\/wp-json\/wp\/v2\/product\/9309","targetHints":{"allow":["GET"]}}],"collection":[{"href":"https:\/\/www.zonelenviro.com\/fr\/wp-json\/wp\/v2\/product"}],"about":[{"href":"https:\/\/www.zonelenviro.com\/fr\/wp-json\/wp\/v2\/types\/product"}],"version-history":[{"count":0,"href":"https:\/\/www.zonelenviro.com\/fr\/wp-json\/wp\/v2\/product\/9309\/revisions"}],"wp:featuredmedia":[{"embeddable":true,"href":"https:\/\/www.zonelenviro.com\/fr\/wp-json\/wp\/v2\/media\/9310"}],"wp:attachment":[{"href":"https:\/\/www.zonelenviro.com\/fr\/wp-json\/wp\/v2\/media?parent=9309"}],"wp:term":[{"taxonomy":"product_brand","embeddable":true,"href":"https:\/\/www.zonelenviro.com\/fr\/wp-json\/wp\/v2\/product_brand?post=9309"},{"taxonomy":"product_cat","embeddable":true,"href":"https:\/\/www.zonelenviro.com\/fr\/wp-json\/wp\/v2\/product_cat?post=9309"},{"taxonomy":"product_tag","embeddable":true,"href":"https:\/\/www.zonelenviro.com\/fr\/wp-json\/wp\/v2\/product_tag?post=9309"}],"curies":[{"name":"wp","href":"https:\/\/api.w.org\/{rel}","templated":true}]}}