{"id":9322,"date":"2024-03-19T16:50:26","date_gmt":"2024-03-19T08:50:26","guid":{"rendered":"https:\/\/www.zonelenviro.com\/cartouche-filtrante-plissee-a-haut-debit\/"},"modified":"2026-03-31T16:06:26","modified_gmt":"2026-03-31T08:06:26","slug":"cartouche-filtrante-plissee-a-haut-debit","status":"publish","type":"product","link":"https:\/\/www.zonelenviro.com\/fr\/cartouche-filtrante-plissee-a-haut-debit\/","title":{"rendered":"Cartouche filtrante pliss\u00e9e \u00e0 haut d\u00e9bit"},"content":{"rendered":"<p><strong>Cartouche filtrante pliss\u00e9e \u00e0 haut d\u00e9bit<\/strong><\/p>\n<p><img fetchpriority=\"high\" decoding=\"async\" class=\"alignnone size-full wp-image-1574\" src=\"https:\/\/www.zonelenviro.com\/wp-content\/uploads\/2024\/03\/HIGH-FLOW-FILTER-CATRIDGES.jpg\" alt=\"\" width=\"790\" height=\"1010\" \/><\/p>\n<p><strong>Pr\u00e9sentation g\u00e9n\u00e9rale : <\/strong><br \/>\nLa cartouche filtrante \u00e0 haut d\u00e9bit est l&#8217;un des principaux produits de Zonel Filtech. Il s&#8217;agit d&#8217;une cartouche filtrante pliss\u00e9e pr\u00e9sentant une g\u00e9om\u00e9trie de plis en forme de croissant, combin\u00e9e \u00e0 un diam\u00e8tre plus large et \u00e0 l&#8217;absence de noyau afin de maximiser la surface filtrante. Ces caract\u00e9ristiques permettent \u00e0 la cartouche filtrante de fonctionner \u00e0 un d\u00e9bit \u00e9lev\u00e9, avec une capacit\u00e9 de r\u00e9tention des impuret\u00e9s nettement sup\u00e9rieure, une r\u00e9sistance initiale bien plus faible et une grande durabilit\u00e9.<br \/>\nZonel Filtech propose une gamme compl\u00e8te de cartouches filtrantes de rechange \u00e0 haut d\u00e9bit, notamment celles des s\u00e9ries 3M Cuno High Flow, Pall Ultipleat High Flow, Parker ParMax SELECT et Pentair Aqualine, entre autres.<br \/>\nNous pouvons adapter nos solutions \u00e0 vos besoins sp\u00e9cifiques !<\/p>\n<p><strong>Caract\u00e9ristiques des s\u00e9ries de cartouches filtrantes \u00e0 haut d\u00e9bit de Zonel Filtech :<\/strong><br \/>\n1. Le sens de filtration du liquide contenant des s\u00e9diments pour les cartouches filtrantes \u00e0 haut d\u00e9bit va de l&#8217;int\u00e9rieur vers l&#8217;ext\u00e9rieur ; toutes les particules sont ainsi retenues \u00e0 l&#8217;int\u00e9rieur des cartouches, ce qui permet de r\u00e9duire la pollution lors du remplacement des cartouches filtrantes du c\u00f4t\u00e9 le plus propre.<br \/>\n2. La plus grande surface filtrante de la cartouche filtrante \u00e0 haut d\u00e9bit permet de r\u00e9duire la taille du <span style=\"color: #3366ff;\"><a style=\"color: #3366ff;\" href=\"https:\/\/www.zonelenviro.com\/fr\/boitiers-de-filtre-en-acier-inoxydable-cuves-de-filtre-en-acier-inoxydable\/\"><strong>bo\u00eetier de filtre<\/strong><\/a><\/span>, mais aussi d&#8217;espacer les remplacements de la cartouche filtrante, ce qui permet de r\u00e9duire les co\u00fbts d&#8217;entretien.<br \/>\n3. La disposition du mat\u00e9riau filtrant, de l&#8217;int\u00e9rieur vers l&#8217;ext\u00e9rieur, pr\u00e9sente des mailles qui se r\u00e9tr\u00e9cissent progressivement, ce qui permet d&#8217;augmenter la capacit\u00e9 de r\u00e9tention des impuret\u00e9s, de r\u00e9duire la fr\u00e9quence de remplacement des cartouches filtrantes \u00e0 haut d\u00e9bit et de diminuer les co\u00fbts d&#8217;entretien.<br \/>\n4. Efficacit\u00e9 nominale absolue du filtre.<br \/>\n5. Le remplacement de la cartouche filtrante est plus pratique et plus rapide, et s&#8217;effectue en toute s\u00e9curit\u00e9.<br \/>\n6. La gamme de cartouches filtrantes \u00e0 haut d\u00e9bit, dot\u00e9es d&#8217;un raccord soud\u00e9 \u00e0 100 % par voie thermique et fabriqu\u00e9es \u00e0 partir de mat\u00e9riaux de qualit\u00e9 alimentaire, ne provoque aucune contamination secondaire.<br \/>\n7. Fabriqu\u00e9 selon des normes de contr\u00f4le qualit\u00e9 rigoureuses.<\/p>\n<p><strong>Param\u00e8tres pertinents :<\/strong><br \/>\nMat\u00e9riau filtrant : verre filtrant, PP (polypropyl\u00e8ne)<br \/>\nCouche de support\/couche de guidage du flux : PP<br \/>\nCapuchons : PP renforc\u00e9 de fibre de verre<br \/>\nBagues d&#8217;\u00e9tanch\u00e9it\u00e9 : caoutchouc silicone, Viton, EPDM.<br \/>\nEfficacit\u00e9 de filtration : 1, 5, 10, 20, 40, 70, 100 microns.<br \/>\nTemp\u00e9rature maximale de fonctionnement : 82 \u00b0C.<br \/>\nPression maximale de service : 3,44 bar \u00e0 82 \u00b0C<br \/>\nPression recommand\u00e9e pour le remplacement de la cartouche : 2,4 bar \u00e0 20 \u00b0C.<\/p>\n<p><strong>Applications typiques<\/strong><br \/>\nEau de process<br \/>\nEau d\u00e9ionis\u00e9e<br \/>\nPr\u00e9filtration par membrane d&#8217;osmose inverse<br \/>\nAlimentation et boissons<br \/>\nCosm\u00e9tiques<br \/>\nProduits chimiques fins<br \/>\nEau de production<br \/>\nEaux us\u00e9es<br \/>\nEt ainsi de suite.<\/p>\n","protected":false},"excerpt":{"rendered":"<p>La cartouche filtrante \u00e0 haut d\u00e9bit est l&#8217;un des principaux produits de Zonel Filtech. Il s&#8217;agit d&#8217;une cartouche filtrante pliss\u00e9e pr\u00e9sentant une g\u00e9om\u00e9trie de plis en croissant, associ\u00e9e \u00e0 un diam\u00e8tre plus large et \u00e0 l&#8217;absence de noyau afin d&#8217;optimiser la surface filtrante. Ces caract\u00e9ristiques permettent \u00e0 la cartouche de fonctionner \u00e0 un d\u00e9bit \u00e9lev\u00e9, d&#8217;offrir une capacit\u00e9 de r\u00e9tention des impuret\u00e9s nettement sup\u00e9rieure, de pr\u00e9senter une r\u00e9sistance initiale bien moindre et d&#8217;assurer une grande durabilit\u00e9.<\/p>\n<p>Zonel Filtech propose une gamme compl\u00e8te de cartouches filtrantes de rechange \u00e0 haut d\u00e9bit, notamment celles des s\u00e9ries 3M Cuno High Flow, Pall Ultipleat High Flow, Parker ParMax SELECT et Pentair Aqualine.<\/p>\n<p>Nous pouvons adapter nos solutions \u00e0 vos besoins sp\u00e9cifiques !<\/p>\n","protected":false},"featured_media":9323,"template":"","meta":{"site-sidebar-layout":"default","site-content-layout":"","ast-site-content-layout":"default","site-content-style":"default","site-sidebar-style":"default","ast-global-header-display":"","ast-banner-title-visibility":"","ast-main-header-display":"","ast-hfb-above-header-display":"","ast-hfb-below-header-display":"","ast-hfb-mobile-header-display":"","site-post-title":"","ast-breadcrumbs-content":"","ast-featured-img":"","footer-sml-layout":"","theme-transparent-header-meta":"default","adv-header-id-meta":"","stick-header-meta":"","header-above-stick-meta":"","header-main-stick-meta":"","header-below-stick-meta":"","astra-migrate-meta-layouts":"set","ast-page-background-enabled":"default","ast-page-background-meta":{"desktop":{"background-color":"","background-image":"","background-repeat":"repeat","background-position":"center center","background-size":"auto","background-attachment":"scroll","background-type":"","background-media":"","overlay-type":"","overlay-color":"","overlay-opacity":"","overlay-gradient":""},"tablet":{"background-color":"","background-image":"","background-repeat":"repeat","background-position":"center center","background-size":"auto","background-attachment":"scroll","background-type":"","background-media":"","overlay-type":"","overlay-color":"","overlay-opacity":"","overlay-gradient":""},"mobile":{"background-color":"","background-image":"","background-repeat":"repeat","background-position":"center center","background-size":"auto","background-attachment":"scroll","background-type":"","background-media":"","overlay-type":"","overlay-color":"","overlay-opacity":"","overlay-gradient":""}},"ast-content-background-meta":{"desktop":{"background-color":"var(--ast-global-color-5)","background-image":"","background-repeat":"repeat","background-position":"center center","background-size":"auto","background-attachment":"scroll","background-type":"","background-media":"","overlay-type":"","overlay-color":"","overlay-opacity":"","overlay-gradient":""},"tablet":{"background-color":"var(--ast-global-color-5)","background-image":"","background-repeat":"repeat","background-position":"center center","background-size":"auto","background-attachment":"scroll","background-type":"","background-media":"","overlay-type":"","overlay-color":"","overlay-opacity":"","overlay-gradient":""},"mobile":{"background-color":"var(--ast-global-color-5)","background-image":"","background-repeat":"repeat","background-position":"center center","background-size":"auto","background-attachment":"scroll","background-type":"","background-media":"","overlay-type":"","overlay-color":"","overlay-opacity":"","overlay-gradient":""}}},"product_brand":[],"product_cat":[112],"product_tag":[],"class_list":{"0":"post-9322","1":"product","2":"type-product","3":"status-publish","4":"has-post-thumbnail","6":"product_cat-filtre-a-liquide","7":"desktop-align-left","8":"tablet-align-left","9":"mobile-align-left","11":"first","12":"instock","13":"shipping-taxable","14":"product-type-simple"},"_links":{"self":[{"href":"https:\/\/www.zonelenviro.com\/fr\/wp-json\/wp\/v2\/product\/9322","targetHints":{"allow":["GET"]}}],"collection":[{"href":"https:\/\/www.zonelenviro.com\/fr\/wp-json\/wp\/v2\/product"}],"about":[{"href":"https:\/\/www.zonelenviro.com\/fr\/wp-json\/wp\/v2\/types\/product"}],"version-history":[{"count":0,"href":"https:\/\/www.zonelenviro.com\/fr\/wp-json\/wp\/v2\/product\/9322\/revisions"}],"wp:featuredmedia":[{"embeddable":true,"href":"https:\/\/www.zonelenviro.com\/fr\/wp-json\/wp\/v2\/media\/9323"}],"wp:attachment":[{"href":"https:\/\/www.zonelenviro.com\/fr\/wp-json\/wp\/v2\/media?parent=9322"}],"wp:term":[{"taxonomy":"product_brand","embeddable":true,"href":"https:\/\/www.zonelenviro.com\/fr\/wp-json\/wp\/v2\/product_brand?post=9322"},{"taxonomy":"product_cat","embeddable":true,"href":"https:\/\/www.zonelenviro.com\/fr\/wp-json\/wp\/v2\/product_cat?post=9322"},{"taxonomy":"product_tag","embeddable":true,"href":"https:\/\/www.zonelenviro.com\/fr\/wp-json\/wp\/v2\/product_tag?post=9322"}],"curies":[{"name":"wp","href":"https:\/\/api.w.org\/{rel}","templated":true}]}}