{"id":10045,"date":"2024-12-25T17:26:15","date_gmt":"2024-12-25T09:26:15","guid":{"rendered":"https:\/\/www.zonelenviro.com\/filter-fabric-filter-fabric-for-filter-press-filter-press-fabric-for-volatile-slurry\/"},"modified":"2026-04-28T15:59:46","modified_gmt":"2026-04-28T07:59:46","slug":"filter-fabric-filter-fabric-for-filter-press-filter-press-fabric-for-volatile-slurry","status":"publish","type":"product","link":"https:\/\/www.zonelenviro.com\/pt-br\/tecido-para-filtro-prensa-para-lamas-volateis\/","title":{"rendered":"Tecido filtrante \/ Tecido filtrante para filtro-prensa \/ Tecido para filtro-prensa para lamas vol\u00e1teis"},"content":{"rendered":"<h2>Introdu\u00e7\u00e3o geral:<\/h2>\n<p>Os prensas-filtro de c\u00e2mara desempenham um papel bastante importante em v\u00e1rias ind\u00fastrias nas suas opera\u00e7\u00f5es de produ\u00e7\u00e3o di\u00e1rias, e os tecidos filtrantes s\u00e3o o cora\u00e7\u00e3o das prensas-filtro.<br \/>\nMas quando as condi\u00e7\u00f5es de opera\u00e7\u00e3o apresentam caracter\u00edsticas especiais, tais como press\u00e3o extremamente elevada, tratamento de lamas vol\u00e1teis, tratamento de materiais corrosivos e assim por diante, o que exige que a opera\u00e7\u00e3o ocorra sem qualquer fuga pelas bordas das placas, a solu\u00e7\u00e3o t\u00edpica \u00e9 adotar as prensas de filtro com placas CGR; no entanto, al\u00e9m do problema do custo elevado, o tecido filtrante com cord\u00f5es de veda\u00e7\u00e3o para placas CGR n\u00e3o suporta toler\u00e2ncias dimensionais, o que representa um grande desafio para os fornecedores de tecidos filtrantes, ou os tecidos podem n\u00e3o ser instalados corretamente, especialmente porque os diferentes fornecedores de prensas de filtro apresentam sempre algumas diferen\u00e7as no design das placas, o que causa muitos problemas ou confus\u00e3o na manuten\u00e7\u00e3o di\u00e1ria dos utilizadores finais.<br \/>\nA Zonel Filtech desenvolveu o tecido para prensas de filtro revestido a borracha, capaz de resolver estes problemas na perfei\u00e7\u00e3o.<br \/>\nA borracha ser\u00e1 vulcanizada com os tecidos nas bordas dos tecidos do filtro-prensa, de modo que a borracha n\u00e3o se descasque do tecido; o tecido de filtro revestido com borracha vedar\u00e1 perfeitamente e sem qualquer fuga; quando o tecido de filtro com borracha revestida nas bordas suporta a alta press\u00e3o sem fugas, especialmente em situa\u00e7\u00f5es de volatilidade e corros\u00e3o, a opera\u00e7\u00e3o ser\u00e1 muito mais segura. E quando se adota uma f\u00f3rmula diferente que cumpre a norma da FDA para aplica\u00e7\u00f5es alimentares, tais como a produ\u00e7\u00e3o de levedura, etc.<\/p>\n<h2>Propriedades:<\/h2>\n<p>1. A borracha vulcanizada com o tecido do filtro, que \u00e9 est\u00e1vel e n\u00e3o se descola do tecido;<br \/>\n2. Com bom desempenho de veda\u00e7\u00e3o, adequado para processamento de alta press\u00e3o, tratamento de lamas vol\u00e1teis, tratamento de materiais corrosivos, etc.;<br \/>\n3. Com diferentes composi\u00e7\u00f5es, pode cumprir os requisitos de qualidade alimentar;<br \/>\n4. Revestimento autom\u00e1tico de borracha e processo de vulcaniza\u00e7\u00e3o, qualidade garantida;<br \/>\n5. O processo de vulcaniza\u00e7\u00e3o \u00e9 aplicado apenas na parte das bordas, o que n\u00e3o provoca encolhimento, manchas ou altera\u00e7\u00f5es de forma no tecido filtrante, mantendo o desempenho de filtra\u00e7\u00e3o est\u00e1vel.<br \/>\n6. Oferecemos as solu\u00e7\u00f5es mais econ\u00f3micas, convenientes e eficazes, com entrega r\u00e1pida.<\/p>\n<h2>Aplica\u00e7\u00f5es:<\/h2>\n<p>Para, entre outras, aplica\u00e7\u00f5es de filtra\u00e7\u00e3o de alta press\u00e3o, tratamento de lamas vol\u00e1teis, tratamento de materiais corrosivos, etc.<\/p>\n","protected":false},"excerpt":{"rendered":"<p>Tecido filtrante, tecido filtrante para prensas de filtro, tecido para prensas de filtro para lamas vol\u00e1teis, tecido filtrante resistente \u00e0 corros\u00e3o, tecido filtrante de alta press\u00e3o, tecido filtrante revestido a borracha, tecido filtrante com bordas revestidas, tecido filtrante com veda\u00e7\u00e3o nas bordas, tecido filtrante de alta veda\u00e7\u00e3o<\/p>\n","protected":false},"featured_media":7960,"template":"","meta":{"site-sidebar-layout":"default","site-content-layout":"","ast-site-content-layout":"default","site-content-style":"default","site-sidebar-style":"default","ast-global-header-display":"","ast-banner-title-visibility":"","ast-main-header-display":"","ast-hfb-above-header-display":"","ast-hfb-below-header-display":"","ast-hfb-mobile-header-display":"","site-post-title":"","ast-breadcrumbs-content":"","ast-featured-img":"","footer-sml-layout":"","theme-transparent-header-meta":"default","adv-header-id-meta":"","stick-header-meta":"","header-above-stick-meta":"","header-main-stick-meta":"","header-below-stick-meta":"","astra-migrate-meta-layouts":"set","ast-page-background-enabled":"default","ast-page-background-meta":{"desktop":{"background-color":"","background-image":"","background-repeat":"repeat","background-position":"center center","background-size":"auto","background-attachment":"scroll","background-type":"","background-media":"","overlay-type":"","overlay-color":"","overlay-opacity":"","overlay-gradient":""},"tablet":{"background-color":"","background-image":"","background-repeat":"repeat","background-position":"center center","background-size":"auto","background-attachment":"scroll","background-type":"","background-media":"","overlay-type":"","overlay-color":"","overlay-opacity":"","overlay-gradient":""},"mobile":{"background-color":"","background-image":"","background-repeat":"repeat","background-position":"center center","background-size":"auto","background-attachment":"scroll","background-type":"","background-media":"","overlay-type":"","overlay-color":"","overlay-opacity":"","overlay-gradient":""}},"ast-content-background-meta":{"desktop":{"background-color":"var(--ast-global-color-5)","background-image":"","background-repeat":"repeat","background-position":"center center","background-size":"auto","background-attachment":"scroll","background-type":"","background-media":"","overlay-type":"","overlay-color":"","overlay-opacity":"","overlay-gradient":""},"tablet":{"background-color":"var(--ast-global-color-5)","background-image":"","background-repeat":"repeat","background-position":"center center","background-size":"auto","background-attachment":"scroll","background-type":"","background-media":"","overlay-type":"","overlay-color":"","overlay-opacity":"","overlay-gradient":""},"mobile":{"background-color":"var(--ast-global-color-5)","background-image":"","background-repeat":"repeat","background-position":"center center","background-size":"auto","background-attachment":"scroll","background-type":"","background-media":"","overlay-type":"","overlay-color":"","overlay-opacity":"","overlay-gradient":""}}},"product_brand":[],"product_cat":[72],"product_tag":[],"class_list":{"0":"post-10045","1":"product","2":"type-product","3":"status-publish","4":"has-post-thumbnail","6":"product_cat-filtro-liquido","7":"desktop-align-left","8":"tablet-align-left","9":"mobile-align-left","11":"first","12":"instock","13":"shipping-taxable","14":"product-type-simple"},"_links":{"self":[{"href":"https:\/\/www.zonelenviro.com\/pt-br\/wp-json\/wp\/v2\/product\/10045","targetHints":{"allow":["GET"]}}],"collection":[{"href":"https:\/\/www.zonelenviro.com\/pt-br\/wp-json\/wp\/v2\/product"}],"about":[{"href":"https:\/\/www.zonelenviro.com\/pt-br\/wp-json\/wp\/v2\/types\/product"}],"version-history":[{"count":1,"href":"https:\/\/www.zonelenviro.com\/pt-br\/wp-json\/wp\/v2\/product\/10045\/revisions"}],"predecessor-version":[{"id":10054,"href":"https:\/\/www.zonelenviro.com\/pt-br\/wp-json\/wp\/v2\/product\/10045\/revisions\/10054"}],"wp:featuredmedia":[{"embeddable":true,"href":"https:\/\/www.zonelenviro.com\/pt-br\/wp-json\/wp\/v2\/media\/7960"}],"wp:attachment":[{"href":"https:\/\/www.zonelenviro.com\/pt-br\/wp-json\/wp\/v2\/media?parent=10045"}],"wp:term":[{"taxonomy":"product_brand","embeddable":true,"href":"https:\/\/www.zonelenviro.com\/pt-br\/wp-json\/wp\/v2\/product_brand?post=10045"},{"taxonomy":"product_cat","embeddable":true,"href":"https:\/\/www.zonelenviro.com\/pt-br\/wp-json\/wp\/v2\/product_cat?post=10045"},{"taxonomy":"product_tag","embeddable":true,"href":"https:\/\/www.zonelenviro.com\/pt-br\/wp-json\/wp\/v2\/product_tag?post=10045"}],"curies":[{"name":"wp","href":"https:\/\/api.w.org\/{rel}","templated":true}]}}